{"id":222,"date":"2012-09-30T20:14:58","date_gmt":"2012-09-30T17:14:58","guid":{"rendered":"http:\/\/web.vu.lt\/flf\/p.lavrinec\/?page_id=222"},"modified":"2020-01-18T18:49:08","modified_gmt":"2020-01-18T16:49:08","slug":"%d0%b6%d1%83%d1%80%d0%bd%d0%b0%d0%bb%d0%b8%d1%81%d1%82%d1%81%d0%ba%d0%b0%d1%8f-%d0%b4%d0%b5%d1%8f%d1%82%d0%b5%d0%bb%d1%8c%d0%bd%d0%be%d1%81%d1%82%d1%8c-%d0%b5-%d0%bb-%d1%88%d0%ba%d0%bb%d1%8f%d1%80","status":"publish","type":"page","link":"http:\/\/web.vu.lt\/flf\/p.lavrinec\/mokslas\/publikacijos\/%d0%b6%d1%83%d1%80%d0%bd%d0%b0%d0%bb%d0%b8%d1%81%d1%82%d1%81%d0%ba%d0%b0%d1%8f-%d0%b4%d0%b5%d1%8f%d1%82%d0%b5%d0%bb%d1%8c%d0%bd%d0%be%d1%81%d1%82%d1%8c-%d0%b5-%d0%bb-%d1%88%d0%ba%d0%bb%d1%8f%d1%80\/","title":{"rendered":"\u0416\u0443\u0440\u043d\u0430\u043b\u0438\u0441\u0442\u0441\u043a\u0430\u044f \u0434\u0435\u044f\u0442\u0435\u043b\u044c\u043d\u043e\u0441\u0442\u044c \u0415. \u041b. \u0428\u043a\u043b\u044f\u0440\u0430"},"content":{"rendered":"<h2 style=\"text-align: center\"><strong>\u0416\u0443\u0440\u043d\u0430\u043b\u0438\u0441\u0442\u0441\u043a\u0430\u044f \u0434\u0435\u044f\u0442\u0435\u043b\u044c\u043d\u043e\u0441\u0442\u044c \u0415. \u041b. \u0428\u043a\u043b\u044f\u0440\u0430 \u0432 \u0433\u0430\u0437\u0435\u0442\u0435 <em>\u042d\u0445\u043e<\/em> (1920\u20131923)<\/strong><\/h2>\n<p style=\"text-align: justify\"><span style=\"color: #666699\">\u041f\u0430\u0432\u0435\u043b \u041b\u0430\u0432\u0440\u0438\u043d\u0435\u0446. \u0416\u0443\u0440\u043d\u0430\u043b\u0438\u0441\u0442\u0441\u043a\u0430\u044f \u0434\u0435\u044f\u0442\u0435\u043b\u044c\u043d\u043e\u0441\u0442\u044c \u0415. \u041b. \u0428\u043a\u043b\u044f\u0440\u0430 \u0432 \u0433\u0430\u0437\u0435\u0442\u0435 <em>\u042d\u0445\u043e<\/em> (1920\u20131923). <em>\u0416\u0443\u0440\u043d\u0430\u043b\u0438\u0441\u0442\u0438\u043a\u0430 \u043d\u0430\u0446\u0438\u043e\u043d\u0430\u043b\u044c\u043d\u044b\u0445 \u043c\u0435\u043d\u044c\u0448\u0438\u043d\u0441\u0442\u0432 \u0432 \u0415\u0432\u0440\u043e\u043f\u0435: \u0412\u0447\u0435\u0440\u0430. \u0421\u0435\u0433\u043e\u0434\u043d\u044f. \u0417\u0430\u0432\u0442\u0440\u0430. \u0421\u0431\u043e\u0440\u043d\u0438\u043a \u0441\u0442\u0430\u0442\u0435\u0439 \u0432 \u0447\u0435\u0441\u0442\u044c \u0412\u0438\u0442\u0430\u043b\u0438\u044f \u0418\u0432\u0430\u043d\u043e\u0432\u0438\u0447\u0430 \u0411\u0435\u043b\u043e\u0431\u0440\u043e\u0432\u0446\u0435\u0432\u0430. \u041a 60-\u043b\u0435\u0442\u0438\u044e \u0441\u043e \u0434\u043d\u044f \u0440\u043e\u0436\u0434\u0435\u043d\u0438\u044f<\/em>. \u0421\u043e\u0441\u0442. \u0438 \u043e\u0442\u0432. \u0440\u0435\u0434. \u0410. \u041c\u0435\u0439\u043c\u0440\u0435, \u0440\u0435\u0446. \u041d. \u0411\u043e\u0433\u043e\u043c\u043e\u043b\u043e\u0432. \u0422\u0430\u043b\u043b\u0438\u043d: TL\u00dc Kirjastus, 2007. ISBN 978-9985-58-482-8. \u0421. 145\u2013163.<\/span><\/p>\n<h3 style=\"text-align: center\">\u0414\u0440\u0443\u0433\u0438\u0435 \u043f\u0443\u0431\u043b\u0438\u043a\u0430\u0446\u0438\u0438 \u043e \u0415\u0432\u0433\u0435\u043d\u0438\u0438 \u0428\u043a\u043b\u044f\u0440\u0435 \u2666 Kitos publikacijos apie Jevgenij\u0173 \u0160kliar\u0105<\/h3>\n<p style=\"text-align: justify\">\u2666 \u0412\u0438\u043b\u044c\u043d\u044e\u0441\u0441\u043a\u0438\u0439 \u0432\u043e\u043f\u0440\u043e\u0441 \u0432 \u0440\u0443\u0441\u0441\u043a\u043e\u0439 \u043f\u043e\u044d\u0437\u0438\u0438 (\u0410. \u0411\u0443\u0445\u043e\u0432, \u0415. \u0428\u043a\u043b\u044f\u0440, \u041a. \u0411\u0430\u043b\u044c\u043c\u043e\u043d\u0442). In <em>Studia Rossica<\/em> VII: <em>W kraju i na obczy\u017anie. Literatura rosyjska XX w.<\/em> Red.W. Skrunda. Warszawa: Instytut Rusycystyki Uniwersytetu Warszawskiego, 1999, \u0441. 159\u2013169.<\/p>\n<p style=\"text-align: justify\">\u2666 <a href=\"https:\/\/etalpykla.lituanistikadb.lt\/fedora\/objects\/LT-LDB-0001:J.04~2002~1367184655528\/datastreams\/DS.002.2.01.ARTIC\/content\" target=\"_blank\">\u0420\u0443\u0441\u0441\u043a\u0430\u044f, \u043b\u0438\u0442\u043e\u0432\u0441\u043a\u0430\u044f, \u0435\u0432\u0440\u0435\u0439\u0441\u043a\u0430\u044f \u043f\u043e\u0437\u0438\u0446\u0438\u0438 \u043b\u0438\u0440\u0438\u0447\u0435\u0441\u043a\u043e\u0433\u043e \u0441\u0443\u0431\u044a\u0435\u043a\u0442\u0430 \u0415. \u0428\u043a\u043b\u044f\u0440\u0430<\/a>. In\u00a0<em>Meninis tekstas: Suvokimas. Analiz\u0117. Interpretacija: Straipsni\u0173 rinkinys = \u0425\u0443\u0434\u043e\u0436\u0435\u0441\u0442\u0432\u0435\u043d\u043d\u044b\u0439 \u0442\u0435\u043a\u0441\u0442: \u0412\u043e\u0441\u043f\u0440\u0438\u044f\u0442\u0438\u0435. \u0410\u043d\u0430\u043b\u0438\u0437. \u0418\u043d\u0442\u0435\u0440\u043f\u0440\u0435\u0442\u0430\u0446\u0438\u044f<\/em> 3. Red. kol. V. Gudonien\u0117 (pirminink\u0117) &#8230; [et al.]. Vilnius: VPU leidykla, 2002, \u0441. 305\u2013312.<\/p>\n<p style=\"text-align: justify\">\u2666 <a href=\"https:\/\/www.academia.edu\/2602347\/Licentiae_biographicae_\u0411\u0438\u043e\u0433\u0440\u0430\u0444\u0438\u0447\u0435\u0441\u043a\u0438\u0435_\u043c\u0438\u0441\u0442\u0438\u0444\u0438\u043a\u0430\u0446\u0438\u0438_\u0415\u0432\u0433\u0435\u043d\u0438\u044f_\u0428\u043a\u043b\u044f\u0440\u0430._I\" target=\"_blank\"><em>Licentiae biographicae<\/em>: \u0411\u0438\u043e\u0433\u0440\u0430\u0444\u0438\u0447\u0435\u0441\u043a\u0438\u0435 \u043c\u0438\u0441\u0442\u0438\u0444\u0438\u043a\u0430\u0446\u0438\u0438 \u0415\u0432\u0433\u0435\u043d\u0438\u044f \u0428\u043a\u043b\u044f\u0440\u0430. I<\/a>. <em>Mokslo darbai. Literat\u016bra<\/em>, 2003, 45 (2): <em>Rusistica Vilnensis<\/em>, \u0441. 17\u201327\u00a0(\u017er.\u00a0<a href=\"https:\/\/etalpykla.lituanistikadb.lt\/fedora\/objects\/LT-LDB-0001:J.04~2003~1367181317046\/datastreams\/DS.002.2.01.ARTIC\/content\" target=\"_blank\">Lituanistika<\/a>).<\/p>\n<p style=\"text-align: justify\">\u2666\u00a0\u041c\u0435\u0436\u0434\u0443 \u041a\u0435\u0440\u0435\u043d\u0441\u043a\u0438\u043c \u0438 \u0416\u0430\u0431\u043e\u0442\u0438\u043d\u0441\u043a\u0438\u043c (\u043f\u043e\u044d\u0437\u0438\u044f \u0415\u0432\u0433\u0435\u043d\u0438\u044f \u0428\u043a\u043b\u044f\u0440\u0430). In <em>\u0421\u043b\u0430\u0432\u044f\u043d\u0441\u043a\u0438\u0435 \u0447\u0442\u0435\u043d\u0438\u044f<\/em> III. \u0420\u0435\u0434. \u0424. \u041f. \u0424\u0435\u0434\u043e\u0440\u043e\u0432, \u0440\u0435\u0434. \u043a\u043e\u043b. \u0418. \u0417. \u0411\u0435\u043b\u043e\u0431\u0440\u043e\u0432\u0446\u0435\u0432\u0430 &#8230; [et al.]. \u0414\u0430\u0443\u0433\u0430\u0432\u043f\u0438\u043b\u0441 \u2013 \u0420\u0435\u0437\u0435\u043a\u043d\u0435: \u0414\u0430\u0443\u0433\u0430\u0432\u043f\u0438\u043b\u0441\u0441\u043a\u0438\u0439 \u0426\u0435\u043d\u0442\u0440 \u0440\u0443\u0441\u0441\u043a\u043e\u0439 \u043a\u0443\u043b\u044c\u0442\u0443\u0440\u044b (\u0414\u043e\u043c \u041a\u0430\u043b\u043b\u0438\u0441\u0442\u0440\u0430\u0442\u043e\u0432\u0430), \u0414\u0430\u0443\u0433\u0430\u0432\u043f\u0438\u043b\u0441\u0441\u043a\u0438\u0439 \u043f\u0435\u0434\u0430\u0433\u043e\u0433\u0438\u0447\u0435\u0441\u043a\u0438\u0439 \u0443\u043d\u0438\u0432\u0435\u0440\u0441\u0438\u0442\u0435\u0442, \u0418\u0437\u0434\u0430\u0442\u0435\u043b\u044c\u0441\u0442\u0432\u043e \u041b\u0430\u0442\u0433\u0430\u043b\u044c\u0441\u043a\u043e\u0433\u043e \u043a\u0443\u043b\u044c\u0442\u0443\u0440\u043d\u043e\u0433\u043e \u0446\u0435\u043d\u0442\u0440\u0430, 2003, \u0441. 213\u2013217.<\/p>\n<p style=\"text-align: justify\">\u2666\u00a0<a href=\"https:\/\/www.academia.edu\/9918739\/Tarp_trij\u0173_savivokos_kra\u0161tini\u0173_Eugenijaus_\u0160kliaro_tapatumo_konfig\u016bracija_\" target=\"_blank\">Tarp trij\u0173 savivokos kra\u0161tini\u0173 (Eugenijaus \u0160kliaro tapatumo konfig\u016bracija)<\/a>. <em>Darbai ir dienos<\/em>, 2003, 34, p. 191\u2013211 (\u017er.\u00a0<a href=\"https:\/\/etalpykla.lituanistikadb.lt\/fedora\/objects\/LT-LDB-0001:J.04~2003~1367170502960\/datastreams\/DS.002.0.01.ARTIC\/content\" target=\"_blank\">Lituanistika<\/a>).<\/p>\n<p style=\"text-align: justify\">\u2666\u00a0<a href=\"https:\/\/www.zurnalai.vu.lt\/literatura\/article\/view\/8202\/6073\" target=\"_blank\"><em>Licentiae biographicae<\/em>: \u0411\u0438\u043e\u0433\u0440\u0430\u0444\u0438\u0447\u0435\u0441\u043a\u0438\u0435 \u043c\u0438\u0441\u0442\u0438\u0444\u0438\u043a\u0430\u0446\u0438\u0438 \u0415\u0432\u0433\u0435\u043d\u0438\u044f \u0428\u043a\u043b\u044f\u0440\u0430. II<\/a>. <em>Mokslo darbai. Literat\u016bra<\/em>, 2004, 46 (2): <em>Rusistica Vilnensis<\/em>, \u0441. 92\u2013103 (\u017er. <a href=\"https:\/\/www.academia.edu\/2609722\/Licentiae_biographicae_\u0411\u0438\u043e\u0433\u0440\u0430\u0444\u0438\u0447\u0435\u0441\u043a\u0438\u0435_\u043c\u0438\u0441\u0442\u0438\u0444\u0438\u043a\u0430\u0446\u0438\u0438_\u0415\u0432\u0433\u0435\u043d\u0438\u044f_\u0428\u043a\u043b\u044f\u0440\u0430._II\" target=\"_blank\">academia.edu<\/a>\u00a0\u2666\u00a0<a href=\"https:\/\/etalpykla.lituanistikadb.lt\/fedora\/objects\/LT-LDB-0001:J.04~2004~1367181381217\/datastreams\/DS.002.2.01.ARTIC\/content\" target=\"_blank\">Lituanistika<\/a>).<\/p>\n<p style=\"text-align: justify\">\u2666\u00a0\u0421\u0430\u043c\u043e\u0438\u0434\u0435\u043d\u0442\u0438\u0444\u0438\u043a\u0430\u0446\u0438\u044f \u0415\u0432\u0433\u0435\u043d\u0438\u044f \u0428\u043a\u043b\u044f\u0440\u0430. In <em>\u0420\u0443\u0441\u0441\u043a\u0430\u044f \u044d\u043c\u0438\u0433\u0440\u0430\u0446\u0438\u044f: \u041b\u0438\u0442\u0435\u0440\u0430\u0442\u0443\u0440\u0430. \u0418\u0441\u0442\u043e\u0440\u0438\u044f. \u041a\u0438\u043d\u043e\u043b\u0435\u0442\u043e\u043f\u0438\u0441\u044c. \u041c\u0430\u0442\u0435\u0440\u0438\u0430\u043b\u044b \u043c\u0435\u0436\u0434\u0443\u043d\u0430\u0440\u043e\u0434\u043d\u043e\u0439 \u043a\u043e\u043d\u0444\u0435\u0440\u0435\u043d\u0446\u0438\u0438<\/em>. \u0420\u0435\u0434. \u0412. \u0425\u0430\u0437\u0430\u043d, \u0418. \u0411\u0435\u043b\u043e\u0431\u0440\u043e\u0432\u0446\u0435\u0432\u0430, \u0421. \u0414\u043e\u0446\u0435\u043d\u043a\u043e. \u0418\u0435\u0440\u0443\u0441\u0430\u043b\u0438\u043c \u2013 \u0422\u0430\u043b\u043b\u0438\u043d\u043d: \u0413\u0435\u0448\u0430\u0440\u0438\u043c, 2004, \u0441. 219\u2013233.<\/p>\n<p>\u2666\u00a0[\u0441\u043e\u0432\u043c\u0435\u0441\u0442\u043d\u043e \u0441 \u041d. \u041a\u043e\u043d\u043e\u043d\u043e\u0432\u043e\u0439] <a href=\"https:\/\/www.zurnalai.vu.lt\/literatura\/article\/view\/8126\/5997\" target=\"_blank\">\u0415\u0432\u0433\u0435\u043d\u0438\u0439 \u0428\u043a\u043b\u044f\u0440 \u0432 \u043b\u0430\u0442\u0432\u0438\u0439\u0441\u043a\u043e\u0439 \u043f\u0435\u0447\u0430\u0442\u0438 \u0442\u0440\u0435\u0442\u044c\u0435\u0433\u043e \u0434\u0435\u0441\u044f\u0442\u0438\u043b\u0435\u0442\u0438\u044f \u0425\u0425 \u0432\u0435\u043a\u0430<\/a>. <em>Literat\u016bra<\/em>, 2005, 47 (2): <em>Rusistica Vilnensis<\/em>, \u0441. 91\u2013104.<\/p>\n<p style=\"text-align: justify\">\u2666\u00a0\u0421\u0435\u0440\u0433\u0435\u0439 \u0415\u0441\u0435\u043d\u0438\u043d \u0438 \u0415\u0432\u0433\u0435\u043d\u0438\u0439 \u0428\u043a\u043b\u044f\u0440. In <em>In memoriam: \u042d\u0434\u0443\u0430\u0440\u0434 \u0411\u0440\u043e\u043d\u0438\u0441\u043b\u0430\u0432\u043e\u0432\u0438\u0447 \u041c\u0435\u043a\u0448<\/em>. Sast. F. Fjodorovs, J. Szokalski, red. kol. \u017d. Badins &#8230; [et al.]. Daugavpils: Akad\u0113miskas apg\u0101ds \u201cSaule\u201d, 2007, \u0441. 245\u2013248.<\/p>\n<p>\u2666\u00a0Bernardas Brazd\u017eionis ir Eugenijus \u0160kliaras. In <em>\u201ePer pasaul\u012f keliauja \u017emogus\u201c. Bernardo Brazd\u017eionio \u0161imtme\u010diui<\/em>. Sud. R. Br\u016bzgien\u0117, Vilnius: Lietuvi\u0173 literat\u016bros ir tautosakos institutas, 2008, p. 160\u2013176.<\/p>\n<p style=\"text-align: justify\">\u2666\u00a0\u0415\u0432\u0433\u0435\u043d\u0438\u0439 \u0428\u043a\u043b\u044f\u0440: \u0436\u0438\u0437\u043d\u0435\u043d\u043d\u044b\u0439 \u043f\u0443\u0442\u044c \u0441\u043a\u0438\u0442\u0430\u043b\u044c\u0446\u0430: \u043c\u043e\u043d\u043e\u0433\u0440\u0430\u0444\u0438\u044f. Vilnius: Vilniaus universiteto leidykla, 2008 (<a href=\"http:\/\/tools.lituanistikadb.lt\/marc\/lit-show-abs.php?sys=000020878&amp;lib=litli\" target=\"_blank\">santrauka<\/a>\u00a0\u2666 <a href=\"http:\/\/tools.lituanistikadb.lt\/marc\/lit-show-abs-eng.php?sys=000020878&amp;lib=litli\" target=\"_blank\">abstract<\/a>).<\/p>\n<p>\u2666\u00a0\u0411\u0435\u0440\u043b\u0438\u043d\u0441\u043a\u0438\u0435 \u0441\u0431\u043e\u0440\u043d\u0438\u043a\u0438 \u0415. \u041b. \u0428\u043a\u043b\u044f\u0440\u0430 (1923 \u0433.). In <em>\u0420\u0443\u0441\u0441\u043a\u0430\u044f \u043f\u043e\u044d\u0437\u0438\u044f: 1923\u20131924<\/em>. \u0420\u0435\u0434. \u0410. \u0418. \u0421\u0442\u0430\u043d\u043a\u0435\u0432\u0438\u0447, \u0440\u0435\u0434. \u043a\u043e\u043b. \u0424. \u041f. \u0424\u0435\u0434\u043e\u0440\u043e\u0432 (\u043f\u0440\u0435\u0434\u0441\u0435\u0434\u0430\u0442\u0435\u043b\u044c) &#8230; [et al.]. Daugavpils: Daugavpils Universit\u0101tes Akad\u0113miskais apg\u0101ds \u201cSaule\u201d, 2008, \u0441. 64\u201379.<\/p>\n<p>\u2666\u00a0<a href=\"https:\/\/books.google.lt\/books?id=vdlKDQAAQBAJ&amp;lpg=PA9&amp;ots=t-Nz4L7j4B&amp;dq=\u041c\u043e\u0433\u0443\u0442%20\u043b\u0438%20\u0442\u0435\u043a\u0441\u0442\u044b%20\u043b\u0433\u0430\u0442\u044c%3F%20\u041a%20\u043f\u0440\u043e\u0431\u043b\u0435\u043c\u0435%20\u0440\u0430\u0431\u043e\u0442\u044b%20\u0441%20\u043d\u0435\u0434\u043e\u0441\u0442\u043e\u0432\u0435\u0440\u043d\u044b\u043c\u0438%20\u0438\u0441\u0442\u043e\u0447\u043d\u0438\u043a\u0430\u043c\u0438.%20\u041c\u0430\u0442\u0435\u0440\u0438\u0430\u043b\u044b%20\u0422\u0440\u0435\u0442\u044c\u0438\u0445%20\u041b\u043e\u0442\u043c\u0430\u043d\u043e\u0432\u0441\u043a\u0438\u0445%20\u0434\u043d\u0435\u0439%20\u0432%20\u0422\u0430\u043b\u043b\u0438\u043d\u043d\u0441\u043a\u043e\u043c%20\u0443\u043d\u0438\u0432\u0435\u0440\u0441\u0438\u0442\u0435\u0442\u0435&amp;hl=ru&amp;pg=PA220#v=onepage&amp;q&amp;f=false\" target=\"_blank\">\u041f\u0440\u0435\u0432\u0440\u0430\u0449\u0435\u043d\u0438\u0435 \u00ab\u0432\u0435\u0440\u0445\u043e\u0432\u044c\u0435\u0432 \u0414\u043d\u0435\u043f\u0440\u0430\u00bb \u0432 \u00ab\u043d\u0438\u0437\u043e\u0432\u044c\u044f \u041d\u0435\u043c\u0430\u043d\u0430\u00bb: \u0410\u0432\u0442\u043e\u0440\u0441\u043a\u0430\u044f \u0441\u0442\u0440\u0430\u0442\u0435\u0433\u0438\u044f \u0415. \u0428\u043a\u043b\u044f\u0440\u0430 \u0438 \u043b\u0438\u0442\u0435\u0440\u0430\u0442\u0443\u0440\u043d\u043e\u0435 \u043f\u043e\u043b\u0435<\/a>. In <em>\u041c\u043e\u0433\u0443\u0442 \u043b\u0438 \u0442\u0435\u043a\u0441\u0442\u044b \u043b\u0433\u0430\u0442\u044c? \u041a \u043f\u0440\u043e\u0431\u043b\u0435\u043c\u0435 \u0440\u0430\u0431\u043e\u0442\u044b \u0441 \u043d\u0435\u0434\u043e\u0441\u0442\u043e\u0432\u0435\u0440\u043d\u044b\u043c\u0438 \u0438\u0441\u0442\u043e\u0447\u043d\u0438\u043a\u0430\u043c\u0438. \u041c\u0430\u0442\u0435\u0440\u0438\u0430\u043b\u044b \u0422\u0440\u0435\u0442\u044c\u0438\u0445 \u041b\u043e\u0442\u043c\u0430\u043d\u043e\u0432\u0441\u043a\u0438\u0445 \u0434\u043d\u0435\u0439 \u0432 \u0422\u0430\u043b\u043b\u0438\u043d\u043d\u0441\u043a\u043e\u043c \u0443\u043d\u0438\u0432\u0435\u0440\u0441\u0438\u0442\u0435\u0442\u0435 (8\u201310 \u0438\u044e\u043d\u044f 2012 \u0433.)<\/em>. \u0420\u0435\u0434.-\u0441\u043e\u0441\u0442. \u0422. \u0414. \u041a\u0443\u0437\u043e\u0432\u043a\u0438\u043d\u0430. \u0422\u0430\u043b\u043b\u0438\u043d\u043d: \u0418\u0437\u0434\u0430\u0442\u0435\u043b\u044c\u0441\u0442\u0432\u043e \u0422\u041b\u0423, 2014 (Acta Universitatis Tallinnensis. Humaniora), \u0441. 220\u2013237.<\/p>\n<p><a href=\"http:\/\/web.vu.lt\/flf\/p.lavrinec\/files\/2012\/09\/Jevgeni-\u0160kliari-ajakirjanduslik-tegevus-145.png\"><img loading=\"lazy\" class=\"alignleft size-large wp-image-223\" src=\"http:\/\/web.vu.lt\/flf\/p.lavrinec\/files\/2012\/09\/Jevgeni-\u0160kliari-ajakirjanduslik-tegevus-145-680x1024.png\" alt=\"\u0416\u0443\u0440\u043d\u0430\u043b\u0438\u0441\u0442\u0441\u043a\u0430\u044f \u0434\u0435\u044f\u0442\u0435\u043b\u044c\u043d\u043e\u0441\u0442\u044c \u0415. \u041b. \u0428\u043a\u043b\u044f\u0440\u0430\" width=\"680\" height=\"1024\" srcset=\"http:\/\/web.vu.lt\/flf\/p.lavrinec\/files\/2012\/09\/Jevgeni-\u0160kliari-ajakirjanduslik-tegevus-145-680x1024.png 680w, http:\/\/web.vu.lt\/flf\/p.lavrinec\/files\/2012\/09\/Jevgeni-\u0160kliari-ajakirjanduslik-tegevus-145-199x300.png 199w, http:\/\/web.vu.lt\/flf\/p.lavrinec\/files\/2012\/09\/Jevgeni-\u0160kliari-ajakirjanduslik-tegevus-145.png 1594w\" sizes=\"(max-width: 680px) 100vw, 680px\" \/> <\/a><a href=\"http:\/\/web.vu.lt\/flf\/p.lavrinec\/files\/2012\/09\/Jevgeni-\u0160kliari-ajakirjanduslik-tegevus-146-147.png\"><img loading=\"lazy\" class=\"alignleft wp-image-224\" src=\"http:\/\/web.vu.lt\/flf\/p.lavrinec\/files\/2012\/09\/Jevgeni-\u0160kliari-ajakirjanduslik-tegevus-146-147-1024x760.png\" alt=\"\u0416\u0443\u0440\u043d\u0430\u043b\u0438\u0441\u0442\u0441\u043a\u0430\u044f \u0434\u0435\u044f\u0442\u0435\u043b\u044c\u043d\u043e\u0441\u0442\u044c \u0415. \u041b. \u0428\u043a\u043b\u044f\u0440\u0430\" width=\"630\" height=\"469\" srcset=\"http:\/\/web.vu.lt\/flf\/p.lavrinec\/files\/2012\/09\/Jevgeni-\u0160kliari-ajakirjanduslik-tegevus-146-147-1024x760.png 1024w, http:\/\/web.vu.lt\/flf\/p.lavrinec\/files\/2012\/09\/Jevgeni-\u0160kliari-ajakirjanduslik-tegevus-146-147-300x222.png 300w\" sizes=\"(max-width: 630px) 100vw, 630px\" \/><\/a> <a href=\"http:\/\/web.vu.lt\/flf\/p.lavrinec\/files\/2012\/09\/Jevgeni-\u0160kliari-ajakirjanduslik-tegevus-148-149.png\"><img loading=\"lazy\" class=\"alignleft wp-image-225\" src=\"http:\/\/web.vu.lt\/flf\/p.lavrinec\/files\/2012\/09\/Jevgeni-\u0160kliari-ajakirjanduslik-tegevus-148-149-1024x744.png\" alt=\"\u0416\u0443\u0440\u043d\u0430\u043b\u0438\u0441\u0442\u0441\u043a\u0430\u044f \u0434\u0435\u044f\u0442\u0435\u043b\u044c\u043d\u043e\u0441\u0442\u044c \u0415. \u041b. \u0428\u043a\u043b\u044f\u0440\u0430\" width=\"630\" height=\"459\" srcset=\"http:\/\/web.vu.lt\/flf\/p.lavrinec\/files\/2012\/09\/Jevgeni-\u0160kliari-ajakirjanduslik-tegevus-148-149-1024x744.png 1024w, http:\/\/web.vu.lt\/flf\/p.lavrinec\/files\/2012\/09\/Jevgeni-\u0160kliari-ajakirjanduslik-tegevus-148-149-300x218.png 300w\" sizes=\"(max-width: 630px) 100vw, 630px\" \/> <\/a><a href=\"http:\/\/web.vu.lt\/flf\/p.lavrinec\/files\/2012\/09\/Jevgeni-\u0160kliari-ajakirjanduslik-tegevus-150-151.png\"><img loading=\"lazy\" class=\"alignleft wp-image-226\" src=\"http:\/\/web.vu.lt\/flf\/p.lavrinec\/files\/2012\/09\/Jevgeni-\u0160kliari-ajakirjanduslik-tegevus-150-151-1024x754.png\" alt=\"\u0416\u0443\u0440\u043d\u0430\u043b\u0438\u0441\u0442\u0441\u043a\u0430\u044f \u0434\u0435\u044f\u0442\u0435\u043b\u044c\u043d\u043e\u0441\u0442\u044c \u0415. \u041b. \u0428\u043a\u043b\u044f\u0440\u0430\" width=\"626\" height=\"460\" srcset=\"http:\/\/web.vu.lt\/flf\/p.lavrinec\/files\/2012\/09\/Jevgeni-\u0160kliari-ajakirjanduslik-tegevus-150-151-1024x754.png 1024w, http:\/\/web.vu.lt\/flf\/p.lavrinec\/files\/2012\/09\/Jevgeni-\u0160kliari-ajakirjanduslik-tegevus-150-151-300x220.png 300w\" sizes=\"(max-width: 626px) 100vw, 626px\" \/><\/a> <a href=\"http:\/\/web.vu.lt\/flf\/p.lavrinec\/files\/2012\/09\/Jevgeni-\u0160kliari-ajakirjanduslik-tegevus-152-153.png\"><img loading=\"lazy\" class=\"alignleft wp-image-227\" src=\"http:\/\/web.vu.lt\/flf\/p.lavrinec\/files\/2012\/09\/Jevgeni-\u0160kliari-ajakirjanduslik-tegevus-152-153-1024x757.png\" alt=\"\u0416\u0443\u0440\u043d\u0430\u043b\u0438\u0441\u0442\u0441\u043a\u0430\u044f \u0434\u0435\u044f\u0442\u0435\u043b\u044c\u043d\u043e\u0441\u0442\u044c \u0415. \u041b. \u0428\u043a\u043b\u044f\u0440\u0430\" width=\"649\" height=\"480\" srcset=\"http:\/\/web.vu.lt\/flf\/p.lavrinec\/files\/2012\/09\/Jevgeni-\u0160kliari-ajakirjanduslik-tegevus-152-153-1024x757.png 1024w, http:\/\/web.vu.lt\/flf\/p.lavrinec\/files\/2012\/09\/Jevgeni-\u0160kliari-ajakirjanduslik-tegevus-152-153-300x221.png 300w\" sizes=\"(max-width: 649px) 100vw, 649px\" \/><\/a> <a href=\"http:\/\/web.vu.lt\/flf\/p.lavrinec\/files\/2012\/09\/Jevgeni-\u0160kliari-ajakirjanduslik-tegevus-154-155.png\"><img loading=\"lazy\" class=\"alignleft wp-image-228\" src=\"http:\/\/web.vu.lt\/flf\/p.lavrinec\/files\/2012\/09\/Jevgeni-\u0160kliari-ajakirjanduslik-tegevus-154-155-1024x747.png\" alt=\"\u0416\u0443\u0440\u043d\u0430\u043b\u0438\u0441\u0442\u043a\u0430\u044f \u0434\u0435\u044f\u0442\u0435\u043b\u044c\u043d\u043e\u0441\u0442\u044c \u0415. \u041b. \u0428\u043a\u043b\u044f\u0440\u0430\" width=\"625\" height=\"455\" srcset=\"http:\/\/web.vu.lt\/flf\/p.lavrinec\/files\/2012\/09\/Jevgeni-\u0160kliari-ajakirjanduslik-tegevus-154-155-1024x747.png 1024w, http:\/\/web.vu.lt\/flf\/p.lavrinec\/files\/2012\/09\/Jevgeni-\u0160kliari-ajakirjanduslik-tegevus-154-155-300x219.png 300w\" sizes=\"(max-width: 625px) 100vw, 625px\" \/><\/a><a href=\"http:\/\/web.vu.lt\/flf\/p.lavrinec\/files\/2012\/09\/Jevgeni-\u0160kliari-ajakirjanduslik-tegevus-156-157.png\"><img loading=\"lazy\" class=\"alignleft wp-image-229\" src=\"http:\/\/web.vu.lt\/flf\/p.lavrinec\/files\/2012\/09\/Jevgeni-\u0160kliari-ajakirjanduslik-tegevus-156-157-1024x755.png\" alt=\"\u0416\u0443\u0440\u043d\u0430\u043b\u0438\u0441\u0442\u0441\u043a\u0430\u044f \u0434\u0435\u044f\u0442\u0435\u043b\u044c\u043d\u043e\u0441\u0442\u044c \u0415. \u041b. \u0428\u043a\u043b\u044f\u0440\u0430\" width=\"669\" height=\"494\" srcset=\"http:\/\/web.vu.lt\/flf\/p.lavrinec\/files\/2012\/09\/Jevgeni-\u0160kliari-ajakirjanduslik-tegevus-156-157-1024x755.png 1024w, http:\/\/web.vu.lt\/flf\/p.lavrinec\/files\/2012\/09\/Jevgeni-\u0160kliari-ajakirjanduslik-tegevus-156-157-300x221.png 300w\" sizes=\"(max-width: 669px) 100vw, 669px\" \/><\/a><a href=\"http:\/\/web.vu.lt\/flf\/p.lavrinec\/files\/2012\/09\/Jevgeni-\u0160kliari-ajakirjanduslik-tegevus-158-159.png\"><img loading=\"lazy\" class=\"alignleft wp-image-230\" src=\"http:\/\/web.vu.lt\/flf\/p.lavrinec\/files\/2012\/09\/Jevgeni-\u0160kliari-ajakirjanduslik-tegevus-158-159-1024x739.png\" alt=\"\u0416\u0443\u0440\u043d\u0430\u043b\u0438\u0441\u0442\u0441\u043a\u0430\u044f \u0434\u0435\u044f\u0442\u0435\u043b\u044c\u043d\u043e\u0441\u0442\u044c \u0415. \u041b. \u0428\u043a\u043b\u044f\u0440\u0430\" width=\"694\" height=\"501\" srcset=\"http:\/\/web.vu.lt\/flf\/p.lavrinec\/files\/2012\/09\/Jevgeni-\u0160kliari-ajakirjanduslik-tegevus-158-159-1024x739.png 1024w, http:\/\/web.vu.lt\/flf\/p.lavrinec\/files\/2012\/09\/Jevgeni-\u0160kliari-ajakirjanduslik-tegevus-158-159-300x216.png 300w\" sizes=\"(max-width: 694px) 100vw, 694px\" \/><\/a><a href=\"http:\/\/web.vu.lt\/flf\/p.lavrinec\/files\/2012\/09\/Jevgeni-\u0160kliari-ajakirjanduslik-tegevus-160-161.png\"><br \/>\n<\/a><\/p>\n","protected":false},"excerpt":{"rendered":"<p>\u0416\u0443\u0440\u043d\u0430\u043b\u0438\u0441\u0442\u0441\u043a\u0430\u044f \u0434\u0435\u044f\u0442\u0435\u043b\u044c\u043d\u043e\u0441\u0442\u044c \u0415. \u041b. \u0428\u043a\u043b\u044f\u0440\u0430 \u0432 \u0433\u0430\u0437\u0435\u0442\u0435 \u042d\u0445\u043e (1920\u20131923) \u041f\u0430\u0432\u0435\u043b \u041b\u0430\u0432\u0440\u0438\u043d\u0435\u0446. \u0416\u0443\u0440\u043d\u0430\u043b\u0438\u0441\u0442\u0441\u043a\u0430\u044f \u0434\u0435\u044f\u0442\u0435\u043b\u044c\u043d\u043e\u0441\u0442\u044c \u0415. \u041b. \u0428\u043a\u043b\u044f\u0440\u0430 \u0432 \u0433\u0430\u0437\u0435\u0442\u0435 \u042d\u0445\u043e (1920\u20131923). \u0416\u0443\u0440\u043d\u0430\u043b\u0438\u0441\u0442\u0438\u043a\u0430 \u043d\u0430\u0446\u0438\u043e\u043d\u0430\u043b\u044c\u043d\u044b\u0445 \u043c\u0435\u043d\u044c\u0448\u0438\u043d\u0441\u0442\u0432 \u0432 \u0415\u0432\u0440\u043e\u043f\u0435: \u0412\u0447\u0435\u0440\u0430. \u0421\u0435\u0433\u043e\u0434\u043d\u044f. \u0417\u0430\u0432\u0442\u0440\u0430. \u0421\u0431\u043e\u0440\u043d\u0438\u043a \u0441\u0442\u0430\u0442\u0435\u0439 \u0432 \u0447\u0435\u0441\u0442\u044c \u0412\u0438\u0442\u0430\u043b\u0438\u044f \u0418\u0432\u0430\u043d\u043e\u0432\u0438\u0447\u0430 \u0411\u0435\u043b\u043e\u0431\u0440\u043e\u0432\u0446\u0435\u0432\u0430. \u041a 60-\u043b\u0435\u0442\u0438\u044e \u0441\u043e \u0434\u043d\u044f \u0440\u043e\u0436\u0434\u0435\u043d\u0438\u044f. \u0421\u043e\u0441\u0442. \u0438 \u043e\u0442\u0432. \u0440\u0435\u0434. \u0410. \u041c\u0435\u0439\u043c\u0440\u0435, \u0440\u0435\u0446. \u041d. \u0411\u043e\u0433\u043e\u043c\u043e\u043b\u043e\u0432. \u0422\u0430\u043b\u043b\u0438\u043d: TL\u00dc Kirjastus, 2007. ISBN 978-9985-58-482-8. [&hellip;]<\/p>\n","protected":false},"author":25,"featured_media":0,"parent":6,"menu_order":0,"comment_status":"open","ping_status":"open","template":"","meta":[],"_links":{"self":[{"href":"http:\/\/web.vu.lt\/flf\/p.lavrinec\/wp-json\/wp\/v2\/pages\/222"}],"collection":[{"href":"http:\/\/web.vu.lt\/flf\/p.lavrinec\/wp-json\/wp\/v2\/pages"}],"about":[{"href":"http:\/\/web.vu.lt\/flf\/p.lavrinec\/wp-json\/wp\/v2\/types\/page"}],"author":[{"embeddable":true,"href":"http:\/\/web.vu.lt\/flf\/p.lavrinec\/wp-json\/wp\/v2\/users\/25"}],"replies":[{"embeddable":true,"href":"http:\/\/web.vu.lt\/flf\/p.lavrinec\/wp-json\/wp\/v2\/comments?post=222"}],"version-history":[{"count":31,"href":"http:\/\/web.vu.lt\/flf\/p.lavrinec\/wp-json\/wp\/v2\/pages\/222\/revisions"}],"predecessor-version":[{"id":1121,"href":"http:\/\/web.vu.lt\/flf\/p.lavrinec\/wp-json\/wp\/v2\/pages\/222\/revisions\/1121"}],"up":[{"embeddable":true,"href":"http:\/\/web.vu.lt\/flf\/p.lavrinec\/wp-json\/wp\/v2\/pages\/6"}],"wp:attachment":[{"href":"http:\/\/web.vu.lt\/flf\/p.lavrinec\/wp-json\/wp\/v2\/media?parent=222"}],"curies":[{"name":"wp","href":"https:\/\/api.w.org\/{rel}","templated":true}]}}