{"id":2,"date":"2011-10-06T14:59:38","date_gmt":"2011-10-06T11:59:38","guid":{"rendered":"http:\/\/web.vu.lt\/flf\/p.lavrinec\/?page_id=2"},"modified":"2025-09-12T13:52:57","modified_gmt":"2025-09-12T10:52:57","slug":"sveiki","status":"publish","type":"page","link":"http:\/\/web.vu.lt\/flf\/p.lavrinec\/","title":{"rendered":"Sveiki \u25cf \u041f\u0440\u0438\u0432\u0435\u0442"},"content":{"rendered":"<p><code><a href=\"http:\/\/web.vu.lt\/flf\/p.lavrinec\/files\/2011\/10\/Pavel-Lavrinec.jpg\"><br \/>\n<img loading=\"lazy\" class=\"alignright size-medium wp-image-39\" src=\"http:\/\/web.vu.lt\/flf\/p.lavrinec\/files\/2011\/10\/Pavel-Lavrinec-272x300.jpg\" alt=\"Pavel Lavrinec\" width=\"172\" height=\"189\" srcset=\"http:\/\/web.vu.lt\/flf\/p.lavrinec\/files\/2011\/10\/Pavel-Lavrinec-272x300.jpg 272w, http:\/\/web.vu.lt\/flf\/p.lavrinec\/files\/2011\/10\/Pavel-Lavrinec-931x1024.jpg 931w, http:\/\/web.vu.lt\/flf\/p.lavrinec\/files\/2011\/10\/Pavel-Lavrinec.jpg 963w\" sizes=\"(max-width: 172px) 100vw, 172px\" \/><\/a>Tai <a href=\"https:\/\/www.flf.vu.lt\/institutai\/bkki\/struktura\/rfk\">Vilniaus universiteto Slavistikos katedros<\/a> docento,\u00a0 humanitarini\u0173 moksl\u0173 dr <a href=\"https:\/\/www.flf.vu.lt\/institutai\/bkki\/darbuotojai?id=575:pavel-lavrinec\" target=\"_blank\" rel=\"noopener\">Pavelo Lavrineco<\/a>\u00a0tarnybinis tinklalapis.<\/code><\/p>\n<p>\u010cia galima rasti mano <a title=\"\u0441\u0442\u0430\u0442\u044c\u0438\" href=\"http:\/\/web.vu.lt\/flf\/p.lavrinec\/mokslas\/publikacijos\/\" target=\"_blank\" rel=\"noopener\">publikacij\u0173<\/a> ir <a title=\"\u0434\u043e\u043a\u043b\u0430\u0434\u044b\" href=\"http:\/\/web.vu.lt\/flf\/p.lavrinec\/mokslas\/pranesimai\/\" target=\"_blank\" rel=\"noopener\">prane\u0161im\u0173 konferencijose bei seminaruose<\/a> s\u0105ra\u0161us, d\u0117stom\u0173 dalyk\u0173 sandus ir literat\u016bros s\u0105ra\u0161us, <a title=\"temos\" href=\"http:\/\/web.vu.lt\/flf\/p.lavrinec\/studijos\/temos\/\" target=\"_blank\" rel=\"noopener\">kursini\u0173 ir baigiam\u0173j\u0173 darb\u0173 temas<\/a>.<\/p>\n<p><em>To be continued&#8230;<\/em> t. y. <em>\u043f\u0440\u043e\u0434\u043e\u043b\u0436\u0435\u043d\u0438\u0435 \u0441\u043b\u0435\u0434\u0443\u0435\u0442<\/em>.<\/p>\n<p>\u0421\u043b\u0443\u0436\u0435\u0431\u043d\u0430\u044f \u0441\u0442\u0440\u0430\u043d\u0438\u0446\u0430 \u0434\u043e\u0446\u0435\u043d\u0442\u0430 \u041a\u0430\u0444\u0435\u0434\u0440\u044b \u0441\u043b\u0430\u0432\u0438\u0441\u0442\u0438\u043a\u0438 \u0412\u0438\u043b\u044c\u043d\u044e\u0441\u0441\u043a\u043e\u0433\u043e \u0443\u043d\u0438\u0432\u0435\u0440\u0441\u0438\u0442\u0435\u0442\u0430 <a href=\"https:\/\/www.flf.vu.lt\/institutai\/bkki\/darbuotojai?id=575:pavel-lavrinec\" target=\"_blank\" rel=\"noopener\">\u041f\u0430\u0432\u043b\u0430 \u041b\u0430\u0432\u0440\u0438\u043d\u0446\u0430<\/a>. \u0417\u0434\u0435\u0441\u044c \u043c\u043e\u0436\u043d\u043e \u043d\u0430\u0439\u0442\u0438 \u0441\u043f\u0438\u0441\u043a\u0438 \u043c\u043e\u0438\u0445 <a title=\"\u043f\u0443\u0431\u043b\u0438\u043a\u0430\u0446\u0438\u0438\" href=\"http:\/\/web.vu.lt\/flf\/p.lavrinec\/mokslas\/publikacijos\/\" target=\"_blank\" rel=\"noopener\">\u043f\u0443\u0431\u043b\u0438\u043a\u0430\u0446\u0438\u0439<\/a> \u0438 <a title=\"\u0434\u043e\u043a\u043b\u0430\u0434\u044b\" href=\"http:\/\/web.vu.lt\/flf\/p.lavrinec\/mokslas\/pranesimai\/\" target=\"_blank\" rel=\"noopener\">\u0434\u043e\u043a\u043b\u0430\u0434\u043e\u0432<\/a> \u043d\u0430 \u043d\u0430\u0443\u0447\u043d\u044b\u0445 \u043a\u043e\u043d\u0444\u0435\u0440\u0435\u043d\u0446\u0438\u044f\u0445 \u0438 \u0441\u0435\u043c\u0438\u043d\u0430\u0440\u0430\u0445, \u043f\u0440\u043e\u0433\u0440\u0430\u043c\u043c\u044b \u0447\u0438\u0442\u0430\u0435\u043c\u044b\u0445 \u043a\u0443\u0440\u0441\u043e\u0432 \u0438 \u0441\u043f\u0438\u0441\u043a\u0438 \u043b\u0438\u0442\u0435\u0440\u0430\u0442\u0443\u0440\u044b \u043a \u043d\u0438\u043c, <a title=\"\u0442\u0435\u043c\u044b\" href=\"http:\/\/web.vu.lt\/flf\/p.lavrinec\/studijos\/temos\/\" target=\"_blank\" rel=\"noopener\">\u0442\u0435\u043c\u044b \u043a\u0443\u0440\u0441\u043e\u0432\u044b\u0445 \u0438 \u0431\u0430\u043a\u0430\u043b\u0430\u0432\u0440\u0441\u043a\u0438\u0445 \u0440\u0430\u0431\u043e\u0442<\/a>. \u0410 \u0435\u0441\u043b\u0438 \u0447\u0435\u0433\u043e \u043f\u043e\u043a\u0430 \u043d\u0435 \u043d\u0430\u0445\u043e\u0434\u0438\u0442\u0441\u044f, \u0442\u043e \u0441\u043e \u0432\u0440\u0435\u043c\u0435\u043d\u0435\u043c \u043d\u0430\u0439\u0434\u0435\u0442\u0441\u044f.<\/p>\n<p>Pavel Lavrinec <a href=\"https:\/\/www.lvb.lt\/discovery\/search?query=any,contains,Lavrinec%20Pavel&amp;tab=ELABA&amp;search_scope=ELABA&amp;vid=370LABT_NETWORK:ELABA_UNION&amp;lang=lt&amp;offset=0\">Lietuvos akademin\u0117je elektronin\u0117je bibliotekoje (eLABa)<\/a><\/p>\n<p>Citavimas pagal <a href=\"http:\/\/goo.gl\/n6zzYz\" target=\"_blank\" rel=\"noopener\">Google Scholar<\/a><\/p>\n<p>Straipsniai, recenzijos, ap\u017evalgos <a href=\"https:\/\/vu-lt.academia.edu\/PavelLavrinec\" target=\"_blank\" rel=\"noopener\">Academia.edu<\/a><\/p>\n<p>Darbai <a href=\"https:\/\/www.researchgate.net\/profile\/Pavel_Lavrinec\" target=\"_blank\" rel=\"noopener\">ResearchGate<\/a><\/p>\n<p><a style=\"vertical-align: top\" href=\"https:\/\/orcid.org\/0000-0003-2385-4378\" target=\"orcid.widget\" rel=\"noopener noreferrer\"><img style=\"width: 1em;margin-right: .5em\" src=\"https:\/\/orcid.org\/sites\/default\/files\/images\/orcid_16x16.png\" alt=\"ORCID iD icon\" \/>orcid.org\/0000-0003-2385-4378<\/a><\/p>\n","protected":false},"excerpt":{"rendered":"<p>Tai Vilniaus universiteto Slavistikos katedros docento,\u00a0 humanitarini\u0173 moksl\u0173 dr Pavelo Lavrineco\u00a0tarnybinis tinklalapis. \u010cia galima rasti mano publikacij\u0173 ir prane\u0161im\u0173 konferencijose bei seminaruose s\u0105ra\u0161us, d\u0117stom\u0173 dalyk\u0173 sandus ir literat\u016bros s\u0105ra\u0161us, kursini\u0173 ir baigiam\u0173j\u0173 darb\u0173 temas. To be continued&#8230; t. y. \u043f\u0440\u043e\u0434\u043e\u043b\u0436\u0435\u043d\u0438\u0435 \u0441\u043b\u0435\u0434\u0443\u0435\u0442. \u0421\u043b\u0443\u0436\u0435\u0431\u043d\u0430\u044f \u0441\u0442\u0440\u0430\u043d\u0438\u0446\u0430 \u0434\u043e\u0446\u0435\u043d\u0442\u0430 \u041a\u0430\u0444\u0435\u0434\u0440\u044b \u0441\u043b\u0430\u0432\u0438\u0441\u0442\u0438\u043a\u0438 \u0412\u0438\u043b\u044c\u043d\u044e\u0441\u0441\u043a\u043e\u0433\u043e \u0443\u043d\u0438\u0432\u0435\u0440\u0441\u0438\u0442\u0435\u0442\u0430 \u041f\u0430\u0432\u043b\u0430 \u041b\u0430\u0432\u0440\u0438\u043d\u0446\u0430. \u0417\u0434\u0435\u0441\u044c \u043c\u043e\u0436\u043d\u043e \u043d\u0430\u0439\u0442\u0438 \u0441\u043f\u0438\u0441\u043a\u0438 \u043c\u043e\u0438\u0445 [&hellip;]<\/p>\n","protected":false},"author":25,"featured_media":0,"parent":0,"menu_order":0,"comment_status":"open","ping_status":"closed","template":"","meta":[],"_links":{"self":[{"href":"http:\/\/web.vu.lt\/flf\/p.lavrinec\/wp-json\/wp\/v2\/pages\/2"}],"collection":[{"href":"http:\/\/web.vu.lt\/flf\/p.lavrinec\/wp-json\/wp\/v2\/pages"}],"about":[{"href":"http:\/\/web.vu.lt\/flf\/p.lavrinec\/wp-json\/wp\/v2\/types\/page"}],"author":[{"embeddable":true,"href":"http:\/\/web.vu.lt\/flf\/p.lavrinec\/wp-json\/wp\/v2\/users\/25"}],"replies":[{"embeddable":true,"href":"http:\/\/web.vu.lt\/flf\/p.lavrinec\/wp-json\/wp\/v2\/comments?post=2"}],"version-history":[{"count":34,"href":"http:\/\/web.vu.lt\/flf\/p.lavrinec\/wp-json\/wp\/v2\/pages\/2\/revisions"}],"predecessor-version":[{"id":1178,"href":"http:\/\/web.vu.lt\/flf\/p.lavrinec\/wp-json\/wp\/v2\/pages\/2\/revisions\/1178"}],"wp:attachment":[{"href":"http:\/\/web.vu.lt\/flf\/p.lavrinec\/wp-json\/wp\/v2\/media?parent=2"}],"curies":[{"name":"wp","href":"https:\/\/api.w.org\/{rel}","templated":true}]}}