{"id":180,"date":"2012-01-16T20:44:29","date_gmt":"2012-01-16T18:44:29","guid":{"rendered":"http:\/\/web.vu.lt\/flf\/p.lavrinec\/?page_id=180"},"modified":"2020-01-18T18:22:04","modified_gmt":"2020-01-18T16:22:04","slug":"180-2","status":"publish","type":"page","link":"http:\/\/web.vu.lt\/flf\/p.lavrinec\/mokslas\/publikacijos\/180-2\/","title":{"rendered":"\u041b\u0438\u0442\u0432\u0430 \u0438 \u043b\u0438\u0442\u043e\u0432\u0446\u044b \u0432 \u0440\u043e\u043c\u0430\u043d\u0435 \u0421. \u0420. \u041c\u0438\u043d\u0446\u043b\u043e\u0432\u0430 \u00ab\u041e\u0440\u043b\u0438\u043d\u044b\u0439 \u0432\u0437\u043b\u0435\u0442\u00bb"},"content":{"rendered":"<h2 style=\"text-align: center\"><a href=\"http:\/\/web.vu.lt\/flf\/p.lavrinec\/files\/2012\/01\/Pavel-Lavrinec-Litva-i-litovcy-v-romane-S-R-Minclova-Orlinyj-vzliot.pdf\" target=\"_blank\">\u041b\u0438\u0442\u0432\u0430 \u0438 \u043b\u0438\u0442\u043e\u0432\u0446\u044b \u0432 \u0440\u043e\u043c\u0430\u043d\u0435 \u0421. \u0420. \u041c\u0438\u043d\u0446\u043b\u043e\u0432\u0430 \u00ab\u041e\u0440\u043b\u0438\u043d\u044b\u0439 \u0432\u0437\u043b\u0435\u0442\u00bb<\/a><\/h2>\n<p style=\"text-align: justify\">\u041b\u0438\u0442\u0432\u0430 \u0438 \u043b\u0438\u0442\u043e\u0432\u0446\u044b \u0432 \u0440\u043e\u043c\u0430\u043d\u0435 \u0421. \u0420. \u041c\u0438\u043d\u0446\u043b\u043e\u0432\u0430 \u00ab\u041e\u0440\u043b\u0438\u043d\u044b\u0439 \u0432\u0437\u043b\u0435\u0442\u00bb.\u00a0<em>Literat\u016bra. Mokslo darbai<\/em>. 2011. 53 (2): <em>Rusistica Vilnensis<\/em>. Vilnius: Vilniaus universiteto leidykla, 2011. ISSN 0258\u20130802. \u0421. 7\u201316.<\/p>\n<p style=\"text-align: justify\">\u017er.\u00a0<a href=\"https:\/\/www.zurnalai.vu.lt\/literatura\/article\/view\/2705\/1902\" target=\"_blank\">Rusistica Vilnensis<\/a>\u00a0\u2666\u00a0<a href=\"https:\/\/www.academia.edu\/2555596\/\u041b\u0438\u0442\u0432\u0430_\u0438_\u043b\u0438\u0442\u043e\u0432\u0446\u044b_\u0432_\u0440\u043e\u043c\u0430\u043d\u0435_\u0421._\u0420._\u041c\u0438\u043d\u0446\u043b\u043e\u0432\u0430_\u041e\u0440\u043b\u0438\u043d\u044b\u0439_\u0432\u0437\u043b\u0435\u0442_\" target=\"_blank\">academia.edu<\/a>\u00a0\u2666 <a href=\"https:\/\/etalpykla.lituanistikadb.lt\/fedora\/objects\/LT-LDB-0001:J.04~2011~1367177517199\/datastreams\/DS.002.2.01.ARTIC\/content\" target=\"_blank\">Lituanistika<\/a><\/p>\n<p style=\"text-align: center\"><a href=\"http:\/\/web.vu.lt\/flf\/p.lavrinec\/mokslas\/publikacijos\/180-2\/min-01\/\" rel=\"attachment wp-att-1107\"><img loading=\"lazy\" class=\"alignnone size-medium wp-image-1107\" src=\"http:\/\/web.vu.lt\/flf\/p.lavrinec\/files\/2012\/01\/min-01-191x300.jpg\" alt=\"\u0421\u0435\u0440\u0433\u0435\u0439 \u041c\u0438\u043d\u0446\u043b\u043e\u0432\" width=\"191\" height=\"300\" srcset=\"http:\/\/web.vu.lt\/flf\/p.lavrinec\/files\/2012\/01\/min-01-191x300.jpg 191w, http:\/\/web.vu.lt\/flf\/p.lavrinec\/files\/2012\/01\/min-01-768x1204.jpg 768w, http:\/\/web.vu.lt\/flf\/p.lavrinec\/files\/2012\/01\/min-01-653x1024.jpg 653w, http:\/\/web.vu.lt\/flf\/p.lavrinec\/files\/2012\/01\/min-01.jpg 1057w\" sizes=\"(max-width: 191px) 100vw, 191px\" \/><\/a>\u00a0<a href=\"http:\/\/web.vu.lt\/flf\/p.lavrinec\/mokslas\/publikacijos\/180-2\/min-07-1932-2\/\" rel=\"attachment wp-att-1108\"><img loading=\"lazy\" class=\"alignnone size-medium wp-image-1108\" src=\"http:\/\/web.vu.lt\/flf\/p.lavrinec\/files\/2012\/01\/min-07-1932-2-204x300.jpg\" alt=\"\u041e\u0440\u043b\u0438\u043d\u044b\u0439 \u0432\u0437\u043b\u0435\u0442\" width=\"204\" height=\"300\" srcset=\"http:\/\/web.vu.lt\/flf\/p.lavrinec\/files\/2012\/01\/min-07-1932-2-204x300.jpg 204w, http:\/\/web.vu.lt\/flf\/p.lavrinec\/files\/2012\/01\/min-07-1932-2-768x1128.jpg 768w, http:\/\/web.vu.lt\/flf\/p.lavrinec\/files\/2012\/01\/min-07-1932-2-697x1024.jpg 697w, http:\/\/web.vu.lt\/flf\/p.lavrinec\/files\/2012\/01\/min-07-1932-2.jpg 1585w\" sizes=\"(max-width: 204px) 100vw, 204px\" \/><\/a>\u00a0<a href=\"http:\/\/web.vu.lt\/flf\/p.lavrinec\/mokslas\/publikacijos\/180-2\/min-12-1932-1\/\" rel=\"attachment wp-att-1109\"><img loading=\"lazy\" class=\"alignnone size-medium wp-image-1109\" src=\"http:\/\/web.vu.lt\/flf\/p.lavrinec\/files\/2012\/01\/min-12-1932-1-198x300.jpg\" alt=\"Daina apie sakal\u0105\" width=\"198\" height=\"300\" srcset=\"http:\/\/web.vu.lt\/flf\/p.lavrinec\/files\/2012\/01\/min-12-1932-1-198x300.jpg 198w, http:\/\/web.vu.lt\/flf\/p.lavrinec\/files\/2012\/01\/min-12-1932-1-768x1162.jpg 768w, http:\/\/web.vu.lt\/flf\/p.lavrinec\/files\/2012\/01\/min-12-1932-1-677x1024.jpg 677w, http:\/\/web.vu.lt\/flf\/p.lavrinec\/files\/2012\/01\/min-12-1932-1.jpg 1631w\" sizes=\"(max-width: 198px) 100vw, 198px\" \/><\/a><\/p>\n<h2 style=\"text-align: center\">Lietuva ir lietuviai S. R. Minclovo romane <em>Erelio kilimas<\/em><\/h2>\n<h3 style=\"text-align: center\">Santrauka<\/h3>\n<p style=\"text-align: justify\"><a href=\"http:\/\/web.vu.lt\/flf\/p.lavrinec\/mokslas\/publikacijos\/180-2\/min-05-sarz-minclovas\/\" rel=\"attachment wp-att-1110\"><img loading=\"lazy\" class=\"alignnone size-medium wp-image-1110 alignright\" src=\"http:\/\/web.vu.lt\/flf\/p.lavrinec\/files\/2012\/01\/min-05-sarz-minclovas-243x300.jpg\" alt=\"Sergejus Minclovas (\u0161ar\u017eas)\" width=\"243\" height=\"300\" srcset=\"http:\/\/web.vu.lt\/flf\/p.lavrinec\/files\/2012\/01\/min-05-sarz-minclovas-243x300.jpg 243w, http:\/\/web.vu.lt\/flf\/p.lavrinec\/files\/2012\/01\/min-05-sarz-minclovas.jpg 303w\" sizes=\"(max-width: 243px) 100vw, 243px\" \/><\/a><strong><span style=\"color: #993300\"><em>S<\/em><\/span><\/strong>traipsnyje nagrin\u0117jamas\u00a0Senosios Lietuvos ir lietuvi\u0173 vaizdavimas rus\u0173 ra\u0161ytojo Sergejaus Minclovo (1870\u20131933) romane\u00a0<em>Erelio kilimas<\/em>\u00a0(<em>\u041e\u0440\u043b\u0438\u043d\u044b\u0439 \u0432\u0437\u043b\u0435\u0442<\/em>; lietuvi\u0161kas vertimas\u00a0<em>Daina apie Sakal\u0105<\/em>). Gyven\u0119s nuo 1922 met\u0173 Latvijoje Sergejus Minclovas savo k\u016brinyje, para\u0161ytame specialiai Vytauto Did\u017eiojo literat\u016briniam konkursui, akcentavo Lietuvos egzoti\u0161kum\u0105, savit\u0105 lietuvi\u0173 gyvenimo b\u016bd\u0105, pagoni\u0161k\u0105j\u012f tik\u0117jim\u0105, specifin\u0119 socialin\u0119 strukt\u016br\u0105. Tam panaudotos \u012fprastos rus\u0173 k\u016briniams apie lietuvi\u0173 senov\u0119 kli\u0161\u0117s ir tradici\u0161kas Vytauto ir Jogailos, lietuvi\u0173 ir lenk\u0173 prie\u0161pastatymas. Minclovo romanas turi ai\u0161k\u0173 konjunkt\u016brin\u012f b\u016bd\u0105, l\u0117mus\u012f apologi\u0161k\u0105 senov\u0117s lietuvi\u0173 ir pagrindinio herojaus vaizdavim\u0105. Akcentuota istorin\u0117 tematika Minclovo istoriniame nuotyki\u0173 romane prie\u0161tarauja istorin\u0117s problematikos redukavimui.<\/p>\n<h3 style=\"text-align: center\">\u0414\u0440\u0443\u0433\u0438\u0435 \u043f\u0443\u0431\u043b\u0438\u043a\u0430\u0446\u0438\u0438 \u043e \u0421\u0435\u0440\u0433\u0435\u0435 \u041c\u0438\u043d\u0446\u043b\u043e\u0432\u0435 \u2666 Kitos publikacijos apie Sergej\u0173 Minclov\u0105<\/h3>\n<p style=\"text-align: justify\">\u2666 \u00ab\u041e\u0440\u043b\u0438\u043d\u044b\u0439 \u0432\u0437\u043b\u0435\u0442\u00bb \u0421. \u0420. \u041c\u0438\u043d\u0446\u043b\u043e\u0432\u0430: \u043b\u0438\u0442\u043e\u0432\u0441\u043a\u0438\u0439 \u043a\u043e\u043d\u0442\u0435\u043a\u0441\u0442. In <em>\u00ab\u0420\u0430\u0434\u043e\u0441\u0442\u044c \u0436\u0434\u0435\u0442 \u0441\u043e\u043a\u0440\u043e\u0432\u0435\u043d\u043d\u043e\u0433\u043e \u0441\u043b\u043e\u0432\u0430&#8230;\u00bb \u0421\u0431\u043e\u0440\u043d\u0438\u043a \u043d\u0430\u0443\u0447\u043d\u044b\u0445 \u0441\u0442\u0430\u0442\u0435\u0439 \u0432 \u0447\u0435\u0441\u0442\u044c \u043f\u0440\u043e\u0444\u0435\u0441\u0441\u043e\u0440\u0430 \u041b\u0430\u0442\u0432\u0438\u0439\u0441\u043a\u043e\u0433\u043e \u0443\u043d\u0438\u0432\u0435\u0440\u0441\u0438\u0442\u0435\u0442\u0430 \u041b\u044e\u0434\u043c\u0438\u043b\u044b \u0412\u0430\u0441\u0438\u043b\u044c\u0435\u0432\u043d\u044b \u0421\u043f\u0440\u043e\u0433\u0435<\/em>. \u0421\u043e\u0441\u0442. \u0438 \u0440\u0435\u0434. \u041d. \u0428\u0440\u043e\u043c (\u0433\u043b. \u0440\u0435\u0434.), \u0420. \u041a\u0443\u0440\u043f\u043d\u0438\u0435\u0446\u0435. \u0420\u0435\u0434\u043a\u043e\u043b. \u041d. \u0411\u0430\u0431\u0435\u043d\u043a\u043e [et al.]. \u041b\u0430\u0442\u0432\u0438\u0439\u0441\u043a\u0438\u0439 \u0443\u043d\u0438\u0432\u0435\u0440\u0441\u0438\u0442\u0435\u0442, \u0418\u0437\u0434\u0430\u0442\u0435\u043b\u044c\u0441\u0442\u0432\u043e \u041b\u0430\u0442\u0432\u0438\u0439\u0441\u043a\u043e\u0433\u043e \u0443\u043d\u0438\u0432\u0435\u0440\u0441\u0438\u0442\u0435\u0442\u0430 = <em>\u00abL\u012bksme gaida apsl\u0113pto v\u0101rdu&#8230;\u00bb Latvijas Universit\u0101tes profesorei Ludmilai Spro\u0123ei velt\u012bts zin\u0101tnisko rakstu kr\u0101jums<\/em>. Kr\u0101juma sast. un red. N. \u0160roma (atb. red.), R. Kurpniece. Redkol. N. Babenko &#8230; [et al.] R\u012bga: Latvijas Universit\u0101te, 2013, \u0441. 144\u2013150 (\u017er. <a href=\"https:\/\/www.academia.edu\/10068229\/_\u041e\u0440\u043b\u0438\u043d\u044b\u0439_\u0432\u0437\u043b\u0435\u0442_\u0421._\u0420._\u041c\u0438\u043d\u0446\u043b\u043e\u0432\u0430_\u043b\u0438\u0442\u043e\u0432\u0441\u043a\u0438\u0439_\u043a\u043e\u043d\u0442\u0435\u043a\u0441\u0442\" target=\"_blank\">academia.edu<\/a>).<\/p>\n","protected":false},"excerpt":{"rendered":"<p>\u041b\u0438\u0442\u0432\u0430 \u0438 \u043b\u0438\u0442\u043e\u0432\u0446\u044b \u0432 \u0440\u043e\u043c\u0430\u043d\u0435 \u0421. \u0420. \u041c\u0438\u043d\u0446\u043b\u043e\u0432\u0430 \u00ab\u041e\u0440\u043b\u0438\u043d\u044b\u0439 \u0432\u0437\u043b\u0435\u0442\u00bb \u041b\u0438\u0442\u0432\u0430 \u0438 \u043b\u0438\u0442\u043e\u0432\u0446\u044b \u0432 \u0440\u043e\u043c\u0430\u043d\u0435 \u0421. \u0420. \u041c\u0438\u043d\u0446\u043b\u043e\u0432\u0430 \u00ab\u041e\u0440\u043b\u0438\u043d\u044b\u0439 \u0432\u0437\u043b\u0435\u0442\u00bb.\u00a0Literat\u016bra. Mokslo darbai. 2011. 53 (2): Rusistica Vilnensis. Vilnius: Vilniaus universiteto leidykla, 2011. ISSN 0258\u20130802. \u0421. 7\u201316. \u017er.\u00a0Rusistica Vilnensis\u00a0\u2666\u00a0academia.edu\u00a0\u2666 Lituanistika \u00a0\u00a0 Lietuva ir lietuviai S. R. Minclovo romane Erelio kilimas Santrauka Straipsnyje nagrin\u0117jamas\u00a0Senosios Lietuvos ir lietuvi\u0173 [&hellip;]<\/p>\n","protected":false},"author":25,"featured_media":0,"parent":6,"menu_order":0,"comment_status":"open","ping_status":"open","template":"","meta":[],"_links":{"self":[{"href":"http:\/\/web.vu.lt\/flf\/p.lavrinec\/wp-json\/wp\/v2\/pages\/180"}],"collection":[{"href":"http:\/\/web.vu.lt\/flf\/p.lavrinec\/wp-json\/wp\/v2\/pages"}],"about":[{"href":"http:\/\/web.vu.lt\/flf\/p.lavrinec\/wp-json\/wp\/v2\/types\/page"}],"author":[{"embeddable":true,"href":"http:\/\/web.vu.lt\/flf\/p.lavrinec\/wp-json\/wp\/v2\/users\/25"}],"replies":[{"embeddable":true,"href":"http:\/\/web.vu.lt\/flf\/p.lavrinec\/wp-json\/wp\/v2\/comments?post=180"}],"version-history":[{"count":7,"href":"http:\/\/web.vu.lt\/flf\/p.lavrinec\/wp-json\/wp\/v2\/pages\/180\/revisions"}],"predecessor-version":[{"id":1114,"href":"http:\/\/web.vu.lt\/flf\/p.lavrinec\/wp-json\/wp\/v2\/pages\/180\/revisions\/1114"}],"up":[{"embeddable":true,"href":"http:\/\/web.vu.lt\/flf\/p.lavrinec\/wp-json\/wp\/v2\/pages\/6"}],"wp:attachment":[{"href":"http:\/\/web.vu.lt\/flf\/p.lavrinec\/wp-json\/wp\/v2\/media?parent=180"}],"curies":[{"name":"wp","href":"https:\/\/api.w.org\/{rel}","templated":true}]}}