{"id":106,"date":"2011-10-13T17:35:31","date_gmt":"2011-10-13T14:35:31","guid":{"rendered":"http:\/\/web.vu.lt\/flf\/p.lavrinec\/?page_id=106"},"modified":"2026-01-14T10:50:38","modified_gmt":"2026-01-14T08:50:38","slug":"apie-mane","status":"publish","type":"page","link":"http:\/\/web.vu.lt\/flf\/p.lavrinec\/apie-mane\/","title":{"rendered":"Apie mane \u25cf \u041e\u0431\u043e \u043c\u043d\u0435"},"content":{"rendered":"<p><a href=\"https:\/\/web.vu.lt\/flf\/p.lavrinec\/apie-mane\/laida2\/\" rel=\"attachment wp-att-1194\"><img loading=\"lazy\" class=\"alignnone wp-image-1194 size-medium\" src=\"http:\/\/web.vu.lt\/flf\/p.lavrinec\/files\/2026\/01\/laida2-300x158.jpg\" alt=\"\" width=\"300\" height=\"158\" srcset=\"http:\/\/web.vu.lt\/flf\/p.lavrinec\/files\/2026\/01\/laida2-300x158.jpg 300w, http:\/\/web.vu.lt\/flf\/p.lavrinec\/files\/2026\/01\/laida2-1024x538.jpg 1024w, http:\/\/web.vu.lt\/flf\/p.lavrinec\/files\/2026\/01\/laida2-768x404.jpg 768w, http:\/\/web.vu.lt\/flf\/p.lavrinec\/files\/2026\/01\/laida2-1536x808.jpg 1536w, http:\/\/web.vu.lt\/flf\/p.lavrinec\/files\/2026\/01\/laida2.jpg 1919w\" sizes=\"(max-width: 300px) 100vw, 300px\" \/><\/a><a href=\"https:\/\/web.vu.lt\/flf\/p.lavrinec\/apie-mane\/laida\/\" rel=\"attachment wp-att-1193\"><img loading=\"lazy\" class=\"alignnone wp-image-1193\" src=\"http:\/\/web.vu.lt\/flf\/p.lavrinec\/files\/2026\/01\/laida-207x300.jpg\" alt=\"\" width=\"109\" height=\"158\" srcset=\"http:\/\/web.vu.lt\/flf\/p.lavrinec\/files\/2026\/01\/laida-207x300.jpg 207w, http:\/\/web.vu.lt\/flf\/p.lavrinec\/files\/2026\/01\/laida.jpg 473w\" sizes=\"(max-width: 109px) 100vw, 109px\" \/><\/a><a href=\"https:\/\/www.lrt.lt\/radioteka\/irasas\/2000577152\/iubilei-izvestnogo-uchionogo-zaveduiushchego-kafedroi-slavistiki-vu-pavla-lavrintsa\">\u042e\u0431\u0438\u043b\u0435\u0439 \u0438\u0437\u0432\u0435\u0441\u0442\u043d\u043e\u0433\u043e \u0443\u0447\u0451\u043d\u043e\u0433\u043e, \u0437\u0430\u0432\u0435\u0434\u0443\u044e\u0449\u0435\u0433\u043e \u043a\u0430\u0444\u0435\u0434\u0440\u043e\u0439 \u0421\u043b\u0430\u0432\u0438\u0441\u0442\u0438\u043a\u0438 \u0412\u0423 \u041f\u0430\u0432\u043b\u0430 \u041b\u0430\u0432\u0440\u0438\u043d\u0446\u0430<\/a>. LRT. Laidos tautin\u0117ms bendrijoms 2025-12-05 16:05.<\/p>\n<p><a href=\"http:\/\/web.vu.lt\/flf\/p.lavrinec\/files\/2024\/12\/koroli.jpg\"><img loading=\"lazy\" class=\"alignnone size-medium wp-image-1167 alignleft\" src=\"http:\/\/web.vu.lt\/flf\/p.lavrinec\/files\/2024\/12\/koroli-300x203.jpg\" alt=\"\" width=\"300\" height=\"203\" srcset=\"http:\/\/web.vu.lt\/flf\/p.lavrinec\/files\/2024\/12\/koroli-300x203.jpg 300w, http:\/\/web.vu.lt\/flf\/p.lavrinec\/files\/2024\/12\/koroli-1024x693.jpg 1024w, http:\/\/web.vu.lt\/flf\/p.lavrinec\/files\/2024\/12\/koroli-768x520.jpg 768w, http:\/\/web.vu.lt\/flf\/p.lavrinec\/files\/2024\/12\/koroli.jpg 1466w\" sizes=\"(max-width: 300px) 100vw, 300px\" \/><\/a><a href=\"https:\/\/www.svoboda.org\/a\/koroli-uchenye-poety-viljnyusskiy-universitet-ot-stefana-batoriya-do-cheslava-milosha\/33230306.html\">\u0418\u0432\u0430\u043d \u0422\u043e\u043b\u0441\u0442\u043e\u0439. \u041a\u043e\u0440\u043e\u043b\u0438, \u0443\u0447\u0435\u043d\u044b\u0435, \u043f\u043e\u044d\u0442\u044b: \u0412\u0438\u043b\u044c\u043d\u044e\u0441\u0441\u043a\u0438\u0439 \u0443\u043d\u0438\u0432\u0435\u0440\u0441\u0438\u0442\u0435\u0442 \u043e\u0442 \u0421\u0442\u0435\u0444\u0430\u043d\u0430 \u0411\u0430\u0442\u043e\u0440\u0438\u044f \u0434\u043e \u0427\u0435\u0441\u043b\u0430\u0432\u0430 \u041c\u0438\u043b\u043e\u0448\u0430<\/a>. \u0420\u0430\u0434\u0438\u043e \u0421\u0432\u043e\u0431\u043e\u0434\u0430. 2024.12.08.<\/p>\n<p>\u041f\u0430\u0432\u0435\u043b \u041c\u0438\u0445\u0430\u0439\u043b\u043e\u0432\u0438\u0447, \u0412\u0438\u043b\u044c\u043d\u044e\u0441\u0441\u043a\u0438\u0439 \u0443\u043d\u0438\u0432\u0435\u0440\u0441\u0438\u0442\u0435\u0442 \u0440\u0430\u0441\u043f\u043e\u043b\u043e\u0436\u0435\u043d \u043c\u0435\u0436\u0434\u0443 \u0434\u0432\u0443\u043c\u044f \u043c\u0438\u0440\u0430\u043c\u0438 \u2013 \u0432\u043e\u0441\u0442\u043e\u0447\u043d\u043e\u0441\u043b\u0430\u0432\u044f\u043d\u0441\u043a\u0438\u043c \u0438 \u0437\u0430\u043f\u0430\u0434\u043d\u044b\u043c. \u0427\u0442\u043e \u0432\u043e\u0431\u0440\u0430\u043b \u043e\u043d \u0441 \u043e\u0434\u043d\u043e\u0439 \u0438 \u0441 \u0434\u0440\u0443\u0433\u043e\u0439 \u0441\u0442\u043e\u0440\u043e\u043d\u044b \u0437\u0430 \u0434\u043e\u043b\u0433\u0443\u044e \u0438\u0441\u0442\u043e\u0440\u0438\u044e \u0441\u0432\u043e\u0435\u0433\u043e \u0441\u0443\u0449\u0435\u0441\u0442\u0432\u043e\u0432\u0430\u043d\u0438\u044f? \u041a\u0430\u043a\u0438\u0435 \u0441\u043c\u044b\u0441\u043b\u044b, \u0442\u0440\u0430\u0434\u0438\u0446\u0438\u0438, \u043a\u0430\u043a\u0443\u044e \u0443\u0447\u0435\u043d\u043e\u0441\u0442\u044c, \u043a\u0430\u043a\u0438\u0435 \u043b\u0435\u0433\u0435\u043d\u0434\u044b \u0445\u0440\u0430\u043d\u044f\u0442 \u0435\u0433\u043e \u0441\u0442\u0435\u043d\u044b? \u041c\u044b, \u043a\u043e\u043d\u0435\u0447\u043d\u043e, \u043d\u0435 \u0431\u0443\u0434\u0435\u043c \u0437\u0430\u0431\u044b\u0432\u0430\u0442\u044c \u0438 \u043e \u043a\u0440\u0430\u0441\u043e\u0442\u0435 \u0433\u043e\u0440\u043e\u0434\u0430, \u043e \u0435\u0433\u043e \u043f\u0430\u043c\u044f\u0442\u043d\u0438\u043a\u0430\u0445 \u0438 \u043a\u043e\u0441\u0442\u0435\u043b\u0430\u0445, \u043d\u043e \u043f\u0440\u0435\u0436\u0434\u0435 \u0432\u0441\u0435\u0433\u043e \u043c\u044b \u0433\u043e\u0432\u043e\u0440\u0438\u043c \u043e \u0412\u0438\u043b\u044c\u043d\u044e\u0441\u0441\u043a\u043e\u043c \u0443\u043d\u0438\u0432\u0435\u0440\u0441\u0438\u0442\u0435\u0442\u0435 \u0438 \u0435\u0433\u043e \u043f\u0440\u043e\u0433\u0440\u0430\u043c\u043c\u0435. \u041f\u043e\u0437\u043d\u0430\u043a\u043e\u043c\u044c\u0442\u0435, \u043f\u043e\u0436\u0430\u043b\u0443\u0439\u0441\u0442\u0430, \u043d\u0430\u0448\u0438\u0445 \u0441\u043b\u0443\u0448\u0430\u0442\u0435\u043b\u0435\u0439 \u0441 \u0442\u0435\u043c, \u0447\u0442\u043e \u0442\u0430\u043a\u043e\u0435 \u0432\u0430\u0448\u0430 \u0430\u043b\u044c\u043c\u0430-\u043c\u0430\u0442\u0435\u0440.<\/p>\n<p><em>\u041f\u0430\u0432\u0435\u043b \u041b\u0430\u0432\u0440\u0438\u043d\u0435\u0446: \u0413\u043e\u0432\u043e\u0440\u0438\u0442\u044c \u043e \u0412\u0438\u043b\u044c\u043d\u044e\u0441\u0441\u043a\u043e\u043c \u0443\u043d\u0438\u0432\u0435\u0440\u0441\u0438\u0442\u0435\u0442\u0435 \u043d\u0435 \u043f\u043e\u043b\u0443\u0447\u0438\u0442\u0441\u044f, \u0435\u0441\u043b\u0438 \u043d\u0435 \u0441\u043a\u0430\u0437\u0430\u0442\u044c \u043d\u0435\u0441\u043a\u043e\u043b\u044c\u043a\u043e \u0441\u043b\u043e\u0432 \u043e \u0441\u0430\u043c\u043e\u043c \u0412\u0438\u043b\u044c\u043d\u044e\u0441\u0435. \u0412\u0438\u043b\u044c\u043d\u044e\u0441 \u0432\u043e\u0437\u043d\u0438\u043a \u0438 \u0432\u044b\u0440\u043e\u0441 \u0432 \u043b\u0438\u0442\u043e\u0432\u0441\u043a\u043e-\u0441\u043b\u0430\u0432\u044f\u043d\u0441\u043a\u043e\u043c \u043a\u043e\u043d\u0444\u0435\u0441\u0441\u0438\u043e\u043d\u0430\u043b\u044c\u043d\u043e\u043c \u0438 \u043a\u0443\u043b\u044c\u0442\u0443\u0440\u043d\u043e\u043c \u043f\u043e\u0433\u0440\u0430\u043d\u0438\u0447\u044c\u0435 \u0438 \u0441\u0442\u0430\u043b \u043f\u043e\u0433\u0440\u0430\u043d\u0438\u0447\u044c\u0435\u043c \u043a\u0443\u043b\u044c\u0442\u0443\u0440, \u043a\u043e\u043d\u0444\u0435\u0441\u0441\u0438\u0439, \u0440\u0430\u0437\u043b\u0438\u0447\u043d\u044b\u0445 \u0432\u043b\u0438\u044f\u043d\u0438\u0439 \u0441 \u0412\u043e\u0441\u0442\u043e\u043a\u0430, \u0441 \u042e\u0433\u0430, \u0441 \u0417\u0430\u043f\u0430\u0434\u0430.<\/em><\/p>\n<p><strong><span style=\"color: #800000\">\u0427\u0442\u043e \u0437\u043d\u0430\u0435\u043c \u043c\u044b \u043e \u0441\u0435\u0431\u0435?<\/span><\/strong><\/p>\n<p><a href=\"http:\/\/web.vu.lt\/flf\/p.lavrinec\/files\/2013\/09\/poetas.jpg\"><img loading=\"lazy\" class=\"alignnone size-medium wp-image-607\" src=\"http:\/\/web.vu.lt\/flf\/p.lavrinec\/files\/2013\/09\/poetas-300x180.jpg\" alt=\"Pavelas Lavrinecas poetas\" width=\"300\" height=\"180\" srcset=\"http:\/\/web.vu.lt\/flf\/p.lavrinec\/files\/2013\/09\/poetas-300x180.jpg 300w, http:\/\/web.vu.lt\/flf\/p.lavrinec\/files\/2013\/09\/poetas-1024x615.jpg 1024w, http:\/\/web.vu.lt\/flf\/p.lavrinec\/files\/2013\/09\/poetas.jpg 1483w\" sizes=\"(max-width: 300px) 100vw, 300px\" \/><\/a><\/p>\n<p><a href=\"http:\/\/vaizdai.libis.lt\/rodyti\/asmenys\/kortele?id=196881\" target=\"_blank\" rel=\"noopener\">Lietuvos nacionalin\u0117s Martyno Ma\u017evydo bibliotekos korteli\u0173 vaizd\u0173 katalogas<\/a><\/p>\n<hr \/>\n<p>\u0412\u0438\u043b\u044c\u043d\u044e\u0441::\u0413\u0435\u0442\u0435\u0440\u043e\u0442\u043e\u043f\u0438\u0438. 19\u201321 \u0441\u0435\u043d\u0442\u044f\u0431\u0440\u044f 2013 \u0433\u043e\u0434\u0430<br \/>\n<a href=\"http:\/\/web.vu.lt\/flf\/p.lavrinec\/files\/2013\/09\/vh692.jpg\"><img loading=\"lazy\" class=\"alignleft  wp-image-558\" src=\"http:\/\/web.vu.lt\/flf\/p.lavrinec\/files\/2013\/09\/vh692-300x236.jpg\" alt=\"\u0421\u043a\u0430\u0437\u043e\u0447\u043d\u044b\u0439 \u0412\u0438\u043b\u044c\u043d\u044e\u0441\" width=\"210\" height=\"165\" srcset=\"http:\/\/web.vu.lt\/flf\/p.lavrinec\/files\/2013\/09\/vh692-300x236.jpg 300w, http:\/\/web.vu.lt\/flf\/p.lavrinec\/files\/2013\/09\/vh692-1024x806.jpg 1024w\" sizes=\"(max-width: 210px) 100vw, 210px\" \/><\/a>\u00a0<a href=\"http:\/\/web.vu.lt\/flf\/p.lavrinec\/files\/2013\/09\/vh00681.jpg\"><img loading=\"lazy\" class=\"alignleft  wp-image-557\" src=\"http:\/\/web.vu.lt\/flf\/p.lavrinec\/files\/2013\/09\/vh00681-300x246.jpg\" alt=\"\u041c\u0430\u0440\u043a\u043e \u041c\u0430\u0440\u0443\u043b\u0438\u0447\" width=\"210\" height=\"172\" srcset=\"http:\/\/web.vu.lt\/flf\/p.lavrinec\/files\/2013\/09\/vh00681-300x246.jpg 300w, http:\/\/web.vu.lt\/flf\/p.lavrinec\/files\/2013\/09\/vh00681-1024x841.jpg 1024w, http:\/\/web.vu.lt\/flf\/p.lavrinec\/files\/2013\/09\/vh00681.jpg 1811w\" sizes=\"(max-width: 210px) 100vw, 210px\" \/><\/a> <a href=\"http:\/\/web.vu.lt\/flf\/p.lavrinec\/files\/2013\/09\/vh00694.jpg\"><img loading=\"lazy\" class=\"alignleft  wp-image-556\" src=\"http:\/\/web.vu.lt\/flf\/p.lavrinec\/files\/2013\/09\/vh00694-300x212.jpg\" alt=\"\u0414\u043e\u043a\u043b\u0430\u0434 \u043d\u0430 \u043a\u043e\u043d\u0444\u0435\u0440\u0435\u043d\u0446\u0438\u0438\" width=\"210\" height=\"148\" srcset=\"http:\/\/web.vu.lt\/flf\/p.lavrinec\/files\/2013\/09\/vh00694-300x212.jpg 300w, http:\/\/web.vu.lt\/flf\/p.lavrinec\/files\/2013\/09\/vh00694-1024x723.jpg 1024w\" sizes=\"(max-width: 210px) 100vw, 210px\" \/><\/a><\/p>\n<p>\u0424\u043e\u0442\u043e\u0433\u0440\u0430\u0444\u0438\u0438 <a href=\"http:\/\/jelkon.jimdo.com\/\" target=\"_blank\" rel=\"noopener\">\u0415\u043b\u0435\u043d\u044b \u041a\u043e\u043d\u0438\u0446\u043a\u043e\u0439<\/a><\/p>\n<hr \/>\n<p><!-- Facebook Badge START --><a title=\"Pavel Lavrinec\" href=\"https:\/\/www.facebook.com\/pavel.lavrinec\" target=\"_TOP\" rel=\"noopener\">Pavel Lavrinec<\/a><br \/>\n<a title=\"Pavel Lavrinec\" href=\"https:\/\/www.facebook.com\/pavel.lavrinec\" target=\"_TOP\" rel=\"noopener\"><img style=\"border: 0px\" src=\"https:\/\/badge.facebook.com\/badge\/100000293779094.382.1706039827.png\" alt=\"\" \/><\/a><br \/>\n<!-- Facebook Badge END --><\/p>\n","protected":false},"excerpt":{"rendered":"<p>\u042e\u0431\u0438\u043b\u0435\u0439 \u0438\u0437\u0432\u0435\u0441\u0442\u043d\u043e\u0433\u043e \u0443\u0447\u0451\u043d\u043e\u0433\u043e, \u0437\u0430\u0432\u0435\u0434\u0443\u044e\u0449\u0435\u0433\u043e \u043a\u0430\u0444\u0435\u0434\u0440\u043e\u0439 \u0421\u043b\u0430\u0432\u0438\u0441\u0442\u0438\u043a\u0438 \u0412\u0423 \u041f\u0430\u0432\u043b\u0430 \u041b\u0430\u0432\u0440\u0438\u043d\u0446\u0430. LRT. Laidos tautin\u0117ms bendrijoms 2025-12-05 16:05. \u0418\u0432\u0430\u043d \u0422\u043e\u043b\u0441\u0442\u043e\u0439. \u041a\u043e\u0440\u043e\u043b\u0438, \u0443\u0447\u0435\u043d\u044b\u0435, \u043f\u043e\u044d\u0442\u044b: \u0412\u0438\u043b\u044c\u043d\u044e\u0441\u0441\u043a\u0438\u0439 \u0443\u043d\u0438\u0432\u0435\u0440\u0441\u0438\u0442\u0435\u0442 \u043e\u0442 \u0421\u0442\u0435\u0444\u0430\u043d\u0430 \u0411\u0430\u0442\u043e\u0440\u0438\u044f \u0434\u043e \u0427\u0435\u0441\u043b\u0430\u0432\u0430 \u041c\u0438\u043b\u043e\u0448\u0430. \u0420\u0430\u0434\u0438\u043e \u0421\u0432\u043e\u0431\u043e\u0434\u0430. 2024.12.08. \u041f\u0430\u0432\u0435\u043b \u041c\u0438\u0445\u0430\u0439\u043b\u043e\u0432\u0438\u0447, \u0412\u0438\u043b\u044c\u043d\u044e\u0441\u0441\u043a\u0438\u0439 \u0443\u043d\u0438\u0432\u0435\u0440\u0441\u0438\u0442\u0435\u0442 \u0440\u0430\u0441\u043f\u043e\u043b\u043e\u0436\u0435\u043d \u043c\u0435\u0436\u0434\u0443 \u0434\u0432\u0443\u043c\u044f \u043c\u0438\u0440\u0430\u043c\u0438 \u2013 \u0432\u043e\u0441\u0442\u043e\u0447\u043d\u043e\u0441\u043b\u0430\u0432\u044f\u043d\u0441\u043a\u0438\u043c \u0438 \u0437\u0430\u043f\u0430\u0434\u043d\u044b\u043c. \u0427\u0442\u043e \u0432\u043e\u0431\u0440\u0430\u043b \u043e\u043d \u0441 \u043e\u0434\u043d\u043e\u0439 \u0438 \u0441 \u0434\u0440\u0443\u0433\u043e\u0439 \u0441\u0442\u043e\u0440\u043e\u043d\u044b \u0437\u0430 \u0434\u043e\u043b\u0433\u0443\u044e \u0438\u0441\u0442\u043e\u0440\u0438\u044e [&hellip;]<\/p>\n","protected":false},"author":25,"featured_media":0,"parent":0,"menu_order":2,"comment_status":"open","ping_status":"open","template":"","meta":[],"_links":{"self":[{"href":"http:\/\/web.vu.lt\/flf\/p.lavrinec\/wp-json\/wp\/v2\/pages\/106"}],"collection":[{"href":"http:\/\/web.vu.lt\/flf\/p.lavrinec\/wp-json\/wp\/v2\/pages"}],"about":[{"href":"http:\/\/web.vu.lt\/flf\/p.lavrinec\/wp-json\/wp\/v2\/types\/page"}],"author":[{"embeddable":true,"href":"http:\/\/web.vu.lt\/flf\/p.lavrinec\/wp-json\/wp\/v2\/users\/25"}],"replies":[{"embeddable":true,"href":"http:\/\/web.vu.lt\/flf\/p.lavrinec\/wp-json\/wp\/v2\/comments?post=106"}],"version-history":[{"count":19,"href":"http:\/\/web.vu.lt\/flf\/p.lavrinec\/wp-json\/wp\/v2\/pages\/106\/revisions"}],"predecessor-version":[{"id":1196,"href":"http:\/\/web.vu.lt\/flf\/p.lavrinec\/wp-json\/wp\/v2\/pages\/106\/revisions\/1196"}],"wp:attachment":[{"href":"http:\/\/web.vu.lt\/flf\/p.lavrinec\/wp-json\/wp\/v2\/media?parent=106"}],"curies":[{"name":"wp","href":"https:\/\/api.w.org\/{rel}","templated":true}]}}