{"id":1037,"date":"2020-01-17T12:31:29","date_gmt":"2020-01-17T10:31:29","guid":{"rendered":"http:\/\/web.vu.lt\/flf\/p.lavrinec\/?page_id=1037"},"modified":"2020-01-18T15:28:37","modified_gmt":"2020-01-18T13:28:37","slug":"%d0%bc%d0%b5%d0%bc%d1%83%d0%b0%d1%80-%d0%b2-%d0%bf%d1%83%d0%b1%d0%bb%d0%b8%d1%86%d0%b8%d1%81%d1%82%d0%b8%d0%ba%d0%b5-%d0%b4-%d0%b2-%d1%84%d0%b8%d0%bb%d0%be%d1%81%d0%be%d1%84%d0%be%d0%b2%d0%b0-1920","status":"publish","type":"page","link":"http:\/\/web.vu.lt\/flf\/p.lavrinec\/mokslas\/publikacijos\/%d0%bc%d0%b5%d0%bc%d1%83%d0%b0%d1%80-%d0%b2-%d0%bf%d1%83%d0%b1%d0%bb%d0%b8%d1%86%d0%b8%d1%81%d1%82%d0%b8%d0%ba%d0%b5-%d0%b4-%d0%b2-%d1%84%d0%b8%d0%bb%d0%be%d1%81%d0%be%d1%84%d0%be%d0%b2%d0%b0-1920\/","title":{"rendered":"\u041c\u0435\u043c\u0443\u0430\u0440 \u0432 \u043f\u0443\u0431\u043b\u0438\u0446\u0438\u0441\u0442\u0438\u043a\u0435 \u0414. \u0412. \u0424\u0438\u043b\u043e\u0441\u043e\u0444\u043e\u0432\u0430 1920\u20131930-\u0445 \u0433\u043e\u0434\u043e\u0432"},"content":{"rendered":"<h2 style=\"text-align: center\"><a href=\"http:\/\/web.vu.lt\/flf\/p.lavrinec\/files\/2020\/01\/Pavel-Lavrinec-Memuar-v-publicistike-Filosofova-Tallinn-2009.pdf\">\u041c\u0435\u043c\u0443\u0430\u0440 \u0432 \u043f\u0443\u0431\u043b\u0438\u0446\u0438\u0441\u0442\u0438\u043a\u0435 \u0414. \u0412. \u0424\u0438\u043b\u043e\u0441\u043e\u0444\u043e\u0432\u0430 1920\u20131930-\u0445 \u0433\u043e\u0434\u043e\u0432<\/a><\/h2>\n<p class=\"page-title\">\u041c\u0435\u043c\u0443\u0430\u0440 \u0432 \u043f\u0443\u0431\u043b\u0438\u0446\u0438\u0441\u0442\u0438\u043a\u0435 \u0414. \u0412. \u0424\u0438\u043b\u043e\u0441\u043e\u0444\u043e\u0432\u0430 1920\u20131930-\u0445 \u0433\u043e\u0434\u043e\u0432.\u00a0In <em>\u041a\u0443\u043b\u044c\u0442\u0443\u0440\u0430 \u0440\u0443\u0441\u0441\u043a\u043e\u0439 \u0434\u0438\u0430\u0441\u043f\u043e\u0440\u044b. \u042d\u043c\u0438\u0433\u0440\u0430\u0446\u0438\u044f \u0438 \u043c\u0435\u043c\u0443\u0430\u0440\u044b. \u0421\u0431\u043e\u0440\u043d\u0438\u043a \u0441\u0442\u0430\u0442\u0435\u0439<\/em>. \u041e\u0442\u0432\u0435\u0442\u0441\u0442\u0432\u0435\u043d\u043d\u044b\u0439 \u0440\u0435\u0434\u0430\u043a\u0442\u043e\u0440 \u0438 \u0441\u043e\u0441\u0442\u0430\u0432\u0438\u0442\u0435\u043b\u044c \u0421\u0435\u0440\u0433\u0435\u0439 \u0414\u043e\u0446\u0435\u043d\u043a\u043e. \u0422\u0430\u043b\u043b\u0438\u043d\u043d: \u0422\u0430\u043b\u043b\u0438\u043d\u043d\u0441\u043a\u0438\u0439 \u0443\u043d\u0438\u0432\u0435\u0440\u0441\u0438\u0442\u0435\u0442, 2009. ISBN 978-9985-58-649-5. ISSN-L 1736-8618. C. 62\u201378.<\/p>\n<h3 style=\"text-align: center\">Summary<\/h3>\n<p style=\"text-align: justify\">The article analyzes the memoirs essays and memoir digressions in the articles on various topics by Dmitry Filosofov (1872\u20131940) in the Russian newspapers published in Poland \u201cSvoboda\u201d (\u201cFreedom\u201d, 1920\u20131921), \u201cZa Svobodu!\u201d (1921\u20131932), \u201cMolva\u201d (\u201cPeople\u2019s Talk\u201d, 1932\u20131934), \u201cMyech\u201d (\u201cSword\u201d, 1934\u20131936). In memoirs and narratives included in the journalistic texts, literary critic, newspaper editor and political activist drew arguments in formulating of their own program for the \u00e9migr\u00e9 activism. In addition, memories and memoir components of heterogeneous texts by Filosofov constructed his position in the literary and political hierarchy. Reminders of the time and place of his entry into literature actualized it belongs to the older generation with the high positions. The prestige markers legitimizes his claims to the role of the leader of public opinion and the judge in the literary and political struggles.<\/p>\n<h3 style=\"text-align: center\">\u0420\u0435\u0437\u044e\u043c\u0435<\/h3>\n<p style=\"text-align: justify\">\u0412 \u0441\u0442\u0430\u0442\u044c\u0435 \u0430\u043d\u0430\u043b\u0438\u0437\u0438\u0440\u0443\u044e\u0442\u0441\u044f \u043c\u0435\u043c\u0443\u0430\u0440\u043d\u044b\u0435 \u043e\u0447\u0435\u0440\u043a\u0438 \u0438 \u043c\u0435\u043c\u0443\u0430\u0440\u043d\u044b\u0435 \u043e\u0442\u0441\u0442\u0443\u043f\u043b\u0435\u043d\u0438\u044f \u0432 \u043d\u0435\u043a\u0440\u043e\u043b\u043e\u0433\u0430\u0445, \u043e\u0442\u043a\u043b\u0438\u043a\u0430\u0445 \u043d\u0430 \u043a\u043d\u0438\u0433\u0438, \u0441\u0442\u0430\u0442\u044c\u044f\u0445 \u043f\u043e \u0440\u0430\u0437\u043b\u0438\u0447\u043d\u044b\u043c \u043f\u043e\u0432\u043e\u0434\u0430\u043c \u0414\u043c\u0438\u0442\u0440\u0438\u044f \u0424\u0438\u043b\u043e\u0441\u043e\u0444\u043e\u0432\u0430 \u0432 \u0440\u0443\u0441\u0441\u043a\u0438\u0445 \u0433\u0430\u0437\u0435\u0442\u0430\u0445, \u0432\u044b\u0445\u043e\u0434\u0438\u0432\u0448\u0438\u0445 \u0432 \u041f\u043e\u043b\u044c\u0448\u0435 <a href=\"http:\/\/www.emigrantica.ru\/item\/svoboda-za-rodinu-i-svobodu-varshava-1920-1921\">\u00ab\u0421\u0432\u043e\u0431\u043e\u0434\u0430\u00bb (1920\u20131921)<\/a>, <a href=\"http:\/\/www.emigrantica.ru\/item\/za-svobodu-varshava-19201932\">\u00ab\u0417\u0430 \u0421\u0432\u043e\u0431\u043e\u0434\u0443!\u00bb (1921\u20131932)<\/a>, <a href=\"http:\/\/www.emigrantica.ru\/item\/molva-varshava-19321934\">\u00ab\u041c\u043e\u043b\u0432\u0430\u00bb (1932\u20131934)<\/a>, <a href=\"http:\/\/www.emigrantica.ru\/item\/mech-varshava-19341939\">\u00ab\u041c\u0435\u0447\u00bb (1934\u20131936)<\/a>. \u0412 \u0430\u0432\u0442\u043e\u0434\u043e\u043a\u0443\u043c\u0435\u043d\u0442\u0430\u043b\u044c\u043d\u044b\u0445 \u043d\u0430\u0440\u0440\u0430\u0442\u0438\u0432\u0430\u0445, \u0432\u043a\u043b\u044e\u0447\u0435\u043d\u043d\u044b\u0445 \u0432 \u043f\u0443\u0431\u043b\u0438\u0446\u0438\u0441\u0442\u0438\u0447\u0435\u0441\u043a\u0438\u0435 \u0442\u0435\u043a\u0441\u0442\u044b \u043d\u0430 \u0440\u0430\u0437\u043d\u044b\u0435 \u0442\u0435\u043c\u044b, \u0424\u0438\u043b\u043e\u0441\u043e\u0444\u043e\u0432 \u0447\u0435\u0440\u043f\u0430\u043b \u0430\u0440\u0433\u0443\u043c\u0435\u043d\u0442\u044b \u0441\u043e\u0431\u0441\u0442\u0432\u0435\u043d\u043d\u043e\u0439 \u043f\u0440\u043e\u0433\u0440\u0430\u043c\u043c\u044b \u044d\u043c\u0438\u0433\u0440\u0430\u043d\u0442\u0441\u043a\u043e\u0433\u043e \u0430\u043a\u0442\u0438\u0432\u0438\u0437\u043c\u0430. \u0412\u043e\u0441\u043f\u043e\u043c\u0438\u043d\u0430\u043d\u0438\u044f \u0438 \u043c\u0435\u043c\u0443\u0430\u0440\u043d\u044b\u0435 \u043a\u043e\u043c\u043f\u043e\u043d\u0435\u043d\u0442\u044b \u0440\u0430\u0437\u043d\u043e\u0440\u043e\u0434\u043d\u044b\u0445 \u0442\u0435\u043a\u0441\u0442\u043e\u0432 \u0424\u0438\u043b\u043e\u0441\u043e\u0444\u043e\u0432\u0430 \u043a\u043e\u043d\u0441\u0442\u0440\u0443\u0438\u0440\u043e\u0432\u0430\u043b\u0438 \u0435\u0433\u043e \u043f\u043e\u0437\u0438\u0446\u0438\u044e \u0432 \u043b\u0438\u0442\u0435\u0440\u0430\u0442\u0443\u0440\u043d\u043e\u0439 \u0438 \u043f\u043e\u043b\u0438\u0442\u0438\u0447\u0435\u0441\u043a\u043e\u0439 \u0438\u0435\u0440\u0430\u0440\u0445\u0438\u0438. \u041d\u0430\u043f\u043e\u043c\u0438\u043d\u0430\u043d\u0438\u044f \u043e \u0432\u0440\u0435\u043c\u0435\u043d\u0438 \u0438 \u043c\u0435\u0441\u0442\u0435 \u0441\u0432\u043e\u0435\u0433\u043e \u0432\u0441\u0442\u0443\u043f\u043b\u0435\u043d\u0438\u044f \u0432 \u043b\u0438\u0442\u0435\u0440\u0430\u0442\u0443\u0440\u0443 \u0430\u043a\u0442\u0443\u0430\u043b\u0438\u0437\u0438\u0440\u043e\u0432\u0430\u043b\u0438 \u0435\u0433\u043e \u043f\u0440\u0438\u043d\u0430\u0434\u043b\u0435\u0436\u043d\u043e\u0441\u0442\u044c \u043a \u0431\u044b\u0432\u0448\u0435\u0439 \u0441\u0442\u043e\u043b\u0438\u0447\u043d\u043e\u0439 \u043a\u0443\u043b\u044c\u0442\u0443\u0440\u043d\u043e\u0439 \u044d\u043b\u0438\u0442\u0435 \u0438 \u0441\u0442\u0430\u0440\u0448\u0435\u043c\u0443 \u043f\u043e\u043a\u043e\u043b\u0435\u043d\u0438\u044e \u0440\u0443\u0441\u0441\u043a\u043e\u0439 \u044d\u043c\u0438\u0433\u0440\u0430\u0446\u0438\u0438, \u043f\u0440\u0435\u0442\u0435\u043d\u0434\u0443\u044e\u0449\u0435\u0439 \u043d\u0430 \u0432\u044b\u0441\u043e\u043a\u0438\u0435 \u0441\u0442\u0430\u0442\u0443\u0441\u043d\u044b\u0435 \u043f\u043e\u0437\u0438\u0446\u0438\u0438. \u041c\u0430\u0440\u043a\u0435\u0440\u044b \u043f\u0440\u0435\u0441\u0442\u0438\u0436\u043d\u043e\u0441\u0442\u0438 \u043b\u0435\u0433\u0438\u0442\u0438\u043c\u0438\u0437\u043e\u0432\u0430\u043b\u0438 \u0440\u043e\u043b\u044c \u0440\u0443\u043a\u043e\u0432\u043e\u0434\u0438\u0442\u0435\u043b\u044f \u043e\u0431\u0449\u0435\u0441\u0442\u0432\u0435\u043d\u043d\u044b\u043c \u043c\u043d\u0435\u043d\u0438\u0435\u043c \u0438 \u0441\u0443\u0434\u044c\u0438 \u0432 \u043b\u0438\u0442\u0435\u0440\u0430\u0442\u0443\u0440\u043d\u043e\u0439 \u0438 \u043f\u043e\u043b\u0438\u0442\u0438\u0447\u0435\u0441\u043a\u043e\u0439 \u0431\u043e\u0440\u044c\u0431\u0435.<\/p>\n<p>\u017dr. taip pat <a href=\"https:\/\/www.researchgate.net\/publication\/309185626_Memuar_v_publicistike_D_V_Filosofova_1920-1930-h_godov_In_Kultura_russkoj_diaspory_Emigracia_i_memuary_Sbornik_statej_Otv_red_i_sost_S_Docenko_Tallinn_Tallinnskij_universitet_2009_ISBN_978-9985-58-649\" target=\"_blank\"><em>pdf on researchgate<\/em><\/a>.<\/p>\n<h3 style=\"text-align: center\">\u0414\u0440\u0443\u0433\u0438\u0435 \u043f\u0443\u0431\u043b\u0438\u043a\u0430\u0446\u0438\u0438 \u043e \u0414\u043c\u0438\u0442\u0440\u0438\u0438 \u0424\u0438\u043b\u043e\u0441\u043e\u0444\u043e\u0432\u0435 \u2666 Kitos publikacijos apie Dmitrij\u0173 Filosofov\u0105<\/h3>\n<p style=\"text-align: justify\">\u2666 <a href=\"https:\/\/www.academia.edu\/37684853\/\u0414._\u0421._\u041c\u0435\u0440\u0435\u0436\u043a\u043e\u0432\u0441\u043a\u0438\u0439_\u0417._\u041d._\u0413\u0438\u043f\u043f\u0438\u0443\u0441_\u0414._\u0412._\u0424\u0438\u043b\u043e\u0441\u043e\u0444\u043e\u0432_\u0412._\u0410._\u0417\u043b\u043e\u0431\u0438\u043d_\u0432_\u0412\u0438\u043b\u044c\u043d\u044e\u0441\u0435_\u0432_1920_\u0433\u043e\u0434\u0443\" target=\"_blank\">\u0414. \u0421. \u041c\u0435\u0440\u0435\u0436\u043a\u043e\u0432\u0441\u043a\u0438\u0439, \u0417. \u041d. \u0413\u0438\u043f\u043f\u0438\u0443\u0441, \u0414. \u0412. \u0424\u0438\u043b\u043e\u0441\u043e\u0444\u043e\u0432, \u0412. \u0410. \u0417\u043b\u043e\u0431\u0438\u043d \u0432 \u0412\u0438\u043b\u044c\u043d\u044e\u0441\u0435 \u0432 1920 \u0433\u043e\u0434\u0443<\/a>. <em>\u0411\u0430\u043b\u0442\u0438\u0439\u0441\u043a\u0438\u0439 \u0430\u0440\u0445\u0438\u0432. \u0420\u0443\u0441\u0441\u043a\u0430\u044f \u043a\u0443\u043b\u044c\u0442\u0443\u0440\u0430 \u0432 \u041f\u0440\u0438\u0431\u0430\u043b\u0442\u0438\u043a\u0435<\/em>, \u0442. IV. \u0421\u043e\u0441\u0442. \u042e. \u0410\u0431\u044b\u0437\u043e\u0432, \u0440\u0435\u0434. \u043a\u043e\u043b. \u0418. \u0411\u0435\u043b\u043e\u0431\u0440\u043e\u0432\u0446\u0435\u0432\u0430 &#8230; [et al.], \u0420\u0438\u0433\u0430: \u0414\u0430\u0443\u0433\u0430\u0432\u0430, 1999, \u0441. 206\u2013234.<br \/>\n\u2666 <a href=\"https:\/\/www.zurnalai.vu.lt\/literatura\/article\/view\/8070\/5941\" target=\"_blank\">\u041c\u043e\u0442\u0438\u0432 \u043d\u0435\u0443\u0441\u043f\u0435\u0445\u0430 \u0432 \u043f\u043e\u0437\u0434\u043d\u0435\u0439 \u043f\u0443\u0431\u043b\u0438\u0446\u0438\u0441\u0442\u0438\u043a\u0435 \u0414. \u0412. \u0424\u0438\u043b\u043e\u0441\u043e\u0444\u043e\u0432\u0430<\/a>. <em>Mokslo darbai. Literat\u016bra<\/em>, 2006, 48 (2): <em>Rusistica Vilnensis<\/em>, \u0441. 74\u201382 (\u017er. <a href=\"https:\/\/www.academia.edu\/2633366\/\u041c\u043e\u0442\u0438\u0432_\u043d\u0435\u0443\u0441\u043f\u0435\u0445\u0430_\u0432_\u043f\u043e\u0437\u0434\u043d\u0435\u0439_\u043f\u0443\u0431\u043b\u0438\u0446\u0438\u0441\u0442\u0438\u043a\u0435_\u0414._\u0412._\u0424\u0438\u043b\u043e\u0441\u043e\u0444\u043e\u0432\u0430\" target=\"_blank\">academia.edu<\/a>).<br \/>\n\u2666 <a href=\"http:\/\/www.ruthenia.ru\/document\/542353.html\" target=\"_blank\">\u041f\u043e\u043b\u044c\u0441\u043a\u0430\u044f \u0412\u0435\u043b\u0438\u043a\u0430\u044f \u044d\u043c\u0438\u0433\u0440\u0430\u0446\u0438\u044f \u0432 \u043f\u0443\u0431\u043b\u0438\u0446\u0438\u0441\u0442\u0438\u043a\u0435 \u0438 \u043a\u0440\u0438\u0442\u0438\u043a\u0435 \u0414. \u0412. \u0424\u0438\u043b\u043e\u0441\u043e\u0444\u043e\u0432\u0430 1920\u20131930-\u0445 \u0433\u0433.<\/a> <em>Studia Russica Helsingiensia et Tartuensia<\/em> X : <em>\u00ab\u0412\u0435\u043a \u043d\u044b\u043d\u0435\u0448\u043d\u0438\u0439 \u0438 \u0432\u0435\u043a \u043c\u0438\u043d\u0443\u0432\u0448\u0438\u0439\u00bb: \u043a\u0443\u043b\u044c\u0442\u0443\u0440\u043d\u0430\u044f \u0440\u0435\u0444\u043b\u0435\u043a\u0441\u0438\u044f \u043f\u0440\u043e\u0448\u0435\u0434\u0448\u0435\u0439 \u044d\u043f\u043e\u0445\u0438<\/em>, \u0447. 2. \u0420\u0435\u0434. \u041b. \u041a\u0438\u0441\u0435\u043b\u0435\u0432\u0430, \u0440\u0435\u0434. \u043a\u043e\u043b. \u0418. \u0411\u0435\u043b\u043e\u0431\u0440\u043e\u0432\u0446\u0435\u0432\u0430 &#8230; [et al.]. Tartu: Tartu \u00dclikooli Kirjastus, 2006 (Humaniora: Litterae Russica), \u0441. 376\u2013391.<br \/>\n\u2666 <a href=\"https:\/\/www.novayapolsha.pl\/pdf\/2008\/10.pdf\" target=\"_blank\">\u00ab\u0413\u0443\u043c\u0430\u043d\u0438\u0437\u043c \u0438 \u043a\u0443\u043b\u044c\u0442\u0443\u0440\u0430 \u0432 \u043d\u0430\u0448\u0435\u043c \u0441 \u0412\u0430\u043c\u0438 \u043f\u043e\u043d\u0438\u043c\u0430\u043d\u0438\u0438\u00bb. \u041f\u0438\u0441\u044c\u043c\u0430 \u0414\u043c\u0438\u0442\u0440\u0438\u044f \u0424\u0438\u043b\u043e\u0441\u043e\u0444\u043e\u0432\u0430 \u041c\u0430\u0440\u0438\u0430\u043d\u0443 \u0417\u0434\u0437\u0435\u0445\u043e\u0432\u0441\u043a\u043e\u043c\u0443<\/a>. <em>\u041d\u043e\u0432\u0430\u044f \u041f\u043e\u043b\u044c\u0448\u0430<\/em> (Warszawa), 2008, \u2116 10 (101), \u0441. 35\u201341.<br \/>\n\u2666 <a href=\"https:\/\/www.academia.edu\/2634058\/Listy_Dymitra_Fi\u0142osofowa_do_Mariana_Zdziechowskiego\" target=\"_blank\">Listy Dymitra Fi\u0142osofowa do Mariana Zdziechowskiego<\/a>. <em>Zeszyty Historyczne<\/em> (Pary\u017c), 2008, t. 544, z. 165, s. 176\u2013190.<br \/>\n\u2666 \u0414\u043c\u0438\u0442\u0440\u0438\u0439 \u0424\u0438\u043b\u043e\u0441\u043e\u0444\u043e\u0432 \u0438 \u041c\u0430\u0440\u0438\u0430\u043d \u0417\u0434\u0437\u0435\u0445\u043e\u0432\u0441\u043a\u0438\u0439. In <em>\u0421\u043b\u0430\u0432\u044f\u043d\u0441\u043a\u0438\u0435 \u0447\u0442\u0435\u043d\u0438\u044f<\/em> VI. Red. F. Fjodorovs, red. kol. I. Belobrovceva &#8230; [et al.]. Daugavpils: Daugavpils Universit\u0101tes Akad\u0113miskais apg\u0101ds \u201cSaule\u201d, 2008, \u0441. 151\u2013159.<br \/>\n\u2666 \u0414\u043c\u0438\u0442\u0440\u0438\u0439 \u0424\u0438\u043b\u043e\u0441\u043e\u0444\u043e\u0432 \u0438 \u0412\u043b\u0430\u0434\u0438\u043c\u0438\u0440 \u0421\u0430\u043c\u043e\u0439\u043b\u043e \u0432 \u043f\u043e\u043b\u0435\u043c\u0438\u043a\u0435 \u043e \u00ab\u0414\u0432\u0435\u043d\u0430\u0434\u0446\u0430\u0442\u0438\u00bb \u0410\u043b\u0435\u043a\u0441\u0430\u043d\u0434\u0440\u0430 \u0411\u043b\u043e\u043a\u0430. In <em>\u0421\u043a\u0440\u0435\u0449\u0435\u043d\u0438\u0435 \u0441\u0443\u0434\u0435\u0431. Literarische und kulturelle Beziehungen zwischen Russland und dem Westen. A Festschrift for Fedor B. Poljakov<\/em>. Ed. by Lazar Fleishman, Stefan Michael Newerkla, and Michael Wachtel. Berlin et al.: Peter Lang, 2019 (Stanford Slavic Studies. Volume 49). \u0421. 397\u2013408.<\/p>\n<p>&nbsp;<\/p>\n","protected":false},"excerpt":{"rendered":"<p>\u041c\u0435\u043c\u0443\u0430\u0440 \u0432 \u043f\u0443\u0431\u043b\u0438\u0446\u0438\u0441\u0442\u0438\u043a\u0435 \u0414. \u0412. \u0424\u0438\u043b\u043e\u0441\u043e\u0444\u043e\u0432\u0430 1920\u20131930-\u0445 \u0433\u043e\u0434\u043e\u0432 \u041c\u0435\u043c\u0443\u0430\u0440 \u0432 \u043f\u0443\u0431\u043b\u0438\u0446\u0438\u0441\u0442\u0438\u043a\u0435 \u0414. \u0412. \u0424\u0438\u043b\u043e\u0441\u043e\u0444\u043e\u0432\u0430 1920\u20131930-\u0445 \u0433\u043e\u0434\u043e\u0432.\u00a0In \u041a\u0443\u043b\u044c\u0442\u0443\u0440\u0430 \u0440\u0443\u0441\u0441\u043a\u043e\u0439 \u0434\u0438\u0430\u0441\u043f\u043e\u0440\u044b. \u042d\u043c\u0438\u0433\u0440\u0430\u0446\u0438\u044f \u0438 \u043c\u0435\u043c\u0443\u0430\u0440\u044b. \u0421\u0431\u043e\u0440\u043d\u0438\u043a \u0441\u0442\u0430\u0442\u0435\u0439. \u041e\u0442\u0432\u0435\u0442\u0441\u0442\u0432\u0435\u043d\u043d\u044b\u0439 \u0440\u0435\u0434\u0430\u043a\u0442\u043e\u0440 \u0438 \u0441\u043e\u0441\u0442\u0430\u0432\u0438\u0442\u0435\u043b\u044c \u0421\u0435\u0440\u0433\u0435\u0439 \u0414\u043e\u0446\u0435\u043d\u043a\u043e. \u0422\u0430\u043b\u043b\u0438\u043d\u043d: \u0422\u0430\u043b\u043b\u0438\u043d\u043d\u0441\u043a\u0438\u0439 \u0443\u043d\u0438\u0432\u0435\u0440\u0441\u0438\u0442\u0435\u0442, 2009. ISBN 978-9985-58-649-5. ISSN-L 1736-8618. C. 62\u201378. Summary The article analyzes the memoirs essays and memoir digressions in the articles on various [&hellip;]<\/p>\n","protected":false},"author":25,"featured_media":0,"parent":6,"menu_order":0,"comment_status":"closed","ping_status":"closed","template":"","meta":[],"_links":{"self":[{"href":"http:\/\/web.vu.lt\/flf\/p.lavrinec\/wp-json\/wp\/v2\/pages\/1037"}],"collection":[{"href":"http:\/\/web.vu.lt\/flf\/p.lavrinec\/wp-json\/wp\/v2\/pages"}],"about":[{"href":"http:\/\/web.vu.lt\/flf\/p.lavrinec\/wp-json\/wp\/v2\/types\/page"}],"author":[{"embeddable":true,"href":"http:\/\/web.vu.lt\/flf\/p.lavrinec\/wp-json\/wp\/v2\/users\/25"}],"replies":[{"embeddable":true,"href":"http:\/\/web.vu.lt\/flf\/p.lavrinec\/wp-json\/wp\/v2\/comments?post=1037"}],"version-history":[{"count":8,"href":"http:\/\/web.vu.lt\/flf\/p.lavrinec\/wp-json\/wp\/v2\/pages\/1037\/revisions"}],"predecessor-version":[{"id":1105,"href":"http:\/\/web.vu.lt\/flf\/p.lavrinec\/wp-json\/wp\/v2\/pages\/1037\/revisions\/1105"}],"up":[{"embeddable":true,"href":"http:\/\/web.vu.lt\/flf\/p.lavrinec\/wp-json\/wp\/v2\/pages\/6"}],"wp:attachment":[{"href":"http:\/\/web.vu.lt\/flf\/p.lavrinec\/wp-json\/wp\/v2\/media?parent=1037"}],"curies":[{"name":"wp","href":"https:\/\/api.w.org\/{rel}","templated":true}]}}