{"id":99,"date":"2009-09-21T19:35:55","date_gmt":"2009-09-21T16:35:55","guid":{"rendered":"http:\/\/web.vu.lt\/flf\/n.kersyte\/magistriniu-temos\/"},"modified":"2026-03-31T03:12:10","modified_gmt":"2026-03-31T00:12:10","slug":"magistriniu-temos","status":"publish","type":"page","link":"http:\/\/web.vu.lt\/flf\/n.kersyte\/magistriniu-temos\/","title":{"rendered":"Magistrini\u0173 temos"},"content":{"rendered":"<p>\u017di\u016br\u0117ti \u010dia:<\/p>\n<p><a href=\"http:\/\/web.vu.lt\/flf\/n.kersyte\/files\/2026\/03\/Magistriniu-darbu-temos-1.doc\">http:\/\/web.vu.lt\/flf\/n.kersyte\/files\/2026\/03\/Magistriniu-darbu-temos-1.doc<\/a><\/p>\n","protected":false},"excerpt":{"rendered":"<p>\u017di\u016br\u0117ti \u010dia: http:\/\/web.vu.lt\/flf\/n.kersyte\/files\/2026\/03\/Magistriniu-darbu-temos-1.doc<\/p>\n","protected":false},"author":11,"featured_media":0,"parent":0,"menu_order":0,"comment_status":"closed","ping_status":"closed","template":"","meta":[],"_links":{"self":[{"href":"http:\/\/web.vu.lt\/flf\/n.kersyte\/wp-json\/wp\/v2\/pages\/99"}],"collection":[{"href":"http:\/\/web.vu.lt\/flf\/n.kersyte\/wp-json\/wp\/v2\/pages"}],"about":[{"href":"http:\/\/web.vu.lt\/flf\/n.kersyte\/wp-json\/wp\/v2\/types\/page"}],"author":[{"embeddable":true,"href":"http:\/\/web.vu.lt\/flf\/n.kersyte\/wp-json\/wp\/v2\/users\/11"}],"replies":[{"embeddable":true,"href":"http:\/\/web.vu.lt\/flf\/n.kersyte\/wp-json\/wp\/v2\/comments?post=99"}],"version-history":[{"count":39,"href":"http:\/\/web.vu.lt\/flf\/n.kersyte\/wp-json\/wp\/v2\/pages\/99\/revisions"}],"predecessor-version":[{"id":2465,"href":"http:\/\/web.vu.lt\/flf\/n.kersyte\/wp-json\/wp\/v2\/pages\/99\/revisions\/2465"}],"wp:attachment":[{"href":"http:\/\/web.vu.lt\/flf\/n.kersyte\/wp-json\/wp\/v2\/media?parent=99"}],"curies":[{"name":"wp","href":"https:\/\/api.w.org\/{rel}","templated":true}]}}