{"id":2308,"date":"2025-09-14T16:49:05","date_gmt":"2025-09-14T13:49:05","guid":{"rendered":"https:\/\/web.vu.lt\/flf\/n.kersyte\/?page_id=2308"},"modified":"2025-11-09T21:38:09","modified_gmt":"2025-11-09T18:38:09","slug":"siuolaikine-semiotika-2025","status":"publish","type":"page","link":"http:\/\/web.vu.lt\/flf\/n.kersyte\/siuolaikine-semiotika-2025\/","title":{"rendered":"\u0160iuolaikin\u0117 semiotika 2025"},"content":{"rendered":"\n<p>Skaitinys lapkri\u010dio 11 dienai<\/p>\n<p>Jean-Maris Flochas \u201eKas j\u016bs &#8211; land\u017eiotojas ar lunatikas? Metro keleivi\u0173 elgesio tipologija\u201c<\/p>\n<p><a href=\"http:\/\/web.vu.lt\/flf\/n.kersyte\/files\/2025\/11\/Floch_Kas-jus-landziotojas-ar-lunatikas_Metro_studentams.docx\">http:\/\/web.vu.lt\/flf\/n.kersyte\/files\/2025\/11\/Floch_Kas-jus-landziotojas-ar-lunatikas_Metro_studentams.docx<\/a><\/p>\n<p>x\u00a0 \u00a0 x\u00a0 \u00a0 x<\/p>\n<p>Skaitiniai spalio 28 d. 15 val. seminarui.\u00a0<\/p>\n<p>Izabel\u0117s Skikait\u0117s info:<\/p>\n<p>Seminaro metu pabaigsime analizuoti Parulskio es\u0117 \u201eK\u016bnas\u201c ir taip pat aptarsime to paties es\u0117 rinkinio <i>Nuogi drabu\u017eiai<\/i> tekst\u0105 \u201eTu\u0161\u010diaviduris\u201c. Pasiruo\u0161kite atsakyti \u012f \u0161iuos klausimus:<br \/><br \/>1. Kokios fig\u016bros ir izotopijos susijusios su k\u016bnu?<br \/>2. Koks es\u0117 sakytojo santykis su savo k\u016bnu atsiskleid\u017eia jam kreipiantis \u012f padav\u0117j\u0105?<br \/>3. Kokios su k\u016bnu susijusios fig\u016bros ir izotopijos atsikartoja skirtingose es\u0117? Koks ry\u0161ys tarp es\u0117 veikian\u010di\u0173 k\u016bno samprat\u0173?<\/p>\n<p>Parulskio es\u0117 \u201eTu\u0161\u010diaviduris\u201c<\/p>\n<p><a href=\"http:\/\/web.vu.lt\/flf\/n.kersyte\/files\/2025\/10\/Parulskis_Nuogi-drabuziai_TUSCIAVIDURIS.docx\">http:\/\/web.vu.lt\/flf\/n.kersyte\/files\/2025\/10\/Parulskis_Nuogi-drabuziai_TUSCIAVIDURIS.docx<\/a><\/p>\n<p>Paskaitos apie Fontanille k\u016bni\u0161kum\u0105 skaidr\u0117s<\/p>\n<p><a href=\"http:\/\/web.vu.lt\/flf\/n.kersyte\/files\/2025\/10\/Fontanille-kuniskumas_2025_studentams.pptx\">http:\/\/web.vu.lt\/flf\/n.kersyte\/files\/2025\/10\/Fontanille-kuniskumas_2025_studentams.pptx<\/a><\/p>\n<p>x\u00a0 \u00a0 x\u00a0 \u00a0 x<\/p>\n<p>Spalio 21 ir 28 d. seminarams:<\/p>\n<p>Perskaityti S. Parulskio es\u0117 \u201eK\u016bnas\u201c: <a href=\"http:\/\/www.tekstai.lt\/buvo\/tekstai\/parulsk\/nuogidra.htm#kunas\">http:\/\/www.tekstai.lt\/buvo\/tekstai\/parulsk\/nuogidra.htm#kunas<\/a>\u00a0<\/p>\n<p>Klausimai:<\/p>\n<ol>\n<li>Kaip apib\u016bdinamos k\u016bno dalys? Kokios semos joms priskiriamos? Kuo jos pana\u0161ios, kuo skiriasi?<\/li>\n<li>Kaip k\u016bno dalys susijusios su kitomis fig\u016bromis? Kokios semos jas jungia? Kokias k\u016bni\u0161kumo izotopijas galima i\u0161skirti?<\/li>\n<li>Kok\u012f santyk\u012f su savo k\u016bnu atskleid\u017eia realios ir \u012fsivaizduojamos kalban\u010diojo s\u0105veikos su kitais es\u0117 veik\u0117jais?<\/li>\n<\/ol>\n<p>Papildoma literat\u016bra &#8211; J. Fontanille straipsnis \u201eJuslumo semiotika: nuo poj\u016b\u010dio iki intuicijos\u201c:<\/p>\n<p><a href=\"https:\/\/www.zurnalai.vu.lt\/Semiotika\/article\/view\/33856\">https:\/\/www.zurnalai.vu.lt\/Semiotika\/article\/view\/33856<\/a><\/p>\n<p>Taip pat perskaityti i\u0161 L. \u010cerniauskait\u0117s apsakymo \u201eKambarys jazmino kr\u016bme\u201c tokius puslapius pdf formate:\u00a0<\/p>\n<p>psl. 7-10 (nuo prad\u017ei\u0173 iki \u201eJos oda rausdavo ir degdavo, kai stov\u0117davo antro auk\u0161to aik\u0161tel\u0117je prie vaik\u0173 kambari\u0173 ir klausydavosi monotoni\u0161k\u0173 dir\u017eo kir\u010di\u0173.\u201c);\u00a0<\/p>\n<div>psl. 32-37 (nuo \u201eVienas raktas tiko.\u201c iki \u201e\u0160altas, slidus pavir\u0161ius, lyg antkapio plok\u0161t\u0117s, akimirksniu visk\u0105 sugr\u0105\u017eino.\u201c)<\/div>\n<p><a href=\"http:\/\/web.vu.lt\/flf\/n.kersyte\/files\/2025\/10\/Cerniauskaite_Kambarys_jazmino_krume.pdf\">http:\/\/web.vu.lt\/flf\/n.kersyte\/files\/2025\/10\/Cerniauskaite_Kambarys_jazmino_krume.pdf<\/a><\/p>\n<p>x\u00a0 \u00a0x\u00a0 \u00a0x<\/p>\n<p>Filmas pasij\u0173 semiotikai:<\/p>\n<p>Alfredo Hitchcocko filmas \u201cRebeka\u201d (Rebecca) (1940) (nesupainioti su 2020 m. filmu). Atkreipti d\u0117mes\u012f \u012f \u0161iuos epizodus:\u00a0<\/p>\n<ul>\n<li>Montekarle paj\u016bry (00:10:00 \u2013 00:12:10)<\/li>\n<li>Va\u017eiuojant ma\u0161ina (00:15:07 \u2013 17:30)<\/li>\n<li>Pasivaik\u0161\u010diojimas prie j\u016bros (00:45 \u2013 00:49:20)<\/li>\n<li>Medaus m\u0117nesio filmuko per\u017ei\u016bra (00:53:37 \u2013 00:59:15)<\/li>\n<li>Balius (1:16:00 \u2013 1:20:50)<\/li>\n<li>Maksimo ir merginos pokalbis namuke (1:23:00 \u2013 1:36:15)<\/li>\n<\/ul>\n<p>x\u00a0 \u00a0x\u00a0 \u00a0x<\/p>\n<p>Perskaityti:<\/p>\n<p>Eric Landowski, \u201e\u012epainiotas \u017evilgnis\u201c p. 1-4 (\u017eurnale pakeistas pavadinimas: \u201eSkaitymo i\u0161bandymas\u201c in Baltos lankos, 2005, Nr. 20, p. 91-95)<\/p>\n<p><a href=\"http:\/\/web.vu.lt\/flf\/n.kersyte\/files\/2025\/09\/Regimplvert.doc\">http:\/\/web.vu.lt\/flf\/n.kersyte\/files\/2025\/09\/Regimplvert.doc<\/a><\/p>\n","protected":false},"excerpt":{"rendered":"<p>Skaitinys lapkri\u010dio 11 dienai Jean-Maris Flochas \u201eKas j\u016bs &#8211; land\u017eiotojas ar lunatikas? Metro keleivi\u0173 elgesio tipologija\u201c http:\/\/web.vu.lt\/flf\/n.kersyte\/files\/2025\/11\/Floch_Kas-jus-landziotojas-ar-lunatikas_Metro_studentams.docx x\u00a0 \u00a0 x\u00a0 \u00a0 x Skaitiniai spalio 28 d. 15 val. seminarui.\u00a0 Izabel\u0117s Skikait\u0117s info: Seminaro metu pabaigsime analizuoti Parulskio es\u0117 \u201eK\u016bnas\u201c ir taip pat aptarsime to paties es\u0117 rinkinio Nuogi drabu\u017eiai tekst\u0105 \u201eTu\u0161\u010diaviduris\u201c. Pasiruo\u0161kite atsakyti \u012f \u0161iuos [&hellip;]<\/p>\n","protected":false},"author":11,"featured_media":0,"parent":0,"menu_order":0,"comment_status":"closed","ping_status":"closed","template":"","meta":[],"_links":{"self":[{"href":"http:\/\/web.vu.lt\/flf\/n.kersyte\/wp-json\/wp\/v2\/pages\/2308"}],"collection":[{"href":"http:\/\/web.vu.lt\/flf\/n.kersyte\/wp-json\/wp\/v2\/pages"}],"about":[{"href":"http:\/\/web.vu.lt\/flf\/n.kersyte\/wp-json\/wp\/v2\/types\/page"}],"author":[{"embeddable":true,"href":"http:\/\/web.vu.lt\/flf\/n.kersyte\/wp-json\/wp\/v2\/users\/11"}],"replies":[{"embeddable":true,"href":"http:\/\/web.vu.lt\/flf\/n.kersyte\/wp-json\/wp\/v2\/comments?post=2308"}],"version-history":[{"count":14,"href":"http:\/\/web.vu.lt\/flf\/n.kersyte\/wp-json\/wp\/v2\/pages\/2308\/revisions"}],"predecessor-version":[{"id":2415,"href":"http:\/\/web.vu.lt\/flf\/n.kersyte\/wp-json\/wp\/v2\/pages\/2308\/revisions\/2415"}],"wp:attachment":[{"href":"http:\/\/web.vu.lt\/flf\/n.kersyte\/wp-json\/wp\/v2\/media?parent=2308"}],"curies":[{"name":"wp","href":"https:\/\/api.w.org\/{rel}","templated":true}]}}