{"id":2296,"date":"2025-09-10T00:15:44","date_gmt":"2025-09-09T21:15:44","guid":{"rendered":"https:\/\/web.vu.lt\/flf\/n.kersyte\/?page_id=2296"},"modified":"2025-12-16T17:13:37","modified_gmt":"2025-12-16T14:13:37","slug":"naratologija-2025","status":"publish","type":"page","link":"http:\/\/web.vu.lt\/flf\/n.kersyte\/naratologija-2025\/","title":{"rendered":"Naratologija 2025"},"content":{"rendered":"\n<p>Semiotin\u0117s analiz\u0117s kontroliniui gruod\u017eio 23 d.<\/p>\n<p>Rinktis vien\u0105 k\u016brin\u012f i\u0161 s\u0105ra\u0161o:<\/p>\n<p>Billy Wilder \u201eButas\u201c (<em>The Apartment<\/em>, 1960), 2 val. 05 min.<\/p>\n<p>Alfred Hitchcock \u201eMarn\u0117\u201c (<em>Marnie<\/em>, 1964), 2 val. 10 min.<\/p>\n<p>Tomm Moore \u201eJ\u016bros daina\u201c (<em>Song of the Sea<\/em>, 2014), 1 val. 30 min.<\/p>\n<p>John Ford, \u201e\u017dmogus, nu\u0161ov\u0119s Liberti Velans\u0105\u201d<em> (The Man Who Shot Liberty Valance<\/em>, 1962), 2 val.<\/p>\n<p>\u00a0<\/p>\n<p>Petras Cvirka \u201eSiena\u201c<\/p>\n<p>Josephas Conradas \u201ePa\u017eangos avanpostas\u201c<\/p>\n<p>Danut\u0117 Kalinauskait\u0117 \u201eNekal\u010diausia archeologija\u201c<\/p>\n<p>x\u00a0 \u00a0 x\u00a0 \u00a0 x<\/p>\n<p>Lapkri\u010dio 24 d. seminarui:<\/p>\n<p>Michael Haneke, \u201ePianist\u0117\u201c (2001)<\/p>\n<p>1) Pasakojimo veik\u0117jai, j\u0173 santykiai bei teminiai vaidmenys &#8211;\u00a0 <strong>Perla \u0160ilinskait\u0117<\/strong><\/p>\n<p>2) Pasakojimo fig\u016bros, j\u0173 izotopijos ir tarpusavio ry\u0161iai\u00a0 \u00a0 &#8211;\u00a0 \u00a0<strong>Laura Balceryt\u0117<\/strong><\/p>\n<p>3) Kolektyviniai atlik\u0117jai ir kompozitoriai kaip atlik\u0117jai (su jais susijusios temos)<\/p>\n<p>4) Erdv\u0117s\u00a0 &#8211;\u00a0 \u00a0<strong>Gabriel\u0117 Kaveckait\u0117<\/strong><\/p>\n<p>5) Filmo veik\u0117j\u0173 aktantiniai vaidmenys ir naratyvin\u0117s programos bei j\u0173 tarpusavio santykis\u00a0 &#8211;\u00a0 <strong>Monika\/Gust\u0117<\/strong><\/p>\n<p>6) Filmo aksiologinis universumas, apimantis skirtingas ideologijas\u00a0 &#8211;\u00a0 <strong>Monika\/Gust\u0117<\/strong><\/p>\n<p>Papildomi skaitiniai:<\/p>\n<p><span data-teams=\"true\"><em>Pasakojimo pramanai, <\/em>p. 112-125, 139-147.<\/span><\/p>\n<p>x\u00a0 \u00a0 \u00a0x\u00a0 \u00a0 \u00a0x<\/p>\n<p>Lapkri\u010dio 17 d. seminarui, filmas \u201eRebeka\u201c:<\/p>\n<ol>\n<li>Pasakojimo veik\u0117jai ir su jais susijusios fig\u016bros<\/li>\n<li>Stichijos ir j\u0173 ry\u0161ys su veik\u0117jais<\/li>\n<\/ol>\n<p>Teorin\u0117 literat\u016bra:<\/p>\n<p><em>Pasakojimo pramanai<\/em>, p. 125-128, 130-132.<\/p>\n<p>x\u00a0 \u00a0 x\u00a0 \u00a0x<\/p>\n<p>K\u016briniai lapkri\u010dio 11 d. kontroliniui:<\/p>\n<p>Filmai:<\/p>\n<ol>\n<li><strong>James Cameron \u201eTitanikas\u201c <\/strong>(1997)<\/li>\n<li><strong>Stanley Kubrick \u201c\u017dudiko bu\u010dinys\u201d<\/strong> (<em>Killer&#8217;s Kiss<\/em>, 1955)\u00a0\u00a0<\/li>\n<li><strong>Samuel Fuller, <\/strong><em><strong>Shock Corridor<\/strong> <\/em>(1963)<\/li>\n<\/ol>\n<p>Literat\u016bra (nuskenuoti k\u016briniai \u012fkelti Teamsuose, Bendra info, Files):<\/p>\n<ol>\n<li>Eugenijus <strong>Ali\u0161anka \u201ePly\u0161iai\u201c<\/strong> (i\u0161 es\u0117 knygos <em>Gatv\u0117 tarp dviej\u0173 ba\u017eny\u010di\u0173<\/em>)<\/li>\n<li>Christos <strong>Oikonomou \u201eGero laukime i\u0161 j\u016bros\u201c<\/strong> (i\u0161 graik\u0173 apsakym\u0173 rinkinio <em>Raudonos \u0161ukos<\/em>)<\/li>\n<li>Jalmaras <strong>Bergmanas \u201eMergait\u0117 Ekersto klebonijoj\u201c<\/strong> (i\u0161 <em>\u0160ved\u0173 novel\u0117s)<\/em><\/li>\n<\/ol>\n<p>PS: Atkreipti d\u0117mes\u012f, kad Ikonomou (Oikonomou) apsakymas \u012fkeltas trimis dokumentais-gabalais.<\/p>\n<p><span style=\"text-decoration: underline\">Vertinimo kriterijai:<\/span><\/p>\n<p>1) Naratologini\u0173 <strong>s\u0105vok\u0173 supratimas<\/strong>, geb\u0117jimas jas <strong>korekti\u0161kai taikyti <\/strong>ir pagr\u012fsti, <strong>argumentuoti<\/strong> j\u0173 <strong>taikym\u0105, fiksuoti dviprasmybes <\/strong>;<\/p>\n<p>2) Geb\u0117jimas <strong>interpretuoti<\/strong> k\u016brin\u012f remiantis formalia analize\u00a0;<\/p>\n<p>3) Atsakymas \u012f <strong>u\u017eduot\u0105<\/strong> klausim\u0105<\/p>\n<p>x\u00a0 \u00a0 x\u00a0 \u00a0 x<\/p>\n<p>Perskaityti iki lapkri\u010dio 10 d. paskaitoms:<\/p>\n<p>Levi-Strauss_Mit\u0173-strukt\u016bra_dalis<\/p>\n<p><a href=\"http:\/\/web.vu.lt\/flf\/n.kersyte\/files\/2025\/11\/Levi-Strauss_Mitu-struktura_dalis.pdf\">http:\/\/web.vu.lt\/flf\/n.kersyte\/files\/2025\/11\/Levi-Strauss_Mitu-struktura_dalis.pdf<\/a><\/p>\n<p>susipa\u017einti:<\/p>\n<p><a href=\"http:\/\/web.vu.lt\/flf\/n.kersyte\/files\/2025\/11\/Levi-Strauss_Mitu-analize.docx\">http:\/\/web.vu.lt\/flf\/n.kersyte\/files\/2025\/11\/Levi-Strauss_Mitu-analize.docx<\/a><\/p>\n<p>x\u00a0 \u00a0 x\u00a0 \u00a0 x<\/p>\n<p>Skaitiniai b\u016bsimiems seminarams &#8211; <strong>laikin\u0117 analiz\u0117\u00a0<\/strong><\/p>\n<p><em>Pasakojimo pramanai<\/em>, p. 185, 191-213, p. 167-183; 310-322; kino analizei: p. 228-242, 267-309 (fakultatyvu).<\/p>\n<p><strong>Fokusavimas:<\/strong><\/p>\n<p><em>Pasakojimo pramanai <\/em>p. 337-347, 362-363; fokusavimas kine: p. 347-353; fakultatyvu: p. 353-357 arba p. p. 357-362.<\/p>\n<p>x\u00a0 \u00a0 x\u00a0 \u00a0 x<\/p>\n<p><span style=\"text-decoration: underline\">Kino grup\u0117s seminarams (spalio 13, 20, 27 d.):<\/span><\/p>\n<p>Alfredo Hitchcocko filmas \u201cRebeka\u201d (Rebecca) (1940) (nesupainioti su 2020 m. filmu). Klausimai:<\/p>\n<p>1. Pasakojimo lygmenys, j\u0173 laikinis santykis\u00a0 \u00a0&#8211;\u00a0 \u00a0<strong>Andrius Urnie\u017eius<\/strong><\/p>\n<p>2. Koks santykis tarp skirting\u0173 lygmen\u0173 ir juose pateikiam\u0173 pasakojim\u0173?\u00a0 \u00a0&#8211;\u00a0 <strong>August\u0117 Puteikyt\u0117<\/strong><\/p>\n<p>3. Filmo pasakotojai ir j\u0173 santykis su adresatais\u00a0 &#8211;\u00a0 <strong>Gust\u0117 Grigali\u016bt\u0117<\/strong><\/p>\n<p>4. Fokusavimas filme: kas pasakoja-kalba, i\u0161 kieno perspektyvos pateikiami \u012fvykiai? &#8211;\u00a0 <span data-olk-copy-source=\"MailCompose\"><strong>Simona Nekro\u0161i\u016bt\u0117<\/strong> <\/span><\/p>\n<p>5. Laikin\u0117s ir su laiku susijusios fig\u016bros, j\u0173 izotopijos\u00a0 &#8211;\u00a0 <strong>Snieguol\u0117 Jan\u010diauskait\u0117<\/strong><\/p>\n<p>6. Filmo pasakojimo laikin\u0117 tvarka ir jos pa\u017eeidimai (kokie jie?)\u00a0 &#8211; <strong>Kotryna Verbylait\u0117<\/strong><\/p>\n<p>7. Kokios laiko sampratos atsiskleid\u017eia filme?\u00a0 &#8211;\u00a0 <strong>Dominykas Sta\u0161kus<\/strong><\/p>\n<p>8. Skirting\u0173 persona\u017e\u0173 santykis su laiku\u00a0 &#8211;\u00a0 <strong>Gr\u0117t\u0117 Pilei\u010dikait\u0117<\/strong><\/p>\n<p>x\u00a0 \u00a0 x\u00a0 \u00a0 x<\/p>\n<p>Skaityti paskaitai iki spalio 6 d.\u00a0<\/p>\n<p>I\u0161 F. de Saussure&#8217;o <em>Bendrosios kalbotyros kurso <\/em>(vert. L. Perkauskyt\u0117), Vilnius: Vilniaus Universitete leidykla, 2014, p. 49-54, 99-113, 138-140, 147-159 (atkreipti d\u0117mes\u012f, kad vietomis vertime supainiotos signifikanto ir signifikato s\u0105vokos \u2013 \u017er. knygos gale klaid\u0173 atitaisymo lapel\u012f).<\/p>\n<p>[Nuskenuoti puslapiai \u012fkelti \u012f Teams\u0173 Bendr\u0105 info].<\/p>\n<p>Angli\u0161kame vertime <em>Course in General Linguistics<\/em>: \u012evadas (IV-V skyrius); I dalis (I-II skyrius); II dalis (II skyriaus 1 poskyris ir IV skyrius).<\/p>\n<p>Paklausyti ir pagalvoti apie naratyvumo veikim\u0105 \u0161iame preliude:<\/p>\n<p>Rachmaninovas Preludas C minor, Op.3 No.2 (groja Andrejs Osokins)<\/p>\n<p><iframe loading=\"lazy\" title=\"Rachmaninoff - Prelude in C Sharp minor Op 3 No 2 - A. Osokins encore\" width=\"500\" height=\"281\" src=\"https:\/\/www.youtube.com\/embed\/_cvpoi-c5Rk?feature=oembed\" frameborder=\"0\" allow=\"accelerometer; autoplay; clipboard-write; encrypted-media; gyroscope; picture-in-picture; web-share\" referrerpolicy=\"strict-origin-when-cross-origin\" allowfullscreen><\/iframe><\/p>\n<p>\u00a0<\/p>\n<p>x\u00a0 \u00a0 \u00a0x\u00a0 \u00a0 \u00a0x<\/p>\n<p>Skaityti seminarams (iki spalio 6-7 d. ir v\u0117liau):<\/p>\n<p><em>Pasakojimo pramanai:<\/em><\/p>\n<p><strong>visiems:<\/strong> p. <strong>157-164<\/strong>, <strong>364-375, 379-383, 403<\/strong>;<\/p>\n<p>390-394 (kino analizei) ; 395-399 arba 399-403 (kino analizei pasirinktinai);<\/p>\n<p style=\"text-decoration: underline\">383-390, 405-417 arba 418-440 (literat\u016bros analizei pasirinktinai).<\/p>\n<p>x\u00a0 \u00a0 x\u00a0 \u00a0 x<\/p>\n<p>Perskaityti iki rugs\u0117jo 22 d. dal\u012f straipsnio:<\/p>\n<p>Romanas Jakobsonas, \u201eLingvistika ir poetika\u201c, vert. B. Abraitien\u0117, D. Kaladinskien\u0117, <em>Baltos lankos<\/em>, 2004, Nr. 18\u201319 (8,5 psl. iki geltonai (bet ne \u017ealiai) pa\u017eym\u0117tos eilut\u0117s).<\/p>\n<p>Tekstas randamas Greimo centro bibliotekoje. \u010cia prikabinu jo versij\u0105 iki maketo (skubantiems ir neturintiems laiko ie\u0161koti i\u0161leisto teksto):<\/p>\n<p><a href=\"http:\/\/web.vu.lt\/flf\/n.kersyte\/files\/2018\/09\/Jakobsonas_Lingvistika-ir-poetika_dalis-straipsnio.doc\">http:\/\/web.vu.lt\/flf\/n.kersyte\/files\/2018\/09\/Jakobsonas_Lingvistika-ir-poetika_dalis-straipsnio.doc<\/a><\/p>\n<p>Pagalvoti:<\/p>\n<p>I) Kuo skiriasi \u0161ie prane\u0161imai apie ramun\u0119? Kokios kalbin\u0117s-komunikacin\u0117s funkcijos juose dominuoja?:<\/p>\n<ul>\n<li>Rymo ramun\u0117l\u0117 rudenio arimuos<\/li>\n<li><em>Ramun\u0117<\/em> (<a href=\"https:\/\/lt.wikipedia.org\/wiki\/Lotyn%C5%B3_kalba\">lot.<\/a> <i>Matricaria<\/i>, <a href=\"https:\/\/lt.wikipedia.org\/wiki\/Vokie%C4%8Di%C5%B3_kalba\">vok.<\/a> <i>Kamille<\/i>, <a href=\"https:\/\/lt.wikipedia.org\/wiki\/Angl%C5%B3_kalba\">angl.<\/a> <i>Cudweed<\/i>) \u2013 augalas (g\u0117l\u0117), priklausantis astrini\u0173 augal\u0173 gen\u010diai.<\/li>\n<\/ul>\n<p>x\u00a0 \u00a0 x\u00a0 \u00a0 x<\/p>\n<p>Perskaityti iki rugs\u0117jo 15 d.:<\/p>\n<p>Aristotelis, <em>Poetika<\/em>, i\u0161traukos<\/p>\n<p>Tiems kurie laisvai skaito angli\u0161kai (\u0161is vertimas geresnis nei lietuvi\u0161kas):<\/p>\n<p>skaityti nuo 1447a iki 1453a; taip pat nuo 1459a (nuo We come now to the art of representation which is narrative and in metre&#8230;) iki 1460a<\/p>\n<p>https:\/\/www.perseus.tufts.edu\/hopper\/text?doc=Perseus%3Atext%3A1999.01.0056%3Asection%3D1459a<\/p>\n<p>Lietuvi\u0161kas vertimas:<\/p>\n<p><a href=\"http:\/\/web.vu.lt\/flf\/n.kersyte\/files\/2021\/09\/Aristotelis_Poetika_1.pdf\">http:\/\/web.vu.lt\/flf\/n.kersyte\/files\/2021\/09\/Aristotelis_Poetika_1.pdf<\/a><\/p>\n<p><a href=\"http:\/\/web.vu.lt\/flf\/n.kersyte\/files\/2021\/09\/Aristotelis_Poetika_2.pdf\">http:\/\/web.vu.lt\/flf\/n.kersyte\/files\/2021\/09\/Aristotelis_Poetika_2.pdf<\/a><\/p>\n<p><a href=\"http:\/\/web.vu.lt\/flf\/n.kersyte\/files\/2021\/09\/Aristotelis_Poetika_3.pdf\">http:\/\/web.vu.lt\/flf\/n.kersyte\/files\/2021\/09\/Aristotelis_Poetika_3.pdf<\/a><\/p>\n\n\n\n<p>Fakultatyvus skaitinys:<\/p>\n<p>http:\/\/www.satenai.lt\/2022\/10\/07\/knygius\/#respond<\/p>\n","protected":false},"excerpt":{"rendered":"<p>Semiotin\u0117s analiz\u0117s kontroliniui gruod\u017eio 23 d. Rinktis vien\u0105 k\u016brin\u012f i\u0161 s\u0105ra\u0161o: Billy Wilder \u201eButas\u201c (The Apartment, 1960), 2 val. 05 min. Alfred Hitchcock \u201eMarn\u0117\u201c (Marnie, 1964), 2 val. 10 min. Tomm Moore \u201eJ\u016bros daina\u201c (Song of the Sea, 2014), 1 val. 30 min. John Ford, \u201e\u017dmogus, nu\u0161ov\u0119s Liberti Velans\u0105\u201d (The Man Who Shot Liberty Valance, [&hellip;]<\/p>\n","protected":false},"author":11,"featured_media":0,"parent":0,"menu_order":0,"comment_status":"open","ping_status":"closed","template":"","meta":[],"_links":{"self":[{"href":"http:\/\/web.vu.lt\/flf\/n.kersyte\/wp-json\/wp\/v2\/pages\/2296"}],"collection":[{"href":"http:\/\/web.vu.lt\/flf\/n.kersyte\/wp-json\/wp\/v2\/pages"}],"about":[{"href":"http:\/\/web.vu.lt\/flf\/n.kersyte\/wp-json\/wp\/v2\/types\/page"}],"author":[{"embeddable":true,"href":"http:\/\/web.vu.lt\/flf\/n.kersyte\/wp-json\/wp\/v2\/users\/11"}],"replies":[{"embeddable":true,"href":"http:\/\/web.vu.lt\/flf\/n.kersyte\/wp-json\/wp\/v2\/comments?post=2296"}],"version-history":[{"count":65,"href":"http:\/\/web.vu.lt\/flf\/n.kersyte\/wp-json\/wp\/v2\/pages\/2296\/revisions"}],"predecessor-version":[{"id":2454,"href":"http:\/\/web.vu.lt\/flf\/n.kersyte\/wp-json\/wp\/v2\/pages\/2296\/revisions\/2454"}],"wp:attachment":[{"href":"http:\/\/web.vu.lt\/flf\/n.kersyte\/wp-json\/wp\/v2\/media?parent=2296"}],"curies":[{"name":"wp","href":"https:\/\/api.w.org\/{rel}","templated":true}]}}