{"id":13,"date":"2009-08-24T22:47:33","date_gmt":"2009-08-24T19:47:33","guid":{"rendered":"http:\/\/web.vu.lt\/flf\/n.kersyte\/?page_id=13"},"modified":"2025-10-26T20:23:57","modified_gmt":"2025-10-26T17:23:57","slug":"apie-mane","status":"publish","type":"page","link":"http:\/\/web.vu.lt\/flf\/n.kersyte\/apie-mane\/","title":{"rendered":"Bio\/biblio-grafija"},"content":{"rendered":"<p class=\"MsoNormal\" style=\"margin-right: 2.3pt\"><span lang=\"LT\">Nijol\u0117 Ker\u0161yt\u0117, humanitarini\u0173 moksl\u0173 daktar\u0117. Baig\u0117 Vilniaus universiteto filologijos fakultet\u0105, literat\u016bros teorijos specialyb\u0119. Apgyn\u0117 literat\u016brologijos krypties daktaro disertacij\u0105 \u201cIntersubjektiniai santykiai literat\u016briniame diskurse\u201d. Nuo 2002 m. Vilniaus Universiteto,\u00a0 filologijos fakulteto, A. J. Greimo semiotikos ir literat\u016bros teorijos centro d\u0117stytoja. Nuo 2008 m. Lietuvos kult\u016bros tyrim\u0173 instituto (LKTI), \u0160iuolaikin\u0117s filosofijos skyriaus mokslinink\u0117. \u0160iuolaikin\u0117s pranc\u016bz\u0173 filosofijos (E. Levinas, J. Derrida, J.-L. Marionas, J. Baudrillard\u2019as, M. Merleau-Ponty, G. Deleuze\u2019as) vert\u0117ja. <\/span><\/p>\n<p class=\"MsoNormal\" style=\"margin-right: 2.3pt\"><span lang=\"LT\">Intelektualin\u0117 veikla pasidalijusi tarp dviej\u0173 sri\u010di\u0173: strukt\u016brin\u0117s semiotikos (naratologija, A. J. Greimo semiotika, strukt\u016brin\u0117 literat\u016bros ir kino analiz\u0117, poststrukt\u016bralizmas) ir filosofijos (<\/span><span lang=\"LT\">\u0161iuolaikin\u0117 pranc\u016bz\u0173 filosofija<\/span><span lang=\"LT\">, kalbos filosofija, <\/span><span lang=\"LT\">fenomenologija, ideologijos kritika<\/span><span lang=\"LT\">). Fizin\u0117 ir dvasin\u0117 egzistencija padalyta tarp dviej\u0173 \u0161ali\u0173: Lietuvos ir Pranc\u016bzijos.<\/span><\/p>\n<p class=\"MsoNormal\" style=\"margin-right: 2.3pt\">Darb\u0173 bibliografija: <a href=\"http:\/\/web.vu.lt\/flf\/n.kersyte\/files\/2025\/01\/Kersyte-moksline-bibliografija-po-disertacijos-iki-2024.doc\">http:\/\/web.vu.lt\/flf\/n.kersyte\/files\/2025\/01\/Kersyte-moksline-bibliografija-po-disertacijos-iki-2024.doc<\/a><\/p>\n<p class=\"MsoNormal\" style=\"margin-right: 2.3pt\"><span lang=\"LT\">Universitetinis elektroninio pa\u0161to adresas: <a href=\"mailto:nijole.kersyte@flf.vu.lt\"><span style=\"font-size: small;font-family: Times New Roman\"><span style=\"font-size: x-small;color: #0066cc\">nijole.kersyte@flf.vu.lt<\/span><\/span><\/a><br \/><\/span><\/p>\n<p><img loading=\"lazy\" class=\"alignleft size-large wp-image-2385\" src=\"http:\/\/web.vu.lt\/flf\/n.kersyte\/files\/2025\/10\/SCAN0009-721x1024.jpg\" alt=\"\" width=\"721\" height=\"1024\" srcset=\"http:\/\/web.vu.lt\/flf\/n.kersyte\/files\/2025\/10\/SCAN0009-721x1024.jpg 721w, http:\/\/web.vu.lt\/flf\/n.kersyte\/files\/2025\/10\/SCAN0009-211x300.jpg 211w, http:\/\/web.vu.lt\/flf\/n.kersyte\/files\/2025\/10\/SCAN0009-768x1090.jpg 768w, http:\/\/web.vu.lt\/flf\/n.kersyte\/files\/2025\/10\/SCAN0009-1082x1536.jpg 1082w, http:\/\/web.vu.lt\/flf\/n.kersyte\/files\/2025\/10\/SCAN0009-1443x2048.jpg 1443w, http:\/\/web.vu.lt\/flf\/n.kersyte\/files\/2025\/10\/SCAN0009-scaled.jpg 1804w\" sizes=\"(max-width: 721px) 100vw, 721px\" \/><\/p>\n\n","protected":false},"excerpt":{"rendered":"<p>Nijol\u0117 Ker\u0161yt\u0117, humanitarini\u0173 moksl\u0173 daktar\u0117. Baig\u0117 Vilniaus universiteto filologijos fakultet\u0105, literat\u016bros teorijos specialyb\u0119. Apgyn\u0117 literat\u016brologijos krypties daktaro disertacij\u0105 \u201cIntersubjektiniai santykiai literat\u016briniame diskurse\u201d. Nuo 2002 m. Vilniaus Universiteto,\u00a0 filologijos fakulteto, A. J. Greimo semiotikos ir literat\u016bros teorijos centro d\u0117stytoja. Nuo 2008 m. Lietuvos kult\u016bros tyrim\u0173 instituto (LKTI), \u0160iuolaikin\u0117s filosofijos skyriaus mokslinink\u0117. \u0160iuolaikin\u0117s pranc\u016bz\u0173 filosofijos (E. Levinas, [&hellip;]<\/p>\n","protected":false},"author":11,"featured_media":0,"parent":0,"menu_order":0,"comment_status":"closed","ping_status":"closed","template":"","meta":[],"_links":{"self":[{"href":"http:\/\/web.vu.lt\/flf\/n.kersyte\/wp-json\/wp\/v2\/pages\/13"}],"collection":[{"href":"http:\/\/web.vu.lt\/flf\/n.kersyte\/wp-json\/wp\/v2\/pages"}],"about":[{"href":"http:\/\/web.vu.lt\/flf\/n.kersyte\/wp-json\/wp\/v2\/types\/page"}],"author":[{"embeddable":true,"href":"http:\/\/web.vu.lt\/flf\/n.kersyte\/wp-json\/wp\/v2\/users\/11"}],"replies":[{"embeddable":true,"href":"http:\/\/web.vu.lt\/flf\/n.kersyte\/wp-json\/wp\/v2\/comments?post=13"}],"version-history":[{"count":29,"href":"http:\/\/web.vu.lt\/flf\/n.kersyte\/wp-json\/wp\/v2\/pages\/13\/revisions"}],"predecessor-version":[{"id":2387,"href":"http:\/\/web.vu.lt\/flf\/n.kersyte\/wp-json\/wp\/v2\/pages\/13\/revisions\/2387"}],"wp:attachment":[{"href":"http:\/\/web.vu.lt\/flf\/n.kersyte\/wp-json\/wp\/v2\/media?parent=13"}],"curies":[{"name":"wp","href":"https:\/\/api.w.org\/{rel}","templated":true}]}}