{"id":86,"date":"2020-12-16T13:53:36","date_gmt":"2020-12-16T15:53:36","guid":{"rendered":"http:\/\/web.vu.lt\/flf\/l.plausinaityte\/?page_id=86"},"modified":"2020-12-16T14:28:39","modified_gmt":"2020-12-16T16:28:39","slug":"lina-plausinaityte","status":"publish","type":"page","link":"http:\/\/web.vu.lt\/flf\/l.plausinaityte\/","title":{"rendered":"Doc. dr. Lina Plau\u0161inaityt\u0117"},"content":{"rendered":"\n<div class=\"wp-container-1 wp-block-group\"><div class=\"wp-block-group__inner-container\"><\/div><\/div>\n\n\n\n<div class=\"wp-container-2 wp-block-group\"><div class=\"wp-block-group__inner-container\">\n<div class=\"wp-block-image\"><figure class=\"alignright size-large is-resized\"><img loading=\"lazy\" src=\"http:\/\/web.vu.lt\/flf\/l.plausinaityte\/wp-content\/uploads\/2020\/12\/IMG_20191114_141230-1-edited-scaled.jpg\" alt=\"\" class=\"wp-image-109\" width=\"317\" height=\"317\" srcset=\"http:\/\/web.vu.lt\/flf\/l.plausinaityte\/wp-content\/uploads\/2020\/12\/IMG_20191114_141230-1-edited-scaled.jpg 2560w, http:\/\/web.vu.lt\/flf\/l.plausinaityte\/wp-content\/uploads\/2020\/12\/IMG_20191114_141230-1-edited-300x300.jpg 300w, http:\/\/web.vu.lt\/flf\/l.plausinaityte\/wp-content\/uploads\/2020\/12\/IMG_20191114_141230-1-edited-1024x1024.jpg 1024w, http:\/\/web.vu.lt\/flf\/l.plausinaityte\/wp-content\/uploads\/2020\/12\/IMG_20191114_141230-1-edited-150x150.jpg 150w, http:\/\/web.vu.lt\/flf\/l.plausinaityte\/wp-content\/uploads\/2020\/12\/IMG_20191114_141230-1-edited-768x767.jpg 768w, http:\/\/web.vu.lt\/flf\/l.plausinaityte\/wp-content\/uploads\/2020\/12\/IMG_20191114_141230-1-edited-1536x1536.jpg 1536w, http:\/\/web.vu.lt\/flf\/l.plausinaityte\/wp-content\/uploads\/2020\/12\/IMG_20191114_141230-1-edited-2048x2048.jpg 2048w\" sizes=\"(max-width: 317px) 100vw, 317px\" \/><\/figure><\/div>\n\n\n\n<p>VU Filologijos fakultetas <\/p>\n\n\n\n<p>Baltijos kalb\u0173 ir kult\u016br\u0173 institutas<br>Vokie\u010di\u0173 filologijos katedra<br>Universiteto g. 5, LT-01513 Vilnius<br>(+370 5) 2687 230<br><a href=\"mailto:lina.plausinaityte@flf.vu.lt\">lina.plausinaityte@flf.vu.lt<\/a><\/p>\n<\/div><\/div>\n\n\n\n<p><\/p>\n\n\n\n<div class=\"wp-container-3 wp-block-group\"><div class=\"wp-block-group__inner-container\"><\/div><\/div>\n","protected":false},"excerpt":{"rendered":"<p>VU Filologijos fakultetas Baltijos kalb\u0173 ir kult\u016br\u0173 institutasVokie\u010di\u0173 filologijos katedraUniversiteto g. 5, LT-01513 Vilnius(+370 5) 2687 230lina.plausinaityte@flf.vu.lt<\/p>\n","protected":false},"author":1,"featured_media":0,"parent":0,"menu_order":0,"comment_status":"closed","ping_status":"closed","template":"","meta":[],"_links":{"self":[{"href":"http:\/\/web.vu.lt\/flf\/l.plausinaityte\/wp-json\/wp\/v2\/pages\/86"}],"collection":[{"href":"http:\/\/web.vu.lt\/flf\/l.plausinaityte\/wp-json\/wp\/v2\/pages"}],"about":[{"href":"http:\/\/web.vu.lt\/flf\/l.plausinaityte\/wp-json\/wp\/v2\/types\/page"}],"author":[{"embeddable":true,"href":"http:\/\/web.vu.lt\/flf\/l.plausinaityte\/wp-json\/wp\/v2\/users\/1"}],"replies":[{"embeddable":true,"href":"http:\/\/web.vu.lt\/flf\/l.plausinaityte\/wp-json\/wp\/v2\/comments?post=86"}],"version-history":[{"count":10,"href":"http:\/\/web.vu.lt\/flf\/l.plausinaityte\/wp-json\/wp\/v2\/pages\/86\/revisions"}],"predecessor-version":[{"id":111,"href":"http:\/\/web.vu.lt\/flf\/l.plausinaityte\/wp-json\/wp\/v2\/pages\/86\/revisions\/111"}],"wp:attachment":[{"href":"http:\/\/web.vu.lt\/flf\/l.plausinaityte\/wp-json\/wp\/v2\/media?parent=86"}],"curies":[{"name":"wp","href":"https:\/\/api.w.org\/{rel}","templated":true}]}}