{"id":52,"date":"2019-02-21T06:48:06","date_gmt":"2019-02-21T08:48:06","guid":{"rendered":"http:\/\/web.vu.lt\/flf\/l.plausinaityte\/?page_id=52"},"modified":"2022-08-31T13:05:18","modified_gmt":"2022-08-31T15:05:18","slug":"naryste","status":"publish","type":"page","link":"http:\/\/web.vu.lt\/flf\/l.plausinaityte\/naryste\/","title":{"rendered":"Naryst\u0117"},"content":{"rendered":"\n<p>Lietuvos taikomosios kalbotyros asociacija (www.litaka.lt) <\/p>\n\n\n\n<p>Lietuvos Vokie\u010di\u0173 kalbos mokytoj\u0173 asociacija \/ Litauischer Deutschlehrerverband, https:\/\/ldv.lt\/<\/p>\n\n\n\n<p>Lietuvos DAAD klubas \/ DAAD Alumni-Klub Litauen, www.daad-klubas.lt<\/p>\n","protected":false},"excerpt":{"rendered":"<p>Lietuvos taikomosios kalbotyros asociacija (www.litaka.lt) Lietuvos Vokie\u010di\u0173 kalbos mokytoj\u0173 asociacija \/ Litauischer Deutschlehrerverband, https:\/\/ldv.lt\/ Lietuvos DAAD klubas \/ DAAD Alumni-Klub Litauen, www.daad-klubas.lt<\/p>\n","protected":false},"author":1,"featured_media":0,"parent":0,"menu_order":0,"comment_status":"closed","ping_status":"closed","template":"","meta":[],"_links":{"self":[{"href":"http:\/\/web.vu.lt\/flf\/l.plausinaityte\/wp-json\/wp\/v2\/pages\/52"}],"collection":[{"href":"http:\/\/web.vu.lt\/flf\/l.plausinaityte\/wp-json\/wp\/v2\/pages"}],"about":[{"href":"http:\/\/web.vu.lt\/flf\/l.plausinaityte\/wp-json\/wp\/v2\/types\/page"}],"author":[{"embeddable":true,"href":"http:\/\/web.vu.lt\/flf\/l.plausinaityte\/wp-json\/wp\/v2\/users\/1"}],"replies":[{"embeddable":true,"href":"http:\/\/web.vu.lt\/flf\/l.plausinaityte\/wp-json\/wp\/v2\/comments?post=52"}],"version-history":[{"count":3,"href":"http:\/\/web.vu.lt\/flf\/l.plausinaityte\/wp-json\/wp\/v2\/pages\/52\/revisions"}],"predecessor-version":[{"id":85,"href":"http:\/\/web.vu.lt\/flf\/l.plausinaityte\/wp-json\/wp\/v2\/pages\/52\/revisions\/85"}],"wp:attachment":[{"href":"http:\/\/web.vu.lt\/flf\/l.plausinaityte\/wp-json\/wp\/v2\/media?parent=52"}],"curies":[{"name":"wp","href":"https:\/\/api.w.org\/{rel}","templated":true}]}}