{"id":19,"date":"2016-11-03T10:01:04","date_gmt":"2016-11-03T12:01:04","guid":{"rendered":"http:\/\/web.vu.lt\/flf\/l.plausinaityte\/?page_id=19"},"modified":"2020-12-16T14:20:36","modified_gmt":"2020-12-16T16:20:36","slug":"apie-mane","status":"publish","type":"page","link":"http:\/\/web.vu.lt\/flf\/l.plausinaityte\/apie-mane\/","title":{"rendered":"Pla\u010diau apie mane"},"content":{"rendered":"<table>\n<tbody>\n<tr>\n<td width=\"200\"><img class=\"details-image\" draggable=\"false\" src=\"http:\/\/web.vu.lt\/flf\/l.plausinaityte\/wp-content\/uploads\/2019\/02\/Plausinaityte-300x300.jpg\" alt=\"\"><\/td>\n<td colspan=\"3\" width=\"640\"><strong>Lina Plau\u0161inaityt\u0117<\/strong><\/td>\n<\/tr>\n<tr>\n<td width=\"200\">Gimimo data<\/td>\n<td colspan=\"3\" width=\"640\">1974-05-13<\/td>\n<\/tr>\n<tr>\n<td width=\"200\">Mokslinis laipsnis, vardas<\/td>\n<td colspan=\"3\" width=\"640\"><strong>Humanitarini\u0173 moksl\u0173 daktar\u0117<\/strong><\/td>\n<\/tr>\n<tr>\n<td colspan=\"4\" width=\"840\">Auk\u0161tasis i\u0161silavinimas<\/td>\n<\/tr>\n<tr>\n<td width=\"200\">Auk\u0161toji mokykla<\/td>\n<td colspan=\"2\" width=\"390\">baigimo metai<\/td>\n<td width=\"250\">\u012fgyta kvalifikacija arba specialyb\u0117<\/td>\n<\/tr>\n<tr>\n<td width=\"200\">Miunsterio Vestfalijos Vilhelmo Universitetas<\/td>\n<td colspan=\"2\" width=\"390\">2000<\/td>\n<td width=\"250\">Magistra Artium (Vokie\u010di\u0173 filologija, angl\u0173 filologija, bendroji kalbotyra)<\/td>\n<\/tr>\n<tr>\n<td width=\"200\">Vilniaus Universitetas<\/td>\n<td colspan=\"2\" width=\"390\">1996<\/td>\n<td width=\"250\">Bakalauras (Vokie\u010di\u0173 filologija)<\/td>\n<\/tr>\n<tr>\n<td colspan=\"4\" width=\"840\"><strong>Studijos doktorant\u016broje<\/strong><\/td>\n<\/tr>\n<tr>\n<td width=\"200\">auk\u0161toji mokykla<\/td>\n<td width=\"270\">disertacijos tema<\/td>\n<td width=\"120\">gynimo data<\/td>\n<td width=\"250\">\u012fgytas mokslo laipsnis<\/td>\n<\/tr>\n<tr>\n<td width=\"200\">VU<\/td>\n<td width=\"270\">Jok\u016bbo Brodovskio \u017eodyno (XVIII a.) leksikografinis metodas<\/td>\n<td width=\"120\">2010-05-20<\/td>\n<td width=\"250\">Humanitarini\u0173 moksl\u0173 daktar\u0117<\/td>\n<\/tr>\n<tr>\n<td colspan=\"4\" width=\"840\"><strong>Darbo veikla<\/strong><\/td>\n<\/tr>\n<tr>\n<td width=\"200\">Metai<\/td>\n<td colspan=\"2\" width=\"390\">Pagrindin\u0117 darboviet\u0117<\/td>\n<td width=\"250\">Pareigos<\/td>\n<\/tr>\n<tr>\n<td width=\"200\">Nuo 2016<\/td>\n<td colspan=\"2\" width=\"390\">VU Filologijos fakultetas Vokie\u010di\u0173 filologijos katedra<\/td>\n<td width=\"250\">Docent\u0117<\/td>\n<\/tr>\n<tr>\n<td width=\"200\">nuo 2011<\/td>\n<td colspan=\"2\" width=\"390\">VU Filologijos fakultetas Vokie\u010di\u0173 filologijos katedra<\/td>\n<td width=\"250\">Lektor\u0117<\/td>\n<\/tr>\n<tr>\n<td width=\"200\">nuo 2000<\/td>\n<td colspan=\"2\" width=\"390\">VU Filologijos fakultetas Vokie\u010di\u0173 filologijos katedra<\/td>\n<td width=\"250\">Asistent\u0117<\/td>\n<\/tr>\n<tr>\n<td colspan=\"4\" width=\"840\"><strong>Mokslin\u0117 pedagogin\u0117 veikla<\/strong><\/td>\n<\/tr>\n<tr>\n<td colspan=\"2\" width=\"470\">mokslini\u0173 interes\u0173 kryptys<\/td>\n<td colspan=\"2\" width=\"370\">d\u0117stomi dalykai<\/td>\n<\/tr>\n<tr>\n<td colspan=\"2\" width=\"470\">\u0160iuolaikin\u0117 ir istorin\u0117 leksikografija, \u017eodyn\u0173 kritika, kalbotyros istorija, lietuvi\u0173 ir vokie\u010di\u0173 kalb\u0173 gretinimas, vertimo problemos, istorini\u0173 tekst\u0173 vertimas<\/td>\n<td colspan=\"2\" width=\"370\">Vokie\u010di\u0173 kalbos fonetika, \u0160iuolaikin\u0117 vokie\u010di\u0173 kalba, Leksikografija, Politikos vokie\u010di\u0173 kalba, Vokie\u010di\u0173 lingvistikos pagrindai, Vertimo praktika, Vertimo teorija ir istorija, Retorika ir vie\u0161asis kalb\u0117jimas, Teis\u0117s vokie\u010di\u0173 kalba<\/td>\n<\/tr>\n<tr>\n<td colspan=\"4\" width=\"840\"><strong>Mokslin\u0117s sta\u017euot\u0117s<\/strong><\/td>\n<\/tr>\n<tr>\n<td colspan=\"2\" width=\"470\">Vieta<\/td>\n<td width=\"120\">Trukm\u0117<\/td>\n<td width=\"250\">Metai<\/td>\n<\/tr>\n<tr>\n<td colspan=\"2\" width=\"470\">Greifsvaldo universitetas (Ernst-Moritz-Arndt-Universit\u00e4t Greifswald, Deutschland)<\/td>\n<td width=\"120\">1 sav.<\/td>\n<td width=\"250\">2016<\/td>\n<\/tr>\n<tr>\n<td colspan=\"2\" width=\"470\">Duisburgo-Esseno Universitetas (Universit\u00e4t Duisburg-Essen, Deutschland)<\/td>\n<td width=\"120\">1 m\u0117n.<\/td>\n<td width=\"250\">2013<\/td>\n<\/tr>\n<tr>\n<td colspan=\"2\" width=\"470\">Hercogo Augusto biblioteka (Herzog-August-Bibliothek, Wolfenb\u00fcttel, Deutschland)<\/td>\n<td width=\"120\">2 m\u0117n.<\/td>\n<td width=\"250\">2009<\/td>\n<\/tr>\n<tr>\n<td colspan=\"2\" width=\"470\">Hercogo Augusto biblioteka (Herzog-August-Bibliothek, Wolfenb\u00fcttel, Deutschland)<\/td>\n<td width=\"120\">3 m\u0117n.<\/td>\n<td width=\"250\">2008<\/td>\n<\/tr>\n<tr>\n<td colspan=\"2\" width=\"470\">Vestfalijos Miunsterio Universitetas (Westf\u00e4lische-Wilhelms-Universit\u00e4t M\u00fcnster, Deutschland)<\/td>\n<td width=\"120\">2 sav.<\/td>\n<td width=\"250\">2007<\/td>\n<\/tr>\n<\/tbody>\n<\/table>\n","protected":false},"excerpt":{"rendered":"<p>Lina Plau\u0161inaityt\u0117 Gimimo data 1974-05-13 Mokslinis laipsnis, vardas Humanitarini\u0173 moksl\u0173 daktar\u0117 Auk\u0161tasis i\u0161silavinimas Auk\u0161toji mokykla baigimo metai \u012fgyta kvalifikacija arba specialyb\u0117 Miunsterio Vestfalijos Vilhelmo Universitetas 2000 Magistra Artium (Vokie\u010di\u0173 filologija, angl\u0173 filologija, bendroji kalbotyra) Vilniaus Universitetas 1996 Bakalauras (Vokie\u010di\u0173 filologija) Studijos doktorant\u016broje auk\u0161toji mokykla disertacijos tema gynimo data \u012fgytas mokslo laipsnis VU Jok\u016bbo Brodovskio \u017eodyno [&hellip;]<\/p>\n","protected":false},"author":1,"featured_media":0,"parent":0,"menu_order":0,"comment_status":"closed","ping_status":"closed","template":"","meta":[],"_links":{"self":[{"href":"http:\/\/web.vu.lt\/flf\/l.plausinaityte\/wp-json\/wp\/v2\/pages\/19"}],"collection":[{"href":"http:\/\/web.vu.lt\/flf\/l.plausinaityte\/wp-json\/wp\/v2\/pages"}],"about":[{"href":"http:\/\/web.vu.lt\/flf\/l.plausinaityte\/wp-json\/wp\/v2\/types\/page"}],"author":[{"embeddable":true,"href":"http:\/\/web.vu.lt\/flf\/l.plausinaityte\/wp-json\/wp\/v2\/users\/1"}],"replies":[{"embeddable":true,"href":"http:\/\/web.vu.lt\/flf\/l.plausinaityte\/wp-json\/wp\/v2\/comments?post=19"}],"version-history":[{"count":6,"href":"http:\/\/web.vu.lt\/flf\/l.plausinaityte\/wp-json\/wp\/v2\/pages\/19\/revisions"}],"predecessor-version":[{"id":106,"href":"http:\/\/web.vu.lt\/flf\/l.plausinaityte\/wp-json\/wp\/v2\/pages\/19\/revisions\/106"}],"wp:attachment":[{"href":"http:\/\/web.vu.lt\/flf\/l.plausinaityte\/wp-json\/wp\/v2\/media?parent=19"}],"curies":[{"name":"wp","href":"https:\/\/api.w.org\/{rel}","templated":true}]}}