{"id":13,"date":"2016-10-28T10:29:36","date_gmt":"2016-10-28T12:29:36","guid":{"rendered":"http:\/\/web.vu.lt\/flf\/l.plausinaityte\/?page_id=13"},"modified":"2022-08-31T13:58:58","modified_gmt":"2022-08-31T15:58:58","slug":"konferenciju-pranesimai","status":"publish","type":"page","link":"http:\/\/web.vu.lt\/flf\/l.plausinaityte\/konferenciju-pranesimai\/","title":{"rendered":"Konferencij\u0173 prane\u0161imai"},"content":{"rendered":"<p><strong>Prane\u0161imai konferencijose ir konferencij\u0173 med\u017eiaga<br \/>\n<\/strong><\/p>\n<p><strong>2022<\/strong><\/p>\n<p><strong>\u201eDeutscher Kalender f\u00fcr Litauen\u201c (1922-1939). Das (Eigen)-Bild der deutschen Minderheit im Litauen der Zwischenkriegszeit<\/strong>, LU 80. starptautisk\u0101 zin\u0101tnisk\u0101 konference, HZF \u0122erm\u0101nistikas noda\u013ca, <strong> gada 25. mart\u0101, plkst. 10:00-16:00<\/strong>, Deutsch im Baltikum: aktuelle Forschungsaspekte \/ V\u0101cu valoda Baltij\u0101. Aktu\u0101lie p\u0113tniec\u012bbas aspekti \/ German in the Baltics: Current Research Aspects (kartu su Justina Daunoriene).<\/p>\n<p><strong>Leksikografiniai elementai XIX a. Ma\u017eosios Lietuvos lietuvi\u0173 kalbos vadov\u0117liuose<\/strong>, 3-ioji tarptautin\u0117 hibridin\u0117 Prano Skard\u017eiaus konferencija, skirta P. Skard\u017eiaus \u201eSlav\u0173 skoliniai lietuvi\u0173 kalboje\u201c (1931) ir \u201eLietuvi\u0173 kalbos \u017eod\u017ei\u0173 daryba\u201c (1943) pamin\u0117ti. Bistrampolio dvaras, 2022 gegu\u017e\u0117s 19-21 d. (kartu su Vilma Zubaitiene).<\/p>\n<p><strong>2021<\/strong><\/p>\n<p><strong>Tradicija ir inovacijos XIX a. Pr\u016bsijoje leistose lietuvi\u0173 kalbos mokyklin\u0117se gramatikose.<\/strong> XIII Tarptautinis baltist\u0173 kongresas \u201eBalt\u0173 kalbos laike ir erdv\u0117je\u201c, 2021 m. spalio 13\u201315 d., Ryga: Latvijos universitetas, [nuotolin\u0117]. (kartu su Vilma Zubaitiene) <a href=\"https:\/\/dspace.lu.lv\/dspace\/bitstream\/handle\/7\/56659\/XIII_Starpt_baltistu_kongress_tezes.pdf?sequence=1&amp;isAllowed=y\">Tez\u0117s<\/a><\/p>\n<p><strong>Veiksma\u017eod\u017eio skyrius Kristijono Gotlybo Milkaus (1800) gramatikoje: Ruigio perdirbinys ar savaranki\u0161kas apra\u0161as?<\/strong> prof. Artura Ozola dienas starptautisk\u0101 zin\u0101tnisk\u0101 konference \u201eGramatika un valodas apguve\u201d, 2021 m. kovo 18\u201319 d., Ryga, Latvija [nuotolin\u0117]. <a href=\"http:\/\/web.vu.lt\/flf\/v.zubaitiene\/files\/2014\/01\/e-PDF_Ozola_konf_tezes_2020.pdf\">e-PDF_Ozola_konf_tezes_2020<\/a><\/p>\n<p><strong>2020<\/strong><\/p>\n<p>Die Presse der deutschen Minderheit in Litauen 1918-1940: digitalisierte Quellen und Forschungsperspektiven. (kartu su Vidmante Nareckaite) 56th Linguistics Colloquium. Translation, Multilinguality and Cognition. 26-28. Nov. 2020, Abstrakte unter: https:\/\/drive.google.com\/file\/d\/1JeYBfND9igidWnuGqNXI9kdgLAnCcHHe\/view<\/p>\n<p>Die litauische Grammatik von Christian Gottlieb Mielcke und ihr Verh\u00e4ltnis zum Quellentext von Ruhig (kartu su V. Zubaitiene). Baltische Erz\u00e4hl-und Lebenswelten. Kultur-, literatur-, translations-und sprachwissenschaftliche Aspekte. Internationale Tagung, Universit\u00e4t Tallinn 17.-19.09.2020, Abstrakte unter: https:\/\/www.tlu.ee\/sites\/default\/files\/Baltische%20Erz%C3%A4hl-%20und%20Lebenswelten%20Tallinn%202020%20Abstractheft_0.pdf<\/p>\n<p><strong>2019<\/strong><\/p>\n<p>Deutschsprachige Entsprechungen der litauischen Sprichw\u00f6rter in Constant von Wurzbachs Sprichw\u00f6rtersammlung Die Sprichw\u00f6rter der Polen historisch erl\u00e4utert (1852), Internationale wissenschaftliche Tagung Feste Wortverbindungen in Forschung und Lehre: Phraseologismen, Kollokationen und Verwandtes. In Erinnerung an Saulius Lapinskas (1954-2014), Vilnius, 11.-12. Oktober 2019<\/p>\n<p>\u201ePovilo Ruigio ir Kristijono Gotlybo Milkaus gramatik\u0173 santykis vert\u0117jo akimis\u201c, Tarptautin\u0117 konferencija, skirta Kazimiero B\u016bgos 140-osioms gimimo metin\u0117ms \u201eBalt\u0173 kalbotyros problemos: istoriniai, tipologiniai ir arealiniai tyrimai\u201c, Bir\u0161tonas, 2019 09 26-28<strong><br \/>\n<\/strong><\/p>\n<p><strong>2018<\/strong><\/p>\n<p>\u201eAkademini\u0173 frazi\u0173 vartojimas gamtos ir biomedicinos moksl\u0173 student\u0173 bakalauro baigiamuosiuose darbuose\u201c. XXV tarptautin\u0117 J. Jablonskio konferencija \u201eVarianti\u0161kumas kalbose ir j\u0173 atmainose\u201c, Vilnius 2018 09 25-27 d.<\/p>\n<p>\u201eDeutschsprachige Gebrauchsliteratur als Quelle des handschriftlichen zweisprachigen deutsch-litauischen W\u00f6rterbuchs von Jacob Brodowski (18. Jh.)\u201c, <em>Sprach- und Kulturkontakte im Ostseeraum. Interdisziplin\u00e4re Tagung<\/em>, Ryga, Latvija, 2018 09 20-22 d. (kartu su dr. Vilma Zubaitiene)<\/p>\n<p>\u201eDie Quellen der litauischen Sprichw\u00f6rter in Constant von Wurzbachs Sammlung \u201eDie Sprichw\u00f6rter der Polen historisch erl\u00e4utert &#8230; mit den eigenth\u00fcmlichsten der Lithauer&#8230;\u201c <em>800 Jahre Deutsch-Baltischer Beziehungen und kulturellen Wechselwirkungen im baltischen Sprachraum<\/em>, Wolfenb\u00fcttel, Deutschland 2018 05 17-19.<\/p>\n<p><strong>2016<\/strong><\/p>\n<p>\u201eLexikographische Erfassung der Sprichw\u00f6rter in den neueren deutsch-litauischen W\u00f6rterb\u00fcchern\u201c, 51.\u00a0Linguistisches Kolloquium \u201eFremde und eigene Sprachen. Linguistische Perspektiven\u201c Vilnius 2016 rugs\u0117jo 8.-10., <a href=\"http:\/\/www.linguistisches-kolloquium.flf.vu.lt\/de\">http:\/\/www.linguistisches-kolloquium.flf.vu.lt\/de<\/a><\/p>\n<p>\u201eDie litauische \u00dcbersetzung des Neuen Testaments (1727, 1735) als Quelle der litauischen Lexikographie des 18. Jhs.\u201c. Baltische Bildungsgeschichten. Interdisziplin\u00e4re Tagung, 19.-22.9.2016, Tartu, <a href=\"https:\/\/sisu.ut.ee\/bildungsgeschichten\/\">https:\/\/sisu.ut.ee\/bildungsgeschichten\/<\/a> (kartu su dr. Vilma Zubaitiene)<\/p>\n<p>\u201eLietuvi\u0161k\u0173 patarli\u0173 reik\u0161mi\u0173 interpretacijos Constantino von Wurzbacho \u201eDie Sprichw\u00f6rter der Polen historisch erl\u00e4utert, mit Hinblick auf die eigenth\u00fcmlichsten der Lithauer&#8230;\u201c (1852)\u201c. Tarptautin\u0117 mokslin\u0117 23-\u010dioji Jono Jablonskio konferencija. Reik\u0161m\u0117 kalboje ir kult\u016broje. 2016 m. rugs\u0117jo 23\u201324 d., <a href=\"http:\/\/www.jablonskis2016.flf.vu.lt\/wp-content\/uploads\/2016\/04\/Senosios-ra%C5%A1tijos-sekcijos-tez%C4%97s3.pdf\">http:\/\/www.jablonskis2016.flf.vu.lt\/wp-content\/uploads\/2016\/04\/Senosios-ra%C5%A1tijos-sekcijos-tez%C4%97s3.pdf<\/a><\/p>\n<p><strong>2015<\/strong><\/p>\n<p>\u201eBrodovskio \u017eodyno voki\u0161k\u0173 ir lietuvi\u0161k\u0173 patarli\u0173 santykis\u201c, <em>XII Tarptautinis Baltist\u0173 kongresas<\/em>. Vilnius 2015 m. spalio 26-29.<\/p>\n<p><strong>2014<\/strong><\/p>\n<p>\u201eZweisprachige Fachw\u00f6rterb\u00fccher f\u00fcr das Sprachenpaar Deutsch und Litauisch: Bestandsaufnahme, Strukturen und Probleme\u201c (Dvikalbiai vokie\u010di\u0173 ir lietuvi\u0173 kalb\u0173 termin\u0173 \u017eodynai: leidini\u0173 registras, strukt\u016bros ir problemos) <em>Sprache in der Wissenschaft: Germanistische Einblicke<\/em>. 2014 m. rugs\u0117jo 23 -26 d.<\/p>\n<p><strong>2012<\/strong><\/p>\n<p>\u201eSvetim\u017eod\u017ei\u0173 papildym\u0173 grup\u0117 J. Brodovskio \u017eodyne\u201c (kartu su dr. V. Zubaitiene), <em>Balt\u0173 kult\u016bra ir kalba<\/em>, Klaip\u0117dos universitetas. 2012 m. bir\u017eelio m\u0117n.<\/p>\n<p>\u201eGramatin\u0117 informacija Jok\u016bbo Brodovskio \u017eodyne\u201d, <em>Karaliau\u010diaus Imanuelio Kanto universiteto tarptautin\u0117 konferencija, skirta Danieliaus Kleino gramatikos 355 met\u0173 sukak\u010diai pa\u017eym\u0117ti<\/em>, 2008 m. spalio m\u0117n.<\/p>\n<p>\u201dJok\u016bbo Brodovskio \u017eodyno makrostrukt\u016bra\u201d. <em>Respublikin\u0117 VU doktorant\u0173 konferencija<\/em>, 2007 m. baland\u017eio m\u0117n.<\/p>\n<p>\u201dNeleksikografiniai Jok\u016bbo Brodovskio \u017eodyno \u0161altiniai\u201d. <em>Litauische Anglistik und Germanistik im internationalen Dialog: Tradition und Perspektiven<\/em>. Vilniaus universitetas, 2008 m. rugs\u0117jo 19 d.<\/p>\n<p>\u201eDas handschriftliche W\u00f6rterbuch von Jacob Brodowski (18. Jh.): Aspekte der Lemmatisierung\u201c (Kai kurie rankra\u0161tinio Jok\u016bbo Brodovskio \u017eodyno [XVIII a.] lematizacijos aspektai). <em>Tarptautin\u0117 germanist\u0173 konferencija Krokuvos Jogailai\u010di\u0173 universitete<\/em>, 2007 m. spalio m\u0117n.<\/p>\n<p>\u201e<em>Gegenwartsdeutsch<\/em> I (1-2): naujovi\u0161ka ir patrauklu\u201c (kartu su dr. V. Masiulionyte). <em>Kalbos Lietuvoje: siekiai ir laim\u0117jimai.<\/em> Lietuvos kalb\u0173 pedagog\u0173 asociacija, Valstyb\u0117s institucij\u0173 kalb\u0173 centras, 2007 m. bir\u017eelio 18-19 d.<\/p>\n<p><strong>\u00a0<\/strong><\/p>\n<p><strong>Prane<\/strong><strong>\u0161imas germanist\u0173 <\/strong><strong>kolokviume:<\/strong><\/p>\n<p>\u201eDas deutsch-litauische W\u00f6rterbuch von Jacob Brodowski (18. Jh.) \u2013 Besonderheiten der Makrostruktur\u201c (Vokie\u010di\u0173-lietuvi\u0173 kalb\u0173 \u017eodynas (XVIII a.): Makrostrukt\u016bros ypatumai), <em>Vokie\u010di\u0173 kalbotyros kolokviumas<\/em> \u201eKolloquium Deutsche Sprachwissenschaft\u201c, Vilniaus Universitetas, 2007 m. spalio 30 d.<\/p>\n","protected":false},"excerpt":{"rendered":"<p>Prane\u0161imai konferencijose ir konferencij\u0173 med\u017eiaga 2022 \u201eDeutscher Kalender f\u00fcr Litauen\u201c (1922-1939). Das (Eigen)-Bild der deutschen Minderheit im Litauen der Zwischenkriegszeit, LU 80. starptautisk\u0101 zin\u0101tnisk\u0101 konference, HZF \u0122erm\u0101nistikas noda\u013ca, gada 25. mart\u0101, plkst. 10:00-16:00, Deutsch im Baltikum: aktuelle Forschungsaspekte \/ V\u0101cu valoda Baltij\u0101. Aktu\u0101lie p\u0113tniec\u012bbas aspekti \/ German in the Baltics: Current Research Aspects (kartu su [&hellip;]<\/p>\n","protected":false},"author":1,"featured_media":0,"parent":0,"menu_order":1,"comment_status":"closed","ping_status":"closed","template":"","meta":[],"_links":{"self":[{"href":"http:\/\/web.vu.lt\/flf\/l.plausinaityte\/wp-json\/wp\/v2\/pages\/13"}],"collection":[{"href":"http:\/\/web.vu.lt\/flf\/l.plausinaityte\/wp-json\/wp\/v2\/pages"}],"about":[{"href":"http:\/\/web.vu.lt\/flf\/l.plausinaityte\/wp-json\/wp\/v2\/types\/page"}],"author":[{"embeddable":true,"href":"http:\/\/web.vu.lt\/flf\/l.plausinaityte\/wp-json\/wp\/v2\/users\/1"}],"replies":[{"embeddable":true,"href":"http:\/\/web.vu.lt\/flf\/l.plausinaityte\/wp-json\/wp\/v2\/comments?post=13"}],"version-history":[{"count":11,"href":"http:\/\/web.vu.lt\/flf\/l.plausinaityte\/wp-json\/wp\/v2\/pages\/13\/revisions"}],"predecessor-version":[{"id":137,"href":"http:\/\/web.vu.lt\/flf\/l.plausinaityte\/wp-json\/wp\/v2\/pages\/13\/revisions\/137"}],"wp:attachment":[{"href":"http:\/\/web.vu.lt\/flf\/l.plausinaityte\/wp-json\/wp\/v2\/media?parent=13"}],"curies":[{"name":"wp","href":"https:\/\/api.w.org\/{rel}","templated":true}]}}