{"id":87,"date":"2020-12-02T14:05:28","date_gmt":"2020-12-02T16:05:28","guid":{"rendered":"http:\/\/web.vu.lt\/flf\/k.geben\/?page_id=87"},"modified":"2026-01-16T12:31:50","modified_gmt":"2026-01-16T14:31:50","slug":"svieciamoji-ir-mokslo-sklaidos-veikla","status":"publish","type":"page","link":"http:\/\/web.vu.lt\/flf\/k.geben\/svieciamoji-ir-mokslo-sklaidos-veikla\/","title":{"rendered":"Edukacin\u0117 ir socialin\u0117 veikla | Educational and social activities"},"content":{"rendered":"\n<p>Member of the Evaluation Committee in the Olympiad of Polish in Lithuania| 2014, 2015, 2016, 2019, 2020, 2021, 2022, <a href=\"https:\/\/www.lmnsc.lt\/uplfiles4\/Protokolas%20lenk%C5%B3%20kalbos%20olimpiados%202023.pdf\">2023<\/a>, <a href=\"https:\/\/www.lmnsc.lt\/uplfiles4\/lenku%20kalbos%20PROTOKOLAS_2024.pdf\">2024<\/a>, <a href=\"https:\/\/www.lmnsc.lt\/uplfiles4\/lenku%20kalbos%20PROTOKOLAS_2025.pdf\">2025 <\/a>m. Lietuvos Respublikos lenk\u0173 kalbos ir literat\u016bros olimpiados (nacionalinio mokslo renginio) vertinimo komisijos nar\u0117.<\/p>\n\n\n\n<p><strong>MOST IMPORTANT RESEARCH DISSEMINATION ACTIVITIES<\/strong><\/p>\n\n\n\n<p>Interviu. Biuletyn Polonistyczny \u201e\u0141\u0105czy nas wi\u0119cej ni\u017c tylko wspomnienie olimpiady\u201d. Od udzia\u0142u w zawodach OLiJP do pracy naukowej, 2025 11 17 <a href=\"https:\/\/www.youtube.com\/watch?v=IitB1QLUmK8\">https:\/\/www.youtube.com\/watch?v=IitB1QLUmK8<\/a><\/p>\n\n\n\n<p>TVP Wilno \u00a02025.12.04 Interviu: <a href=\"https:\/\/wilno.tvp.pl\/90373122\/czy-mlodziez-polskana-litwie-chce-mowic-poprawnie-po-polsku?fbclid=IwY2xjawPXKaxleHRuA2FlbQIxMQBzcnRjBmFwcF9pZBAyMjIwMzkxNzg4MjAwODkyAAEeu6QwSSBuKT6dNqEN0oiqoIGAq9SHI15YuErDnmTWAx9HoCJNbxCHQv7dfMk_aem_2p4E-v0fNcT9cJHQLJ1ueg\">Czy m\u0142odzie\u017c polska\u00a0na Litwie chce m\u00f3wi\u0107 poprawnie po polsku?<\/a><\/p>\n\n\n\n<p>Interviu TVPWilno <a href=\"https:\/\/wilno.tvp.pl\/86901454\/wilno-na-dzien-dobry-75\">25.05.2025<\/a><\/p>\n\n\n\n<p>Interviu TVP Wilno: 2025 11 23 <a href=\"https:\/\/wilno.tvp.pl\/90166433\/mlodziezowe-slowo-roku\">https:\/\/wilno.tvp.pl\/90166433\/mlodziezowe-slowo-roku<\/a><\/p>\n\n\n\n<p>Interviu TVP Wilno: <a href=\"https:\/\/wilno.tvp.pl\/85219714\/miedzynarodowy-dzien-jezyka-ojczystego\">https:\/\/wilno.tvp.pl\/85219714\/miedzynarodowy-dzien-jezyka-ojczystego<\/a> (2025 02 21)<\/p>\n\n\n\n<p><em>Biuletyn Polonistyczny<\/em> interviu: <em>Zmiany w pisowni pod lup\u0105 badaczy z Litwy. Rozmowa z doc. dr King\u0105 Geben <\/em><a href=\"https:\/\/biuletynpolonistyczny.pl\/pl\/articles\/zmiany-w-pisowni-pod-lupa-badaczy-z-litwy-rozmowa-z-doc-dr-kinga-geben,361\/details\"><strong>2025-04-25<\/strong><\/a> <a href=\"https:\/\/biuletynpolonistyczny.pl\/pl\/articles\/zmiany-w-pisowni-pod-lupa-badaczy-z-litwy-rozmowa-z-doc-dr-kinga-geben,361\/details\">https:\/\/biuletynpolonistyczny.pl\/pl\/articles\/zmiany-w-pisowni-pod-lupa-badaczy-z-litwy-rozmowa-z-doc-dr-kinga-geben,361\/details<\/a><\/p>\n\n\n\n<p>2025-04-28&nbsp;<em>doc. Vitalijos Kazlauskien\u0117s, doc. Anastasijos Belovodskajos, doc. Kingos Geben, doc. Virginijos Masiulionyt\u0117s, doc. Dianos \u0160ileikait\u0117s-Kaishauri ir asist. dr. Egl\u0117s \u017durauskait\u0117s<\/em> informacinis straipsnis <a href=\"https:\/\/naujienos.vu.lt\/ir-mentorius-ir-kritikas-kaip-dirbtinis-intelektas-padeda-mokytis-kalbu\/?fbclid=IwY2xjawJ8UXdleHRuA2FlbQIxMABicmlkETBxcWtVbnRGcEtIaWhiZmhnAR60mZZErTP73F6Soh6DMq4238FhMpULzVzxjCglK05N3oXUF4erLEKgYsZGSA_aem_uulgbsWt8QfBuqEl63srkg\">\u201eIr mentorius, ir kritikas \u2013 kaip dirbtinis intelektas padeda mokytis kalb\u0173?<\/a>\u201e<\/p>\n\n\n\n<p><a href=\"https:\/\/wilno.tvp.pl\/74702380\/dyktando-poswiecone-aleksandrowi-fredrze\">2023<\/a>, <a href=\"https:\/\/polskidom.lt\/pl\/events\/dyktando-2022\/\">2022<\/a>, 2021 Vie\u0161\u0173j\u0173 diktant\u0173 diktanto autor\u0117. Lenk\u0173 kult\u016bros namai.  <\/p>\n\n\n\n<p>Projekto \u201eTautin\u0117s ma\u017eumos (baltarusi\u0173, lenk\u0173, rus\u0173, vokie\u010di\u0173) gimtosios kalbos ir literat\u016bros bendroji programa. Pradinis ir pagrindinis ugdymas\u201c<strong> <a href=\"https:\/\/www.emokykla.lt\/upload\/EMOKYKLA\/BP\/2021-11-03\/BP\/Tautin%C4%97s%20ma%C5%BEumos%20gimtoji%20kalba%20ir%20literat%C5%ABra%20BP%20projektas%202021.11.03.pdf\">redakcijos grup\u0117s nar\u0117<\/a><\/strong><a href=\"https:\/\/www.emokykla.lt\/upload\/EMOKYKLA\/BP\/2021-11-03\/BP\/Tautin%C4%97s%20ma%C5%BEumos%20gimtoji%20kalba%20ir%20literat%C5%ABra%20BP%20projektas%202021.11.03.pdf\">.<\/a><\/p>\n\n\n\n<p><strong>Interviews for the Lithuanian national radio and television <\/strong><\/p>\n\n\n\n<p>Interviu LRT Klasika \u201eSantara\u201c <a href=\"https:\/\/www.lrt.lt\/radioteka\/irasas\/2000618101\/duze-zmiany-w-zasadach-ortografii?episode=2807284&amp;season=%2Fradioteka%2Flaida%2Fsantara-laida-lenku-kalba%2F2026\">2026.01.15<\/a> |Du\u017ce zmiany w zasadach ortografii (0.10.00-0.29.00)<\/p>\n\n\n\n<p>Interviu LRT Klasika, Laida \u201eKalbos rytas\u201c (Ved. Tomas Riklius) <a href=\"https:\/\/www.lrt.lt\/radioteka\/irasas\/2000610025\/mokslininke-kinga-geben-naujos-lenku-kalbos-rasybos-taisykles-gan-neiprastos?fbclid=IwY2xjawPXDxVleHRuA2FlbQIxMABicmlkETBkVW9RTkhhaHZNYWNDYlc2c3J0YwZhcHBfaWQQMjIyMDM5MTc4ODIwMDg5MgABHnffKKzzKf8UrXFWcXvlwa9YolM1BoYk7wWdFIAVzIi_mZcUKhhJGwP3qA13_aem_pkCdHSbrDYudDGSAfzKbmg\">2026.01.07<\/a><\/p>\n\n\n\n<p>Interviu LRT &nbsp;<a href=\"https:\/\/www.lrt.lt\/pl\/wiadomosci\/1261\/2025067\/dr-geben-liczymy-na-to-ze-jezyk-polski-w-litewskich-szkolach-pojawi-sie-jako-obcy?fbclid=IwAR3Uztc4iP9pwRfLy1GNUt6EuWm-O59LCTR8wVigZv-a4WTkLzEuc_C_7_E\">2023.06.30 08:30<\/a> <\/p>\n\n\n\n<p>Interviu LRT <a href=\"https:\/\/www.lrt.lt\/naujienos\/lietuvoje\/2\/1887453\/lenku-kalba-kaip-antroji-uzsienio-kalba-issukiu-keltu-pedagogu-trukumas-o-knygas-tektu-siustis-is-lenkijos?fbclid=IwAR1GTHmVdtFB1yxO0bsf7gJzBAWELENyNgeeZc9m9MwcYbiWuKqxZGCuxZs\">2023.02.10 23:03<\/a> <\/p>\n\n\n\n<p>Interviu LRT \u201ePolski meet\u201c <a href=\"https:\/\/www.lrt.lt\/mediateka\/irasas\/2000212501\/polski-meet-jezyk-polski-na-wilenszczyznie-czy-mozna-go-oczyscic-z-rusycyzmow?fbclid=IwAR0CGjKXYwC8p9U36EfGUUGrWThaR3EjCG7yQDUDHYBqNUsjikOolQisDac\">2022 05 05<\/a> <\/p>\n\n\n\n<p>Interviu LRT portale <a href=\"https:\/\/www.lrt.lt\/pl\/wiadomosci\/1261\/1689268\/dr-kinga-geben-polszczyzna-na-wilenszczyznie-ewoluuje-w-kierunku-polszczyzny-kuchennej?fbclid=IwAR09FzgWSG1PkgnIRHlxXIt_OyBEjFVY8r9mTqM1PtEomOaSnoU6roZkibQ\">2022 05 05<\/a><\/p>\n\n\n\n<p>Interviu <a href=\"https:\/\/www.lrt.lt\/mediateka\/irasas\/2000120623\/kas-geresnio-kaimyne-ar-lietuvos-lenkams-gresia-antrine-rusifikacija?fbclid=IwAR0kVR23l1a5H50hF07V9nH1icz1I_n_JSi25jO_3d_1mvevPa19mxFA35Y\">LRT<\/a> 2020 09 11<\/p>\n\n\n\n<p>Interviu <a href=\"https:\/\/ru.delfi.lt\/news\/live\/v-studii-delfi-tv-chto-proishodit-s-polskim-i-russkim-yazykami-v-litve.d?id=82869803&amp;fbclid=IwAR2N81ttl7TCazlhZ3Nbrog92hRAdUeqSkk7Aw62iSc15i1WZHTWT1KWwDk#cxrecs_s\">DelfiTV<\/a> 2019 11 25<\/p>\n\n\n\n<p><strong>zw.lt<\/strong>: 2023 08 04 <a href=\"https:\/\/zw.lt\/kultura-historia\/ludzie-kulturalni-kinga-geben\/?fbclid=IwAR3OTMJc6UhUwTakU79w3GlAJoO0FJjr4R1O_3eW9NsjvqBGjvBg0VfT998\">Pokalbis<\/a> apie lenk\u0173 filologijos studijas, \u201eZnad Wilii\u201c , \u201eBiuletyn Polonistyczny\u201c <a href=\"https:\/\/biuletynpolonistyczny.pl\/en\/news\/po-viii-swiatowym-kongresie-polonistow-od-redakcji,774\/details\">2023 07 23<\/a><\/p>\n\n\n\n<p>Programos vaikams \u201eDetektyw Literka\u201d konsultant\u0117, <strong>TVP Wilno<\/strong>. <a href=\"https:\/\/www.youtube.com\/playlist?list=PLjPUCfhfznVHdO0BIiXSaCcGCRhWay7kS\">2023-2025<\/a><\/p>\n\n\n\n<p>2018-2019: Paklausykite radijuje \u201eZnad Wilii\u201c paskelbtas vie\u0161\u0105sias taisyklingos lenk\u0173 kalbos pamok\u0117les (15): <\/p>\n\n\n\n<p><a href=\"http:\/\/zw.lt\/zw-tv\/gramatyczne-poniedzialki-z-zw-lt-pozdrawiam\/;\">Pozdrawiam<\/a><\/p>\n\n\n\n<p> <a href=\"http:\/\/zw.lt\/zw-tv\/gramatyczne-poniedzialki-zw-lt-zwroty-grzecznosciowe\/;\">Zwroty grzeczno\u015bciowe<\/a><\/p>\n\n\n\n<p><a href=\"http:\/\/zw.lt\/zw-tv\/gramatyczne-poniedzialki-zw-lt-schodzic-2\/;\">Schodzi\u0107<\/a><\/p>\n\n\n\n<p><a href=\"http:\/\/zw.lt\/zw-tv\/gramatyczne-poniedzialki-zw-lt-dawaj\/;\">Dawaj<\/a><\/p>\n\n\n\n<p><a href=\"http:\/\/zw.lt\/zw-tv\/gramatyczne-poniedzialki-zw-lt-nadojadac\/;\">Nadojada\u0107<\/a><\/p>\n\n\n\n<p><a href=\"http:\/\/zw.lt\/zw-tv\/gramatyczne-poniedzialki-zw-lt-obcowac\/;\">Obcowa\u0107<\/a><\/p>\n\n\n\n<p><a href=\"http:\/\/zw.lt\/zw-tv\/gramatyczne-poniedzialki-z-zw-lt-kosa\/;\">Kosa<\/a><\/p>\n\n\n\n<p><a href=\"http:\/\/zw.lt\/zw-tv\/gramatyczne-poniedzialki-z-zw-lt-celownik-rodzaju-meskiego\/;\">Celownik<\/a> rodzaju m\u0119skiego<\/p>\n\n\n\n<p><a href=\"http:\/\/zw.lt\/zw-tv\/gramatyczne-poniedzialki-z-zw-lt-papka\/;\">Papka<\/a><\/p>\n\n\n\n<p><a href=\"http:\/\/zw.lt\/zw-tv\/gramatyczne-poniedzialki-z-zw-lt-odkryc-zakryc\/;\">Odkry\u0107<\/a><\/p>\n\n\n\n<p><a href=\"http:\/\/zw.lt\/zw-tv\/gramatyczne-poniedzialki-z-zw-lt-nazwiska-w-liczbie-mnogiej\/;\">Nazwiska<\/a> i ich poprawna odmiana<\/p>\n\n\n\n<p><a href=\"http:\/\/zw.lt\/zw-tv\/gramatyczne-poniedzialki-z-zw-lt-zyc-mieszkac\/\">\u017by\u0107<\/a><\/p>\n\n\n\n<p><a href=\"http:\/\/zw.lt\/zw-tv\/gramatyczne-poniedzialki-z-zw-lt-trzec-drzec-umrzec\/;\">Trze\u0107<\/a><\/p>\n\n\n\n<p><a href=\"http:\/\/zw.lt\/zw-tv\/gramatyczne-poniedzialki-z-zw-lt-z-nowym-rokiem\/\">Z Nowym Rokiem<\/a><\/p>\n\n\n\n<p><a href=\"http:\/\/zw.lt\/zw-tv\/gramatyczne-poniedzialki-z-zw-lt-tryb-warunkowy\/\">Tryb warunkowy<\/a> &#8211; u\u017cycie \u201egdyby\u201c w zdaniu<\/p>\n\n\n\n<p> Parengiau studentus vie\u0161osioms taisyklingos lenk\u0173 kalbos pamok\u0117l\u0117ms (13 pamok\u0117li\u0173): <a href=\"http:\/\/zw.lt\/zw-tv\/gramatyczne-poniedzialki-z-zw-lt-na-autobusie\/;\">Na autobusie<\/a>, <a href=\"http:\/\/zw.lt\/zw-tv\/gramatyczne-poniedzialki-z-zw-lt-siny\/;\">siny<\/a>, <a href=\"https:\/\/zw.lt\/zw-tv\/gramatyczne-poniedzialki-z-zw-lt-zajac-i-gapa\/;\">zaj\u0105c<\/a>, <a href=\"https:\/\/zw.lt\/zw-tv\/gramatyczne-poniedzialki-z-zw-lt-awaria\/;\">awaria<\/a>, <a href=\"https:\/\/zw.lt\/zw-tv\/gramatyczne-poniedzialki-z-zw-lt-dekret\/;\">dekret<\/a>, <a href=\"https:\/\/zw.lt\/zw-tv\/gramatyczne-poniedzialki-z-zw-lt-kosc-i-kostka\/;\">ko\u015b\u0107<\/a>,<a href=\"https:\/\/zw.lt\/zw-tv\/gramatyczne-poniedzialki-z-zw-lt-idzie-deszcz\/;\"> idzie deszcz<\/a>, <a href=\"https:\/\/zw.lt\/zw-tv\/gramatyczne-poniedzialki-z-zw-lt-przedstawic\/;\">przedstawi\u0107<\/a>, <a href=\"https:\/\/zw.lt\/zw-tv\/gramatyczne-poniedzialki-z-zw-lt-lajkowac-i-hejtowac\/\">lajkowa\u0107<\/a>, <a href=\"https:\/\/zw.lt\/zw-tv\/gramatyczne-poniedzialki-z-zw-lt-nu-nu\/;\">nunu<\/a> , <a href=\"https:\/\/zw.lt\/zw-tv\/gramatyczne-poniedzialki-z-zw-lt-drugi\/;\">drugi<\/a>, <a href=\"https:\/\/zw.lt\/zw-tv\/gramatyczne-poniedzialki-z-zw-lt-karkac\/;\">kraka\u0107<\/a>, <a href=\"https:\/\/zw.lt\/zw-tv\/gramatyczne-poniedzialki-z-zw-lt-naduc-sie\/\">nad\u0105\u0107 si\u0119<\/a><\/p>\n\n\n\n<p>2014.01.16 <a href=\"https:\/\/www.youtube.com\/watch?v=1fhS6rNOh2I\">Vaizdo \u012fra\u0161as<\/a> i\u0161 VU TSPMI student\u0173 korporacijos \u201eRePublica\u201c surengto seminaro \u201ePolish-Lithuanian Academy\u201c.<\/p>\n\n\n\n<p><strong>Apdovanojimai<\/strong><\/p>\n\n\n\n<p><a href=\"https:\/\/tmde.lrv.lt\/public\/canonical\/1736921184\/9374\/Apdovanotieji%20asmenys%202024%20metais_vie%C5%A1inti.pdf\">2024<\/a> Tautini\u0173 ma\u017eum\u0173 departamento III laipsnio Sidabro garb\u0117s \u017eenklas \u201eU\u017e nuopelnus\u201c<\/p>\n\n\n\n<p><a href=\"https:\/\/www.facebook.com\/Lenkijosinstitutas\/photos\/a.212813032090475\/2626939947344426\/?type=3\">2019<\/a> \u201eU\u017e nuopelnus\u201c Lenkijos Auksinis kry\u017eius<\/p>\n","protected":false},"excerpt":{"rendered":"<p>Member of the Evaluation Committee in the Olympiad of Polish in Lithuania| 2014, 2015, 2016, 2019, 2020, 2021, 2022, 2023, 2024, 2025 m. Lietuvos Respublikos lenk\u0173 kalbos ir literat\u016bros olimpiados (nacionalinio mokslo renginio) vertinimo komisijos nar\u0117. MOST IMPORTANT RESEARCH DISSEMINATION ACTIVITIES Interviu. Biuletyn Polonistyczny \u201e\u0141\u0105czy nas wi\u0119cej ni\u017c tylko wspomnienie olimpiady\u201d. Od udzia\u0142u w zawodach [&hellip;]<\/p>\n","protected":false},"author":1,"featured_media":0,"parent":0,"menu_order":0,"comment_status":"closed","ping_status":"closed","template":"","meta":[],"_links":{"self":[{"href":"http:\/\/web.vu.lt\/flf\/k.geben\/wp-json\/wp\/v2\/pages\/87"}],"collection":[{"href":"http:\/\/web.vu.lt\/flf\/k.geben\/wp-json\/wp\/v2\/pages"}],"about":[{"href":"http:\/\/web.vu.lt\/flf\/k.geben\/wp-json\/wp\/v2\/types\/page"}],"author":[{"embeddable":true,"href":"http:\/\/web.vu.lt\/flf\/k.geben\/wp-json\/wp\/v2\/users\/1"}],"replies":[{"embeddable":true,"href":"http:\/\/web.vu.lt\/flf\/k.geben\/wp-json\/wp\/v2\/comments?post=87"}],"version-history":[{"count":19,"href":"http:\/\/web.vu.lt\/flf\/k.geben\/wp-json\/wp\/v2\/pages\/87\/revisions"}],"predecessor-version":[{"id":340,"href":"http:\/\/web.vu.lt\/flf\/k.geben\/wp-json\/wp\/v2\/pages\/87\/revisions\/340"}],"wp:attachment":[{"href":"http:\/\/web.vu.lt\/flf\/k.geben\/wp-json\/wp\/v2\/media?parent=87"}],"curies":[{"name":"wp","href":"https:\/\/api.w.org\/{rel}","templated":true}]}}