{"id":72,"date":"2020-12-02T13:46:57","date_gmt":"2020-12-02T15:46:57","guid":{"rendered":"http:\/\/web.vu.lt\/flf\/k.geben\/?page_id=72"},"modified":"2026-02-02T09:50:44","modified_gmt":"2026-02-02T11:50:44","slug":"vadovauti-darbai","status":"publish","type":"page","link":"http:\/\/web.vu.lt\/flf\/k.geben\/vadovauti-darbai\/","title":{"rendered":"Vadovauti darbai | Supervision of BA- and MA-theses"},"content":{"rendered":"\n<p>2026 Justyna Tankeliun, Mokini\u0173 autonomi\u0161kumo reik\u0161m\u0117 naudojant portalo Emokykla.lt skaitmenin\u0119 lenk\u0173 kalbos mokymosi med\u017eiag\u0105 (GS Dalyko pedagogika BA) <\/p>\n\n\n\n<p>2026 Beata Gulbicka, Septintos klas\u0117s mokini\u0173 skaitymo supratimo sunkum\u0173 analiz\u0117, (GS Dalyko pedagogika BA)<\/p>\n\n\n\n<p>2024 Erika Kod-Maslovska, Lenk\u0173 kaip antrosios u\u017esienio kalbos mokymo(si) problemos, Profesini\u0173 pedagogikos studij\u0173 programa<\/p>\n\n\n\n<p>2024 Kibort Ilona, U\u017esienio kalbos mokymo ypatumai Lietuvos tautini\u0173 ma\u017eum\u0173 mokyklose (Gretutini\u0173 studij\u0173 programa), BA<\/p>\n\n\n\n<p>2023 El\u017ebieta Julita Titanec, Lietuvos lenk\u0173 vard\u0173 ir pavard\u017ei\u0173 originalios ra\u0161ybos problema, BA<\/p>\n\n\n\n<p>2022 Aneta Savelyt\u0117, Daugiakalbyst\u0117 Vilniaus kalbiniame kra\u0161tovaizdyje, BA<\/p>\n\n\n\n<p>2021 Eva Praskevi\u010d, Lietuvos lenk\u0173 kreipimosi rai\u0161ka lenk\u0173 ir lietuvi\u0173 kalbomis (MA)<\/p>\n\n\n\n<p>2021 Aneta Borisevska, Ei\u0161i\u0161k\u0117se gyvenan\u010dio lenk\u0173, lietuvi\u0173 ir rus\u0173 jaunimo kalbin\u0117s nuostatos, BA <\/p>\n\n\n\n<p>2021 Evelina \u010carneckaja, VII klas\u0117s lenk\u0173 kalbos vadov\u0117li\u0173 ir atnaujintos bendrosios programos analiz\u0117: ra\u0161ymo geb\u0117jim\u0173 ugdymas (Gretutini\u0173 studij\u0173 pedagogikos baigiamasis darbas), BA<\/p>\n\n\n\n<p>2020<strong> <\/strong>Ilona Ma\u0161kevi\u010d,Gimtosios kalbos leksikos ir gramatikos \u012ftaka u\u017esienio kalbos kompetencijai daugiakalbi\u0173 \u017emoni\u0173 idiolekte, BA<\/p>\n\n\n\n<p>2020 Julia Tarasevi\u010dien\u0117, Moksleivi\u0173 i\u0161 mi\u0161ri\u0173 \u0161eim\u0173 lenk\u0173 kalbos geb\u0117jim\u0173 pradin\u0117se klas\u0117se ugdymo problemos, PPS \u201eMokyklos pedagogika\u201c<\/p>\n\n\n\n<p>2019 Aldona Polonska, Lietuvos daugiakalbio lenk\u0173 kilm\u0117s jaunimo komunikacin\u0117s strategijos ir kalbin\u0117 savimon\u0117 (sociolingvistinis tyrimas), BA<\/p>\n\n\n\n<p>2018 Eva Pra\u0161kevi\u010d, Mokini\u0173 normos suvokimas mandagumo \u0161nekos akt\u0173 srityje (remiantis situacija Vilniaus rajono lenk\u0173 mokyklose), BA<\/p>\n\n\n\n<p>2018 Karina \u010carneckaja, Vilniaus rajono vietovard\u017ei\u0173 vartosena Lietuvos lenk\u0173 kalboje (sociolingvistinis tyrimas), BA (Darbas gavo apdovanojim\u0105 Tautini\u0173 ma\u017eum\u0173 departamento prie&nbsp;Lietuvos Respublikos vyriausyb\u0117s organizuojamame Akademini\u0173 darb\u0173&nbsp;tautini\u0173 ma\u017eum\u0173 tematika konkurse)<\/p>\n\n\n\n<p>2015 Ilona Cic\u0117nait\u0117, Oficialaus \u017eodinio kreipimosi strategijos lietuvi\u0173 ir lenk\u0173 kalbose, BA<\/p>\n\n\n\n<p>2013 Kata\u017eina Malinovskaja, Lenk\u0173 etnin\u0117s ma\u017eumos mokini\u0173 taisyklingo ra\u0161ymo lietuvi\u0173 kalba sunkum\u0173 prie\u017eas\u010di\u0173 sociolingvistin\u0117 analiz\u0117, BA<\/p>\n\n\n\n<p>2012 Jurgita Sondor, Lenk\u0173 i\u0161 Trak\u0173 miesto kalbin\u0117 savimon\u0117, BA<\/p>\n\n\n\n<p>2012 Juliana Matiu\u0161enok, Kalbos ir tapatyb\u0117s ry\u0161ys: trij\u0173 \u0160al\u010dinink\u0173 \u0161eim\u0173 atvejo tyrimas, MA Taikomoji kalb.<\/p>\n\n\n\n<p>2011 Olga Pileckaja, Leksikos klaidos Vilniaus lenk\u0173 inteligentijos kalboje (lenk\u0173 spaudos analiz\u0117s pagrindu), BA<\/p>\n\n\n\n<p>2010 Jelena \u0160\u010derbuk, Radijo stoties Znad Wilii dialog\u0173 strukt\u016bra, BA<\/p>\n\n\n\n<p>2010 Pavel Matuizo, Scenos meno kalbos tobulinimas, BA<\/p>\n\n\n\n<p>2010 Jolanta Litvin, Manipuliavimo kalba b\u016bdai verslo tekstuose, BA<\/p>\n\n\n\n<p>2010 Gra\u017eina Macutkevi\u010d, Frazeologizmai spaudos reklaminiuose \u0161\u016bkiuose, BA<\/p>\n\n\n\n<p>2009 Julija Gonsevskaja, Lingvistin\u0117 savimon\u0117 ir kalbin\u0117 kompetencija skaitvard\u017ei\u0173 vartosenoje (remiantis lenk\u0173 mokykl\u0173 mokini\u0173 tyrinejimais), MA Slav\u0173 kalbotyra<\/p>\n\n\n\n<p>2009 Eva Smykovska, Pradini\u0173 klasi\u0173 moksleivi\u0173 kalbin\u0117 savimon\u0117, BA<\/p>\n\n\n\n<p>2009 Juzef Neverovi\u010d, Kalbos presti\u017eo analiz\u0117 (remiantis \u012fvairi\u0173 socialini\u0173 grupi\u0173 anketiniais tyrimais Vilniuje), BA<\/p>\n\n\n\n<p>2009 Ivona Vi\u0161nevskaja, Daugiakalbiai darbo kolektyvai (sociolingvistin\u0117 analiz\u0117), BA<\/p>\n\n\n\n<p>2008 Ana Zubkova, Lenk\u0173, lietuvi\u0173 ir rus\u0173 kalb\u0173 etiketo rai\u0161ka pra\u0161ymuose, BA<\/p>\n\n\n\n<p>2008 Fi\u0142atowa Margarita, Reklamos kalbos analiz\u0117 lenk\u0173, lietuvi\u0173 ir rus\u0173 moter\u0173 \u017eurnaluose, BA<\/p>\n\n\n\n<p>2008 Chwerenec Ana, Daugiakalbyst\u0117s poveikis lenk\u0173 kilm\u0117s vaik\u0173 kalbinei savimonei Vilniuje, BA<\/p>\n\n\n\n<p>2007 Lilija Belevi\u010d, Radijo ir televizijos laid\u0173 prane\u0161\u0117j\u0173 kalba (radijo ir televizijos laid\u0173 lenk\u0173 kalba Lietuvoje pagrindu), MA Slav\u0173 kalbotyra<\/p>\n\n\n\n<p>2007 Inga Maria Macejevska&nbsp;, Leksin\u0117s interferencijos trij\u0173 kart\u0173 Buivyd\u017ei\u0173 gyventoj\u0173 kalboje, BA<\/p>\n\n\n\n<p>2007 Julija Gonsevskaja, Vilniaus kra\u0161to lenk\u0173 mokykl\u0173 mokini\u0173 kiekini\u0173, daugini\u0173, trupmenini\u0173 ir kelintini\u0173 skaitvard\u017ei\u0173 vartojimo klaidos, BA<\/p>\n\n\n\n<p>2007 Ivona Saveikien\u0117, Kalbos klaidos Vilniaus kra\u0161to laikra\u0161\u010diuose lenk\u0173 kalba, BA<\/p>\n\n\n\n<p>2007 Irena Vorsa, Sveikinimai kaip konvencial\u016bs \u0161nekos aktai, BA<\/p>\n\n\n\n<p>2006 Daiva Lazovskyt\u0117, Analiza j\u0119zykowo-pragmatyczna zapis\u00f3w okoliczno\u015bciowych w ksi\u0119dze pami\u0105tkowej Katedry Filologii Polskiej Uniwersytetu Wile\u0144skiego z lat 1993-2004, BA<\/p>\n\n\n\n<p>2004 Belevi\u010d Lilija, J\u0119zyk inteligencji wile\u0144skiej, BA<\/p>\n\n\n\n<p>2004 Kata\u017eina \u017digo, Sprawno\u015b\u0107 frazeologiczna w j\u0119zyku uczni\u00f3w, BA<\/p>\n\n\n\n<p>2003 Ilona Iljina, J\u0119zyk m\u0142odzie\u017cy wieloj\u0119zycznej na Wile\u0144szczy\u017anie, BA<\/p>\n\n\n\n<p>2003 Julija Krasovska, J\u0119zyk mieszka\u0144c\u00f3w wsi Miedniki, BA<\/p>\n\n\n\n<p>2003 Joana Bartosevi\u010d, Perswazja w reklamie, BA<\/p>\n\n\n\n<p>2003 Diana Buslovi\u010d, J\u0119zyk rodzin wieloj\u0119zycznych, BA 2003 Eva Kratkovska-\u017dabelovi\u010d, Najcz\u0119stsze typy b\u0142\u0119d\u00f3w w prasie polskoj\u0119zycznej na Wile\u0144szczy\u017anie, BA<\/p>\n","protected":false},"excerpt":{"rendered":"<p>2026 Justyna Tankeliun, Mokini\u0173 autonomi\u0161kumo reik\u0161m\u0117 naudojant portalo Emokykla.lt skaitmenin\u0119 lenk\u0173 kalbos mokymosi med\u017eiag\u0105 (GS Dalyko pedagogika BA) 2026 Beata Gulbicka, Septintos klas\u0117s mokini\u0173 skaitymo supratimo sunkum\u0173 analiz\u0117, (GS Dalyko pedagogika BA) 2024 Erika Kod-Maslovska, Lenk\u0173 kaip antrosios u\u017esienio kalbos mokymo(si) problemos, Profesini\u0173 pedagogikos studij\u0173 programa 2024 Kibort Ilona, U\u017esienio kalbos mokymo ypatumai Lietuvos tautini\u0173 [&hellip;]<\/p>\n","protected":false},"author":1,"featured_media":0,"parent":0,"menu_order":0,"comment_status":"closed","ping_status":"closed","template":"","meta":[],"_links":{"self":[{"href":"http:\/\/web.vu.lt\/flf\/k.geben\/wp-json\/wp\/v2\/pages\/72"}],"collection":[{"href":"http:\/\/web.vu.lt\/flf\/k.geben\/wp-json\/wp\/v2\/pages"}],"about":[{"href":"http:\/\/web.vu.lt\/flf\/k.geben\/wp-json\/wp\/v2\/types\/page"}],"author":[{"embeddable":true,"href":"http:\/\/web.vu.lt\/flf\/k.geben\/wp-json\/wp\/v2\/users\/1"}],"replies":[{"embeddable":true,"href":"http:\/\/web.vu.lt\/flf\/k.geben\/wp-json\/wp\/v2\/comments?post=72"}],"version-history":[{"count":12,"href":"http:\/\/web.vu.lt\/flf\/k.geben\/wp-json\/wp\/v2\/pages\/72\/revisions"}],"predecessor-version":[{"id":342,"href":"http:\/\/web.vu.lt\/flf\/k.geben\/wp-json\/wp\/v2\/pages\/72\/revisions\/342"}],"wp:attachment":[{"href":"http:\/\/web.vu.lt\/flf\/k.geben\/wp-json\/wp\/v2\/media?parent=72"}],"curies":[{"name":"wp","href":"https:\/\/api.w.org\/{rel}","templated":true}]}}