{"id":13,"date":"2020-12-02T11:40:05","date_gmt":"2020-12-02T13:40:05","guid":{"rendered":"http:\/\/web.vu.lt\/flf\/k.geben\/?page_id=13"},"modified":"2025-06-26T02:51:19","modified_gmt":"2025-06-26T04:51:19","slug":"apie","status":"publish","type":"page","link":"http:\/\/web.vu.lt\/flf\/k.geben\/","title":{"rendered":"Apie | About"},"content":{"rendered":"\n<figure class=\"wp-block-image size-large is-resized\"><img loading=\"lazy\" src=\"http:\/\/web.vu.lt\/flf\/k.geben\/wp-content\/uploads\/2022\/07\/2019-1024x683.jpg\" alt=\"\" class=\"wp-image-135\" width=\"442\" height=\"294\" srcset=\"http:\/\/web.vu.lt\/flf\/k.geben\/wp-content\/uploads\/2022\/07\/2019-1024x683.jpg 1024w, http:\/\/web.vu.lt\/flf\/k.geben\/wp-content\/uploads\/2022\/07\/2019-300x200.jpg 300w, http:\/\/web.vu.lt\/flf\/k.geben\/wp-content\/uploads\/2022\/07\/2019-768x512.jpg 768w, http:\/\/web.vu.lt\/flf\/k.geben\/wp-content\/uploads\/2022\/07\/2019.jpg 1200w\" sizes=\"(max-width: 442px) 100vw, 442px\" \/><\/figure>\n\n\n\n<p><span class=\"has-inline-color has-black-color\"><strong>Kinga Geben<\/strong>, Ph. D. Assoc.&nbsp;Professor at the Vilnius University, Faculty of Philology, Centre for Polish Studies, Universiteto str.5, 01513, Vilnius, Lithuania, kinga.geben (eta) flf.vu.lt<\/span><\/p>\n\n\n\n<div class=\"wp-block-group\"><div class=\"wp-block-group__inner-container\">\n<div class=\"wp-block-group\"><div class=\"wp-block-group__inner-container\">\n<p class=\"has-text-align-left\">Doc. Dr. Kinga Geben, Vilniaus universitetas, Filologijos fakultetas, BKKI, Polonistikos centras, adresas: Universiteto g.5, 01513, Vilnius, kinga.geben (eta) flf.vu.lt<\/p>\n<\/div><\/div>\n\n\n\n<p><span class=\"has-inline-color has-black-color\">Field of research: modern Polish language, sociolinguistics, language didactics, Polish language and culture<\/span><\/p>\n<\/div><\/div>\n\n\n\n<p>Mokslini\u0173 interes\u0173 sritys: \u0161iuolaikin\u0117 lenk\u0173 kalba, sociolingvistika, lingvodidaktika, lenk\u0173 kalba ir kult\u016bra<\/p>\n\n\n\n<p><a href=\"https:\/\/orcid.org\/0000-0001-6107-0190\">https:\/\/orcid.org\/0000-0001-6107-0190<\/a><\/p>\n\n\n\n<p>Daugiau<a href=\"https:\/\/pl.wikipedia.org\/wiki\/Kinga_Geben\">&#8230;<\/a><\/p>\n","protected":false},"excerpt":{"rendered":"<p>Kinga Geben, Ph. D. Assoc.&nbsp;Professor at the Vilnius University, Faculty of Philology, Centre for Polish Studies, Universiteto str.5, 01513, Vilnius, Lithuania, kinga.geben (eta) flf.vu.lt Mokslini\u0173 interes\u0173 sritys: \u0161iuolaikin\u0117 lenk\u0173 kalba, sociolingvistika, lingvodidaktika, lenk\u0173 kalba ir kult\u016bra https:\/\/orcid.org\/0000-0001-6107-0190 Daugiau&#8230;<\/p>\n","protected":false},"author":1,"featured_media":0,"parent":0,"menu_order":0,"comment_status":"closed","ping_status":"closed","template":"","meta":[],"_links":{"self":[{"href":"http:\/\/web.vu.lt\/flf\/k.geben\/wp-json\/wp\/v2\/pages\/13"}],"collection":[{"href":"http:\/\/web.vu.lt\/flf\/k.geben\/wp-json\/wp\/v2\/pages"}],"about":[{"href":"http:\/\/web.vu.lt\/flf\/k.geben\/wp-json\/wp\/v2\/types\/page"}],"author":[{"embeddable":true,"href":"http:\/\/web.vu.lt\/flf\/k.geben\/wp-json\/wp\/v2\/users\/1"}],"replies":[{"embeddable":true,"href":"http:\/\/web.vu.lt\/flf\/k.geben\/wp-json\/wp\/v2\/comments?post=13"}],"version-history":[{"count":13,"href":"http:\/\/web.vu.lt\/flf\/k.geben\/wp-json\/wp\/v2\/pages\/13\/revisions"}],"predecessor-version":[{"id":308,"href":"http:\/\/web.vu.lt\/flf\/k.geben\/wp-json\/wp\/v2\/pages\/13\/revisions\/308"}],"wp:attachment":[{"href":"http:\/\/web.vu.lt\/flf\/k.geben\/wp-json\/wp\/v2\/media?parent=13"}],"curies":[{"name":"wp","href":"https:\/\/api.w.org\/{rel}","templated":true}]}}