{"id":29,"date":"2016-02-03T12:56:25","date_gmt":"2016-02-03T10:56:25","guid":{"rendered":"http:\/\/web.vu.lt\/flf\/j.urbonaite\/?page_id=29"},"modified":"2022-09-30T12:01:01","modified_gmt":"2022-09-30T09:01:01","slug":"publications","status":"publish","type":"page","link":"http:\/\/web.vu.lt\/flf\/j.urbonaite\/publications\/","title":{"rendered":"Publications"},"content":{"rendered":"<ul>\n<li>Urbonait\u0117, J. 2022. Direct metaphor in selected TED talks on crime and criminal justice, in \u0160e\u0161kauskien\u0117, I. (ed.). <em>Metaphor in Legal Discourse<\/em>. Newcastle upon Tyne: Cambridge Scholars Publishing. 81\u2013113.\u00a0<a href=\"https:\/\/www.cambridgescholars.com\/product\/978-1-5275-7849-4\/\">https:\/\/www.cambridgescholars.com\/product\/978-1-5275-7849-4\/<\/a><\/li>\n<\/ul>\n<ul>\n<li>Urbonait\u0117, J. 2020. [Book review].\u00a0Roush, D. R. (2018). <em>Event Structure Metaphors through the Body<\/em>. Amsterdam: John Benjamins. 224 pp. ISBN: 9789027200709 (HB); 9789027264091 (EB). Special issue of\u00a0<em>Metaphor and the Social World. 10 (2) (2020). [Metaphor in Mental Healthcare]. <\/em>338\u2013343.\u00a0<a href=\"https:\/\/benjamins.com\/catalog\/msw.00010.urb\">https:\/\/benjamins.com\/catalog\/msw.00010.urb<\/a><\/li>\n<\/ul>\n<ul>\n<li>Urbonait\u0117. J., I. \u0160e\u0161kauskien\u0117 &amp; J. Cibulskien\u0117. 2019. Linguistic metaphor identification in Lithuanian, in Nacey, S., A. G. Dorst, T. Krennmayr, W. G. Reijnierse (eds.). <em>Metaphor Identification in Multiple Languages. MIPVU around the world<\/em>. Amsterdam: John Benjamins. 159\u2013181. <a href=\"https:\/\/doi.org\/10.1075\/celcr.22.08urb\" target=\"_blank\" rel=\"noopener\">https:\/\/doi.org\/10.1075\/celcr.22.08urb<\/a><\/li>\n<\/ul>\n<ul>\n<li>\u0160e\u0161kauskien\u0117, I. &amp; J. Urbonait\u0117. 2018.\u00a0Deprivation of liberty or imprisonment? Metaphorical motivation of some terms in the Criminal Code of the Republic of Lithuania and their translation into English. <em>International Journal of Legal Discourse 3 (2)<\/em>.\u00a0DOI<strong>:\u00a0<\/strong><span class=\"article-doi\"><a href=\"https:\/\/doi.org\/10.1515\/ijld-2018-2007\" target=\"_blank\" rel=\"noopener\">https:\/\/doi.org\/10.1515\/ijld-2018-2007<\/a><\/span><\/li>\n<li>Urbonait\u0117, J. 2017. <em>Metaphor in Written Academic Legal Discourse: A Cross-Linguistic Study<\/em> [doctoral dissertation]. Vilnius: Vilnius University.<\/li>\n<\/ul>\n<ul>\n<li>Urbonait\u0117, J. 2015.\u00a0Metaphor identification procedure MIPVU: an attempt to apply it to Lithuanian.\u00a0<em>Taikomoji kalbotyra [Applied Linguistics]<\/em>. To download the article, click <a href=\"https:\/\/www.journals.vu.lt\/taikomojikalbotyra\/article\/view\/17497\" target=\"_blank\" rel=\"noopener\">here<\/a>.<\/li>\n<\/ul>\n<ul>\n<li>Urbonait\u0117, J. 2015.\u00a0A cross-linguistic study of metaphor in legal research articles: the case of criminal justice.\u00a0<em>Thought Elaboration: Linguistics, Literature, Media Expression: TELL ME 2014. Collection of Scientific Articles<\/em>. You can access\u00a0the article <a href=\"http:\/\/www.khf.vu.lt\/dokumentai\/failai\/katedru\/germanu\/TELL_ME_leidinys_2015_3.pdf\">here<\/a> (pp. 13\u201328).<\/li>\n<\/ul>\n<ul>\n<li>Urbonait\u0117. J. &amp; I. \u0160e\u0161kauskien\u0117. 2007. HEALTH metaphor in\u00a0political and economic discourse: a cross-linguistic analysis. <em>Kalb\u0173 studijos\/Studies about Languages<\/em> 11: 68\u201373. To download the article, click <a href=\"http:\/\/www.kalbos.lt\/zurnalai\/11_numeris\/09.pdf\">here<\/a>.<\/li>\n<\/ul>\n","protected":false},"excerpt":{"rendered":"<p>Urbonait\u0117, J. 2022. Direct metaphor in selected TED talks on crime and criminal justice, in \u0160e\u0161kauskien\u0117, I. (ed.). Metaphor in Legal Discourse. Newcastle upon Tyne: Cambridge Scholars Publishing. 81\u2013113.\u00a0https:\/\/www.cambridgescholars.com\/product\/978-1-5275-7849-4\/ Urbonait\u0117, J. 2020. [Book review].\u00a0Roush, D. R. (2018). Event Structure Metaphors through the Body. Amsterdam: John Benjamins. 224 pp. ISBN: 9789027200709 (HB); 9789027264091 (EB). Special issue [&hellip;]<\/p>\n","protected":false},"author":28,"featured_media":0,"parent":0,"menu_order":3,"comment_status":"closed","ping_status":"open","template":"","meta":[],"_links":{"self":[{"href":"http:\/\/web.vu.lt\/flf\/j.urbonaite\/wp-json\/wp\/v2\/pages\/29"}],"collection":[{"href":"http:\/\/web.vu.lt\/flf\/j.urbonaite\/wp-json\/wp\/v2\/pages"}],"about":[{"href":"http:\/\/web.vu.lt\/flf\/j.urbonaite\/wp-json\/wp\/v2\/types\/page"}],"author":[{"embeddable":true,"href":"http:\/\/web.vu.lt\/flf\/j.urbonaite\/wp-json\/wp\/v2\/users\/28"}],"replies":[{"embeddable":true,"href":"http:\/\/web.vu.lt\/flf\/j.urbonaite\/wp-json\/wp\/v2\/comments?post=29"}],"version-history":[{"count":30,"href":"http:\/\/web.vu.lt\/flf\/j.urbonaite\/wp-json\/wp\/v2\/pages\/29\/revisions"}],"predecessor-version":[{"id":778,"href":"http:\/\/web.vu.lt\/flf\/j.urbonaite\/wp-json\/wp\/v2\/pages\/29\/revisions\/778"}],"wp:attachment":[{"href":"http:\/\/web.vu.lt\/flf\/j.urbonaite\/wp-json\/wp\/v2\/media?parent=29"}],"curies":[{"name":"wp","href":"https:\/\/api.w.org\/{rel}","templated":true}]}}