{"id":25,"date":"2013-02-12T15:02:52","date_gmt":"2013-02-12T13:02:52","guid":{"rendered":"http:\/\/web.vu.lt\/flf\/j.konickaja\/?page_id=25"},"modified":"2013-02-12T15:02:52","modified_gmt":"2013-02-12T13:02:52","slug":"mano-bibliografija","status":"publish","type":"page","link":"http:\/\/web.vu.lt\/flf\/j.konickaja\/mano-bibliografija\/","title":{"rendered":"Mano bibliografija"},"content":{"rendered":"<p><span style=\"font-size: small\"><strong>Mokomosios knygos<\/strong><\/span><\/p>\n<ul>\n<li>\u00a0<span style=\"font-size: small\">Praktin<\/span><span style=\"font-size: small\">\u0117 slov\u0117n\u0173 kalbos gramatika. Vilnius 2012, 156 psl. Vilnius: VU leidykla\u00a0<\/span><span><span><span style=\"font-size: small\">(<a href=\"http:\/\/www.flf.vu.lt\/assets\/files\/skelbimai\/slovenu%20kalbos%20gramatika_internetui.pdf\">http:\/\/www.flf.vu.lt\/assets\/files\/skelbimai\/slovenu%20kalbos%20gramatika_internetui.pdf<\/a><\/span><\/span><\/span><span style=\"font-size: small\"> )<\/span><\/li>\n<\/ul>\n<ul>\n<li>\u00a0Skaitykime slov\u0117ni\u0161kai. Tekstai ir \u017eodynas. Vilnius, 2002, 240 p.<\/li>\n<\/ul>\n<p>&nbsp;<\/p>\n<p><strong>Moksliniai straipsniai tarptautin\u0117se duomen\u0173 baz\u0117se referuojamuose leidiniuose<\/strong><\/p>\n<ul>\n<li>\u041d\u0435\u043a\u043e\u0442\u043e\u0440\u044b\u0435 \u043f\u0440\u043e\u0431\u043b\u0435\u043c\u044b \u0441\u043b\u043e\u0432\u0435\u043d\u0441\u043a\u043e\u0439 \u0444\u0440\u0430\u0437\u0435\u043e\u0433\u0440\u0430\u0444\u0438\u0438\u00a0(\u043a \u0432\u044b\u0445\u043e\u0434\u0443 \u0432 \u0441\u0432\u0435\u0442 \u043f\u0435\u0440\u0432\u043e\u0433\u043e \u0444\u0440\u0430\u0437\u0435\u043e\u043b\u043e\u0433\u0438\u0447\u0435\u0441\u043a\u043e\u0433\u043e \u0441\u043b\u043e\u0432\u0430\u0440\u044f\u00a0\u0441\u043b\u043e\u0432\u0435\u043d\u0441\u043a\u043e\u0433\u043e \u044f\u0437\u044b\u043a\u0430 \u042f\u043d\u0435\u0437\u0430 \u041a\u0435\u0431\u0435\u0440\u0430). Slavistica Vilnensis 2012 (Kalbotyra 57 (2)). Vilnius: Vilniaus universiteto leidykla, 2011, p. 77-94.<\/li>\n<li>\u0420\u0443\u0441\u0441\u043a\u043e-\u0441\u043b\u043e\u0432\u0435\u043d\u0441\u043a\u0438\u0435 \u043b\u0435\u043a\u0441\u0438\u0447\u0435\u0441\u043a\u0438\u0435 \u043f\u0430\u0440\u0430\u043b\u043b\u0435\u043b\u0438.\u00a0<em>Slavistica Vilnensis<\/em>\u00a02011 (Kalbotyra 56 (2)). Vilnius:\u00a0Vilniaus universiteto leidykla, 2011,\u00a0\u00a0p. 53-66.<\/li>\n<li><span style=\"font-size: small\">\u041c\u0435\u0442\u0430\u0444\u043e\u0440\u0438\u043a\u0430 \u043b\u0438\u0442\u043e\u0432\u0441\u043a\u043e\u0433\u043e \u0438 \u0441\u043b\u043e\u0432\u0435\u043d\u0441\u043a\u043e\u0433\u043e \u043f\u043e\u043b\u0438\u0442\u0438\u0447\u0435\u0441\u043a\u043e\u0433\u043e \u0434\u0438\u0441\u043a\u0443\u0440\u0441\u0430. &#8211; <\/span><span style=\"font-size: small\"><em>Respectus philologicus<\/em><\/span><span style=\"font-size: small\"> 2011. Nr. 20<\/span><span style=\"font-size: small\">(<\/span><span style=\"font-size: small\">25<\/span><span style=\"font-size: small\">)<\/span><span style=\"font-size: small\">. <\/span><span style=\"font-size: small\">Vilniaus universiteto Kauno humanitarinis fakultetas ir Jano Kochanovskio humanitarini\u0173 ir gamtos moksl\u0173 universitetas<\/span><span style=\"font-family: Verdana, sans-serif\"><span style=\"font-size: xx-small\">. <\/span><\/span><span style=\"font-size: small\">Kaunas-Kielce, 2011<\/span><span style=\"font-size: x-small\">, <\/span><span style=\"font-size: small\">p. 243-253 (kartu su: \u0410. \u0417\u0430\u043f\u043e\u043b\u044c\u0441\u043a\u0438\u0439).<\/span><\/li>\n<li>Interpretive deontics: A definition and a semantic map based mainly on Slavonic and Baltic data<em>.\u00a0<\/em><em>Acta Linguistica Hafniensia<\/em>,\u00a0<a href=\"http:\/\/www.tandfonline.com\/loi\/salh20?open=43#vol_43\">Volume 43<\/a>,\u00a0<a href=\"http:\/\/www.tandfonline.com\/toc\/salh20\/43\/1\">Issue 1<\/a>, 2011, pages 1-20 (kartu su: A. Holvoet).<\/li>\n<li><span style=\"font-size: small\">\u041d\u0438\u043a\u043e\u043b\u0430\u0439 \u041c\u0438\u0445\u0430\u0439\u043b\u043e\u0432: \u0441\u043b\u0430\u0432\u0438\u0441\u0442, \u0441\u043b\u043e\u0432\u0435\u043d\u0438\u0441\u0442, \u0431\u0430\u043b\u0442\u0438\u0441\u0442 (11.06.1967-25.05.2010). <\/span><em>Slavistica Vilnensis<\/em><span style=\"font-size: small\">\u00a02010 (Kalbotyra 55 (2)). Vilnius:\u00a0Vilniaus universiteto leidykla, 2010,\u00a0\u00a0p. 170-177.<\/span><\/li>\n<li>\u0418\u0441\u0442\u043e\u0440\u0438\u044f \u043a\u0430\u0444\u0435\u0434\u0440\u044b \u0441\u043b\u0430\u0432\u044f\u043d\u0441\u043a\u043e\u0439 \u0444\u0438\u043b\u043e\u043b\u043e\u0433\u0438\u0438 \u0412\u0438\u043b\u044c\u043d\u044e\u0441\u0441\u043a\u043e\u0433\u043e \u0443\u043d\u0438\u0432\u0435\u0440\u0441\u0438\u0442\u0435\u0442\u0430.<em>Slavistica Vilnensis\u00a0<\/em>2005-2009. (Kalbotyra 54 (2)). Vilnius:\u00a0Vilniaus universiteto leidykla, 2009,\u00a0\u00a0p. 311-328.<\/li>\n<li>\u041e\u0441\u043e\u0431\u0435\u043d\u043d\u043e\u0441\u0442\u0438 \u043f\u0440\u0435\u043f\u043e\u0434\u0430\u0432\u0430\u043d\u0438\u044f \u0441\u043b\u0430\u0432\u044f\u043d\u0441\u043a\u0438\u0445 \u044f\u0437\u044b\u043a\u043e\u0432 \u0432 \u0412\u0438\u043b\u044c\u043d\u044e\u0441\u0441\u043a\u043e\u043c\u00a0\u0443\u043d\u0438\u0432\u0435\u0440\u0441\u0438\u0442\u0435\u0442\u0435\u00a0<em>Slavistica Vilnensis\u00a0<\/em>2005-2009. (Kalbotyra 54 (2)). Vilnius: Vilniaus universiteto leidykla, 2009,\u00a0\u00a0p. 292-299. (kartu su: \u0423\u0448\u0438\u043d\u0441\u043a\u0435\u043d\u0435 \u0412.)<\/li>\n<li><span style=\"font-size: small\">\u041a \u0441\u043e\u043f\u043e\u0441\u0442\u0430\u0432\u043b\u0435\u043d\u0438\u044e \u0442\u0435\u043c\u043f\u043e\u0440\u0430\u043b\u044c\u043d\u044b\u0445 \u0444\u0440\u0430\u0433\u043c\u0435\u043d\u0442\u043e\u0432 \u0441\u043b\u043e\u0432\u0435\u043d\u0441\u043a\u043e\u0439 \u0438 \u0440\u0443\u0441\u0441\u043a\u043e\u0439 \u044f\u0437\u044b\u043a\u043e\u0432\u044b\u0445 \u043a\u0430\u0440\u0442\u0438\u043d \u043c\u0438\u0440\u0430: \u0441\u0443\u0442\u043e\u0447\u043d\u043e\u0435 \u0432\u0440\u0435\u043c\u044f. <\/span><em><span style=\"font-size: small\">Respectus philologicus<\/span><\/em><span style=\"font-size: small\">, 2008, Nr. 14, <\/span><span style=\"font-size: x-small\">\u00a0<\/span><span style=\"font-size: small\">p. 177\u2013184.<\/span><\/li>\n<li>\u042d\u043b\u043b\u0438\u043f\u0441\u0438\u0441 \u0432 \u0441\u043b\u043e\u0432\u0435\u043d\u0441\u043a\u043e\u043c \u0438 \u0440\u0443\u0441\u0441\u043a\u043e\u043c \u044f\u0437\u044b\u043a\u0430\u0445, <em>Slavistica Vilnensis<\/em><em>:<\/em><em> Kalbotyra 52 (2)<\/em>, Vilnius, 2003, p.7-38.<\/li>\n<li>O\u0431 \u043e\u0434\u043d\u043e\u0439 \u043e\u0441\u043e\u0431\u0435\u043d\u043d\u043e\u0441\u0442\u0438 \u044d\u043b\u043b\u0438\u043f\u0441\u0438\u0441\u0430 \u0432 \u0441\u043b\u043e\u0432\u0435\u043d\u0441\u043a\u043e\u043c \u0438 \u0440\u0443\u0441\u0441\u043a\u043e\u043c \u044f\u0437\u044b\u043a\u0430\u0445, <em>Slavistica Vilnensis<\/em><em>:<\/em><em> Kalbotyra 49 (2)<\/em>, Vilnius, 2000, p. 135-136.<\/li>\n<li>\u0421\u0438\u043d\u0442\u0430\u043a\u0441\u0438\u0447\u0435\u0441\u043a\u0438\u0435 \u0444\u0443\u043d\u043a\u0446\u0438\u0438 \u0438\u043d\u0444\u0438\u043d\u0438\u0442\u0438\u0432\u0430 \u0432 \u0440\u0443\u0441\u0441\u043a\u043e\u043c \u0438 \u0441\u043b\u043e\u0432\u0435\u043d\u0441\u043a\u043e\u043c \u044f\u0437\u044b\u043a\u0430\u0445, <em>Slavistica Vilnensis: Kalbotyra 48 (2)<\/em>, Vilnius, 1999, p. 51-62.<\/li>\n<li>\u041f\u043e\u043b\u044c\u0441\u043a\u0438\u0439 \u0438\u0434\u0438\u043e\u043b\u0435\u043a\u0442 \u043f\u043e\u043b\u044c\u0441\u043a\u043e-\u043b\u0438\u0442\u043e\u0432\u0441\u043a\u043e\u0433\u043e \u043f\u043e\u0433\u0440\u0430\u043d\u0438\u0447\u044c\u044f (\u0438\u0437 \u0421\u0443\u0436\u0435\u043d\u0441\u043a\u043e\u0439 \u0430\u043f\u0438\u043b\u0438\u043d\u043a\u0438 \u0412\u0438\u043b\u044c\u043d\u044e\u0441\u0441\u043a\u043e\u0433\u043e \u0440\u0430\u0439\u043e\u043d\u0430), <em>Slavistica Vilnensis 1997: \u041aalbotyra 46 (2). \u042f\u0437\u044b\u043a. \u0418\u0441\u0442\u043e\u0440\u0438\u044f. \u041a\u0443\u043b\u044c\u0442\u0443\u0440\u0430<\/em>, Vilnius, 1998, p. 84-103.<\/li>\n<\/ul>\n<p><strong>Moksliniai straipsniai kituose recenzuojamuose periodiniuose bei t\u0119stiniuose tarptautiniuose, u\u017esienio ir Lietuvos leidiniuose<\/strong><\/p>\n<ul>\n<li>\u0418\u043d\u0442\u0435\u0440\u043f\u0440\u0435\u0442\u0430\u0442\u0438\u0432\u043d\u044b\u0435 \u0434\u0435\u043e\u043d\u0442\u0438\u0447\u0435\u0441\u043a\u0438\u0435 \u0432\u044b\u0440\u0430\u0436\u0435\u043d\u0438\u044f \u0432 \u0441\u043b\u0430\u0432\u044f\u043d\u0441\u043a\u0438\u0445 \u0438 \u0431\u0430\u043b\u0442\u0438\u0439\u0441\u043a\u0438\u0445 \u044f\u0437\u044b\u043a\u0430\u0445. \u0418\u0441\u0442\u043e\u0447\u043d\u0438\u043a\u0438 \u0438 \u043f\u0443\u0442\u0438 \u0440\u0430\u0437\u0432\u0438\u0442\u0438\u044f. \u0418\u0441\u0441\u043b\u0435\u0434\u043e\u0432\u0430\u043d\u0438\u044f \u043f\u043e \u0442\u0438\u043f\u043e\u043b\u043e\u0433\u0438\u0438 \u0441\u043b\u0430\u0432\u044f\u043d\u0441\u043a\u0438\u0445, \u0431\u0430\u043b\u0442\u0438\u0439\u0441\u043a\u0438\u0445 \u0438 \u0431\u0430\u043b\u043a\u0430\u043d\u0441\u043a\u0438\u0445 \u044f\u0437\u044b\u043a\u043e\u0432. \u0421\u0430\u043d\u043a\u0442-\u041f\u0435\u0442\u0435\u0440\u0431\u0443\u0440\u0433 \u0410\u043b\u0435\u0442\u0435\u0439\u044f 2012, \u0441. 195-219.<\/li>\n<li><span style=\"font-size: small\">\u0411\u0438\u0431\u043b\u0435\u0439\u0441\u043a\u0438\u0435 \u0444\u0440\u0430\u0437\u0435\u043e\u043b\u043e\u0433\u0438\u0437\u043c\u044b \u0432 \u0440\u0443\u0441\u0441\u043a\u043e\u043c \u0438 \u0441\u043b\u043e\u0432\u0435\u043d\u0441\u043a\u043e\u043c \u044f\u0437\u044b\u043a\u0430\u0445. \/\/ \u0420\u0443\u0441\u0441\u043a\u0438\u0439 \u044f\u0437\u044b\u043a \u0438 \u043b\u0438\u0442\u0435\u0440\u0430\u0442\u0443\u0440\u0430 \u0432 \u043f\u043e\u043b\u0438\u043a\u0443\u043b\u044c\u0442\u0443\u0440\u043d\u043e\u043c \u043a\u043e\u043c\u043c\u0443-\u043d\u0438\u043a\u0430\u0442\u0438\u0432\u043d\u043e\u043c \u043f\u0440\u043e\u0441\u0442\u0440\u0430\u043d\u0441\u0442\u0432\u0435: \u041c\u0430\u0442\u0435\u0440\u0438\u0430\u043b\u044b \u041c\u0435\u0436\u0434\u0443\u043d\u0430\u0440\u043e\u0434\u043d\u043e\u0439 \u043d\u0430-\u0443\u0447\u043d\u043e\u0439 \u043a\u043e\u043d\u0444\u0435\u0440\u0435\u043d\u0446\u0438\u0438 (26\u201328 \u0430\u043f\u0440\u0435\u043b\u044f 2012 \u0433., \u041f\u0441\u043a\u043e\u0432): \u0432 2-\u0445 \u0447\u0430\u0441-\u0442\u044f\u0445. \u0427\u0430\u0441\u0442\u044c 2 \/ \u041e\u0442\u0432. \u0440\u0435\u0434. \u041d. \u0412. \u0411\u043e\u043b\u044c\u0448\u0430\u043a\u043e\u0432\u0430. \u0420\u0435\u0434\u0430\u043a\u0446\u0438\u043e\u043d\u043d\u0430\u044f \u043a\u043e\u043b-\u043b\u0435\u0433\u0438\u044f: \u0412. \u041a. \u0410\u043d\u0434\u0440\u0435\u0435\u0432, \u041d. \u041b. \u0412\u0435\u0440\u0448\u0438\u043d\u0438\u043d\u0430, \u041b. \u042f. \u041a\u043e\u0441\u0442\u044e\u0447\u0443\u043a, \u0418. \u0412. \u041c\u043e\u0442\u0435\u044e\u043d\u0430\u0439\u0442\u0435, \u0422. \u0413. \u041d\u0438\u043a\u0438\u0442\u0438\u043d\u0430, \u041d. \u0418. \u042f\u043a\u043e\u0432\u043b\u0435\u0432\u0430.\u2013 \u041f\u0441\u043a\u043e\u0432: \u0418\u0437\u0434\u0430\u0442\u0435\u043b\u044c\u0441\u0442\u0432\u043e \u041f\u0441\u043a\u043e\u0432\u0413\u0423, 2012. \u0421. 192-201.<\/span><\/li>\n<li><span style=\"font-size: small\">\u041e \u043d\u0435\u043a\u043e\u0442\u043e\u0440\u044b\u0445 \u0438\u0441\u043a\u043e\u043d\u043d\u044b\u0445 \u0442\u0435\u043c\u043f\u043e\u0440\u0430\u043b\u044c\u043d\u044b\u0445 \u043b\u0435\u043a\u0441\u0435\u043c\u0430\u0445 \u0440\u0443\u0441\u0441\u043a\u043e\u0433\u043e \u0438 \u0441\u043b\u043e\u0432\u0435\u043d\u0441\u043a\u043e\u0433\u043e \u044f\u0437\u044b\u043a\u043e\u0432: <\/span><span style=\"font-size: small\"><em>\u0432\u0440\u0435\u043c\u044f<\/em><\/span><span style=\"font-size: small\"> \u0438 <\/span><span style=\"font-size: small\"><em>\u0447\u0430\u0441<\/em><\/span><span style=\"font-size: small\">. <\/span><span style=\"font-size: small\"><em>\u0421\u043b\u0430\u0432\u044f\u043d\u0441\u043a\u0438\u0435 \u0447\u0442\u0435\u043d\u0438\u044f VIII<\/em><\/span><span style=\"font-size: small\">. <\/span><span style=\"font-size: small\">R<\/span><span style=\"font-size: small\">ed. kol. T.\u00a0Avtuhovi\u010da \u2026 [et al.], red. <\/span><span style=\"font-size: small\">A<\/span><span style=\"font-size: small\">.\u00a0Stankevi\u010da. <\/span><span style=\"font-size: small\">Daugavpils: Daugavpils Universit\u0101tes Akad\u0113miskais apg\u0101ds \u201cSaule\u201d<\/span><span style=\"font-size: small\">, 2011, p.\u00a0209<\/span><span style=\"font-size: small\">\u2013<\/span><span style=\"font-size: small\">218.<\/span><\/li>\n<li><span style=\"font-size: small\">\u0418\u043d\u0442\u0435\u0440\u043d\u0430\u0446\u0438\u043e\u043d\u0430\u043b\u0438\u0437\u043c\u044b \u0432 \u0441\u043b\u043e\u0432\u0435\u043d\u0441\u043a\u043e\u043c \u0438 \u0440\u0443\u0441\u0441\u043a\u043e\u043c \u044f\u0437\u044b\u043a\u0430\u0445. <\/span><span style=\"font-size: small\"><em>Globinska mo\u010d besede<\/em><\/span><span style=\"font-size: small\">. Ped. prof. dr. Martini Oro\u017een ob 80-letnici. Ur. M. Jesen\u0161ek. (Mednarodna zbirka Zora : 80). Bielsko-Biala, Budapest, Kansas, Maribor, Praha, 2011, <\/span><span style=\"font-size: small\">p.<\/span><span style=\"font-size: small\">489-499.\u00a0<\/span><\/li>\n<li><span style=\"color: #000033\"><span style=\"font-size: small\">Predstavitev slovenisti\u010dnega \u0161tudija na Filolo\u0161ki fakulteti Univerze v Vilni<\/span><\/span><span style=\"color: #000033\"><span style=\"font-size: small\">. <\/span><\/span><span style=\"color: #000033\"><span style=\"font-size: small\"><em>Vloge sredi\u0161\u010da: konvergenca regij in kultur<\/em><\/span><\/span><span style=\"color: #000033\"><span style=\"font-size: small\">. Jezikovna norma in raba. Urbana kultura in njene upodobitve. Sredi\u0161\u010dna in robna literarna polja. Sloven\u0161\u010dina za tujce &#8211; doma in v svetu. Novi pristopi v literarni vedi. Ob 150-letnici rojstva A.P. \u010cehova. Aktualna vpra\u0161anja pouka sloven\u0161\u010dine v teoriji in praksi. \u2013 Zveza dru\u0161tev Slavisti\u010dno dru\u0161tvo Slovenije. Ljubljana. 30 september &#8211; 2 oktober 2010. (Zbornik Slavisti\u010dnega dru\u0161tva Slovenije, 21), <\/span><\/span><span style=\"color: #000033\"><span style=\"font-size: small\">s.<\/span><\/span><span style=\"color: #000033\"><span style=\"font-size: small\"> 342-350.<\/span><\/span><\/li>\n<li><span style=\"font-size: small\">\u041a\u043e\u043b\u0435\u0441\u043d\u0438\u0446\u0430 \u041f\u044f\u0440\u043a\u0443\u043d\u0430\u0441\u0430 (\u0430\u0442\u043c\u043e\u0441\u0444\u0435\u0440\u043d\u044b\u0435 \u044f\u0432\u043b\u0435\u043d\u0438\u044f \u0432 \u0432\u044b\u0440\u0430\u0436\u0435\u043d\u0438\u044f\u0445 \u0441 \u043f\u0435\u0440\u0435\u043d\u043e\u0441\u043d\u044b\u043c \u0437\u043d\u0430\u0447\u0435\u043d\u0438\u0435\u043c: \u043e\u0431\u043b\u0430\u043a\u0430). <\/span><span style=\"font-size: small\"><em>\u0411\u0430\u043b\u0442\u043e-\u0441\u043b\u0430\u0432\u044f\u043d\u0441\u043a\u0438\u0435 \u0438\u0441\u0441\u043b\u0435\u0434\u043e\u0432\u0430\u043d\u0438\u044f <\/em><\/span><span style=\"font-size: small\"><em>XVIII<\/em><\/span><span style=\"font-size: small\"><em>.<\/em><\/span><span style=\"font-size: small\"><em> \u0421\u0431\u043e\u0440\u043d\u0438\u043a \u043d\u0430\u0443\u0447\u043d\u044b\u0445 \u0442\u0440\u0443\u0434\u043e\u0432. <\/em><\/span><span style=\"font-size: small\">\u041c\u043e\u0441\u043a\u0432\u0430: <\/span><span style=\"font-size: small\"><em>\u042f\u0437\u044b\u043a\u0438 \u0441\u043b\u0430\u0432\u044f\u043d\u0441\u043a\u0438\u0445 \u043a\u0443\u043b\u044c\u0442\u0443\u0440, <\/em><\/span><span style=\"font-size: small\">2009,<\/span><span style=\"font-size: small\">p. 504-527.<\/span><span style=\"font-size: small\"> (<\/span><span style=\"font-size: small\">\u0441\u043e\u0430\u0432\u0442<\/span><span style=\"font-size: small\">: <\/span><span style=\"font-size: small\">\u0411. \u042f\u0441\u044e\u043d\u0430\u0439\u0442\u0435<\/span><span style=\"font-size: small\">).<\/span><\/li>\n<\/ul>\n<p><strong>Kiti moksliniai straipsniai ir \u00a0tekstai<\/strong><\/p>\n<ul>\n<li><span style=\"font-size: small\">\u041e\u0431\u0440\u0430\u0437\u044b \u0432\u0440\u0435\u043c\u0435\u043d\u0438 \u0432 \u0441\u043b\u043e\u0432\u0435\u043d\u0441\u043a\u043e\u043c \u0438 \u0440\u0443\u0441\u0441\u043a\u043e\u043c \u044f\u0437\u044b\u043a\u0430\u0445. \u00a0<\/span><span style=\"font-size: small\">\u041f\u043e\u044d\u0442\u0438\u043a\u0430 \u0445\u0440\u043e\u043d\u043e\u0442\u043e\u043f\u0430: <\/span><span style=\"font-size: small\">\u044f\u0437\u044b\u043a\u043e\u0432\u044b\u0435 \u043c\u0435\u0445\u0430\u043d\u0438\u0437\u043c\u044b \u0438 \u043a\u043e\u0433\u043d\u0438\u0442\u0438\u0432\u043d\u044b\u0435 \u043e\u0441\u043d\u043e\u0432\u0430\u043d\u0438\u044f.<\/span><em><span style=\"font-size: small\"> \u041c\u0430\u0442\u0435\u0440\u0438\u0430\u043b\u044b \u043c\u0435\u0436\u0434\u0443\u043d\u0430\u0440\u043e\u0434\u043d\u043e\u0439 \u043d\u0430\u0443\u0447\u043d\u043e\u0439 \u043a\u043e\u043d\u0444\u0435\u0440\u0435\u043d\u0446\u0438\u0438<\/span><\/em><span style=\"font-size: small\">. \u041f\u043e\u0434 \u0440\u0435\u0434. \u0413. \u0418. \u0411\u0435\u0440\u0435\u0441\u0442\u043d\u0435\u0432\u0430. \u0412\u0438\u043b\u044c\u043d\u044e\u0441: \u0418\u0437\u0434-\u0432\u043e \u0418\u043d\u0441\u0442\u0438\u0442\u0443\u0442\u0430 \u043b\u0438\u0442\u043e\u0432\u0441\u043a\u043e\u0433\u043e \u044f\u0437\u044b\u043a\u0430, 2010, <\/span><span style=\"font-size: small\">\u0441. <\/span><span style=\"font-size: small\">98-110<\/span><span style=\"font-size: small\">.<\/span><\/li>\n<li><span style=\"font-size: small\">\u041f\u0440\u043e\u0444\u0435\u0441\u0441\u043e\u0440 \u0412\u0438\u043b\u044c\u043d\u044e\u0441\u0441\u043a\u043e\u0433\u043e \u0443\u043d\u0438\u0432\u0435\u0440\u0441\u0438\u0442\u0435\u0442\u0430 \u0412\u0430\u043b\u0435\u0440\u0438\u0439 \u041d\u0438\u043a\u043e\u043b\u0430\u0435\u0432\u0438\u0447 \u0427\u0435\u043a\u043c\u0430\u043d<\/span><span style=\"font-size: small\">.\u00a0<\/span><span style=\"font-size: small\"><em>\u041a\u0438\u0435\u0432\u0441\u043a\u043e\u0435 \u0441\u0443\u0432\u043e\u0440\u043e\u0432\u0441\u043a\u043e\u0435 \u0432\u043e\u0435\u043d\u043d\u043e\u0435 \u0443\u0447\u0438\u043b\u0438\u0449\u0435. \u00a0\u041a\u0438\u0435\u0432\u0441\u043a\u0438\u0439 \u0432\u043e\u0435\u043d\u043d\u044b\u0439 \u043b\u0438\u0446\u0435\u0439 \u0438\u043c. \u0418<\/em><\/span><span style=\"font-size: small\"><em>. <\/em><\/span><span style=\"font-size: small\"><em>\u0411\u043e\u0433\u0443\u043d\u0430<\/em><\/span><span style=\"font-size: small\">.\u00a0<\/span><span style=\"font-size: small\">2007. <\/span><span style=\"font-size: small\">09. 09<\/span><span style=\"font-size: small\">.<\/span> <span style=\"font-size: x-small\">Prieiga: <\/span><span style=\"font-size: x-small\">http:\/\/ksvu.kiev.ua\/remember\/checkman\/professor<\/span><\/li>\n<li>C\u043f\u0440\u044f\u0433\u0430\u0435\u043c\u043e-\u0433\u043b\u0430\u0433\u043e\u043b\u044c\u043d\u044b\u0435 \u043e\u0434\u043d\u043e\u0441\u043e\u0441\u0442\u0430\u0432\u043d\u044b\u0435 \u043f\u0440\u0435\u0434\u043b\u043e\u0436\u0435\u043d\u0438\u044f \u0432 \u0441\u043b\u043e\u0432\u0435\u043d\u0441\u043a\u043e\u043c \u0438 \u0440\u0443\u0441\u0441\u043a\u043e\u043c \u044f\u0437\u044b\u043a\u0430\u0445, <em>\u042f\u0437\u044b\u043a\u043e\u0432\u0430\u044f \u0441\u0438\u0441\u0442\u0435\u043c\u0430 \u0438 \u0435\u0435 \u0440\u0430\u0437\u0432\u0438\u0442\u0438\u0435 \u0432\u043e \u0432\u0440\u0435\u043c\u0435\u043d\u0438 \u0438 \u043f\u0440\u043e\u0441\u0442\u0440\u0430\u043d\u0441\u0442\u0432\u0435. \u0421\u0431. \u043d\u0430\u0443\u0447\u043d\u044b\u0445 \u0441\u0442\u0430\u0442\u0435\u0439 \u043a 80-\u043b\u0435\u0442\u0438\u044e \u043f\u0440\u043e\u0444. \u041a.\u0412. \u0413\u043e\u0440\u0448\u043a\u043e\u0432\u043e\u0439<\/em>, Mo\u0441\u043a\u0432\u0430, 2001, p. 375-383.<\/li>\n<li>\u041d\u0435\u043a\u043e\u0442\u043e\u0440\u044b\u0435 \u0441\u0438\u043d\u0442\u0430\u043a\u0441\u0438\u0447\u0435\u0441\u043a\u0438\u0435 \u043e\u0441\u043e\u0431\u0435\u043d\u043d\u043e\u0441\u0442\u0438 \u043a\u0440\u0430\u0442\u043a\u0438\u0445 \u043d\u043e\u0432\u043e\u0441\u0442\u0435\u0439 \u0432 \u0440\u0443\u0441\u0441\u043a\u043e\u0439 \u043f\u0440\u0435\u0441\u0441\u0435 \u041b\u0438\u0442\u0432\u044b, <em>\u0422\u0440\u0443\u0434\u044b \u043f\u043e \u0440\u0443\u0441\u0441\u043a\u043e\u0439 \u0438 \u0441\u043b\u0430\u0432\u044f\u043d\u0441\u043a\u043e\u0439 \u0444\u0438\u043b\u043e\u043b\u043e\u0433\u0438\u0438. \u041b\u0438\u043d\u0433\u0432\u0438\u0441\u0442\u0438\u043a\u0430. \u041d\u043e\u0432\u0430\u044f \u0441\u0435\u0440\u0438\u044f III. \u042f\u0437\u044b\u043a \u0434\u0438\u0430\u0441\u043f\u043e\u0440\u044b: \u043f\u0440\u043e\u0431\u043b\u0435\u043c\u044b \u0438 \u043f\u0435\u0440\u0441\u043f\u0435\u043a\u0442\u0438\u0432\u044b<\/em>. \u0422\u0430\u0440\u0442\u0443, 2000, p. 176-186.<\/li>\n<li>\u041f\u043e\u043b\u044c\u0441\u043a\u0438\u0439 \u0438\u0434\u0438\u043e\u043b\u0435\u043a\u0442 \u043f\u043e\u043b\u044c\u0441\u043a\u043e-\u043b\u0438\u0442\u043e\u0432\u0441\u043a\u043e\u0433\u043e \u043f\u043e\u0433\u0440\u0430\u043d\u0438\u0447\u044c\u044f (\u0438\u0437 \u0421\u0443\u0436\u0435\u043d\u0441\u043a\u043e\u0439 \u0430\u043f\u0438\u043b\u0438\u043d\u043a\u0438 \u0412\u0438\u043b\u044c\u043d\u044e\u0441\u0441\u043a\u043e\u0433\u043e \u0440\u0430\u0439\u043e\u043d\u0430),\u00a0<em>Slavistica Vilnensis 1997: \u041aalbotyra 46 (2). \u042f\u0437\u044b\u043a. \u0418\u0441\u0442\u043e\u0440\u0438\u044f. \u041a\u0443\u043b\u044c\u0442\u0443\u0440\u0430<\/em>, Vilnius, 1998, p. 84-103.<\/li>\n<li>Mi\u0119dzy Niemenczynem a Molatami (z bada\u0144 nad polszczyzn\u0105 ludow\u0105 na Wile\u0144szczy\u017anie) (kartu su: M. Krupowies, W. Czekmonas),\u00a0<em>J\u0119zyk polski<\/em>. Listopad-grudzie\u0144, 1998, nr. 5, p. 382-388.<\/li>\n<li>\u0421\u043e\u0446\u0438\u043e\u043b\u0438\u043d\u0433\u0432\u0438\u0441\u0442\u0438\u0447\u0435\u0441\u043a\u043e\u0435 \u043e\u043f\u0438\u0441\u0430\u043d\u0438\u0435 \u043e\u0434\u043d\u043e\u0433\u043e \u043f\u043e\u043b\u044c\u0441\u043a\u043e\u044f\u0437\u044b\u0447\u043d\u043e\u0433\u043e \u0430\u0440\u0435\u0430\u043b\u0430 \u041b\u0438\u0442\u0432\u044b (\u0434. \u0421\u0443\u0436\u0451\u043d\u0438\u0441 \u0438 \u0435\u0435 \u043e\u043a\u0440\u0435\u0441\u0442\u043d\u043e\u0441\u0442\u0438),\u00a0<em>\u042f\u0437\u044b\u043a \u0438 \u0441\u043e\u0446\u0438\u0443\u043c. II-\u0430\u044f \u041c\u0435\u0436\u0434\u0443\u043d\u0430\u0440\u043e\u0434\u043d\u0430\u044f \u043d\u0430\u0443\u0447\u043d\u0430\u044f \u043a\u043e\u043d\u0444\u0435\u0440\u0435\u043d\u0446\u0438\u044f 5-6 \u0434\u0435\u043a. 1996 \u0433.\u00a0<\/em>\u041c\u0438\u043d\u0441\u043a, 1998, p. 44-48.<\/li>\n<li>\u0418\u0434\u0435\u0438 \u0411\u0430\u0445\u0442\u0438\u043d\u0430 \u0438 \u043f\u0440\u0435\u043f\u043e\u0434\u0430\u0432\u0430\u043d\u0438\u0435 \u0438\u043d\u043e\u0441\u0442\u0440\u0430\u043d\u043d\u044b\u0445 \u044f\u0437\u044b\u043a\u043e\u0432\u201a\u00a0<em>\u042f\u0437\u044b\u043a. \u041e\u0431\u0449\u0435\u0441\u0442\u0432\u043e. \u041a\u0443\u043b\u044c\u0442\u0443\u0440\u0430<\/em>. Vilnius, 1997, p. 28-36.<\/li>\n<li>\u041d\u0435\u043a\u043e\u0442\u043e\u0440\u044b\u0435 \u043e\u0441\u043e\u0431\u0435\u043d\u043d\u043e\u0441\u0442\u0438 \u0438\u043d\u0442\u0435\u0440\u0444\u0435\u0440\u0435\u043d\u0446\u0438\u0438 \u0432 \u0443\u0441\u043b\u043e\u0432\u0438\u044f\u0445 \u0431\u0435\u043b\u043e\u0440\u0443\u0441\u0441\u043a\u043e-\u043f\u043e\u043b\u044c\u0441\u043a\u043e\u0433\u043e \u0434\u0432\u0443\u044f\u0437\u044b\u0447\u0438\u044f (\u0433\u043e\u0432\u043e\u0440 \u041c\u044f\u0434\u0438\u043d\u0438\u043d\u043a\u0441\u043a\u043e\u0439 \u0430\u043f\u0438\u043b\u0438\u043d\u043a\u0438)\u201a Kalbotyra 44 (2), 1995, p. 76-84.<\/li>\n<\/ul>\n<p>&nbsp;<\/p>\n","protected":false},"excerpt":{"rendered":"<p>Mokomosios knygos \u00a0Praktin\u0117 slov\u0117n\u0173 kalbos gramatika. Vilnius 2012, 156 psl. Vilnius: VU leidykla\u00a0(http:\/\/www.flf.vu.lt\/assets\/files\/skelbimai\/slovenu%20kalbos%20gramatika_internetui.pdf ) \u00a0Skaitykime slov\u0117ni\u0161kai. Tekstai ir \u017eodynas. Vilnius, 2002, 240 p. &nbsp; Moksliniai straipsniai tarptautin\u0117se duomen\u0173 baz\u0117se referuojamuose leidiniuose \u041d\u0435\u043a\u043e\u0442\u043e\u0440\u044b\u0435 \u043f\u0440\u043e\u0431\u043b\u0435\u043c\u044b \u0441\u043b\u043e\u0432\u0435\u043d\u0441\u043a\u043e\u0439 \u0444\u0440\u0430\u0437\u0435\u043e\u0433\u0440\u0430\u0444\u0438\u0438\u00a0(\u043a \u0432\u044b\u0445\u043e\u0434\u0443 \u0432 \u0441\u0432\u0435\u0442 \u043f\u0435\u0440\u0432\u043e\u0433\u043e \u0444\u0440\u0430\u0437\u0435\u043e\u043b\u043e\u0433\u0438\u0447\u0435\u0441\u043a\u043e\u0433\u043e \u0441\u043b\u043e\u0432\u0430\u0440\u044f\u00a0\u0441\u043b\u043e\u0432\u0435\u043d\u0441\u043a\u043e\u0433\u043e \u044f\u0437\u044b\u043a\u0430 \u042f\u043d\u0435\u0437\u0430 \u041a\u0435\u0431\u0435\u0440\u0430). Slavistica Vilnensis 2012 (Kalbotyra 57 (2)). Vilnius: Vilniaus universiteto leidykla, 2011, [&hellip;]<\/p>\n","protected":false},"author":31,"featured_media":0,"parent":0,"menu_order":0,"comment_status":"closed","ping_status":"open","template":"","meta":[],"_links":{"self":[{"href":"http:\/\/web.vu.lt\/flf\/j.konickaja\/wp-json\/wp\/v2\/pages\/25"}],"collection":[{"href":"http:\/\/web.vu.lt\/flf\/j.konickaja\/wp-json\/wp\/v2\/pages"}],"about":[{"href":"http:\/\/web.vu.lt\/flf\/j.konickaja\/wp-json\/wp\/v2\/types\/page"}],"author":[{"embeddable":true,"href":"http:\/\/web.vu.lt\/flf\/j.konickaja\/wp-json\/wp\/v2\/users\/31"}],"replies":[{"embeddable":true,"href":"http:\/\/web.vu.lt\/flf\/j.konickaja\/wp-json\/wp\/v2\/comments?post=25"}],"version-history":[{"count":4,"href":"http:\/\/web.vu.lt\/flf\/j.konickaja\/wp-json\/wp\/v2\/pages\/25\/revisions"}],"predecessor-version":[{"id":31,"href":"http:\/\/web.vu.lt\/flf\/j.konickaja\/wp-json\/wp\/v2\/pages\/25\/revisions\/31"}],"wp:attachment":[{"href":"http:\/\/web.vu.lt\/flf\/j.konickaja\/wp-json\/wp\/v2\/media?parent=25"}],"curies":[{"name":"wp","href":"https:\/\/api.w.org\/{rel}","templated":true}]}}