{"id":2,"date":"2011-12-19T14:19:46","date_gmt":"2011-12-19T14:19:46","guid":{"rendered":"http:\/\/web.vu.lt\/flf\/j.konickaja\/?page_id=2"},"modified":"2013-02-12T14:28:08","modified_gmt":"2013-02-12T12:28:08","slug":"puslapio-pavyzdys","status":"publish","type":"page","link":"http:\/\/web.vu.lt\/flf\/j.konickaja\/puslapio-pavyzdys\/","title":{"rendered":"Jelena Konickaja"},"content":{"rendered":"<h1><em><strong><span style=\"color: #800000\">Sveiki \u25cf \u041f\u0440\u0438\u0432\u0435\u0442<\/span><\/strong><\/em><\/h1>\n<pre><span style=\"color: #800000\">2012 - 12-12 14:59<\/span><\/pre>\n<pre><\/pre>\n<pre><\/pre>\n<p><span style=\"color: #800000\">Tai\u00a0<a href=\"http:\/\/www.flf.vu.lt\/index.php?id=47\"><span style=\"color: #800000\">Vilniaus universiteto Rus\u0173 filologijos katedros<\/span><\/a>\u00a0docent\u0117s,<\/span><\/p>\n<p><span style=\"color: #800000\">humanitarini\u0173 moksl\u0173 dr Jelenos Konickajos\u00a0puslapis.<\/span><\/p>\n<p><span style=\"color: #800000\">\u010cia galima rasti\u00a0<\/span><\/p>\n<ul>\n<li><span style=\"color: #800000\">mano publikacij\u0173\u00a0ir prane\u0161im\u0173 konferencijose bei seminaruose s\u0105ra\u0161us,\u00a0<\/span><\/li>\n<li><span style=\"color: #800000\">d\u0117stom\u0173 dalyk\u0173 sandus ir literat\u016bros s\u0105ra\u0161us\u00a0<\/span><\/li>\n<li><span style=\"color: #800000\">bei kit\u0105 nauding\u0105 informacij\u0105.<\/span><\/li>\n<\/ul>\n<pre><\/pre>\n<pre><\/pre>\n<pre><\/pre>\n<pre><\/pre>\n<p><span style=\"color: #003300\">\u0421\u043b\u0443\u0436\u0435\u0431\u043d\u0430\u044f \u0441\u0442\u0440\u0430\u043d\u0438\u0446\u0430\u00a0<\/span><\/p>\n<p><span style=\"color: #003300\">\u0434\u043e\u0446\u0435\u043d\u0442\u0430\u00a0<a href=\"http:\/\/www.flf.vu.lt\/index.php?id=47\"><span style=\"color: #003300\">\u041a\u0430\u0444\u0435\u0434\u0440\u044b \u0440\u0443\u0441\u0441\u043a\u043e\u0439 \u0444\u0438\u043b\u043e\u043b\u043e\u0433\u0438\u0438<\/span><\/a>\u00a0<\/span><\/p>\n<p><span style=\"color: #003300\">\u0412\u0438\u043b\u044c\u043d\u044e\u0441\u0441\u043a\u043e\u0433\u043e \u0443\u043d\u0438\u0432\u0435\u0440\u0441\u0438\u0442\u0435\u0442\u0430\u00a0<\/span><\/p>\n<p><span style=\"color: #003300\">\u0415\u043b\u0435\u043d\u044b \u041a\u043e\u043d\u0438\u0446\u043a\u043e\u0439. <\/span><\/p>\n<p><span style=\"color: #003300\">\u0417\u0434\u0435\u0441\u044c \u043c\u043e\u0436\u043d\u043e \u043d\u0430\u0439\u0442\u0438\u00a0<\/span><\/p>\n<ul>\n<li><span style=\"color: #003300\">\u00a0\u043c\u043e\u044e \u0431\u0438\u0431\u043b\u0438\u043e\u0433\u0440\u0430\u0444\u0438\u044e,\u00a0<\/span><\/li>\n<li><span style=\"color: #003300\">\u00a0\u043f\u0435\u0440\u0435\u0447\u0435\u043d\u044c \u0434\u043e\u043a\u043b\u0430\u0434\u043e\u0432 \u00a0\u043d\u0430 \u043d\u0430\u0443\u0447\u043d\u044b\u0445 \u043a\u043e\u043d\u0444\u0435\u0440\u0435\u043d\u0446\u0438\u044f\u0445 \u0438 \u0441\u0435\u043c\u0438\u043d\u0430\u0440\u0430\u0445,\u00a0<\/span><\/li>\n<li><span style=\"color: #003300\">\u00a0\u043f\u0440\u043e\u0433\u0440\u0430\u043c\u043c\u044b \u0447\u0438\u0442\u0430\u0435\u043c\u044b\u0445 \u043a\u0443\u0440\u0441\u043e\u0432 \u0438 \u0441\u043f\u0438\u0441\u043a\u0438 \u043b\u0438\u0442\u0435\u0440\u0430\u0442\u0443\u0440\u044b \u043a \u043d\u0438\u043c \u0438 \u0442.\u0434.<\/span><\/li>\n<\/ul>\n<p>&nbsp;<\/p>\n<p>&nbsp;<\/p>\n","protected":false},"excerpt":{"rendered":"<p>Sveiki \u25cf \u041f\u0440\u0438\u0432\u0435\u0442 2012 &#8211; 12-12 14:59 Tai\u00a0Vilniaus universiteto Rus\u0173 filologijos katedros\u00a0docent\u0117s, humanitarini\u0173 moksl\u0173 dr Jelenos Konickajos\u00a0puslapis. \u010cia galima rasti\u00a0 mano publikacij\u0173\u00a0ir prane\u0161im\u0173 konferencijose bei seminaruose s\u0105ra\u0161us,\u00a0 d\u0117stom\u0173 dalyk\u0173 sandus ir literat\u016bros s\u0105ra\u0161us\u00a0 bei kit\u0105 nauding\u0105 informacij\u0105. \u0421\u043b\u0443\u0436\u0435\u0431\u043d\u0430\u044f \u0441\u0442\u0440\u0430\u043d\u0438\u0446\u0430\u00a0 \u0434\u043e\u0446\u0435\u043d\u0442\u0430\u00a0\u041a\u0430\u0444\u0435\u0434\u0440\u044b \u0440\u0443\u0441\u0441\u043a\u043e\u0439 \u0444\u0438\u043b\u043e\u043b\u043e\u0433\u0438\u0438\u00a0 \u0412\u0438\u043b\u044c\u043d\u044e\u0441\u0441\u043a\u043e\u0433\u043e \u0443\u043d\u0438\u0432\u0435\u0440\u0441\u0438\u0442\u0435\u0442\u0430\u00a0 \u0415\u043b\u0435\u043d\u044b \u041a\u043e\u043d\u0438\u0446\u043a\u043e\u0439. \u0417\u0434\u0435\u0441\u044c \u043c\u043e\u0436\u043d\u043e \u043d\u0430\u0439\u0442\u0438\u00a0 \u00a0\u043c\u043e\u044e \u0431\u0438\u0431\u043b\u0438\u043e\u0433\u0440\u0430\u0444\u0438\u044e,\u00a0 \u00a0\u043f\u0435\u0440\u0435\u0447\u0435\u043d\u044c \u0434\u043e\u043a\u043b\u0430\u0434\u043e\u0432 \u00a0\u043d\u0430 \u043d\u0430\u0443\u0447\u043d\u044b\u0445 [&hellip;]<\/p>\n","protected":false},"author":31,"featured_media":0,"parent":0,"menu_order":0,"comment_status":"open","ping_status":"open","template":"","meta":[],"_links":{"self":[{"href":"http:\/\/web.vu.lt\/flf\/j.konickaja\/wp-json\/wp\/v2\/pages\/2"}],"collection":[{"href":"http:\/\/web.vu.lt\/flf\/j.konickaja\/wp-json\/wp\/v2\/pages"}],"about":[{"href":"http:\/\/web.vu.lt\/flf\/j.konickaja\/wp-json\/wp\/v2\/types\/page"}],"author":[{"embeddable":true,"href":"http:\/\/web.vu.lt\/flf\/j.konickaja\/wp-json\/wp\/v2\/users\/31"}],"replies":[{"embeddable":true,"href":"http:\/\/web.vu.lt\/flf\/j.konickaja\/wp-json\/wp\/v2\/comments?post=2"}],"version-history":[{"count":3,"href":"http:\/\/web.vu.lt\/flf\/j.konickaja\/wp-json\/wp\/v2\/pages\/2\/revisions"}],"predecessor-version":[{"id":22,"href":"http:\/\/web.vu.lt\/flf\/j.konickaja\/wp-json\/wp\/v2\/pages\/2\/revisions\/22"}],"wp:attachment":[{"href":"http:\/\/web.vu.lt\/flf\/j.konickaja\/wp-json\/wp\/v2\/media?parent=2"}],"curies":[{"name":"wp","href":"https:\/\/api.w.org\/{rel}","templated":true}]}}