{"id":2,"date":"2009-03-02T16:27:42","date_gmt":"2009-03-02T14:27:42","guid":{"rendered":"http:\/\/web.vu.lt\/flf\/j.daunoriene\/curriculum-vitae\/"},"modified":"2025-03-30T16:57:49","modified_gmt":"2025-03-30T14:57:49","slug":"curriculum-vitae","status":"publish","type":"page","link":"http:\/\/web.vu.lt\/flf\/j.daunoriene\/curriculum-vitae\/","title":{"rendered":"curriculum vitae"},"content":{"rendered":"<p><strong>Justina Daunorien\u0117<\/strong><\/p>\n<p>Gimimo data: 1976-03-09<br \/>\nGimimo vieta:\u00a0Vilnius<br \/>\nGyvenamoji vieta: Klaip\u0117dos g. 2A, LT-01117 Vilnius<br \/>\nTelefono Nr.: 0 5 2687230 (darbo), +370 616 85457 (mob.)<br \/>\nEl. pa\u0161tas:\u00a0 <a href=\"mailto:justina.daunoriene@flf.vu.lt\">justina.daunoriene@flf.vu.lt<\/a><\/p>\n<p>1982-1994\u00a0\u00a0Ryto vidurin\u0117 mokykla Vilniuje, 1994 m. gautas brandos atestatas<br \/>\n1994-1998\u00a0\u00a0Bakalauro studijos Vilniaus Universiteto Filologijos fakultete Vokie\u010di\u0173 filologijos katedroje<br \/>\n1998 sausis-vasaris\u00a0\u00a0\u00a0\u00a0Mokslin\u0117 sta\u017euot\u0117 Vilhelmo Universitete Miunsteryje (Vokietija)<br \/>\n1998\u00a0\u00a0Bakalauro diplomas B Nr. 970652; apgintas bakalauro darbas tema \u201cAbt\u00f6nungspartikeln im Deutschen und im Litauischen\u201c<\/p>\n<p>1998-2000\u00a0Magistro studijos Vilniaus Universiteto Filologijos fakultete Vokie\u010di\u0173 filologijos katedroje<br \/>\nnuo 1999 gegu\u017e\u0117s m\u0117n.\u00a0\u00a0Vilniaus universiteto Filologijos fakulteto vokie\u010di\u0173 filologijos katedros asistent\u0117.<br \/>\nD\u0117stomi dalykai: vokie\u010di\u0173 kalbos morfologija, \u0161iuolaikin\u0117 vokie\u010di\u0173 kalba, bendrosios kalbotyros \u012fvado seminarai.<br \/>\n2000 sausis-vasaris \u00a0\u00a0\u00a0Mokslin\u0117 sta\u017euot\u0117 Vilhelmo-Universitete Miunsteryje (Vokietija)<br \/>\n2000\u00a0 Magistro diplomas M Nr. 00426; apgintas magistro darbas tema \u201cPartizipien im Deutschen, Litauischen und Gotischen\u201c<\/p>\n<p>2001-2010\u00a0\u00a0Vilniaus universiteto filologijos fakulteto vokie\u010di\u0173 filologijos katedros doktorant\u0117<br \/>\n2002-2004\u00a0\u00a0Germanistikos ir meno istorijos studijos Zalcburgo Paris-Lodron universitete (Austrija)<br \/>\n2003 sausis\u00a0\u00a0Seminaras Ryt\u0173 Europos germanistikos doktorantams Leipcige (Vokietija)<br \/>\n2006\u00a0\u00a0Baltikum fondo premija<br \/>\n2011 m. gegu\u017e\u0117s 26 d. apginta humanitarini\u0173 moksl\u0173 srities filologijos krypties disertacija \u201cRefleksyvumas vokie\u010di\u0173 kalboje: istorin\u0117s raidos duomenimis paremtas tyrimas\u201d ir suteiktas daktaro mokslo laipsnis.<\/p>\n<p>Nuo 2011 m. rugs\u0117jo m\u0117n. VU Filologijos fakulteto Vokie\u010di\u0173 filologijos katedros lektor\u0117.<br \/>\nNuo 2017 m.\u00a0rugs\u0117jo m\u0117n. VU Filologijos fakulteto Baltijos kalb\u0173 ir kult\u016br\u0173 instituto Vokie\u010di\u0173 filologijos katedros\u00a0asistent\u0117.<br \/>\n2019 m. vasario-bir\u017eelio m\u0117n. k\u016brybin\u0117s atostogos.<br \/>\n2019 m. vieno m\u0117nesio mokslin\u0117 sta\u017euot\u0117 Duisburgo-Eseno universitete.<br \/>\nNuo 2022 m.\u00a0rugs\u0117jo m\u0117n. VU Filologijos fakulteto Baltijos kalb\u0173 ir kult\u016br\u0173 instituto Vokie\u010di\u0173 filologijos katedros docent\u0117.<\/p>\n<p>Nuo 2012 m. <em>Gesellschaft f\u00fcr deutsche Sprache <\/em>filialo Lietuvoje nar\u0117.<br \/>\nNuo 2018 m.\u00a0<em>Matthias-Kramer-Gesellschaft<\/em>\u00a0nar\u0117.<br \/>\nNuo 2021 m. Lietuvos vokie\u010di\u0173 kalbos mokytoj\u0173 asociacijos (LDV) nar\u0117.<\/p>\n<p>D\u0117stomi dalykai: \u0160iuolaikin\u0117 vokie\u010di\u0173 kalba; Bendrosios kalbotyros \u012fvadas; German\u0173 filologijos \u012fvadas ir got\u0173 kalba; Vokie\u010di\u0173 kalbos leksikologija; Vokie\u010di\u0173 kalbos \u017eod\u017ei\u0173 daryba; Senoji ra\u0161tija vokie\u010di\u0173 kalba; Baltijos regiono \u0161ali\u0173 kult\u016briniai ry\u0161iai; Vokie\u010di\u0173 kalba pasaulyje: paplitimas, paveldas, kontaktai; Vokie\u010diai ir Lietuva: kalbiniai ir kult\u016briniai saitai<\/p>\n","protected":false},"excerpt":{"rendered":"<p>Justina Daunorien\u0117 Gimimo data: 1976-03-09 Gimimo vieta:\u00a0Vilnius Gyvenamoji vieta: Klaip\u0117dos g. 2A, LT-01117 Vilnius Telefono Nr.: 0 5 2687230 (darbo), +370 616 85457 (mob.) El. pa\u0161tas:\u00a0 justina.daunoriene@flf.vu.lt 1982-1994\u00a0\u00a0Ryto vidurin\u0117 mokykla Vilniuje, 1994 m. gautas brandos atestatas 1994-1998\u00a0\u00a0Bakalauro studijos Vilniaus Universiteto Filologijos fakultete Vokie\u010di\u0173 filologijos katedroje 1998 sausis-vasaris\u00a0\u00a0\u00a0\u00a0Mokslin\u0117 sta\u017euot\u0117 Vilhelmo Universitete Miunsteryje (Vokietija) 1998\u00a0\u00a0Bakalauro diplomas B [&hellip;]<\/p>\n","protected":false},"author":17,"featured_media":0,"parent":0,"menu_order":0,"comment_status":"open","ping_status":"open","template":"","meta":[],"_links":{"self":[{"href":"http:\/\/web.vu.lt\/flf\/j.daunoriene\/wp-json\/wp\/v2\/pages\/2"}],"collection":[{"href":"http:\/\/web.vu.lt\/flf\/j.daunoriene\/wp-json\/wp\/v2\/pages"}],"about":[{"href":"http:\/\/web.vu.lt\/flf\/j.daunoriene\/wp-json\/wp\/v2\/types\/page"}],"author":[{"embeddable":true,"href":"http:\/\/web.vu.lt\/flf\/j.daunoriene\/wp-json\/wp\/v2\/users\/17"}],"replies":[{"embeddable":true,"href":"http:\/\/web.vu.lt\/flf\/j.daunoriene\/wp-json\/wp\/v2\/comments?post=2"}],"version-history":[{"count":15,"href":"http:\/\/web.vu.lt\/flf\/j.daunoriene\/wp-json\/wp\/v2\/pages\/2\/revisions"}],"predecessor-version":[{"id":243,"href":"http:\/\/web.vu.lt\/flf\/j.daunoriene\/wp-json\/wp\/v2\/pages\/2\/revisions\/243"}],"wp:attachment":[{"href":"http:\/\/web.vu.lt\/flf\/j.daunoriene\/wp-json\/wp\/v2\/media?parent=2"}],"curies":[{"name":"wp","href":"https:\/\/api.w.org\/{rel}","templated":true}]}}