{"id":10,"date":"2010-07-27T11:55:34","date_gmt":"2010-07-27T09:55:34","guid":{"rendered":"http:\/\/web.vu.lt\/flf\/j.daunoriene\/?page_id=10"},"modified":"2026-02-24T16:40:38","modified_gmt":"2026-02-24T14:40:38","slug":"tvarkarastis-2010-m-ruduo-ziema","status":"publish","type":"page","link":"http:\/\/web.vu.lt\/flf\/j.daunoriene\/tvarkarastis-2010-m-ruduo-ziema\/","title":{"rendered":"Tvarkara\u0161tis"},"content":{"rendered":"<p><strong>2025\/2026 m. m. pavasario semestras<\/strong><\/p>\n<p><strong>Pirmadienis<br \/>\n<\/strong>9.00 Vokie\u010diai ir Lietuva: kalbiniai ir kult\u016briniai saitai (2\/4, 116 aud.)<br \/>\n11.00 \u0160iuolaikin\u0117 vokie\u010di\u0173 kalba (4\/4 (B1.1), 111 aud.)<br \/>\n17.00 Vokie\u010di\u0173 kalba pasaulyje: paplitimas, paveldas, kontaktai (mokytoj\u0173 perkvalifikavimo programa) (online)<\/p>\n<p><strong>Tre\u010diadienis<\/strong><br \/>\n13.00 Vokie\u010diai ir Lietuva: kalbiniai ir kult\u016briniai saitai (2\/4, 129 aud., kas antr\u0105 savait\u0119)<br \/>\n15.00 Vokie\u010di\u0173 kalbos gramatika (pedagog\u0173 programa, 130 aud.)<\/p>\n<p><strong>Ketvirtadienis<br \/>\n<\/strong>9.00 \u0160iuolaikin\u0117 vokie\u010di\u0173 kalba (4\/4 (B1.1), A9 aud.)<\/p>\n<p><strong>Penktadienis<br \/>\n<\/strong>11.00 \u0160iuolaikin\u0117 vokie\u010di\u0173 kalba (4\/4 (B1.1), 107 aud.)<br \/>\n13.00 Vokie\u010di\u0173 kalbos gramatika (pedagog\u0173 programa, A9 aud.)<\/p>\n<p><strong>2025\/2026 m. m. rudens semestras<\/strong><\/p>\n<p>Semestras be pedagoginio darbo valand\u0173.<br \/>\nKonsultacijos i\u0161 anksto sutartu laiku Vokie\u010di\u0173 filologijos katedroje.<\/p>\n<p><strong>2024\/2025 m. m. pavasario semestras<\/strong><\/p>\n<p><strong>Pirmadienis<br \/>\n<\/strong>9.00 \u0160iuolaikin\u0117 vokie\u010di\u0173 kalba (1\/4 (B2.1), 116 aud.)<\/p>\n<p><strong>Antradienis<br \/>\n<\/strong>11.00 Vokie\u010di\u0173 kalba pasaulyje: paplitimas, paveldas, kontaktai (pasirenkamasis kursas) (107 aud.)<br \/>\n13.00 Vokie\u010diai ir Lietuva: kalbiniai ir kult\u016briniai saitai (2\/4, 116 aud.)<br \/>\n17.00 Vokie\u010di\u0173 kalba pasaulyje: paplitimas, paveldas, kontaktai (mokytoj\u0173 perkvalifikavimo programa) (online)<\/p>\n<p><strong>Tre\u010diadienis<\/strong><br \/>\n11.00 \u0160iuolaikin\u0117 vokie\u010di\u0173 kalba (1\/4 (B2.1), 111 aud.)<br \/>\n13.00 Vokie\u010diai ir Lietuva: kalbiniai ir kult\u016briniai saitai (2\/4, 129 aud., kas antr\u0105 savait\u0119)<\/p>\n<p><strong>Penktadienis<br \/>\n<\/strong>9.00 Senoji ra\u0161tija vokie\u010di\u0173 kalba (pasirenkamasis kursas), A9 aud.)<br \/>\n11.00 \u0160iuolaikin\u0117 vokie\u010di\u0173 kalba (1\/4 (B2.1), 107 aud.)<\/p>\n<p><strong>2024\/2025 m. m. rudens\u00a0semestras<\/strong><\/p>\n<p><strong>Antradienis<br \/>\n<\/strong>9.00 \u0160iuolaikin\u0117 vokie\u010di\u0173 kalba (1\/4 (B1+), A6 aud.)<br \/>\n11.00 \u0160iuolaikin\u0117 vokie\u010di\u0173 kalba (5\/5 (B2.1) A6 aud.)<\/p>\n<p><strong>Tre\u010diadienis<\/strong><br \/>\n9.00 \u0160iuolaikin\u0117 vokie\u010di\u0173 kalba (5\/5 (B2.1), 121 aud.)<br \/>\n11.00 KONSULTACIJOS (Vokie\u010di\u0173 filologijos katedra)<br \/>\n13.00 \u0160iuolaikin\u0117 vokie\u010di\u0173 kalba (1\/4 (B1+), SHM aud.)<\/p>\n<p><strong>Penktadienis<br \/>\n<\/strong>9.00 \u0160iuolaikin\u0117 vokie\u010di\u0173 kalba (1\/4 (B1+), ISC aud.)<br \/>\n11.00 Kalbotyros \u012fvado seminaras (119 aud.)<br \/>\n15.00 Baltijos regiono kult\u016briniai ry\u0161iai (MA (angl\u0173 k.), 314A aud.)<\/p>\n<p><strong>2023\/2024 m. m. pavasario semestras<\/strong><\/p>\n<p><strong>Pirmadienis<\/strong><br \/>\n9.00 \u0160iuolaikin\u0117 vokie\u010di\u0173 kalba (2\/4, 116 aud)<br \/>\n11.00 Vokie\u010di\u0173 leksikologija (angl-vok programa, 115 aud.)<\/p>\n<p><strong>Antradienis<br \/>\n<\/strong>11.00 Vokie\u010di\u0173 kalba pasaulyje: paplitimas, paveldas, kontaktai (107 aud.)<br \/>\n13.00 Vokie\u010diai ir Lietuva: kalbiniai ir kult\u016briniai saitai (2\/4, 116 aud.)<\/p>\n<p><strong>Tre\u010diadienis<\/strong><br \/>\n11.00 \u0160iuolaikin\u0117 vokie\u010di\u0173 kalba (2\/4, 111 aud.)<br \/>\n13.00 Vokie\u010diai ir Lietuva: kalbiniai ir kult\u016briniai saitai (2\/4, SHM aud.)<\/p>\n<p><strong>Penktadienis<br \/>\n<\/strong>11.00 \u0160iuolaikin\u0117 vokie\u010di\u0173 kalba (2\/4, 107 aud.)<\/p>\n<p><strong>2023\/2024 m. m. rudens\u00a0semestras<\/strong><\/p>\n<p><strong>Pirmadienis<\/strong><br \/>\n13.00 Kalbotyros \u012fvadas (BA, ?? aud.)<\/p>\n<p><strong>Antradienis<br \/>\n<\/strong>9.00 \u0160iuolaikin\u0117 vokie\u010di\u0173 kalba (BA, 122\u00a0aud.)<br \/>\n15.00 Vokie\u010di\u0173 kalbos sintaks\u0117 (BA, nuo spalio 16 d. pavaduojant doc. dr. \u00a0Vaiv\u0105 \u017deimantien\u0119, ?? aud.)<\/p>\n<p><strong>Tre\u010diadienis<\/strong><br \/>\n11.00 Vokie\u010di\u0173 kalbos sintaks\u0117 (BA, nuo spalio 16 d. pavaduojant doc. dr. \u00a0Vaiv\u0105 \u017deimantien\u0119, A9 aud.)<br \/>\n13.00 \u0160iuolaikin\u0117 vokie\u010di\u0173 kalba (BA, SHM aud.)<\/p>\n<p><strong>Penktadienis<br \/>\n<\/strong>9.00 \u0160iuolaikin\u0117 vokie\u010di\u0173 kalba (BA, ISC aud.)<br \/>\n10.30-12.00 Konsultacijos studentams (Vokie\u010di\u0173 filologijos katedra)<\/p>\n<p><strong><br \/>\n2022\/2023 m. m. pavasario semestras<\/strong><\/p>\n<p><strong>Pirmadienis<\/strong><br \/>\n9.00 \u0160iuolaikin\u0117 vokie\u010di\u0173 kalba (BA, 128 aud.)<br \/>\n13.00 Vokie\u010di\u0173 kalbos morfologija (BA, 128 aud.)<\/p>\n<p><strong>Antradienis<br \/>\n<\/strong>9.00 Senieji ra\u0161tai vokie\u010di\u0173 kalba (BA, A9 aud.)<br \/>\n11.00 Vokie\u010di\u0173 kalba pasaulyje: paplitimas, paveldas, kontaktai (BA, 107 aud.)<\/p>\n<p><strong>Tre\u010diadienis<\/strong><br \/>\n11.00 \u0160iuolaikin\u0117 vokie\u010di\u0173 kalba (BA, 111 aud.)<br \/>\n13.00 Vokie\u010di\u0173 kalbos morfologija (BA, 123 aud.)<\/p>\n<p><strong>Penktadienis<br \/>\n<\/strong>11.00 \u0160iuolaikin\u0117 vokie\u010di\u0173 kalba (BA, 128 aud.)<\/p>\n<p><strong><br \/>\n2022\/2023 m. m. rudens\u00a0semestras<\/strong><\/p>\n<p><strong>Pirmadienis<\/strong><br \/>\n17.00 Baltijos regiono \u0161ali\u0173 kult\u016briniai ry\u0161iai (MA, 314a aud.)<\/p>\n<p><strong>Antradienis<br \/>\n<\/strong>9.oo \u0160iuolaikin\u0117 vokie\u010di\u0173 kalba (BA, 122\u00a0aud.)<br \/>\n11.00 German\u0173 filologijos \u012fvadas (Got\u0173 kalba) (BA, 128 aud.)<br \/>\n13.00 Konsultacijos studentams (128 aud.)<\/p>\n<p><strong>Tre\u010diadienis<\/strong><br \/>\n11.00 Kalbotyros \u012fvadas (BA, A9 aud.)<br \/>\n13.00 \u0160iuolaikin\u0117 vokie\u010di\u0173 kalba (BA, SHM aud.)<\/p>\n<p><strong>Ketvirtadienis<br \/>\n<\/strong>13.00 \u0160iuolaikin\u0117 vokie\u010di\u0173 kalba (BA, 130 aud.)<\/p>\n<p><strong><br \/>\n2021\/2022 m. m. pavasario\u00a0semestras<\/strong><\/p>\n<p><strong>Pirmadienis<\/strong><br \/>\n9.00 \u0160iuolaikin\u0117 vokie\u010di\u0173 kalba (vokie\u010di\u0173 filologijos studentai, 1.1 gr. (BA), 128\u00a0aud.)<br \/>\n11.00 Konsultacijos studentams<br \/>\n13.00 Vokie\u010di\u0173 kalbos morfologija\u00a0(dalyko pedagogikos, gretutini\u0173 studij\u0173 studentai (BA), 128\u00a0aud.)<\/p>\n<p><strong>Antradienis<br \/>\n<\/strong>9.oo Vokie\u010di\u0173 kalba pasaulyje: paplitimas, paveldas, kontaktai (pasirenkamasis (BA), A9 aud.)<\/p>\n<p><strong>Tre\u010diadienis<\/strong><br \/>\n9.00 \u0160iuolaikin\u0117 vokie\u010di\u0173 kalba (vokie\u010di\u0173 filologijos studentai, 1.1 gr. (BA), 128\u00a0aud.)<br \/>\n13.00 Vokie\u010di\u0173 kalbos morfologija\u00a0(dalyko pedagogikos, gretutini\u0173 studij\u0173 studentai (BA), A8\u00a0aud.)<\/p>\n<p><strong>Penktadienis<br \/>\n<\/strong>11.00 \u0160iuolaikin\u0117 vokie\u010di\u0173 kalba (vokie\u010di\u0173 filologijos studentai, 1.1 gr. (BA), 128\u00a0aud.)<\/p>\n<p><strong><br \/>\n2021\/2022 m. m. rudens\u00a0semestras<\/strong><\/p>\n<p><strong>Antradienis<br \/>\n<\/strong>11.00 \u0160iuolaikin\u0117 vokie\u010di\u0173 kalba (1 kursas 1 gr. (BA),\u00a0UK2\u00a0aud.)<\/p>\n<p><strong>Tre\u010diadienis<\/strong><br \/>\n11.00 Bendrosios kalbotyros seminaras (1 kursas 1, 2 gr. (BA), A9\u00a0aud.)<br \/>\n13.00\u00a0\u0160iuolaikin\u0117 vokie\u010di\u0173 kalba (1 kursas 1 gr. (BA), SHM aud.)<\/p>\n<p><strong>Ketvirtadienis<br \/>\n<\/strong>11.00 Konsultacijos studentams (113 aud.)<br \/>\n13.00\u00a0\u0160iuolaikin\u0117 vokie\u010di\u0173 kalba (1 kursas 1 gr. (BA), 130 aud.)<strong><br \/>\n<\/strong><\/p>\n<p><strong><br \/>\n2020\/2021 m. m. pavasario\u00a0semestras<\/strong><\/p>\n<p><strong>Pirmadienis<\/strong><br \/>\n9.00 \u0160iuolaikin\u0117 vokie\u010di\u0173 kalba (vokie\u010di\u0173 filologijos studentai, 1.1 gr. (BA), 128\u00a0aud.)<br \/>\n13.00 Vokie\u010di\u0173 kalbos morfologija\u00a0(dalyko pedagogikos studentai (BA), A8\u00a0aud.)<\/p>\n<p><strong>Antradienis<br \/>\n<\/strong>11.00 Vokie\u010di\u0173 kalbotyros seminaras: vokie\u010di\u0173 kalbos \u017eod\u017ei\u0173 daryba\u00a0(pasirenkamasis\u00a0(BA), nuotoliniu b\u016bdu)<br \/>\n13.oo Vokie\u010di\u0173 kalba pasaulyje: paplitimas, paveldas, kontaktai (pasirenkamasis (BA), nuotoliniu b\u016bdu)<\/p>\n<p><strong>Tre\u010diadienis<\/strong><br \/>\n11.00 \u0160iuolaikin\u0117 vokie\u010di\u0173 kalba (vokie\u010di\u0173 filologijos studentai, 1.1 gr. (BA), 128\u00a0aud.)<br \/>\n13.00 Vokie\u010di\u0173 kalbos morfologija\u00a0(dalyko pedagogikos studentai (BA), A8\u00a0aud.)<\/p>\n<p><strong>Penktadienis<br \/>\n<\/strong>11.00 \u0160iuolaikin\u0117 vokie\u010di\u0173 kalba (vokie\u010di\u0173 filologijos studentai, 1.1 gr. (BA), 128\u00a0aud.)<\/p>\n<p><strong><br \/>\n2020\/2021 m. m. rudens\u00a0semestras<\/strong><\/p>\n<p><strong>Pirmadienis<\/strong><br \/>\n13.00 \u0160iuolaikin\u0117 vokie\u010di\u0173 kalba (vokie\u010di\u0173 filologijos studentai, 1.1 gr. (BA), 107 aud.)<br \/>\n15.00 Baltijos regiono \u0161ali\u0173 kult\u016briniai ry\u0161iai (pasirenkamasis dalykas (MA), A9 aud.)<\/p>\n<p><strong>Antradienis<br \/>\n<\/strong>11.00 \u0160iuolaikin\u0117 vokie\u010di\u0173 kalba (vokie\u010di\u0173 filologijos studentai, 1.1 gr. (BA), 128 aud.)<\/p>\n<p><strong>Tre\u010diadienis<\/strong><br \/>\n9.00 Baltijos regiono \u0161ali\u0173 kult\u016briniai ry\u0161iai (pasirenkamasis dalykas (MA), A9 aud.)<br \/>\n11.00 Bendrosios kalbotyros seminaras (vokie\u010di\u0173 filologijos studentai, 1.1 gr., 1.2 gr. (BA), A9\u00a0aud.)<br \/>\n13.00\u00a0\u0160iuolaikin\u0117 vokie\u010di\u0173 kalba (vokie\u010di\u0173 filologijos studentai, 1.1 gr. (BA), 128 aud.)<\/p>\n","protected":false},"excerpt":{"rendered":"<p>2025\/2026 m. m. pavasario semestras Pirmadienis 9.00 Vokie\u010diai ir Lietuva: kalbiniai ir kult\u016briniai saitai (2\/4, 116 aud.) 11.00 \u0160iuolaikin\u0117 vokie\u010di\u0173 kalba (4\/4 (B1.1), 111 aud.) 17.00 Vokie\u010di\u0173 kalba pasaulyje: paplitimas, paveldas, kontaktai (mokytoj\u0173 perkvalifikavimo programa) (online) Tre\u010diadienis 13.00 Vokie\u010diai ir Lietuva: kalbiniai ir kult\u016briniai saitai (2\/4, 129 aud., kas antr\u0105 savait\u0119) 15.00 Vokie\u010di\u0173 kalbos gramatika [&hellip;]<\/p>\n","protected":false},"author":17,"featured_media":0,"parent":0,"menu_order":0,"comment_status":"open","ping_status":"open","template":"","meta":[],"_links":{"self":[{"href":"http:\/\/web.vu.lt\/flf\/j.daunoriene\/wp-json\/wp\/v2\/pages\/10"}],"collection":[{"href":"http:\/\/web.vu.lt\/flf\/j.daunoriene\/wp-json\/wp\/v2\/pages"}],"about":[{"href":"http:\/\/web.vu.lt\/flf\/j.daunoriene\/wp-json\/wp\/v2\/types\/page"}],"author":[{"embeddable":true,"href":"http:\/\/web.vu.lt\/flf\/j.daunoriene\/wp-json\/wp\/v2\/users\/17"}],"replies":[{"embeddable":true,"href":"http:\/\/web.vu.lt\/flf\/j.daunoriene\/wp-json\/wp\/v2\/comments?post=10"}],"version-history":[{"count":39,"href":"http:\/\/web.vu.lt\/flf\/j.daunoriene\/wp-json\/wp\/v2\/pages\/10\/revisions"}],"predecessor-version":[{"id":264,"href":"http:\/\/web.vu.lt\/flf\/j.daunoriene\/wp-json\/wp\/v2\/pages\/10\/revisions\/264"}],"wp:attachment":[{"href":"http:\/\/web.vu.lt\/flf\/j.daunoriene\/wp-json\/wp\/v2\/media?parent=10"}],"curies":[{"name":"wp","href":"https:\/\/api.w.org\/{rel}","templated":true}]}}