{"id":95,"date":"2022-06-28T12:08:50","date_gmt":"2022-06-28T12:08:50","guid":{"rendered":"http:\/\/web.vu.lt\/flf\/j.cibulskiene\/?page_id=95"},"modified":"2024-11-19T14:41:51","modified_gmt":"2024-11-19T14:41:51","slug":"publications","status":"publish","type":"page","link":"http:\/\/web.vu.lt\/flf\/j.cibulskiene\/publications\/","title":{"rendered":"Publications"},"content":{"rendered":"\n<p><strong>Cibulskien\u0117, J., \u0160e\u0161kauskien\u0117, I., Masiulionyt\u0117, V.<\/strong> <strong>(online version).<\/strong> Metaphorical framing of political events through ENTERTAINMENT scenarios: A cross-cultural perspective. <em>Review of Cognitive Linguistics<\/em>. <a href=\"https:\/\/doi.org\/10.1075\/rcl.00206.cib\" target=\"_blank\" rel=\"noreferrer noopener\">https:\/\/doi.org\/10.1075\/rcl.00206.cib<\/a>\u00a0\u00a9 2023 John Benjamins Publishing Company. <\/p>\n\n\n\n<p><strong>Cibulskien\u0117, J.<\/strong> <strong>(2023).<\/strong> Scepticism voiced through extended metaphors Assessment of higher education reform in the media. <em>Metaphor and the Social World. <\/em>Vol. 13:2. pp.197\u2013220. <a href=\"https:\/\/doi.org\/10.1075\/msw.22022.cib\">https:\/\/doi.org\/10.1075\/msw.22022.cib<\/a> ISSN 2210-4070 | E\u2011ISSN 2210-4097 \u00a9 2023 John Benjamins Publishing Company<\/p>\n\n\n\n<p><strong>Cibulskien\u0117, J. (2023)<\/strong>. Expressing the Evaluation of Socially Contested Issues through Metaphor: Higher Education Reform,\u00a0<em>Cognitive Semantics<\/em>,\u00a0<em>9<\/em>(1), 103-131. doi:\u00a0<a href=\"https:\/\/doi.org\/10.1163\/23526416-bja10034\" target=\"_blank\" rel=\"noreferrer noopener\">https:\/\/doi.org\/10.1163\/23526416-bja10034<\/a> <\/p>\n\n\n\n<p><strong>Cibulskien\u0117, J. &amp; \u0160e\u0161kauskien\u0117, I. (2022).<\/strong>\u00a0<em>Ukraine\u2019s Voice Makes Russia Angry; Lithuania Speaks Boldly<\/em>&#8230; Constructing attitudinal stance through personification of countries.\u00a0<em>Lodz Papers in Pragmatics<\/em>,\u00a0<em>18<\/em>(2), 303-322.\u00a0<a href=\"https:\/\/doi.org\/10.1515\/lpp-2022-0015\">https:\/\/doi.org\/10.1515\/lpp-2022-0015<\/a><\/p>\n\n\n\n<p class=\"has-normal-font-size\"><strong>Cibulskien\u0117, J.<\/strong> <strong>(2020).<\/strong> Cross-linguistic metaphorical representation of the #MeToo movement: Communicating attitudes. <em>Respectus Philologicus<\/em>, vol. 38(43), pp.54\u201366. DOI: http:\/\/dx.doi.org\/10.15388\/RESPECTUS.2020.38.43.57<\/p>\n\n\n\n<p><strong>Urbonait\u0117, J., \u0160e\u0161kauskien\u0117, I., Cibulskien\u0117, J<\/strong>.<strong> (2019). <\/strong>Linguistic metaphor identification in Lithuanian. S. Nacey, A.G. Dorst, T. Krennmayr &amp; W. G. Reijnierse (Eds) <em>Metaphor Identification in Multiple Languages. MIPVU around the world<\/em>. Amsterdam: John Benjamins Publishing Company, 159\u2013181. (https:\/\/doi.org\/10.1075\/celcr.22.08urb).<\/p>\n\n\n\n<p><strong>Cibulskien\u0117, J. (2019).<\/strong> Communicating attitudes through metaphor: A case study of euro adoption. <em>Cognitive Linguistic Studies <\/em>6:1, pp. 129\u2013156. \u00a9 John Benjamins Publishing Company (ISSN 2213-8722 e\u2011ISSN 2213-8730; https:\/\/doi.org\/10.1075\/cogls.00033.cib)<\/p>\n\n\n\n<p><strong>Cibulskien\u0117, J. (2018).<\/strong> The processes of animation and de-animation in conceptualizing socio-political events. <em>International Journal of Language and Culture <\/em>5:2, 302\u2013322.<\/p>\n\n\n\n<p><strong>Cibulskien\u0117, J. (2018).<\/strong> Conceptualizing an Economic Crisis via Spatial and Movement Metaphors: A Study across Political Parties in Lithuania. R. Trim, W. Kudszus (Eds.) <em>Metaphors of Austerity and the Austerity of Metaphors<\/em>. Paris: L&#8217;Harmattan. 129\u2013167.<\/p>\n\n\n\n<p><strong>Cibulskien\u0117, J. (2017).<\/strong> Cross-cultural conceptualization of the financial and economic crisis in the media: the force metaphor. <em>Man and the Word \/ Foreign Languages<\/em>. Vol. 19, No. 3, p. 4\u201322.<\/p>\n\n\n\n<p><strong>Cibulskien\u0117, J. (2014). <\/strong>The Conflictual Nature of Metaphors in Live Basketball Commentaries: A Corpus-Driven Approach. <em>Man and the Word \/ Foreign .Languages<\/em>. Vol. 16, No. 3, p. 37\u201361.<\/p>\n\n\n\n<p><strong>Cibulskien\u0117, J. (2014).<\/strong> Lietuvos politini\u0173 partij\u0173 legitimizacija ir delegitimizacija metafori\u0161kai konceptualizuojant ekonomin\u0119 kriz\u0119. <em>Parlamento Studijos<\/em>. Nr. 16.<\/p>\n\n\n\n<p><strong>Cibulskien\u0117, J., Jagminait\u0117, R. (2014). <\/strong>TS-LKD partijos 2008 met\u0173 rinkim\u0173 kampanijos \u012f Seim\u0105 kognityvin\u0117 analiz\u0117: konceptualioji kelion\u0117s metafora. <em>Acta Linguistica Lithuanica<\/em>, LXX, 25\u201342.<\/p>\n\n\n\n<p><strong>Cibulskien\u0117, J. (2013). <\/strong>What is Economic Recession: A (Pot)hole or a Burden? A Cross-Cultural Study of the Conceptualization of Economic Recession via the journey Metaphor. <em>Anglistics in Lithuania: Cross-Linguistic and Cross-Cultural Aspects of Study<\/em>. I. \u0160e\u0161kauskien\u0117, J. Grigali\u016bnien\u0117 (Eds.). Cambridge Scholars Publishing, 64\u201392.<\/p>\n\n\n\n<p><strong>Cibulskien\u0117, J. (2013).<\/strong> The force Metaphor in Conceptualizing Economic Recession. <em>Respectus Philologicus <\/em>23(28). 11\u201326.<\/p>\n\n\n\n<p><strong>Cibulskien\u0117, J. (2012).<\/strong> The Development of the journey Metaphor in Political Discourse. <em>Metaphor and the Social World<\/em>, 2:2. London: John Benjamins Publishing 131\u2013153.<\/p>\n\n\n\n<p><strong>Cibulskien\u0117, J. (2012). <\/strong>Metaphors of Economic and Financial Crisis: Identified, Interpreted and Explained. <em>Respectus Philologicus <\/em>22(27). 156\u2013166.<\/p>\n\n\n\n<p><strong>Cibulskien\u0117, J. (2010). <\/strong>Are Ideologies Reflected in Metaphors? <em>Respectus Philologicus <\/em>17(22). 17\u201325.<\/p>\n\n\n\n<p><strong>Cibulskien\u0117, J. (2008).<\/strong> The Dynamics of <em>The Journey<\/em> Metaphor in the Discourse of the Conservatives in Lithuania. <em>Respectus Philologicus <\/em>14(19) 97\u2013107.<\/p>\n\n\n\n<p><strong>Cibulskien\u0117, J. (2007). <\/strong>Metaphorical Thinking in Politics<em>. Kalba ir kontekstai. Mokslo darbai <\/em>\u2013 2007, II tomas : Vilnius: VPU, p. 165\u2013176.<\/p>\n\n\n\n<p><strong>Cibulskien\u0117, J. (2005). <\/strong>Konceptualioji kelio metafora Lietuvos rinkim\u0173 diskurse. <em>Kalbotyra <\/em>LIV (1). P. 51\u201364.<\/p>\n\n\n\n<p><strong>Cibulskien\u0117, J. (2003).<\/strong> Konceptuali karo metafora Did\u017eiosios Britanijos rinkiminiame diskurse.&nbsp;<em>Politologija&nbsp;<\/em>1 (29). P. 133\u2013159.<\/p>\n\n\n\n<p><strong>Cibulskien\u0117, J. (2002).<\/strong> Metaphorization of elections as war in the 2001 General Election discourse of Great Britain.&nbsp;<em>Respectus Philologicus&nbsp;<\/em>2 (7), 102\u2013116.<\/p>\n\n\n\n<p><strong>Cibulskien\u0117, J. (2002).<\/strong> Metaforos, kuriomis gyvena Lietuvos \u017emon\u0117s.&nbsp;<em>\u041f\u043e\u043b\u0438\u0444\u043e\u043d\u0438\u044f \u0432 \u043a\u0443\u043b\u044c\u0442\u0443\u0440\u0435, \u0442\u0435\u043a\u0441\u0442\u0435 \u0438 \u044f\u0437\u044b\u043a\u0435.&nbsp;<\/em>\u041a\u0430\u0443\u043d\u0430\u0441: \u0423\u043d\u0438\u0432\u0435\u0440\u0441\u0438\u0442\u0435\u0442 Vytautas Magnus, 72\u201380.<\/p>\n","protected":false},"excerpt":{"rendered":"<p>Cibulskien\u0117, J., \u0160e\u0161kauskien\u0117, I., Masiulionyt\u0117, V. (online version). Metaphorical framing of political events through ENTERTAINMENT scenarios: A cross-cultural perspective. Review of Cognitive Linguistics. https:\/\/doi.org\/10.1075\/rcl.00206.cib\u00a0\u00a9 2023 John Benjamins Publishing Company. Cibulskien\u0117, J. (2023). Scepticism voiced through extended metaphors Assessment of higher education reform in the media. Metaphor and the Social World. Vol. 13:2. pp.197\u2013220. https:\/\/doi.org\/10.1075\/msw.22022.cib ISSN&hellip; <a class=\"more-link\" href=\"http:\/\/web.vu.lt\/flf\/j.cibulskiene\/publications\/\">Continue reading <span class=\"screen-reader-text\">Publications<\/span><\/a><\/p>\n","protected":false},"author":1,"featured_media":0,"parent":0,"menu_order":0,"comment_status":"closed","ping_status":"closed","template":"","meta":{"footnotes":""},"class_list":["post-95","page","type-page","status-publish","hentry","entry"],"_links":{"self":[{"href":"http:\/\/web.vu.lt\/flf\/j.cibulskiene\/wp-json\/wp\/v2\/pages\/95","targetHints":{"allow":["GET"]}}],"collection":[{"href":"http:\/\/web.vu.lt\/flf\/j.cibulskiene\/wp-json\/wp\/v2\/pages"}],"about":[{"href":"http:\/\/web.vu.lt\/flf\/j.cibulskiene\/wp-json\/wp\/v2\/types\/page"}],"author":[{"embeddable":true,"href":"http:\/\/web.vu.lt\/flf\/j.cibulskiene\/wp-json\/wp\/v2\/users\/1"}],"replies":[{"embeddable":true,"href":"http:\/\/web.vu.lt\/flf\/j.cibulskiene\/wp-json\/wp\/v2\/comments?post=95"}],"version-history":[{"count":5,"href":"http:\/\/web.vu.lt\/flf\/j.cibulskiene\/wp-json\/wp\/v2\/pages\/95\/revisions"}],"predecessor-version":[{"id":155,"href":"http:\/\/web.vu.lt\/flf\/j.cibulskiene\/wp-json\/wp\/v2\/pages\/95\/revisions\/155"}],"wp:attachment":[{"href":"http:\/\/web.vu.lt\/flf\/j.cibulskiene\/wp-json\/wp\/v2\/media?parent=95"}],"curies":[{"name":"wp","href":"https:\/\/api.w.org\/{rel}","templated":true}]}}