{"id":102,"date":"2022-06-28T12:18:35","date_gmt":"2022-06-28T12:18:35","guid":{"rendered":"http:\/\/web.vu.lt\/flf\/j.cibulskiene\/?page_id=102"},"modified":"2024-11-19T15:05:51","modified_gmt":"2024-11-19T15:05:51","slug":"conferences","status":"publish","type":"page","link":"http:\/\/web.vu.lt\/flf\/j.cibulskiene\/conferences\/","title":{"rendered":"Conferences"},"content":{"rendered":"\n<figure class=\"wp-block-image size-large is-style-rounded\"><img loading=\"lazy\" decoding=\"async\" width=\"1024\" height=\"768\" src=\"http:\/\/web.vu.lt\/flf\/j.cibulskiene\/wp-content\/uploads\/2022\/06\/P1010125-1-1024x768.jpg\" alt=\"\" class=\"wp-image-115\" srcset=\"http:\/\/web.vu.lt\/flf\/j.cibulskiene\/wp-content\/uploads\/2022\/06\/P1010125-1-1024x768.jpg 1024w, http:\/\/web.vu.lt\/flf\/j.cibulskiene\/wp-content\/uploads\/2022\/06\/P1010125-1-300x225.jpg 300w, http:\/\/web.vu.lt\/flf\/j.cibulskiene\/wp-content\/uploads\/2022\/06\/P1010125-1-768x576.jpg 768w, http:\/\/web.vu.lt\/flf\/j.cibulskiene\/wp-content\/uploads\/2022\/06\/P1010125-1-1536x1152.jpg 1536w, http:\/\/web.vu.lt\/flf\/j.cibulskiene\/wp-content\/uploads\/2022\/06\/P1010125-1-2048x1536.jpg 2048w, http:\/\/web.vu.lt\/flf\/j.cibulskiene\/wp-content\/uploads\/2022\/06\/P1010125-1-1568x1176.jpg 1568w\" sizes=\"auto, (max-width: 1024px) 100vw, 1024px\" \/><figcaption class=\"wp-element-caption\">OLYMPUS DIGITAL CAMERA<\/figcaption><\/figure>\n\n\n\n<p class=\"has-large-font-size\"><strong>2024<\/strong><\/p>\n\n\n\n<p><strong>Plenary<\/strong><\/p>\n\n\n\n<p class=\"has-small-font-size\"><strong>Jurga Cibulskien\u0117<\/strong>. Diverse metaphorical voices in the media: Do they enhance dialogic potential? 7th ESTIDIA Conference <em>Exploring Real-Life, Fictional and Virtual Dialogue: Similarities, Differences and Complementarities<\/em>. 12-14 June, 2024, Mykolas Romeris University, Vilnius, Lithuania<\/p>\n\n\n\n<p class=\"has-large-font-size\"><strong>2023<\/strong><\/p>\n\n\n\n<p class=\"has-small-font-size\"><strong>Inesa \u0160e\u0161kauskien\u0117, Jurga Cibulskien\u0117, Virginija Masiulionyt\u0117<\/strong>. &#8220;Expressing attitudes through irony. The Belarusian crisis in a cross-cultural perspective&#8221;. FTL7: <em>Cognitive, Bodily, and Cultural Processes in Figurative Thought and Language. <\/em>19-22 September 2023. University of Genoa, Genoa (Italy).<\/p>\n\n\n\n<p class=\"has-small-font-size\"><strong>Virginija Masiulionyt\u0117, Jurga Cibulskien\u0117, Inesa \u0160e\u0161kauskien\u0117.<\/strong> &#8220;Labeling im \u00f6ffentlichen politischen Diskurs: Ermittlung von Mustern und M\u00f6glichkeiten des&nbsp;Einsatzes im DaF-Unterricht. Fallbeispiel Belarus-Krise 2021&#8221;. Workshop \u201eKorpusgest\u00fctzte&nbsp;Fachphraseologie\u201c Universit\u00e4t Hamburg, (Germany) 15-16 Juni 2023.<\/p>\n\n\n\n<p class=\"has-small-font-size\"><strong>Jurga Cibulskien\u0117, Inesa \u0160e\u0161kauskien\u0117, Virginija Masiulionyt\u0117. <\/strong>&#8220;Evaluation through metaphorical labels: Is Belarus a cancer of Europe or a country led by a kind old man?&#8221; 16<sup>th<\/sup> International RaAM Conference <em>The Social Impact of Metaphor: Metaphor in public discourse,<\/em> 28-30, June 2023, University of Alcala, Alcala de Henares (Spain)<\/p>\n\n\n\n<p class=\"has-small-font-size\"><strong>Virginija Masiulionyt\u0117, Jurga Cibulskien\u0117, Inesa \u0160e\u0161kauskien\u0117.<\/strong> &#8220;Evaluation and shifting viewpoints in the discourse of the Belarusian political crisis&#8221;. Online workshop <em>Political Language in Motion<\/em>. January 28, 2023, Aristotle University of Thessaloniki (Greece).<\/p>\n\n\n\n<p class=\"has-large-font-size\"><strong>2022<\/strong><\/p>\n\n\n\n<p class=\"has-small-font-size\"><strong>Jurga Cibulskien\u0117, Virginija Masiulionyt\u0117<\/strong>, <strong>Inesa \u0160e\u0161kauskien\u0117<\/strong>. \u201ePaskutinis diktatorius ar nepakei\u010diamas lyderis? Vertinamosios etiket\u0117s Baltarusijos kriz\u0117s diskurse\u201c, 6-oji tarptautin\u0117 LITAKA konferencija \u201eKalbos ir \u017emon\u0117s: problemos ir sprendimai\u201c,<strong> <\/strong>2022 m. rugs\u0117jo 29\u201330 d., Vilniaus universitetas.<\/p>\n\n\n\n<p class=\"has-small-font-size\"><strong>Inesa \u0160e\u0161kauskien\u0117, Jurga Cibulskien\u0117,<\/strong> <strong>Virginija Masiulionyt\u0117<\/strong> &#8220;Irony (and\/through metaphor) in public discourse. The Belarusian crisis from different perspectives&#8221;, 15<sup>th<\/sup> International RaAM Conference <em>The Social Impact of Metaphor<\/em> 21-24 September 2022, University of Bia\u0142ystok (Poland)<\/p>\n\n\n\n<p class=\"has-small-font-size\"><strong>Jurga Cibulskien\u0117, Inesa \u0160e\u0161kauskien\u0117, Virginija Masiulionyt\u0117<\/strong> &#8220;A war or a performance? Framing attitudes to the Belarusian crisis through figurative language\u201d, 6th International Conference on Figurative Thought and Language <em>Dynamicity, Schematicity and Variation in Figurative Thought and Language, <\/em>April 21-22, 2022, Pozna\u0144, Poland. (virtual conference)<\/p>\n\n\n\n<p class=\"has-large-font-size\"><strong>2021<\/strong><\/p>\n\n\n\n<p class=\"has-small-font-size\"><strong>Inesa \u0160e\u0161kauskien\u0117, Jurga Cibulskien\u0117<\/strong>. &#8220;Events in Ukraine through the eyes of personified Russia, Ukraine, Lithuania and the EU: A study in political discourse\u201d, <em>\u00a0Interdisciplinary Communication and Language Role in Culture<\/em>, Latvian Academy of Culture, Latvia. 1-5 November, 2021. (virtual conference)<\/p>\n\n\n\n<p class=\"has-small-font-size\"><strong>Jurga Cibulskien\u0117. <\/strong>\u201cSpatial metaphors and attitudinal perspective in a learning process: <em>Learning languages is like \u2026<\/em>\u201d.14<sup>th<\/sup> conference of RaAM <em>Researching and Applying Metaphor (RaAM) 12: <\/em>Metaphor and Space. 23\u201326 June 2021 Vilnius University, Vilnius, Lithuania. (virtual conference)<\/p>\n\n\n\n<p class=\"has-small-font-size\"><strong>Inesa \u0160e\u0161kauskien\u0117<\/strong>, <strong>Jurga Cibulskien\u0117<\/strong>. \u201c<em>Ukraine\u2019s voice makes Russia angry; Lithuania speaks boldly..<\/em>. Establishing power relations via personification of countries\u201d Metaphor\/Mediator: Persuasion, Power and Privilege JWLLP-29 (2021\/06): The 29th Joint Workshop on Linguistics and Language Processing, June 4th, 2021, via Zoom, hosted by Research Centre for Professional Communication in English and co-hosted by Research Centre for Chinese Linguistics, the Hong Kong Polytechnic University, Hong Kong. (virtual workshop)<\/p>\n\n\n\n<p class=\"has-large-font-size\"><strong>2020<\/strong><\/p>\n\n\n\n<p class=\"has-small-font-size\"><strong>Jurga Cibulskien\u0117<\/strong> \u201cConflicting Perspectives on Gender Relations via Metaphors in the #MeToo Movement\u201d. <em>Figurative Thought and Language<\/em> 5. 29\u201331 October 2020, Sofia University &#8220;St Kliment Ohridsky\u201d, Sofia, Bulgaria. (virtual conference)<\/p>\n\n\n\n<p class=\"has-small-font-size\"><strong>Jurga Cibulskien\u0117, Inesa \u0160e\u0161kauskien\u0117<\/strong> \u201cThe Ukrainian crisis through personification in Lithuanian media: four players in the game\u201d. 13<sup>th<\/sup> conference of RaAM <em>Researching and Applying Metaphor (RaAM) 12: <\/em>Metaphorical creativity in a multilingual world. 18-21 June 2020 Inland Norway University of Applied Sciences, Hamar, Norway. (virtual conference)<\/p>\n\n\n\n<p class=\"has-small-font-size\"><strong>Jurga Cibulskien\u0117<\/strong> \u201cScepticism voiced through extended metaphors: public\u2019s assessment of social policies\u201d. 13<sup>th<\/sup> conference of RaAM <em>Researching and Applying Metaphor (RaAM) 12: <\/em>Metaphorical creativity in a multilingual world. 18-21 June 2020 Inland Norway University of Applied Sciences, Hamar, Norway. (virtual conference)<\/p>\n\n\n\n<p class=\"has-large-font-size\"><strong>2019<\/strong><\/p>\n\n\n\n<p class=\"has-small-font-size\"><strong>Jurga Cibulskien\u0117<\/strong>  \u201cCross-linguistic metaphorical representation of the #<em>MeToo <\/em>movement: Communicating attitudes\u201d. <em>The 15th International Cognitive Linguistics Conference: Crosslinguistic Perspective on Cognitive Linguistics. <\/em>6\u201311 August 2019 Kwansei Gakuin University, Nishinomiya, Japan.<\/p>\n\n\n\n<p class=\"has-small-font-size\"><strong>Jurga Cibulskien\u0117, Inesa \u0160e\u0161kauskien\u0117<\/strong> \u201cConstructing attitudinal stance via metaphors: a multi-perspective cognitive approach toward politically contested events\u201d. <em>The 15th International Cognitive Linguistics Conference: Crosslinguistic Perspective on Cognitive Linguistics. <\/em>6\u201311 August 2019 Kwansei Gakuin University, Nishinomiya, Japan.<\/p>\n\n\n\n<p class=\"has-small-font-size\"><strong>Jurga Cibulskien\u0117<\/strong> \u201cConceptualizing the Reform of Higher Education in Lithuania: The Interplay Between Conventional and Novel Metaphors\u201d. 5-oji tarptautin\u0117 taikomosios kalbotyros konferencija <em>Languages and People: Communication in a Multilingual World<\/em>. 26\u201327 September 2019 Vilnius University, Lithuania.<\/p>\n\n\n\n<p class=\"has-large-font-size\"><strong>2018<\/strong><\/p>\n\n\n\n<p class=\"has-small-font-size\"><strong>Jurga Cibulskien\u0117<\/strong> \u201cCommunicating attitudes via metaphor in Lithuanian version of MeToo movement, 4<sup>th<\/sup> International Conference on Figurative Thought and Language (FTL), 23-26 October 2018. Catholic University of Braga, Portugal.<\/p>\n\n\n\n<p class=\"has-small-font-size\"><strong>Jurga Cibulskien\u0117<\/strong> &#8220;Metaphor and Expressing Evaluation Toward Socially Contested Issues: The Educational Reform in Lithuania\u201d. 12<sup>th<\/sup> conference of RaAM <em>Researching and Applying Metaphor (RaAM) 12: Metaphor Across Contexts and Domains. From Description to Application<\/em>. Honkongo politechnikos universitetas, Honkongas, 27-30 June, 2018.<\/p>\n\n\n\n<p class=\"has-small-font-size\"><strong>Jurga Cibulskien\u0117<\/strong>,<strong> Inesa \u0160e\u0161kauskien\u0117<\/strong> &#8220;Metaphorical construction of Ukrainian crisis in Lithuanian media: The FRIENDSHIP scenario\u201c. <em>7<sup>th<\/sup> Conference on Critical Approaches to Discourse Analysis across Disciplines (CADAAD)<\/em>. Aalborg University, Aalborg (Denmark), 4-6 July, 2018.<\/p>\n\n\n\n<p><strong>Plenary <\/strong><\/p>\n\n\n\n<p class=\"has-small-font-size\"><strong>Jurga Cibulskien\u0117<\/strong> &#8220;Metaphorical understanding of the educational reform in Lithuania: Is it a balloon, a highway or a &#8220;slap with a wet rag\u201c? 8<sup>th<\/sup> International Scientific Conference <em>Linguistic, Didactic and Sociocultural Aspects of Language Functioning<\/em>. 3\u20134 May, 2018. Lithuanian University of Educational Sciences, Lithuania.<\/p>\n\n\n\n<p class=\"has-large-font-size\"><strong>2017<\/strong><\/p>\n\n\n\n<p class=\"has-small-font-size\"><strong>Jurga Cibulskien\u0117<\/strong> &#8220;The Paradox of Metaphor or the Processes of Animation and De-animation in Conceptualizing Socio-political Events\u201d. <em>The 14th International Cognitive Linguistics Conference: Linguistic Diversity and Cognitive Linguistics. <\/em>10-14 July 2017 Tartu University, Estonia.<\/p>\n\n\n\n<p class=\"has-small-font-size\"><strong>Jurga Cibulskien\u0117<\/strong> &#8220;Animation of the euro and de-animation of refugees: Critical Metaphor Analysis\u201c International conference <em>Egocentrism and anthropocentrism in language and discourse<\/em>. Ecole Normale Superieur de Lyon, University of Lyon, France. 30\u201331 March 2017.<\/p>\n\n\n\n<p class=\"has-large-font-size\"><strong>2016<\/strong><\/p>\n\n\n\n<p class=\"has-small-font-size\"><strong>Plenary<\/strong><\/p>\n\n\n\n<p class=\"has-small-font-size\"><strong>Jurga Cibulskien\u0117<\/strong>  &#8220;Sociopolitini\u0173 \u012fvyki\u0173 metaforinis konstravimas: <em>euro<\/em> personifikacijos atvejo studija\u201d. 9th International Conference <em>The World in Language \/ Pasaulio vaizdas kalboje<\/em>, \u0160iauliai University, Lithuania. 25 November, 2016.<\/p>\n\n\n\n<p class=\"has-small-font-size\"><strong>Jurga Cibulskien\u0117<\/strong> &#8220;Metaphor as a loaded weapon: translating political commentaries\u201c. 4th International Conference of Applied Linguistics &#8220;Languages and People: Diversity and Harmony&#8221;, 28-29 September, 2016.<\/p>\n\n\n\n<p class=\"has-small-font-size\"><strong>Jurga Cibulskien\u0117<\/strong> &#8220;Metaphor as a Way of Communicating Attitudes Towards Euro in the Media: A Case Study of Euro Adoption\u201d. 11<sup>th<\/sup> conference of RaAM \u2013 the Association for Researching and Applying Metaphor: Metaphor in the Arts, in Media and Communication. Freie Universit\u00e4t Berlin, Germany. 1\u2013 4 July, 2016.<\/p>\n\n\n\n<p class=\"has-small-font-size\"><strong>Jurga Cibulskien\u0117<\/strong> &#8220;Rhetorical Peculiarities of Conventional and Dead Metaphors in Live Basketball Commentaries\u201c. 7<sup>th<\/sup> Conference of Formulaic Language Research Network (FLaRN). Vilnius University, Lithuania. 28\u201330 June 2016.<\/p>\n\n\n\n<p class=\"has-small-font-size\"><strong>Jurga Cibulskien\u0117<\/strong> &#8220;Conventional and Dead Metaphors \u2013 No Rhetorical Power? A Case Study of Live Basketball Commentaries. 7<sup>th<\/sup> International Scientific Conference on Linguistic, Didactic and Sociocultural Aspects of Language Functioning. Lithuanian University of Educational Sciences, Lithuania. 5-7 May, 2016.<\/p>\n\n\n\n<p class=\"has-large-font-size\"><strong>2015<\/strong><\/p>\n\n\n\n<p class=\"has-small-font-size\"><strong>Jurga Cibulskien\u0117<\/strong> &#8220;Maintaining Ideology in Metaphor Translation: A Case Study in Political Discourse\u201c RaAM Specialised Seminar \u201cMetaphors and \/in\/of Translation\u201d. Leiden University, Netherlands. 10-12 June, 2015.<\/p>\n\n\n\n<p class=\"has-small-font-size\"><strong>Jurga Cibulskien\u0117<\/strong> &#8220;Loaded Metaphors in News Coverage: Lost in Translation? 5th International Scientific Conference Language and Intercultural Communication. Lithuanian University of Educational Sciences, Lithuania and Belarusian State Tank Pedagogical University, Belarus. 19-23 May, 2015.<\/p>\n\n\n\n<p class=\"has-large-font-size\"><strong>2014<\/strong><\/p>\n\n\n\n<p class=\"has-small-font-size\"><strong>Jurga Cibulskien\u0117<\/strong> &#8220;Metaphor in Political Communication Across Cultures: What is Economic Recession? A (Pot)hole or a Burden?\u201c 10th Conference of the Association for Researching and Applying Metaphor <em>Metaphor in Communication, Science and Education<\/em>. Cagliari University, Sardinia, Italy. 20-23 June, 2014.<\/p>\n\n\n\n<p class=\"has-small-font-size\"><strong>Jurga Cibulskien\u0117<\/strong> &#8220;Conceptualizing Economic Recession via Spatial and Movement Metaphors: A Study Across Cultures\u201c, International Research Conference <em>Metamind 2014. The Order in Destruction and the Chaoso f Order. Freedom<\/em>. Under the auspices of The International Association for Semiotic Studies IASS\/AIS. The International Communicology Institute, Riga, Latvia. 25-28 September, 2014.<\/p>\n\n\n\n<p class=\"has-small-font-size\"><strong>Jurga Cibulskien\u0117<\/strong> &#8220;Ekonomin\u0117s kriz\u0117s konceptualizavimas per KLI\u016aTIES metafor\u0105\u201c. 6<sup>th<\/sup> International Scientific Conference on Linguistic, Didactic and Sociocultural Aspects of Language Functioning. Lithuanian University of Educational Sciences, Lithuania. 24-25 April, 2014.<\/p>\n\n\n\n<p class=\"has-large-font-size\"><strong>2013<\/strong><\/p>\n\n\n\n<p class=\"has-small-font-size\"><strong>Jurga Cibulskien\u0117<\/strong> &#8220;Rhetorical strategies in empathy development\u201c. Tarptautin\u0117 taikomosios lingvistikos konferencija \u201eLanguages and People: Dialogues and Contacts\u201c, Vilnius University, Lithuania. 3-4 October, 2013.<\/p>\n\n\n\n<p class=\"has-small-font-size\"><strong>Jurga Cibulskien\u0117<\/strong> &#8220;Empathy development through metaphors in political discourse\u201c, RaAM specializuotas seminaras <em>Researching and Applying Metaphor: Metaphor, Metonymy and Emotions.<\/em> Adam Mickiewicz University, Poznan, Poland. 2-4 May, 2013.<\/p>\n\n\n\n<p class=\"has-large-font-size\"><strong>2012<\/strong><\/p>\n\n\n\n<p class=\"has-small-font-size\"><strong>Jurga Cibulskien\u0117<\/strong> &#8220;The Conceptualization of Economic Crisis via FORCE Metaphor\u201c, International Scientific Conference &#8220;Stylistics in the Context of Contemporary Science and Globalization&#8221;, Vilnius University, Lithuania, and Lithuanian University of Educational Sciences, Lithuania. 9-10 November, 2012. <\/p>\n\n\n\n<p class=\"has-small-font-size\"><strong>Jurga Cibulskien\u0117<\/strong> &#8220;Metaphor as a rhetorical tool of persuasion\u201c. 9th International Scientific Conference &#8220;Researching and Applying Metaphor: Metaphor in Mind and Society\u201c. Lancaster University, the UK. 4-7 July, 2012.<\/p>\n\n\n\n<p class=\"has-large-font-size\"><strong>2011<\/strong><\/p>\n\n\n\n<p class=\"has-small-font-size\"><strong>Jurga Cibulskien\u0117<\/strong> &#8220;\u012e student\u0105 orientuotos angl\u0173 filologijos studijos: ar tai Lietuvos auk\u0161tojo mokslo realyb\u0117?\u201c International Conference &#8220;Europos kredit\u0173 perk\u0117limo ir kaupimo sistemos (ECTS) prioritetai ir i\u0161\u0161\u016bkiai Lietuvos auk\u0161tajam&nbsp; mokslui\u201c. Vilnius University, Lithuania, 27 April, 2011.<\/p>\n\n\n\n<p class=\"has-large-font-size\"><strong>2010<\/strong><\/p>\n\n\n\n<p class=\"has-small-font-size\"><strong>Jurga Cibulskien\u0117<\/strong> &#8220;Exploring metaphors of economic crisis: an empirical study across political parties\u201c. International Conference of Applied Linguistics &#8220;Languages and People: Dialogues and Contacts\u201c.Vilnius University, Lithuania. 23-24 September, 2010.<\/p>\n\n\n\n<p class=\"has-small-font-size\"><strong>Jurga Cibulskien\u0117<\/strong> &#8220;Three metaphorical perspectives of economic crisis in Lithuania: a study across socio-political groups\u201c. 8th International Scientific Conference &#8220;Researching and Applying Metaphor: Metaphor and Domains of Discourse\u201c. VU University, Amsterdam, Netherlands. 30 June &#8211; 3 July, 2010.<\/p>\n\n\n\n<p class=\"has-large-font-size\"><strong>2009<\/strong><\/p>\n\n\n\n<p class=\"has-small-font-size\"><strong>Jurga Cibulskien\u0117<\/strong> &#8220;Do Metaphors Show that Lithuanian Conservatives are really Conservatives, and Social Democrats are Social Democrats?\u201c 2-oji tarptautin\u0117 mokslin\u0117 konferencija <em>Political Linguistics (PL 2009)<\/em>. Lodz University, Poland. 17-19 September.<\/p>\n\n\n\n<p class=\"has-large-font-size\"><strong>2008<\/strong><\/p>\n\n\n\n<p class=\"has-small-font-size\"><strong>Jurga Cibulskien\u0117<\/strong> &#8220;The Change of the <em>Journey<\/em> Metaphor in Political Discourse\u201d. 7th International Scientific Conference <em>Researching and Applying Metaphor (RaAM7): Metaphor in Cross-Cultural Communication. <\/em>Extremadura University, Caseres, Spain. 29-31 May, 2008.<\/p>\n\n\n\n<p class=\"has-large-font-size\"><strong>2006<\/strong><\/p>\n\n\n\n<p><strong>Plenary<\/strong><\/p>\n\n\n\n<p class=\"has-small-font-size\"><strong>Jurga Cibulskien\u0117<\/strong> &#8220;Metaphorical Thinking in Politics. 2nd International Scientific Conference <em>Language and Contexts, <\/em>Vilnius Pedagogical University, Lithuania. 25-26 September, 2006.<\/p>\n\n\n\n<p class=\"has-large-font-size\"><strong>2001<\/strong><\/p>\n\n\n\n<p class=\"has-small-font-size\"><strong>Jurga Cibulskien\u0117<\/strong> &#8220;Metaforos, kuriomis gyvena Lietuvos \u017emon\u0117s\u201c. International Scientific Conference &#8220;Polyphony in Culture, Text and Language&#8221;. Vilnius University, Lithuania. 25-27 April, 2001. <\/p>\n","protected":false},"excerpt":{"rendered":"<p>2024 Plenary Jurga Cibulskien\u0117. Diverse metaphorical voices in the media: Do they enhance dialogic potential? 7th ESTIDIA Conference Exploring Real-Life, Fictional and Virtual Dialogue: Similarities, Differences and Complementarities. 12-14 June, 2024, Mykolas Romeris University, Vilnius, Lithuania 2023 Inesa \u0160e\u0161kauskien\u0117, Jurga Cibulskien\u0117, Virginija Masiulionyt\u0117. &#8220;Expressing attitudes through irony. The Belarusian crisis in a cross-cultural perspective&#8221;. FTL7:&hellip; <a class=\"more-link\" href=\"http:\/\/web.vu.lt\/flf\/j.cibulskiene\/conferences\/\">Continue reading <span class=\"screen-reader-text\">Conferences<\/span><\/a><\/p>\n","protected":false},"author":1,"featured_media":0,"parent":0,"menu_order":0,"comment_status":"closed","ping_status":"closed","template":"","meta":{"footnotes":""},"class_list":["post-102","page","type-page","status-publish","hentry","entry"],"_links":{"self":[{"href":"http:\/\/web.vu.lt\/flf\/j.cibulskiene\/wp-json\/wp\/v2\/pages\/102","targetHints":{"allow":["GET"]}}],"collection":[{"href":"http:\/\/web.vu.lt\/flf\/j.cibulskiene\/wp-json\/wp\/v2\/pages"}],"about":[{"href":"http:\/\/web.vu.lt\/flf\/j.cibulskiene\/wp-json\/wp\/v2\/types\/page"}],"author":[{"embeddable":true,"href":"http:\/\/web.vu.lt\/flf\/j.cibulskiene\/wp-json\/wp\/v2\/users\/1"}],"replies":[{"embeddable":true,"href":"http:\/\/web.vu.lt\/flf\/j.cibulskiene\/wp-json\/wp\/v2\/comments?post=102"}],"version-history":[{"count":8,"href":"http:\/\/web.vu.lt\/flf\/j.cibulskiene\/wp-json\/wp\/v2\/pages\/102\/revisions"}],"predecessor-version":[{"id":159,"href":"http:\/\/web.vu.lt\/flf\/j.cibulskiene\/wp-json\/wp\/v2\/pages\/102\/revisions\/159"}],"wp:attachment":[{"href":"http:\/\/web.vu.lt\/flf\/j.cibulskiene\/wp-json\/wp\/v2\/media?parent=102"}],"curies":[{"name":"wp","href":"https:\/\/api.w.org\/{rel}","templated":true}]}}