{"id":32,"date":"2015-09-26T08:05:24","date_gmt":"2015-09-26T05:05:24","guid":{"rendered":"http:\/\/web.vu.lt\/flf\/i.vidugiryte\/?page_id=32"},"modified":"2015-09-27T11:39:25","modified_gmt":"2015-09-27T08:39:25","slug":"projektai","status":"publish","type":"page","link":"http:\/\/web.vu.lt\/flf\/i.vidugiryte\/projektai\/","title":{"rendered":"Projektai"},"content":{"rendered":"<p>1. <strong>\u201eLiterat\u016bros geografija: tekst\u0173 teritorijos ir vaizduot\u0117s \u017eem\u0117lapiai\u201c<\/strong> (Visuotin\u0117 dotacija \/ Global grant, projekto nr. VPI-3.1.-\u0160MM-07-K-01-067, LMT, ES Socialio fondo programa), 2011\u20132015 m., mokslin\u0117 vadov\u0117.<\/p>\n<p>Projekto tinklapis: www.vilniusliterature.flf.vu.lt<\/p>\n<p>Publikacijos: <\/p>\n<p>&#8211; \u0418\u043d\u0433\u0430 \u0412\u0438\u0434\u0443\u0433\u0438\u0440\u0438\u0442\u0435, \u0413\u0435\u043e\u0433\u0440\u0430\u0444\u0438\u0447\u0435\u0441\u043a\u043e\u0435 \u0432\u043e\u043e\u0431\u0440\u0430\u0436\u0435\u043d\u0438\u0435. \u0413\u043e\u0433\u043e\u043b\u044c, Vilnius: Vilniaus universitetas : Petro ofsetas, 2015, 296 p.<br \/>\n&#8211; Inga Vidugiryte, \u201eVilnius: mapping literature &#8211; reading city text\u201c,  <em>Geocritique: Etat des lieux \/ Geocriticism: A Survay,<\/em> sur la direction de Cl\u00e9ment L\u00e9vy, Bertrand Westphal, Limoge: PULIM, 2014, 252 \u2013 258.<br \/>\n&#8211; \u0418\u043d\u0433\u0430 \u0412\u0438\u0434\u0443\u0433\u0438\u0440\u0438\u0442\u0435, \u2018\u041f\u0435\u0442\u0435\u0440\u0431\u0443\u0440\u0433\u0441\u043a\u0438\u0439 \u0442\u0435\u043a\u0441\u0442 \u0440\u0443\u0441\u0441\u043a\u043e\u0439 \u043b\u0438\u0442\u0435\u0440\u0430\u0442\u0443\u0440\u044b \u0438 \u0412\u0438\u043b\u044c\u043d\u044e\u0441\u0441\u043a\u0438\u0439 \u0442\u0435\u043a\u0441\u0442 \u043b\u0438\u0442\u043e\u0432\u0441\u043a\u043e\u0439 \u043b\u0438\u0442\u0435\u0440\u0430\u0442\u0443\u0440\u044b: \u0435\u0449\u0435 \u0440\u0430\u0437 \u043e\u0431 \u0430\u043d\u0430\u043b\u0438\u0442\u0438\u0447\u0435\u0441\u043a\u043e\u043c \u043f\u043e\u0442\u0435\u043d\u0446\u0438\u0430\u043b\u0435 \u043a\u043e\u043d\u0446\u0435\u043f\u0446\u0438\u0438 \u0412. \u041d. \u0422\u043e\u043f\u043e\u0440\u043e\u0432\u0430\u2019, Literat\u016bra. Rusistica Vilnensis, \u2116 55 (2), Vilnius: VU leidykla, 2013, 7\u201316.<br \/>\n&#8211; \u0418\u043d\u0433\u0430 \u0412\u0438\u0434\u0443\u0433\u0438\u0440\u0438\u0442\u0435, \u00ab\u0413\u0435\u0442\u0435\u0440\u043e\u0442\u043e\u043f\u0438\u044f \u043f\u0435\u0439\u0437\u0430\u0436\u0430: \u043a\u0430\u0440\u0442\u043e\u0433\u0440\u0430\u0444\u0438\u0447\u0435\u0441\u043a\u0438\u0439 \u0438\u043c\u043f\u0443\u043b\u044c\u0441 \u0432 \u0442\u0432\u043e\u0440\u0447\u0435\u0441\u0442\u0432\u0435 \u041d. \u0412. \u0413\u043e\u0433\u043e\u043b\u044f\u00bb, , <em>Literat\u016bra 57 (5). \u0413\u0435\u0442\u0435\u0440\u043e\u0442\u043e\u043f\u0438\u0438: \u043c\u0438\u0440\u044b, \u0433\u0440\u0430\u043d\u0438\u0446\u044b, \u043f\u043e\u0432\u0435\u0441\u0442\u0432\u043e\u0432\u0430\u043d\u0438\u0435<\/em>, \u0441\u043e\u0441\u0442. \u0438 \u0440\u0435\u0434. \u0413. \u041c\u0438\u0445\u0430\u0439\u043b\u043e\u0432\u0430, \u0418. \u0412\u0438\u0434\u0443\u0433\u0438\u0440\u0438\u0442\u0435, \u041f. \u041b\u0430\u0432\u0440\u0438\u043d\u0435\u0446, \u0412\u0438\u043b\u044c\u043d\u044e\u0441: \u0418\u0437\u0434\u0430\u0442\u0435\u043b\u044c\u0441\u0442\u0432\u043e \u0412\u0438\u043b\u044c\u043d\u044e\u0441\u0441\u043a\u043e\u0433\u043e \u0443\u043d\u0438\u0432\u0435\u0440\u0441\u0438\u0442\u0435\u0442\u0430, 2015, 111\u2013125.<\/p>\n<p>2. <strong>\u201eVilnius::Heterotopijos\u201c<\/strong>: tarptautin\u0117 mokslin\u0117 konferencija (Vilniaus universitetas, 2013 m. rugs\u0117jo 19-21), finansuota Lietuvos mokslo tarybos, organizacinio komiteto nar\u0117, projekto vadov\u0117.<\/p>\n<p>Publikacijos:<\/p>\n<p>\u012evadinis rinkinio straipsnis:<br \/>\n\u0418\u043d\u0433\u0430 \u0412\u0438\u0434\u0443\u0433\u0438\u0440\u0438\u0442\u0435, \u00ab\u0413\u0435\u0442\u0435\u0440\u043e\u0442\u043e\u043f\u0438\u0438: \u043c\u0438\u0440\u044b, \u0433\u0440\u0430\u043d\u0438\u0446\u044b, \u043f\u043e\u0432\u0435\u0441\u0442\u0432\u043e\u0432\u0430\u043d\u0438\u0435\u00bb, <em>Literat\u016bra 57 (5). \u0413\u0435\u0442\u0435\u0440\u043e\u0442\u043e\u043f\u0438\u0438: \u043c\u0438\u0440\u044b, \u0433\u0440\u0430\u043d\u0438\u0446\u044b, \u043f\u043e\u0432\u0435\u0441\u0442\u0432\u043e\u0432\u0430\u043d\u0438\u0435<\/em>, \u0441\u043e\u0441\u0442. \u0438 \u0440\u0435\u0434. \u0413. \u041c\u0438\u0445\u0430\u0439\u043b\u043e\u0432\u0430, \u0418. \u0412\u0438\u0434\u0443\u0433\u0438\u0440\u0438\u0442\u0435, \u041f. \u041b\u0430\u0432\u0440\u0438\u043d\u0435\u0446, \u0412\u0438\u043b\u044c\u043d\u044e\u0441: \u0418\u0437\u0434\u0430\u0442\u0435\u043b\u044c\u0441\u0442\u0432\u043e \u0412\u0438\u043b\u044c\u043d\u044e\u0441\u0441\u043a\u043e\u0433\u043e \u0443\u043d\u0438\u0432\u0435\u0440\u0441\u0438\u0442\u0435\u0442\u0430, 2015, 11\u201318.<\/p>\n<p>3. <strong>\u201eCzeslawo Miloszo k\u016bryba: modernioji LDK tradicij\u0173 t\u0105sa\u201c<\/strong> (Lietuvi\u0173 literat\u016bros ir tautosakos institutas, Lietuvos mokslo taryba, projekto vadovas hab. dr. A. Kal\u0117da, ), 2010 &#8211; 2011 m.,  vykdytoja .<\/p>\n<p>Publikacijos:<\/p>\n<p>Inga Vidugiryt\u0117, \u201ePo\u017ei\u016bris \u012f Rusij\u0105 Czes\u0142awo Mi\u0142oszo \u2013 \u201epaskutinio LDK pilie\u010dio\u201c \u2013 eseistikoje\u201c, <em>Czes\u0142awo Mi\u0142oszo k\u016bryba: modernioji LDK tradicijos t\u0105sa<\/em>, sud. Mindaugas Kvietkauskas, Vilnius: LLTI, 2012, 190 \u2013 232.<\/p>\n","protected":false},"excerpt":{"rendered":"<p>1. \u201eLiterat\u016bros geografija: tekst\u0173 teritorijos ir vaizduot\u0117s \u017eem\u0117lapiai\u201c (Visuotin\u0117 dotacija \/ Global grant, projekto nr. VPI-3.1.-\u0160MM-07-K-01-067, LMT, ES Socialio fondo programa), 2011\u20132015 m., mokslin\u0117 vadov\u0117. Projekto tinklapis: www.vilniusliterature.flf.vu.lt Publikacijos: &#8211; \u0418\u043d\u0433\u0430 \u0412\u0438\u0434\u0443\u0433\u0438\u0440\u0438\u0442\u0435, \u0413\u0435\u043e\u0433\u0440\u0430\u0444\u0438\u0447\u0435\u0441\u043a\u043e\u0435 \u0432\u043e\u043e\u0431\u0440\u0430\u0436\u0435\u043d\u0438\u0435. \u0413\u043e\u0433\u043e\u043b\u044c, Vilnius: Vilniaus universitetas : Petro ofsetas, 2015, 296 p. &#8211; Inga Vidugiryte, \u201eVilnius: mapping literature &#8211; reading city text\u201c, Geocritique: [&hellip;]<\/p>\n","protected":false},"author":30,"featured_media":0,"parent":0,"menu_order":0,"comment_status":"closed","ping_status":"open","template":"","meta":[],"_links":{"self":[{"href":"http:\/\/web.vu.lt\/flf\/i.vidugiryte\/wp-json\/wp\/v2\/pages\/32"}],"collection":[{"href":"http:\/\/web.vu.lt\/flf\/i.vidugiryte\/wp-json\/wp\/v2\/pages"}],"about":[{"href":"http:\/\/web.vu.lt\/flf\/i.vidugiryte\/wp-json\/wp\/v2\/types\/page"}],"author":[{"embeddable":true,"href":"http:\/\/web.vu.lt\/flf\/i.vidugiryte\/wp-json\/wp\/v2\/users\/30"}],"replies":[{"embeddable":true,"href":"http:\/\/web.vu.lt\/flf\/i.vidugiryte\/wp-json\/wp\/v2\/comments?post=32"}],"version-history":[{"count":8,"href":"http:\/\/web.vu.lt\/flf\/i.vidugiryte\/wp-json\/wp\/v2\/pages\/32\/revisions"}],"predecessor-version":[{"id":34,"href":"http:\/\/web.vu.lt\/flf\/i.vidugiryte\/wp-json\/wp\/v2\/pages\/32\/revisions\/34"}],"wp:attachment":[{"href":"http:\/\/web.vu.lt\/flf\/i.vidugiryte\/wp-json\/wp\/v2\/media?parent=32"}],"curies":[{"name":"wp","href":"https:\/\/api.w.org\/{rel}","templated":true}]}}