{"id":25,"date":"2015-09-27T08:43:51","date_gmt":"2015-09-27T05:43:51","guid":{"rendered":"http:\/\/web.vu.lt\/flf\/i.vidugiryte\/?page_id=25"},"modified":"2015-09-27T08:46:19","modified_gmt":"2015-09-27T05:46:19","slug":"destomi-kursai","status":"publish","type":"page","link":"http:\/\/web.vu.lt\/flf\/i.vidugiryte\/destomi-kursai\/","title":{"rendered":"D\u0117stomi kursai"},"content":{"rendered":"<p>1. Rus\u0173 poezija (BA).<br \/>\n2. Rus\u0173 barokas (MA).<br \/>\n3. Gogolis ir rus\u0173 romantizmas (MA).<br \/>\n4. Rusijos imperin\u0117 kult\u016bra (BA).<br \/>\n5. Rus\u0173 drama (BA).<br \/>\n6. Juokas ir literat\u016bra (MA).<br \/>\n7. Pasaulio literat\u016bra: Vidurio Europos XX a. literat\u016bra (BA).<\/p>\n","protected":false},"excerpt":{"rendered":"<p>1. Rus\u0173 poezija (BA). 2. Rus\u0173 barokas (MA). 3. Gogolis ir rus\u0173 romantizmas (MA). 4. Rusijos imperin\u0117 kult\u016bra (BA). 5. Rus\u0173 drama (BA). 6. Juokas ir literat\u016bra (MA). 7. Pasaulio literat\u016bra: Vidurio Europos XX a. literat\u016bra (BA).<\/p>\n","protected":false},"author":30,"featured_media":0,"parent":0,"menu_order":0,"comment_status":"closed","ping_status":"open","template":"","meta":[],"_links":{"self":[{"href":"http:\/\/web.vu.lt\/flf\/i.vidugiryte\/wp-json\/wp\/v2\/pages\/25"}],"collection":[{"href":"http:\/\/web.vu.lt\/flf\/i.vidugiryte\/wp-json\/wp\/v2\/pages"}],"about":[{"href":"http:\/\/web.vu.lt\/flf\/i.vidugiryte\/wp-json\/wp\/v2\/types\/page"}],"author":[{"embeddable":true,"href":"http:\/\/web.vu.lt\/flf\/i.vidugiryte\/wp-json\/wp\/v2\/users\/30"}],"replies":[{"embeddable":true,"href":"http:\/\/web.vu.lt\/flf\/i.vidugiryte\/wp-json\/wp\/v2\/comments?post=25"}],"version-history":[{"count":2,"href":"http:\/\/web.vu.lt\/flf\/i.vidugiryte\/wp-json\/wp\/v2\/pages\/25\/revisions"}],"predecessor-version":[{"id":52,"href":"http:\/\/web.vu.lt\/flf\/i.vidugiryte\/wp-json\/wp\/v2\/pages\/25\/revisions\/52"}],"wp:attachment":[{"href":"http:\/\/web.vu.lt\/flf\/i.vidugiryte\/wp-json\/wp\/v2\/media?parent=25"}],"curies":[{"name":"wp","href":"https:\/\/api.w.org\/{rel}","templated":true}]}}