{"id":2,"date":"2011-11-04T13:25:05","date_gmt":"2011-11-04T13:25:05","guid":{"rendered":"http:\/\/web.vu.lt\/flf\/i.vidugiryte\/?page_id=2"},"modified":"2015-09-27T12:02:25","modified_gmt":"2015-09-27T09:02:25","slug":"puslapio-pavyzdys","status":"publish","type":"page","link":"http:\/\/web.vu.lt\/flf\/i.vidugiryte\/puslapio-pavyzdys\/","title":{"rendered":"Moksliniai tyrimai"},"content":{"rendered":"<p>Hum. m. dr. Inga Vidugiryt\u0117-Pakerien\u0117 yra VU Filologijos fakulteto Rus\u0173 filologijos katedros docent\u0117.<br \/>\n1995 m. ji apgyn\u0117 daktaro disertacij\u0105 tema \u201eKult\u016br\u0173 dialogas: Lietuva Konstantino Balmonto k\u016bryboje\u201c (disertacijos pagrindu i\u0161leista studija \u201eBalmonto Lietuva\u201c, Kaunas: Santara, 2005).<br \/>\nNuo 2004 m. jos pagrindin\u0117 tyrim\u0173 sritis susijusi su XIX a. rus\u0173 literat\u016bros ir kult\u016bros studijomis, rus\u0173 romantizmu bei literat\u016bros geografija \/ kartografija. Ji teigia, kad prie \u0161i\u0173 tem\u0173 j\u0105 nuved\u0117 Nikolajaus Gogolio k\u016bryba, kuriai skirti dauguma jos straipsni\u0173, studij\u0173 knygos \u201eJuoko kult\u016bra\u201c skyrius \u201eJuoko poetika: Nikolajaus Gogolio atvejis\u201c bei monografija \u201eGeografin\u0117 vaizduot\u0117. Gogolis\u201c (Vilnius: Vilniaus universitetas, 2015).<br \/>\n2011-2015 ji vadovavo Visuotin\u0117s dotacijos projektui \u201eLiterat\u016bros geografija: tekst\u0173 teritorijos ir vaizduot\u0117s \u017eem\u0117lapiai\u201c (\u017er. puslap\u012f \u201eProjektai\u201c), kurio metu \u012fsitrauk\u0117 \u012f miesto literat\u016broje ir kituose diskursuose tyrimus. <\/p>\n","protected":false},"excerpt":{"rendered":"<p>Hum. m. dr. Inga Vidugiryt\u0117-Pakerien\u0117 yra VU Filologijos fakulteto Rus\u0173 filologijos katedros docent\u0117. 1995 m. ji apgyn\u0117 daktaro disertacij\u0105 tema \u201eKult\u016br\u0173 dialogas: Lietuva Konstantino Balmonto k\u016bryboje\u201c (disertacijos pagrindu i\u0161leista studija \u201eBalmonto Lietuva\u201c, Kaunas: Santara, 2005). Nuo 2004 m. jos pagrindin\u0117 tyrim\u0173 sritis susijusi su XIX a. rus\u0173 literat\u016bros ir kult\u016bros studijomis, rus\u0173 romantizmu bei literat\u016bros [&hellip;]<\/p>\n","protected":false},"author":30,"featured_media":0,"parent":0,"menu_order":0,"comment_status":"open","ping_status":"open","template":"","meta":[],"_links":{"self":[{"href":"http:\/\/web.vu.lt\/flf\/i.vidugiryte\/wp-json\/wp\/v2\/pages\/2"}],"collection":[{"href":"http:\/\/web.vu.lt\/flf\/i.vidugiryte\/wp-json\/wp\/v2\/pages"}],"about":[{"href":"http:\/\/web.vu.lt\/flf\/i.vidugiryte\/wp-json\/wp\/v2\/types\/page"}],"author":[{"embeddable":true,"href":"http:\/\/web.vu.lt\/flf\/i.vidugiryte\/wp-json\/wp\/v2\/users\/30"}],"replies":[{"embeddable":true,"href":"http:\/\/web.vu.lt\/flf\/i.vidugiryte\/wp-json\/wp\/v2\/comments?post=2"}],"version-history":[{"count":9,"href":"http:\/\/web.vu.lt\/flf\/i.vidugiryte\/wp-json\/wp\/v2\/pages\/2\/revisions"}],"predecessor-version":[{"id":14,"href":"http:\/\/web.vu.lt\/flf\/i.vidugiryte\/wp-json\/wp\/v2\/pages\/2\/revisions\/14"}],"wp:attachment":[{"href":"http:\/\/web.vu.lt\/flf\/i.vidugiryte\/wp-json\/wp\/v2\/media?parent=2"}],"curies":[{"name":"wp","href":"https:\/\/api.w.org\/{rel}","templated":true}]}}