{"id":84,"date":"2022-09-07T22:39:23","date_gmt":"2022-09-07T19:39:23","guid":{"rendered":"http:\/\/web.vu.lt\/flf\/i.stasiunaite\/?page_id=84"},"modified":"2024-09-27T17:04:54","modified_gmt":"2024-09-27T14:04:54","slug":"projectsprojektai","status":"publish","type":"page","link":"http:\/\/web.vu.lt\/flf\/i.stasiunaite\/projectsprojektai\/","title":{"rendered":"Project work\/Dalyvavimas projektuose"},"content":{"rendered":"<p>2022-2024 &#8211;\u00a0COST Action CA19102, Language in the Human-Machine Era (LITHME). Projekto vadovas: Dr Dave Sayers, University of Jyv\u00e4skyl\u00e4. Dalyvauja visos ES valstyb\u0117s, o taip pat valstyb\u0117s, kurios n\u0117ra ES nar\u0117s. https:\/\/www.cost.eu, COST Action CA19102, Language In The Human-Machine Era&#8217; (LITHME), www.lithme.eu<\/p>\n<p>2006-2008 &#8211; Europos tarybos kalb\u0173 politikos sektoriaus koordinuojamas projektas \u201eKomunikacini\u0173 kompetencij\u0173 vertinimo ir \u012fsivertinimo sistemos pl\u0117tra\u201c. Projekto vadov\u0117 \u2013 A. Veli\u010dkien\u0117, mokslin\u0117 vadov\u0117 \u2013 doc. dr. Z. Ma\u017euolien\u0117 (Vilniaus universiteto U\u017esienio kalb\u0173 institutas). Projekto Nr. ESF\/2004\/2.4.0-03-314\/BDP-83\/ParS-12500-547<\/p>\n<p>2006-2008 &#8211; Leonardo da Vinci programos kalbin\u0117s kompetencijos projektas \u201eElektroninio mokymosi modulis EIT \u2013 Angl\u0173 kalba IT (informacini\u0173 technologij\u0173) specialistams\u201c. Projekto vadov\u0117: A. Ivanovait\u0117 (Vilniaus verslo kolegija). Projekto Nr. LT\/06\/B\/F\/LA-171001<\/p>\n","protected":false},"excerpt":{"rendered":"<p>2022-2024 &#8211;\u00a0COST Action CA19102, Language in the Human-Machine Era (LITHME). Projekto vadovas: Dr Dave Sayers, University of Jyv\u00e4skyl\u00e4. Dalyvauja visos ES valstyb\u0117s, o taip pat valstyb\u0117s, kurios n\u0117ra ES nar\u0117s. https:\/\/www.cost.eu, COST Action CA19102, Language In The Human-Machine Era&#8217; (LITHME), www.lithme.eu 2006-2008 &#8211; Europos tarybos kalb\u0173 politikos sektoriaus koordinuojamas projektas \u201eKomunikacini\u0173 kompetencij\u0173 vertinimo ir \u012fsivertinimo [&hellip;]<\/p>\n","protected":false},"author":44,"featured_media":0,"parent":0,"menu_order":0,"comment_status":"closed","ping_status":"closed","template":"","meta":[],"_links":{"self":[{"href":"http:\/\/web.vu.lt\/flf\/i.stasiunaite\/wp-json\/wp\/v2\/pages\/84"}],"collection":[{"href":"http:\/\/web.vu.lt\/flf\/i.stasiunaite\/wp-json\/wp\/v2\/pages"}],"about":[{"href":"http:\/\/web.vu.lt\/flf\/i.stasiunaite\/wp-json\/wp\/v2\/types\/page"}],"author":[{"embeddable":true,"href":"http:\/\/web.vu.lt\/flf\/i.stasiunaite\/wp-json\/wp\/v2\/users\/44"}],"replies":[{"embeddable":true,"href":"http:\/\/web.vu.lt\/flf\/i.stasiunaite\/wp-json\/wp\/v2\/comments?post=84"}],"version-history":[{"count":3,"href":"http:\/\/web.vu.lt\/flf\/i.stasiunaite\/wp-json\/wp\/v2\/pages\/84\/revisions"}],"predecessor-version":[{"id":147,"href":"http:\/\/web.vu.lt\/flf\/i.stasiunaite\/wp-json\/wp\/v2\/pages\/84\/revisions\/147"}],"wp:attachment":[{"href":"http:\/\/web.vu.lt\/flf\/i.stasiunaite\/wp-json\/wp\/v2\/media?parent=84"}],"curies":[{"name":"wp","href":"https:\/\/api.w.org\/{rel}","templated":true}]}}