{"id":78,"date":"2022-09-07T22:15:30","date_gmt":"2022-09-07T19:15:30","guid":{"rendered":"http:\/\/web.vu.lt\/flf\/i.stasiunaite\/?page_id=78"},"modified":"2026-02-17T09:35:24","modified_gmt":"2026-02-17T07:35:24","slug":"supervisionvadovavimas-darbams","status":"publish","type":"page","link":"http:\/\/web.vu.lt\/flf\/i.stasiunaite\/supervisionvadovavimas-darbams\/","title":{"rendered":"Supervision\/Vadovavimas student\u0173 darbams"},"content":{"rendered":"<p><strong>Supervised Master theses\/Vadovauti magistro darbai<\/strong><\/p>\n<p>2022\u00a0(Language for specific (legal) purposes programme) Dovil\u0117 Oganauskait\u0117\u00a0<em>On the Meaning of the Prepositions in and on in the EU Legal Documents: A Contrastive Study<\/em><\/p>\n<p><strong>Supervised Bachelor Theses\/Vadovauti bakalauro darbai (from 2013 to 2022; previous record of supervision has not survived)<\/strong><\/p>\n<p>2022 (English and another foreign language (Norwegian) programme) Tomas Sviokla <em>The Meaning of the English Preposition ALONG and the Lithuanian Preposition PALEI: A Cognitive Perspective<\/em><\/p>\n<p>2021 (English and another foreign language (Spanish) programme) Karina Ku\u010dait\u0117 <em>The View of the World Reflected in the Semantics of Some Prepositions: The English Preposition \u2018under\u2019, the Lithuanian preposition \u2018po\u2019, and the Spanish Preposition \u2018debajo de\u2019<\/em><\/p>\n<p>2021 (English and another foreign language (Norwegian) programme) Daina Paliokait\u0117 <em>A Cognitive Approach to the Semantics of Two Prepositions: The English AT and the Norwegian PA<\/em><\/p>\n<p>2020 (English and another foreign language (Spanish) programme) Agn\u0117 Kromeryt\u0117 <em>The View of the World in the Semantics of the Prepositions OVER and VIR\u0160<\/em><\/p>\n<p>2020 (English and another foreign language (Spanish) programme) Kristina Kancevi\u010di\u016bt\u0117 <em>The Semantics of the Prepositions \u201eon\u201c and \u201eant\u201c: A Cognitive Perspective<\/em><\/p>\n<p>2019 (English and another foreign language (Spanish) programme) Joana Voitkevi\u010d <em>The Interplay of Geometry and Function in the Semantics of the Prepositions ACROSS and ALONG<\/em><\/p>\n<p>2019 (English and another foreign language (Spanish) programme) Migl\u0117 Kar\u010diauskait\u0117 <em>The Interplay of Geometry and Function in The Semantics of the Prepositions ACROSS and THROUGH<\/em><\/p>\n<p>2019 (English and another foreign language (Spanish) programme) Emilija Simonaityt\u0117 <em>The Interplay of Geometry and Function in the Semantics of the Prepositions BETWEEN and AMONG<\/em><\/p>\n<p>2019 (English and another foreign language (Spanish) programme) Justina Vindziulyt\u0117 <em>The Interplay of Geometry and Function in the Semantics of the Prepositions UNDER and BELOW<\/em><\/p>\n<p>2018 (English and another foreign language (French) programme) Kristina Mataityt\u0117 <em>Cognitive Research into the Semantics of the English Spatial Preposition \u201eon\u201c<\/em><\/p>\n<p>2017 (English and another foreign language (Spanish) programme) Neringa Bukyt\u0117 <em>Semantic Structure of the Spanish Preposition DEBAJO DE and the Lithuanian Preposition PO: A Cognitive Approach<\/em><\/p>\n<p>2016 (English and another foreign language (Russian) programme) Julija Melenikova <em>Cross-linguistic variation of space conceptualization: ABOVE\/BELOW and AUK\u0160\u010cIAU\/\u017dEMIAU<\/em><\/p>\n<p>2016 (English and another foreign language (Russian) programme) Aneta Krav\u010dun <em>Cross-linguistic variation of space conceptualization: ON\/IN in English and ANT\/nouns in the LOCATIVE CASE in Lithuanian<\/em><\/p>\n<p>2015 (English and another foreign language (Spanish) programme) Migl\u0117 Ka\u010dinskait\u0117 <em>Cross-linguistic analysis of spatial relations illustrated by prepositions in English and Spanish\u00a0(IN, ON, AT, and EN)<\/em><\/p>\n<p>2014 (English and another foreign language (Spanish) programme) Julija Jocyt\u0117 <em>Cross-Linguistic Analysis of Spatial Relations: Comparison of Equivalent Prepositions in English, Spanish, and Lithuanian (IN\/EN\/LOCATIVE CASE and TO\/A\/\u012e)<\/em><\/p>\n<p>2013 (English and another foreign language (Russian) programme) Ilona Kolo\u0161evska <em>Investigation into linguistic features of female and male personal descriptions online<\/em><\/p>\n<p>2012 (English and another foreign language (Spannish) programme) Lina Bu\u010delyt\u0117 <em>Textual Organisation of Reasearch paper Introductions in \u201eKalb\u0173 studijos\/Studies about Languages\u201c, \u201eActa Medica Lituanica\u201c, \u201eChemija\u201c and \u201eMaterials Science\/Med\u017eiagotyra\u201c: a Contrastive Analysis\u201c<\/em><\/p>\n","protected":false},"excerpt":{"rendered":"<p>Supervised Master theses\/Vadovauti magistro darbai 2022\u00a0(Language for specific (legal) purposes programme) Dovil\u0117 Oganauskait\u0117\u00a0On the Meaning of the Prepositions in and on in the EU Legal Documents: A Contrastive Study Supervised Bachelor Theses\/Vadovauti bakalauro darbai (from 2013 to 2022; previous record of supervision has not survived) 2022 (English and another foreign language (Norwegian) programme) Tomas Sviokla [&hellip;]<\/p>\n","protected":false},"author":44,"featured_media":0,"parent":0,"menu_order":0,"comment_status":"closed","ping_status":"closed","template":"","meta":[],"_links":{"self":[{"href":"http:\/\/web.vu.lt\/flf\/i.stasiunaite\/wp-json\/wp\/v2\/pages\/78"}],"collection":[{"href":"http:\/\/web.vu.lt\/flf\/i.stasiunaite\/wp-json\/wp\/v2\/pages"}],"about":[{"href":"http:\/\/web.vu.lt\/flf\/i.stasiunaite\/wp-json\/wp\/v2\/types\/page"}],"author":[{"embeddable":true,"href":"http:\/\/web.vu.lt\/flf\/i.stasiunaite\/wp-json\/wp\/v2\/users\/44"}],"replies":[{"embeddable":true,"href":"http:\/\/web.vu.lt\/flf\/i.stasiunaite\/wp-json\/wp\/v2\/comments?post=78"}],"version-history":[{"count":9,"href":"http:\/\/web.vu.lt\/flf\/i.stasiunaite\/wp-json\/wp\/v2\/pages\/78\/revisions"}],"predecessor-version":[{"id":180,"href":"http:\/\/web.vu.lt\/flf\/i.stasiunaite\/wp-json\/wp\/v2\/pages\/78\/revisions\/180"}],"wp:attachment":[{"href":"http:\/\/web.vu.lt\/flf\/i.stasiunaite\/wp-json\/wp\/v2\/media?parent=78"}],"curies":[{"name":"wp","href":"https:\/\/api.w.org\/{rel}","templated":true}]}}