{"id":39,"date":"2022-09-07T18:31:34","date_gmt":"2022-09-07T15:31:34","guid":{"rendered":"http:\/\/web.vu.lt\/flf\/i.stasiunaite\/?page_id=39"},"modified":"2026-01-15T11:54:08","modified_gmt":"2026-01-15T09:54:08","slug":"publications","status":"publish","type":"page","link":"http:\/\/web.vu.lt\/flf\/i.stasiunaite\/publications\/","title":{"rendered":"Publications\/Publikacijos"},"content":{"rendered":"<p><strong>Papers (research and review articles) \/ Straipsniai<\/strong><\/p>\n<p>2025 &#8211; <span style=\"text-decoration: underline\">Stasi\u016bnait\u0117, Ieva<\/span>. Encoding vertical space in language: a\u00a0cognitive-semantic study of the English <em>below<\/em> as compared to the Lithuanian <em>\u017eemiau<\/em>. <em>Taikomoji kalbotyra <\/em>22: 156\u2013175. <span lang=\"lt-LT\">DOI: https:\/\/doi.org\/10.15388\/Taikalbot.2025.22.10.<\/span><\/p>\n<p>2018 &#8211; <span style=\"text-decoration: underline\">Stasi\u016bnait\u0117, Ieva<\/span>. On the motivated polysemy of the Lithuanian\u00a0<em>\u017eemiau<\/em>\u00a0\u2018below\u2019.\u00a0<em>Kalb\u0173 studijos<\/em> 32: 5-20. DOI: https:\/\/doi.org.10.5755\/j01.sal.0.32.19290.<\/p>\n<p>2016 &#8211; <span style=\"text-decoration: underline\">Stasi\u016bnait\u0117, Ieva<\/span>. The semantics of spatial prepositions: the main trends of research.\u00a0<em>Taikomoji kalbotyra <\/em>8: 188-212.<\/p>\n<p>2004 &#8211; \u0160e\u0161kauskien\u0117, Inesa and <span style=\"text-decoration: underline\">Ieva Stasi\u016bnait\u0117<\/span>. On the meaning of on\/ant: how relevant is the concept of contact? <em>Kalbotyra<\/em> 54 \/ 3: 69-75.<\/p>\n<p>2003 &#8211; <span style=\"text-decoration: underline\">Stasi\u016bnait\u0117, Ieva<\/span> and Inesa \u0160e\u0161kauskien\u0117. Textual Organisation of RP Introductions in <em>Kalbotyra<\/em>: A Contrastive Study. <em>Kalb\u0173 studijos<\/em> 4: 5-11.<\/p>\n<p><strong>Conference proceedings \/ Publikuoti konferencij\u0173 prane\u0161imai<\/strong><\/p>\n<p>2008 &#8211; Pouyioutas, Philippos, Gridasova, Vilt\u0117, Ivanovait\u0117, Alina and\u00a0<span style=\"text-decoration: underline\">Ieva Stasi\u016bnait\u0117<\/span>. Evaluation of the pilot implementation of the EIT (English for Information Technology) e-learning portal. Chova, L. G., Belenguer, D. M. ir I. C. Torres (eds). International Conference of Science, Research and Innovation, Madrid, Spain, November 17-19, 2008. ICERI 2008 Abstracts CD. ISBN: 978-84-612-5367-8. ICERI 2008 CD Proceedings. ISBN: 978-84-612-5091-2.<\/p>\n<p><strong>Translations \/ Vertimai<\/strong><\/p>\n<p>2009 &#8211; Hadley, T. <em>\u0160eimininko miegamasis<\/em> [vert\u0117 \u012f lietuvi\u0173 kalb\u0105\u00a0<span style=\"text-decoration: underline\">Ieva Stasi\u016bnait\u0117<\/span>]. Vilnius: Svajoni\u0173 knygos.<\/p>\n<p>2008 &#8211; Mones, N. <em>Vert\u0117ja<\/em> [vert\u0117 \u012f lietuvi\u0173 kalb\u0105\u00a0<span style=\"text-decoration: underline\">Ieva Stasi\u016bnait\u0117<\/span>]. Vilnius: Svajoni\u0173 knygos.<\/p>\n<p>2006 &#8211; Jurkuvien\u0117, T. <em>Lietuvi\u0173 tautinis kostiumas<\/em>\u00a0\/ <em>Lithuanian National Costume<\/em> [vert\u0117 \u012f angl\u0173 kalb\u0105\u00a0<span style=\"text-decoration: underline\">Ieva Stasi\u016bnait\u0117<\/span>]. Vilnius: \u201eBalt\u0173 lank\u0173\u201c leidyba.<\/p>\n<p>2006 &#8211; Clarke, S. <em>Vieneri metai m\u0117\u0161le<\/em> [vert\u0117 \u012f lietuvi\u0173 kalb\u0105\u00a0<span style=\"text-decoration: underline\">Ieva Stasi\u016bnait\u0117<\/span>]. Vilnius: \u201eBalt\u0173 lank\u0173\u201c leidyba.<\/p>\n<p>2006 &#8211; Murakami, H. <em>Kafka pakrant\u0117je<\/em> [vert\u0117 \u012f lietuvi\u0173 kalb\u0105\u00a0<span style=\"text-decoration: underline\">Ieva Stasi\u016bnait\u0117<\/span>]. Vilnius: \u201eBalt\u0173 lank\u0173\u201c leidyba.<\/p>\n<h1 id=\"swp-tcr--title\"><\/h1>\n","protected":false},"excerpt":{"rendered":"<p>Papers (research and review articles) \/ Straipsniai 2025 &#8211; Stasi\u016bnait\u0117, Ieva. Encoding vertical space in language: a\u00a0cognitive-semantic study of the English below as compared to the Lithuanian \u017eemiau. Taikomoji kalbotyra 22: 156\u2013175. DOI: https:\/\/doi.org\/10.15388\/Taikalbot.2025.22.10. 2018 &#8211; Stasi\u016bnait\u0117, Ieva. On the motivated polysemy of the Lithuanian\u00a0\u017eemiau\u00a0\u2018below\u2019.\u00a0Kalb\u0173 studijos 32: 5-20. DOI: https:\/\/doi.org.10.5755\/j01.sal.0.32.19290. 2016 &#8211; Stasi\u016bnait\u0117, Ieva. The [&hellip;]<\/p>\n","protected":false},"author":44,"featured_media":0,"parent":0,"menu_order":0,"comment_status":"closed","ping_status":"closed","template":"","meta":[],"_links":{"self":[{"href":"http:\/\/web.vu.lt\/flf\/i.stasiunaite\/wp-json\/wp\/v2\/pages\/39"}],"collection":[{"href":"http:\/\/web.vu.lt\/flf\/i.stasiunaite\/wp-json\/wp\/v2\/pages"}],"about":[{"href":"http:\/\/web.vu.lt\/flf\/i.stasiunaite\/wp-json\/wp\/v2\/types\/page"}],"author":[{"embeddable":true,"href":"http:\/\/web.vu.lt\/flf\/i.stasiunaite\/wp-json\/wp\/v2\/users\/44"}],"replies":[{"embeddable":true,"href":"http:\/\/web.vu.lt\/flf\/i.stasiunaite\/wp-json\/wp\/v2\/comments?post=39"}],"version-history":[{"count":11,"href":"http:\/\/web.vu.lt\/flf\/i.stasiunaite\/wp-json\/wp\/v2\/pages\/39\/revisions"}],"predecessor-version":[{"id":175,"href":"http:\/\/web.vu.lt\/flf\/i.stasiunaite\/wp-json\/wp\/v2\/pages\/39\/revisions\/175"}],"wp:attachment":[{"href":"http:\/\/web.vu.lt\/flf\/i.stasiunaite\/wp-json\/wp\/v2\/media?parent=39"}],"curies":[{"name":"wp","href":"https:\/\/api.w.org\/{rel}","templated":true}]}}