{"id":2,"date":"2008-07-02T14:54:38","date_gmt":"2008-07-02T11:54:38","guid":{"rendered":""},"modified":"2025-11-11T00:19:34","modified_gmt":"2025-11-10T21:19:34","slug":"home","status":"publish","type":"page","link":"http:\/\/web.vu.lt\/flf\/i.seskauskiene\/home\/","title":{"rendered":"Home\/prad\u017eia"},"content":{"rendered":"<p style=\"text-align: justify\"><img loading=\"lazy\" class=\"alignnone size-medium wp-image-1574\" src=\"http:\/\/web.vu.lt\/flf\/i.seskauskiene\/files\/2016\/12\/IS_TKK_211013-300x271.jpg\" alt=\"IS_TKK_211013\" width=\"300\" height=\"271\" srcset=\"http:\/\/web.vu.lt\/flf\/i.seskauskiene\/files\/2016\/12\/IS_TKK_211013-300x271.jpg 300w, http:\/\/web.vu.lt\/flf\/i.seskauskiene\/files\/2016\/12\/IS_TKK_211013-768x693.jpg 768w, http:\/\/web.vu.lt\/flf\/i.seskauskiene\/files\/2016\/12\/IS_TKK_211013-1024x924.jpg 1024w, http:\/\/web.vu.lt\/flf\/i.seskauskiene\/files\/2016\/12\/IS_TKK_211013.jpg 1206w\" sizes=\"(max-width: 300px) 100vw, 300px\" \/><\/p>\n<p style=\"text-align: justify\">\n<p style=\"text-align: justify\">Sveiki! J\u016bs esate VU Filologijos fakulteto \u012evairiakalbi\u0173 tyrim\u0173 centro prof. dr. Inesos \u0160e\u0161kauskien\u0117s tinklara\u0161tyje.<\/p>\n<p>Welcome to the webpage of Professor Inesa \u0160e\u0161kauskien\u0117, Centre for Multingual Studies, Vilnius University.<\/p>\n","protected":false},"excerpt":{"rendered":"<p>Sveiki! J\u016bs esate VU Filologijos fakulteto \u012evairiakalbi\u0173 tyrim\u0173 centro prof. dr. Inesos \u0160e\u0161kauskien\u0117s tinklara\u0161tyje. Welcome to the webpage of Professor Inesa \u0160e\u0161kauskien\u0117, Centre for Multingual Studies, Vilnius University.<\/p>\n","protected":false},"author":5,"featured_media":0,"parent":0,"menu_order":0,"comment_status":"closed","ping_status":"closed","template":"","meta":[],"_links":{"self":[{"href":"http:\/\/web.vu.lt\/flf\/i.seskauskiene\/wp-json\/wp\/v2\/pages\/2"}],"collection":[{"href":"http:\/\/web.vu.lt\/flf\/i.seskauskiene\/wp-json\/wp\/v2\/pages"}],"about":[{"href":"http:\/\/web.vu.lt\/flf\/i.seskauskiene\/wp-json\/wp\/v2\/types\/page"}],"author":[{"embeddable":true,"href":"http:\/\/web.vu.lt\/flf\/i.seskauskiene\/wp-json\/wp\/v2\/users\/5"}],"replies":[{"embeddable":true,"href":"http:\/\/web.vu.lt\/flf\/i.seskauskiene\/wp-json\/wp\/v2\/comments?post=2"}],"version-history":[{"count":19,"href":"http:\/\/web.vu.lt\/flf\/i.seskauskiene\/wp-json\/wp\/v2\/pages\/2\/revisions"}],"predecessor-version":[{"id":1766,"href":"http:\/\/web.vu.lt\/flf\/i.seskauskiene\/wp-json\/wp\/v2\/pages\/2\/revisions\/1766"}],"wp:attachment":[{"href":"http:\/\/web.vu.lt\/flf\/i.seskauskiene\/wp-json\/wp\/v2\/media?parent=2"}],"curies":[{"name":"wp","href":"https:\/\/api.w.org\/{rel}","templated":true}]}}