{"id":1596,"date":"2022-06-23T11:33:47","date_gmt":"2022-06-23T08:33:47","guid":{"rendered":"http:\/\/web.vu.lt\/flf\/i.seskauskiene\/?page_id=1596"},"modified":"2025-03-01T22:45:25","modified_gmt":"2025-03-01T19:45:25","slug":"supervisionvadovavimas-darbams","status":"publish","type":"page","link":"http:\/\/web.vu.lt\/flf\/i.seskauskiene\/supervisionvadovavimas-darbams\/","title":{"rendered":"Supervision\/Vadovavimas darbams"},"content":{"rendered":"<p><strong>Supervised PhD dissertations\/Vadovautos daktaro disertacijos<\/strong><\/p>\n<p><strong>Ieva Stasi\u016bnait\u0117<\/strong> <em>On the motivated polysemy of some prepositions: From concrete to abstract senses of the Lithuanian \u017dEMIAU, PO and the English BELOW, UNDER, <\/em>defended in October 2020 in Vilnius University<\/p>\n<p><strong>Justina Urbonait\u0117<\/strong> <em>Metaphor in academic legal discourse: A contrastive analysis, <\/em>defended in May 2017 in Vilnius University<\/p>\n<p><strong>Jolanta \u0160ink\u016bnien\u0117<\/strong> <em>Hedging in written academic discourse: A cross-linguistic and cross-disciplinary study,<\/em> defended in April 2011 in Vilnius University<\/p>\n<p><strong>Liudmila Arcimavi\u010dien\u0117<\/strong> <em>Morality models through metaphor in public discourse: A contrastive analysis,<\/em> defended in May 2010 in Vilnius University<\/p>\n<p><strong>Consultant of a doctoral dissertation<\/strong><\/p>\n<p><strong>Egl\u0117 Vaivadait\u0117-Kaidi<\/strong>\u00a0<em>The development in the expression of the conceptual metaphor in the Catholic translations of the Bible into Lithuanian in 19<sup>th<\/sup>-20<sup>th<\/sup> century,<\/em> defended in October 2018 in Vilnius University<\/p>\n<p><strong>Supervised Master Theses\/Vadovauti magistro darbai<br \/>\n<\/strong>(from 2003 to 2024; previous record of supervision has not survived)<\/p>\n<p>2024 (Language for Specific (legal) Purposes Programme) Diana \u0160ablovskaja <em>Metaphoricity of Right(s) in the Handbooks on European Law Issued by the European Court of Human Rights<\/em><\/p>\n<p>2022 (Language for Specific (legal) Purposes Programme) Aira Gecevi\u010di\u016bt\u0117 <em>Tackling Corruption: A contrastive study of metaphors in Lithuanian and English public discourse<\/em><\/p>\n<p>2021 (Language for Specific (legal) Purposes Programme) Kornelija D\u016bdonyt\u0117 <em>Conceptualisation of Migration: An analysis of communications of the European Union institutions<\/em><\/p>\n<p>2021 (English Studies Programme) Liucija Klimait\u0117 <em>Metaphor in the USA Presidential Debate: Democrats vs Republicans<\/em><\/p>\n<p>2021 (Language for Specific (legal) Purposes Programme) Justas Kontrimas <em>Metaphoricity of Corruption: A contrastive analysis of documents and media texts<\/em><\/p>\n<p>2019 (Translation Studies Programme) Julija Vilkait\u0117 <em>Synesthesia in Lithuanian and English Music Discourse<\/em><\/p>\n<p>2019 (Translation Studies Programme) Oleg Volkov <em>Irony as a Clash of Frames: A cross-linguistic perspective<\/em><\/p>\n<p>2019 (Language for Specific (legal) Purposes Programme) Rina Veler <em>Youth Crime Related Metaphors in US and Lithuanian Media: A cross-linguistic study<\/em><\/p>\n<p>2019 (Language for Specific (legal) Purposes Programme) Julija Melenikova <em>Space as a Source Domain in Metaphors in EU Legal Acts on Intellectual Property: A contrastive analysis <\/em><\/p>\n<p>2019 (English Studies Programme), Yevheniia Hasai <em>The Image of Ukraine in Ukrainian, Russian and UK Public Discourse: A cross-linguistic study of metaphor<\/em><\/p>\n<p>2018 (Language for Specific (legal) Purposes Programme) Roberta Giedrait\u0117 <em>Metaphors in the Judgements of the European Court of Human Rights. A Cross-linguistic Analysis<\/em><\/p>\n<p>2018 (Language for Specific (legal) Purposes Programme) Ugn\u0117 Rutkauskait\u0117 <em>Analysis of Some Business-related Synonymous Nouns in EU Legal Documents Employing Semantic Units of Meaning<\/em><\/p>\n<p>2017 (Translation Studies Programme) Mantas Noreika <em>Lexical Bundles in English EU Legal Documents and Tendencies of Lexical Bundle Translation into Lithuanian<\/em><\/p>\n<p>2017 (Language for Specific (legal) Purposes Programme) Modestas Tala\u010dka <em>Conceptual Metaphor in Opinions of Advocates General of the Court of Justice of the European Union and their Translation into Lithuanian<\/em><\/p>\n<p>2017 (Language for Specific (legal) Purposes Programme) Oksana Teslenko <em>Nominalizations in the Judgments of the European Court of Human Rights and Tendencies of their Translation into Lithuanian<\/em><\/p>\n<p>2015 (Translation Studies Programme) Vaiva Teniukait\u0117 <em>Conceptualising Criminality in Public Discourse: A contrastive study <\/em><\/p>\n<p>2013 (General Linguistics Programme) R\u016bta Pileckyt\u0117 <em>Metaphors of Lithuanian Public Discourse<\/em><\/p>\n<p>2013 (Scandinavian Studies Programme) Just\u0117 Nepait\u0117 <em>Category of Gender in Lithuanian and Norwegian: non-native speaker\u2019s perspective <\/em><\/p>\n<p>2013 (English Studies Programme) Ksenija Valentjeva <em>Conceptual Metaphor in Literary Criticism on Poetry: A contrastive study of English and Russian<\/em><\/p>\n<p>2012 (English Studies Programme), Elizabeta Khiterer <em>Conceptualisation of Cancer in English and Russian: A contrastive analysis of written medical discourse<\/em><\/p>\n<p>2012 (English Studies Programme) Ieva Rutkauskait\u0117 <em>Conceptual Metaphors of Negative Emotions in a Cross-cultural Perspective: English and Russian lyrics of alternative rock music<\/em><\/p>\n<p>2012 (English Studies Programme) Milda Kalytyt\u0117 <em>Conceptual TEACHING\/LEARNING Metaphors in English and Lithuanian Academic Discourse: Language teaching articles<\/em><\/p>\n<p>2012 (English Linguistics Programme), Julija Budnik <em>Conceptualisation of SMELL in English and Lithuanian<\/em><\/p>\n<p>2012 (Language for Specific (legal) Purposes Programme) Justina Bal\u010di\u016bnait\u0117 <em>Conceptual Metaphors in Lithuanian and British Newspaper Articles on Criminal Issues: A contrastive analysis<\/em><\/p>\n<p>2011 (Language for Specific (legal) Purposes Programme) Loreta Levinskait\u0117 <em>Hedging in legal Discourse: Opinions of advocates vs research articles<\/em><\/p>\n<p>2011 (Language for Specific (legal) Purposes Programme) Biruta Szslauzys <em>Hedging in Legal Academic Discourse: A contrastive analysis<\/em><\/p>\n<p>2010 (English Studies Programme) Beata Ma\u017eul <em>Conceptual Metaphor in Written Discourse on Christianity and Hinduism<\/em><\/p>\n<p>2008 (English Linguistics Programme) Dovil\u0117 Savickait\u0117 <em>Employing the Writing Process in School Textbooks of Lithuanian and English Authors<\/em><\/p>\n<p>2008 (English Linguistics Programme) Jolanta Buiko <em>Extension of Meaning: Colours in English and Polish consumer magazines<\/em><\/p>\n<p>2008 (English Linguistics Programme) Inga Dervinyt\u0117 <em>Conceptual Metaphors of Migration in the Language of the Press: A contrastive analysis<\/em><\/p>\n<p>2006 (English Linguistics Programme) Justina Urbonait\u0117 <em>Conceptual HEALTH Metaphor in Economic and Political Discourse: A cross-linguistic analysis<\/em><\/p>\n<p>2005 (English Linguistics programme) Olga Severova <em>Meaning Extension in English and Lithuanian Linguistic Discourse:\u00a0A contrastive study<\/em><\/p>\n<p>2005 (English Linguistics Programme) Lina Kuli\u0161auskait\u0117 <em>A Contrastive Study of Metaphor in Political Articles on EU Enlargement<\/em><\/p>\n<p>2005 (English Linguistics Programme) Liudmila Arcimavi\u010dien\u0117 <em>Conceptual AIDS Metaphors in Public Discourse<\/em><\/p>\n<p>2004 (English Linguistics Programme) Ieva Stasi\u016bnait\u0117 <em>On the Semantics of the Preposition ON<\/em><\/p>\n<p>2004 (English Linguistics Programme) Diana Jerechinskaja <em>Linguistic Expression of Hedging and Boosting of Author Commitment in English and Lithuanian Articles on Teaching Methodology<\/em><\/p>\n<p><strong>Supervised Bachelor Theses\/Vadovauti bakalauro darbai<br \/>\n(from 2003 to 2024; previous record of supervision has not survived)<br \/>\n<\/strong><\/p>\n<p>2024 (English Philology Programme) Martynas \u017daronaitis <em>Metaphoricity of Corruption in Public Institutional Discourse: A cross-cultural perspective<\/em><\/p>\n<p>2023 (English Philology Programme) Gustavo de Oliveira <em>Navigating the Tangled Webs of the Political Spectrum: a discursive analysis of metaphors from the Far Left to the Far Right<\/em><\/p>\n<p>2023 (English Philology Programme) Egl\u0117 Radzyt\u0117 <em>Metaphorical Conceptualisation of War in Ukraine in Media Discourse: A cross-cultural analysis<\/em><\/p>\n<p>2022 (Scandinavian Studies programme) Dominyka Gu\u017eauskait\u0117 <em>Conceptualising Inflation in Lithuanian and Danish Public Discourse<\/em><\/p>\n<p>2021 (Scandinavian Studies programme) Irma Jakutyt\u0117 <em>Coronovirus Metaphors in Lithuanian and Swedish Public Discourse<\/em><\/p>\n<p>2020 (Scandinavian Studies programme) Rusn\u0117 Stumbrait\u0117<em> Metaphors in Election Manifestos of Swedish Political Parties<\/em><\/p>\n<p>2018 (Scandinavian Studies programme) Jovil\u0117 Piragi\u016bt\u0117 <em>Conceptualising Sexual Harassment in Lithuanian and Danish Press<\/em><\/p>\n<p>2016 (English Philology programme), Monika Perminait\u0117 <em>Figurative Meaning and Translation: HEAD and HEART in English and Lithuanian<\/em><\/p>\n<p>2016 (English Philology programme) Deividas Zibalas <em>On the Polysemy and Translation of ON<\/em><\/p>\n<p>2016 (Translation Studies programme) Oleg Volkov <em>Irony and its Translation<\/em> <em>in Balys Sruoga&#8217;s novel \u201eThe Forest of the Gods\u201c: A cognitive perspective <\/em><\/p>\n<p>2015 (English Philology programme), Karolina \u0160vedait\u0117 <em>Metaphor in Election Discourse: Speeches of Barack Obama and John McCain in the US presidential campaign of 2008<\/em><\/p>\n<p>2015 (English Philology programme) Modestas Tala\u010dka iand Valentinas Niunka <em>Metaphor in Legal Discourse: EU directives and their translation into Lithuanian<\/em><\/p>\n<p>2015 (English Philology programme), Ina Gudelevi\u010di\u016bt\u0117 <em>Compound Medical Terms in English and their Equivalents in Lithuanian: Structure and meaning<\/em><\/p>\n<p>2015 (English Philology programme), Mantas Noreika <em>Space Conceptualization in English: On the polysemy of the preposition AGAINST<\/em><\/p>\n<p>2015 (English Philology programme), Domantas Deveikis <em>Metaphors in European Union Directives on Company Law: A cross-linguistic analysis<\/em><\/p>\n<p>2015 (English Philology programme, minor studies), Julija Sakalauskait\u0117 and Aust\u0117ja Anelauskait\u0117 <em>Verbal Humour in English and Lithuanian:\u00a0A case study of the film Get Smart and its translation into Lithuanian<\/em><\/p>\n<p>2015 (English Philology programme, minor studies), Indr\u0117 Stanionyt\u0117 and Kamil\u0117 Vit\u0117nait\u0117. <em>Humour Translation in \u201eShrek the Third\u201c: from English into Lithuanian<\/em><\/p>\n<p>2015 (English Philology programme, minor studies), Indr\u0117 Bal\u010di\u016bnait\u0117 and Nadie\u017eda Nosova. <em>Humour in the American TV-sitcom<\/em>\u00a0\u201eFriends\u201c\u00a0<em>and its Translation into Lithuanian<\/em><\/p>\n<p>2014 (English Philology programme) Diana A\u0161montait\u0117 and Giedr\u0117 Gudauskait\u0117 <em>The Language of Advertising: Advertisements of dairy products in the UK and Lithuania<\/em><\/p>\n<p>2014 (English Philology programme) Magda Sokolovi\u010d <em>The Language of Tourism: Linguistic aspects of impact in guidebooks on Warsaw and Vilnius<\/em><\/p>\n<p>2014 (English Philology programme) Rasa Jasinskait\u0117 <em>Space Conceptualisation: The polysemy of \u201cacross\u201d<\/em><\/p>\n<p>2014 (English Philology programme) Roberta Ambra\u0161kait\u0117 <em>Compounds with -head: Usage and meaning in British and American English<\/em><\/p>\n<p>2013 (English Philology programme) Julija Stepan\u010duk <em>Evidence Speaks for Itself: Metaphors in court hearings <\/em><\/p>\n<p>2013 (English Philology programme) Agn\u0117 Zenevi\u010di\u016bt\u0117 and Ieva Ra\u010dickait\u0117 <em>Agentivity Suffixes: Productivity and meaning<\/em><\/p>\n<p>2013 (English Philology programme) Totil\u0117 Levandauskait\u0117 <em>Conceptual Metaphor in Music Discourse<\/em><\/p>\n<p>2013 (English Philology programme) Dorota Naru\u0161evi\u010d <em>Wind and Rain Idioms in English and Lithuanian<\/em><\/p>\n<p>2013 (English Philology programme) Greta Tarvydavi\u010di\u016bt\u0117 <em>Euphemisms of Obesity in the Language of the Press in English and Lithuanian<\/em><\/p>\n<p>2012 (English Philology programme) Rita Romanova \u201c<em>Ear\u201d Idioms: Patterns of usage and motivation of meaning<\/em><\/p>\n<p>2011 (English Philology programme) Aliona Golubovskaja <em>Hand-compounds: Motivation of meaning and productivity in British and American English <\/em><\/p>\n<p>2010 (English Philology programme) Rita Martinkut\u0117 <em>Matters of the Heart: Heart idioms in English and Lithuanian<\/em><\/p>\n<p>2010 (English Philology programme) Renata Filistovi\u010d and Egl\u0117 \u0160epetyt\u0117<em> A cross-linguistic Analysis of Metaphors in Economic Discourse: English vs Lithuanian<\/em><\/p>\n<p>2010 (English Philology programme) Agn\u0117 Daunyt\u0117 <em>Conceptual Metaphors in Articles on Foreign Language Teaching: English vs Lithuanian<\/em><\/p>\n<p>2009 (English Philology programme) Evelina \u017darnauskait\u0117 <em>Metaphors of Cancer in English and Lithuanian Virtual Discourse<\/em><\/p>\n<p>2009 (English Philology programme) Lina Kru\u0161ait\u0117\u00a0<em>Eye(s) Idioms in English and Lithuanian<\/em><\/p>\n<p>2008 (English Philology programme) \u017divil\u0117 \u010ciu\u017eelyt\u0117 <em>Hedging in Bachelor papers on Linguistic and Literary Topics: A contrastive analysis<\/em><\/p>\n<p>2008 (English Philology programme) Agn\u0117 Stanulionyt\u0117 <em>Hedging in BA and MA Theses of English Philology Students<\/em><\/p>\n<p>2008 (English Philology programme) Natalja Moisejeva\u00a0<em>The Image of Cats and Dogs in English and French Idioms<\/em><\/p>\n<p>2008 (English Philology programme)\u00a0Monika Krumplyt\u0117\u00a0<em>Hedging in BA and MA Papers of English Philology Students of Vilnius University\u00a0<\/em><\/p>\n<p>2008 (English Philology programme) Rasa Kandrotait\u0117 <em>Semantic Peculiarities of the Adjectives &#8216;<\/em>glowing&#8217;, &#8216;luminous&#8217;, &#8216;radiant&#8217;, &#8216;shiny&#8217;<\/p>\n<p>2008 (English Philology programme) J\u016brat\u0117 Meilut\u0117 <em>Metaphors ARGUMENT IS WAR in Political Discourse: A contrastive analysis<\/em><\/p>\n<p>2008 (English Philology programme) Olga Malinauskait\u0117 and Aleksandra Komarova <em>The Language of Idioms: What is money for the English?<\/em><\/p>\n<p>2008 (English Philology programme) Marina Tolstikova <em>A Cross-cultural Analysis of Hand and Foot Idioms in English and Spanish: A conceptual perspective<\/em><\/p>\n<p>2007 (English Philology programme) Olga Severova <em>A Semantic Analysis of the Adjectives &#8216;<\/em>horrible&#8217;, &#8216;horrid&#8217;, &#8216;horrific&#8217;\u00a0<em>in British National Corpus<\/em><\/p>\n<p>2007 (English Philology programme) Dovil\u0117 Savickait\u0117\u00a0\u00a0<em>The method of Writing in English Textbooks by Lithuanian and English Authors<\/em><\/p>\n<p>2007 (English Philology programme) Vaiva Prokopavi\u010di\u016bt\u0117 <em>Idioms with Colour Terms in English and Spanish<\/em><\/p>\n<p>2007 (English Philology programme) Egl\u0117 \u0160ala\u0161evi\u010di\u016bt\u0117 <em>Headlines of Reuters News Reports on EU: Linguistic aspects<\/em><\/p>\n<p>2007 (English Philology programme) Lina Klenauskyt\u0117\u00a0<em>Euphemisms in Reuters News Reports on War\u00a0<\/em><\/p>\n<p>2007 (English Philology programme) Aist\u0117 Bikut\u0117\u00a0<em>The Usage of Colour Terms in the Language of Newspapers: Political and economic discourse<\/em><\/p>\n<p>2007 (English Philology programme) Margarita Adamkovi\u010d and \u017dana Borisevi\u010di\u016bt\u0117 <em>The Language of Metaphors: Cognitive family models in the discourse of British political parties<\/em><\/p>\n<p>2006 (English Philology programme) Indr\u0117 Pukelyt\u0117 <em>Hedging in Medical Texts: A contrastive analysis<\/em><\/p>\n<p>2006 (English Philology programme) Skirmant\u0117 Andra\u0161i\u016bt\u0117 <em>English Spatial Prepositions IN, ON AT: Metaphoricity of space<\/em><\/p>\n<p>2006 (English Philology programme) Inga Stirnait\u0117 <em>Acknowledgements in Linguistics Books: A contrastive analysis<\/em><\/p>\n<p>2006 (English Philology programme) Dovil\u0117 Kuktait\u0117 <em>A Corpus-driven Approach: The English synonyms &#8216;contemporary&#8217; and &#8216;modern&#8217;<\/em><\/p>\n<p>2006 (English Philology programme) Evelina Grigorovi\u010d Aziz <em>Hedging in Research Articles of Political Sciences: English vs Lithuanian<\/em><\/p>\n<p>2006 (English Philology programme) Matilda Vai\u010diulyt\u0117 <em>Animal Names in English Idioms<\/em><\/p>\n<p>2005 (English Philology programme) Inga Panavait\u0117 <em>Metaphors in Popular Magazines<\/em><\/p>\n<p>2004 (English Philology programme) Elena Brasait\u0117 <em>On the Meaning of Idioms with Colour Terms &#8216;black&#8217; and &#8216;white&#8217;<\/em><\/p>\n<p>2004 (English Philology programme) Evelina Grigorovi\u010d <em>On the Semantics of &#8216;fortune&#8217;, &#8216;destiny&#8217; and &#8216;fate&#8217;<\/em><\/p>\n<p>2004 (English Philology programme) Justina Riaubait\u0117 <em>Peculiarities of Hedging in Lithuanian <\/em><em>and English Linguistic Texts<\/em><\/p>\n<p>2004 (English Philology programme) Paul\u0117 Tamuli\u016bnait\u0117 <em>The Frequency and Variability of the English Preposition Errors in the National Examination compositions<\/em><\/p>\n<p>2003 (English Philology programme) Grita Bubelyt\u0117 <em>How is Persuasion Rendered in Public Speeches<\/em>?<\/p>\n<p>2003 (English Philology programme) Dalia Minkut\u0117 <em>&#8216;Operative&#8217;, &#8216;operating&#8217;, &#8216;operable&#8217;, &#8216;operational&#8217;. Is there any Operation in any of them?<\/em><\/p>\n<p>2003 (English Philology programme) Julius Kondratavi\u010dius <em>On the Polysemy of OVER<\/em><\/p>\n<p>2003 (English Philology programme) J\u016brat\u0117 Vaitkut\u0117 <em>Semantic Peculiarities of &#8216;perrenial&#8217; and &#8216;perpetual&#8217;<\/em><\/p>\n<p>2003 (English Philology programme) Anna Nesterova <em>On the Semantics of AGAINST<\/em><\/p>\n<p>2003 (English Philology programme) \u017divil\u0117 Petravi\u010di\u016bt\u0117 <em>Emotive Elements in Men\u2019s and Momen\u2019s Speech<\/em><\/p>\n<p>2003 (English Philology programme) Beata Giedraityt\u0117 <em>On the Polysemy of AT<\/em><\/p>\n","protected":false},"excerpt":{"rendered":"<p>Supervised PhD dissertations\/Vadovautos daktaro disertacijos Ieva Stasi\u016bnait\u0117 On the motivated polysemy of some prepositions: From concrete to abstract senses of the Lithuanian \u017dEMIAU, PO and the English BELOW, UNDER, defended in October 2020 in Vilnius University Justina Urbonait\u0117 Metaphor in academic legal discourse: A contrastive analysis, defended in May 2017 in Vilnius University Jolanta \u0160ink\u016bnien\u0117 [&hellip;]<\/p>\n","protected":false},"author":5,"featured_media":0,"parent":0,"menu_order":3,"comment_status":"closed","ping_status":"closed","template":"","meta":[],"_links":{"self":[{"href":"http:\/\/web.vu.lt\/flf\/i.seskauskiene\/wp-json\/wp\/v2\/pages\/1596"}],"collection":[{"href":"http:\/\/web.vu.lt\/flf\/i.seskauskiene\/wp-json\/wp\/v2\/pages"}],"about":[{"href":"http:\/\/web.vu.lt\/flf\/i.seskauskiene\/wp-json\/wp\/v2\/types\/page"}],"author":[{"embeddable":true,"href":"http:\/\/web.vu.lt\/flf\/i.seskauskiene\/wp-json\/wp\/v2\/users\/5"}],"replies":[{"embeddable":true,"href":"http:\/\/web.vu.lt\/flf\/i.seskauskiene\/wp-json\/wp\/v2\/comments?post=1596"}],"version-history":[{"count":12,"href":"http:\/\/web.vu.lt\/flf\/i.seskauskiene\/wp-json\/wp\/v2\/pages\/1596\/revisions"}],"predecessor-version":[{"id":1731,"href":"http:\/\/web.vu.lt\/flf\/i.seskauskiene\/wp-json\/wp\/v2\/pages\/1596\/revisions\/1731"}],"wp:attachment":[{"href":"http:\/\/web.vu.lt\/flf\/i.seskauskiene\/wp-json\/wp\/v2\/media?parent=1596"}],"curies":[{"name":"wp","href":"https:\/\/api.w.org\/{rel}","templated":true}]}}