{"id":90,"date":"2014-01-24T07:37:29","date_gmt":"2014-01-24T05:37:29","guid":{"rendered":"http:\/\/web.vu.lt\/flf\/g.judzentyte\/?page_id=90"},"modified":"2022-12-06T22:55:39","modified_gmt":"2022-12-06T20:55:39","slug":"stazuotes","status":"publish","type":"page","link":"http:\/\/web.vu.lt\/flf\/g.judzentyte\/moksline-veikla\/stazuotes\/","title":{"rendered":"Sta\u017euot\u0117s"},"content":{"rendered":"<p><strong>Mokslin\u0117s ir kitos sta\u017euot\u0117s:<\/strong><\/p>\n<ol>\n<li><span class=\"TextRun SCXW86067973 BCX9\" data-contrast=\"none\"><span class=\"NormalTextRun SCXW86067973 BCX9\"><span class=\"TextRun SCXW184686815 BCX9\" data-contrast=\"none\"><span class=\"NormalTextRun SCXW184686815 BCX9\">2021.11.19\u201322.\u00a0<\/span><\/span>Paskait\u0173 ciklas \u201e\u017dmogus, kalba ir erdv\u0117\u201c, taip pat paskaita \u201eK\u0105 kalba pirmosios lietuvi\u0173 knygos\u201c, <span class=\"TextRun SCXW105873249 BCX9\" data-contrast=\"none\"><span class=\"NormalTextRun SCXW105873249 BCX9\">Baltistikos centras, Humanitarinis fakultetas, Helsinkio universitetas, Helsinkis. Paskaitos buvo skaitomos pagal projekt\u0105 \u201eU\u017esienio baltistikos centr\u0173 ir Lietuvos mokslo ir studij\u0173 institucij\u0173 bendradarbiavimo skatinimas\u201c.<\/span><\/span><\/span><\/span><\/li>\n<li>2019.05.13\u20132019.05.17. Paskait\u0173 ciklas \u201eWhen far becomes near and vs in Lithuanian\u201c (8 a. v.), Pizos universitetas (Italija),\u00a0paskait\u0173 skaitymas pagal ERASMUS+ program\u0105.<\/li>\n<li style=\"text-align: justify\">2018.11.26\u20132018.11.30. Mokslin\u0117 sta\u017euot\u0117 Greifsweildo universiteto Baltistikos institute,\u00a0Vokietija, Greifsweildo universitetas.<\/li>\n<li style=\"text-align: justify\">2018.04.15\u20132018.04.21. Paskait\u0173 ciklas<em> Spatial deixis in the Baltic languages<\/em> (Unders-tanding spatial deixis; Linguistic expression by pronouns; Linguistic expresion by adverbs of place; Linguistic expression by verbs (Latvian) or morphemes (Lithuanian)) (8 a. v.), Latvijos universitetas, Ryga (Latvija), paskait\u0173 skaitymas pagal ERASMUS+ program\u0105.<\/li>\n<li style=\"text-align: justify\">2018-03-19\u20132018-03-25. Paskait\u0173 ciklas\u00a0\u201eThe Origin and Development of the Lithuanian Language\u201c ir \u201eLietuvi\u0173 ra\u0161tijos prad\u017eia (lietuvi\u0173 kalbos vartojimo s\u0105lygos Pr\u016bsijoje ir Lietuvos Did\u017eiojoje Kunigaik\u0161tyst\u0117je pradiniame ra\u0161tijos formavimosi etape)\u201c, Baltistikos centras, Helsinkio universitetas.\u00a0Paskaitos buvo skaitomos pagal projekt\u0105 \u201eU\u017esienio baltistikos centr\u0173 ir Lietuvos mokslo ir studij\u0173 institucij\u0173 bendradarbiavimo skatinimas\u201c.<\/li>\n<li style=\"text-align: justify\">2017-10-08\u201310-15. Paskait\u0173 ciklas\u00a0\u201eLietuvi\u0173 kalbos istorija\u201c, \u201eBendrin\u0117s lietuvi\u0173 kalbos \u012fvard\u017ei\u0173 sistema\u201c, Poznan\u0117s Adomo Mickevi\u010diaus universitetas, Baltologijos skyrius. Paskaitos buvo skaitomos pagal projekt\u0105 \u201eU\u017esienio baltistikos centr\u0173 ir Lietuvos mokslo ir studij\u0173 institucij\u0173 bendradarbiavimo skatinimas\u201c.<\/li>\n<li style=\"text-align: justify\">2017-05-07\u20132017-05-13. Paskait\u0173 ciklas \u201eSpatial Deixis in the Baltic Languages\u201c (8 a. v.), Pizos universitetas (Italija),\u00a0paskait\u0173 skaitymas pagal ERASMUS+ program\u0105.<\/li>\n<li style=\"text-align: justify\">2016-04-26\u20132016-05-02. Paskait\u0173 ciklas\u00a0\u201eLinguistic interactions between Balts and Slavs\u201c (8 a. v.), Romos Tre universitetas (Italija), paskait\u0173 skaitymas pagal ERASMUS+ program\u0105.<\/li>\n<li style=\"text-align: justify\">2015-05-03\u20132015-05-09. Paskait\u0173 ciklas \u201eDeixis in Baltic Languages\u201c (8 a. v.), Stokholmo universitetas (\u0160vedija), paskait\u0173 skaitymas pagal ERASMUS+ program\u0105.<\/li>\n<li style=\"text-align: justify\">2014.04.07\u20132014.04.13. Ca&#8217;Foscari universitetas (Venecija), paskait\u0173 ciklas \u201eD\u0117l balt\u0173 kalb\u0173 istorijos\u201c (5 a. v.) (pagal ERASMUS+ program\u0105).<\/li>\n<li style=\"text-align: justify\">2011.11\u20132012.02. Miunsterio universitetas (Vestfalijos Vilhelmo universitetas, vok.\u00a0<em>Universit\u00e4t M\u00fcnster<\/em>,\u00a0<em>Westf\u00e4lische Wilhelms-Universit\u00e4t<\/em>).<\/li>\n<\/ol>\n","protected":false},"excerpt":{"rendered":"<p>Mokslin\u0117s ir kitos sta\u017euot\u0117s: 2021.11.19\u201322.\u00a0Paskait\u0173 ciklas \u201e\u017dmogus, kalba ir erdv\u0117\u201c, taip pat paskaita \u201eK\u0105 kalba pirmosios lietuvi\u0173 knygos\u201c, Baltistikos centras, Humanitarinis fakultetas, Helsinkio universitetas, Helsinkis. Paskaitos buvo skaitomos pagal projekt\u0105 \u201eU\u017esienio baltistikos centr\u0173 ir Lietuvos mokslo ir studij\u0173 institucij\u0173 bendradarbiavimo skatinimas\u201c. 2019.05.13\u20132019.05.17. Paskait\u0173 ciklas \u201eWhen far becomes near and vs in Lithuanian\u201c (8 a. v.), [&hellip;]<\/p>\n","protected":false},"author":33,"featured_media":0,"parent":24,"menu_order":3,"comment_status":"closed","ping_status":"open","template":"","meta":[],"_links":{"self":[{"href":"http:\/\/web.vu.lt\/flf\/g.judzentyte\/wp-json\/wp\/v2\/pages\/90"}],"collection":[{"href":"http:\/\/web.vu.lt\/flf\/g.judzentyte\/wp-json\/wp\/v2\/pages"}],"about":[{"href":"http:\/\/web.vu.lt\/flf\/g.judzentyte\/wp-json\/wp\/v2\/types\/page"}],"author":[{"embeddable":true,"href":"http:\/\/web.vu.lt\/flf\/g.judzentyte\/wp-json\/wp\/v2\/users\/33"}],"replies":[{"embeddable":true,"href":"http:\/\/web.vu.lt\/flf\/g.judzentyte\/wp-json\/wp\/v2\/comments?post=90"}],"version-history":[{"count":13,"href":"http:\/\/web.vu.lt\/flf\/g.judzentyte\/wp-json\/wp\/v2\/pages\/90\/revisions"}],"predecessor-version":[{"id":681,"href":"http:\/\/web.vu.lt\/flf\/g.judzentyte\/wp-json\/wp\/v2\/pages\/90\/revisions\/681"}],"up":[{"embeddable":true,"href":"http:\/\/web.vu.lt\/flf\/g.judzentyte\/wp-json\/wp\/v2\/pages\/24"}],"wp:attachment":[{"href":"http:\/\/web.vu.lt\/flf\/g.judzentyte\/wp-json\/wp\/v2\/media?parent=90"}],"curies":[{"name":"wp","href":"https:\/\/api.w.org\/{rel}","templated":true}]}}