{"id":88,"date":"2014-01-24T07:31:42","date_gmt":"2014-01-24T05:31:42","guid":{"rendered":"http:\/\/web.vu.lt\/flf\/g.judzentyte\/?page_id=88"},"modified":"2025-11-13T16:48:59","modified_gmt":"2025-11-13T14:48:59","slug":"konferencijos","status":"publish","type":"page","link":"http:\/\/web.vu.lt\/flf\/g.judzentyte\/moksline-veikla\/konferencijos\/","title":{"rendered":"Konferencijos"},"content":{"rendered":"<p style=\"text-align: center\"><strong>Prane\u0161imai mokslin\u0117se konferencijose<\/strong>:<\/p>\n<p style=\"text-align: center\"><strong>2025 m.<\/strong><\/p>\n<ul>\n<li><b><span data-contrast=\"auto\">Jud\u017eentyt\u0117-\u0160ink\u016bnien\u0117, Gintar\u0117<\/span><\/b><span data-contrast=\"auto\">. 2025. <\/span><i><span data-contrast=\"auto\">Reflections of East and West in the First Evangelical Lutheran Periodical in Lithuania \u2018Sve\u010dias\u2019: A Linguistic Case<\/span><\/i><span data-contrast=\"auto\">, 16<\/span><span data-contrast=\"auto\">th<\/span><span data-contrast=\"auto\"> conference on Baltic Studies in Europe \u201eConverging paths: the Baltic between East and West\u201c, 2025 m. baland\u017eio 24\u201326, Kembrid\u017eo universitetas, Did\u017eioji Britanija.<\/span><\/li>\n<li><span style=\"font-size: revert;color: initial\" data-contrast=\"auto\">Tverskyt\u0117, Au\u0161rin\u0117, <\/span><b style=\"font-size: revert;color: initial\"><span data-contrast=\"auto\">Jud\u017eentyt\u0117-\u0160ink\u016bnien\u0117, Gintar\u0117<\/span><\/b><span style=\"font-size: revert;color: initial\" data-contrast=\"auto\">. 2025. <\/span><i style=\"font-size: revert;color: initial\"><span data-contrast=\"auto\">On the Semantic Features of the Referent and their Influence on the Choice of the Demonstratives in the Lithuanian Subdialect of Kretingi\u0161kiai<\/span><\/i><span style=\"font-size: revert;color: initial\" data-contrast=\"auto\">, 10 tarptautin\u0117 konferencija \u201eGrammar and Corpora\u201c, 2025 m. bir\u017eelio 26\u201328, Ryga.<\/span><\/li>\n<li><b style=\"font-size: revert;color: initial\"><span data-contrast=\"auto\">Jud\u017eentyt\u0117-\u0160ink\u016bnien\u0117, Gintar\u0117<\/span><\/b><span style=\"font-size: revert;color: initial\" data-contrast=\"auto\">. 2025. <\/span><i style=\"font-size: revert;color: initial\"><span data-contrast=\"auto\">Lietuvi\u0173 kalbos standartizavimas <\/span><\/i><i style=\"font-size: revert;color: initial\"><span data-contrast=\"auto\">Ma\u017eosios Lietuvos pasienyje XX a. pr.: periodinio leidinio \u201eSve\u010dias\u201c atvejis<\/span><\/i><span style=\"font-size: revert;color: initial\" data-contrast=\"auto\">, Kalba ir kalbotyra: tradicijos t\u0119stinumas ir naujos kryptys (30-oji tarptautin\u0117 mokslin\u0117 Jono Jablonskio konferencija), 2025 m. spalio 2\u20133 d., Vilnius.\u00a0<\/span><\/li>\n<li><span style=\"font-size: revert;color: initial\" data-contrast=\"auto\">Tverskyt\u0117, Au\u0161rin\u0117, <\/span><b style=\"font-size: revert;color: initial\"><span data-contrast=\"auto\">Jud\u017eentyt\u0117-\u0160ink\u016bnien\u0117, Gintar\u0117<\/span><\/b><span style=\"font-size: revert;color: initial\" data-contrast=\"auto\">. 2025. <\/span><i style=\"font-size: revert;color: initial\"><span data-contrast=\"auto\">Deiktiniai \u017eod\u017eiai \u0161iaur\u0117s \u017eemai\u010di\u0173 kretingi\u0161ki\u0173 \u0161nektoje<\/span><\/i><span style=\"font-size: revert;color: initial\" data-contrast=\"auto\">, XVI tarptautinis baltist\u0173 kongresas, 2025 m. spalio 22\u201325, Vilnius.<\/span><\/li>\n<\/ul>\n<p style=\"text-align: center\"><strong>2021 m.<\/strong><\/p>\n<ul>\n<li><span class=\"TextRun SCXW8816296 BCX9\" data-contrast=\"none\"><span class=\"NormalTextRun SCXW8816296 BCX9\" data-ccp-charstyle=\"Emphasis\">Comprehension of Lithuanian Demonstratives: Beyond Egocentrism and Distance, <span class=\"TextRun SCXW107779514 BCX9\" data-contrast=\"none\"><span class=\"NormalTextRun SCXW107779514 BCX9\">CBSE 2021 (the 14th Conference on Baltic Studies in Europe, \u201cRights and Recognition in the Baltic Context\u201d),<\/span><\/span> <span class=\"TextRun SCXW107779514 BCX9\" data-contrast=\"none\"><span class=\"NormalTextRun SCXW107779514 BCX9\">Upsalos universitetas, <span class=\"TextRun SCXW143626358 BCX9\" data-contrast=\"none\"><span class=\"NormalTextRun SCXW143626358 BCX9\">2021 m. rugs\u0117jo 1<\/span><span class=\"NormalTextRun SCXW143626358 BCX9\">\u2013<\/span><span class=\"NormalTextRun SCXW143626358 BCX9\">4 d.<\/span><\/span><span class=\"EOP SCXW143626358 BCX9\" data-ccp-props=\"{}\">\u00a0<\/span><\/span><\/span><\/span><\/span><\/li>\n<\/ul>\n<p style=\"text-align: center\"><strong>2020 m.<\/strong><\/p>\n<ul>\n<li style=\"text-align: justify\"><em>When traditions meet different approaches: the case of the exophoric Lithuanian demonstrative pronouns<\/em>, Lietuvi\u0173 kalba Lietuvoje ir pasaulyje, Vilniaus universitetas, 2020 m. lapkri\u010dio 13 d.<\/li>\n<\/ul>\n<p style=\"text-align: center\"><strong>2019 m.<\/strong><\/p>\n<ul>\n<li style=\"text-align: justify\"><em>Why \u02bfproximal\u02be demonstrative pronouns are used instead of \u02bfdistals\u02be in some eastern Lithuanian sub-dialects<\/em>,\u00a026-oji tarptautin\u0117 mokslin\u0117 Jono Jablonskio konferencija \u201eKalbin\u0117 \u012fvairov\u0117 \u0161iuolaikiniame pasaulyje: kalbos galia ir presti\u017eas\u201c, Lietuvi\u0173 kalbos institutas, Vilnius, 2019 m. spalio 3\u20134 d.<\/li>\n<li style=\"text-align: justify\"><em>Creation of physical space by deictic expressions in Lithuanian dialects<\/em>, SALC7, Orhuso universitetas, Orhusas, Danija,\u00a02019 m.\u00a0gegu\u017e\u0117s 22\u201324 d.<\/li>\n<li style=\"text-align: justify\"><em>When far becomes near: evidence of some Lithuanian dialects<\/em>,\u00a0IV Incontro di Baltistica, Pizos universitetas, Piza, Italija, 2019 m.\u00a0gegu\u017e\u0117s 13\u201314 d.<\/li>\n<li style=\"text-align: justify\"><em>When near becomes far: evidence from some Lithuanian dialects, <\/em>77-oji tarptautin\u0117 mokslin\u0117 Latvijos universiteto konferencija, skirta Latvijos universiteto \u0161imtme\u010diui pamin\u0117ti, Ryga, 2019 m. vasario 14 d.<\/li>\n<\/ul>\n<p style=\"text-align: center\"><strong>2018 m.<\/strong><\/p>\n<ul>\n<li style=\"text-align: justify\"><em>Erdv\u0117s rai\u0161kos skirtumai auk\u0161tai\u010di\u0173 ir \u017eemai\u010di\u0173 tarm\u0117se, t<\/em>arptautin\u0117 konferencija, skirta Lietuvos valstyb\u0117s atk\u016brimo \u0161imtme\u010diui ir Prano Skard\u017eiaus 120-osioms gimimo metin\u0117ms Tauta ir tapatyb\u0117 kalboje, Nida, 2018 m. gegu\u017e\u0117s 25\u201327 d.<\/li>\n<li style=\"text-align: justify\"><em>Space deixis in Lithuanian<\/em>, Baltijos studij\u0173 pa\u017eangos asociacijos (<em>the Association for the Advancement of Baltic Studies<\/em> \u2013 AABS) konferencija, skirta Baltijos \u0161ali\u0173 nepriklausomyb\u0117s atk\u016brimo 100-me\u010diui pamin\u0117ti, Stanfordas (JAV), 2018 m. bir\u017eelio 1\u20133 d.<\/li>\n<\/ul>\n<p style=\"text-align: center\"><strong>2017 m.<\/strong><\/p>\n<ul>\n<li style=\"text-align: justify\"><em>Asmenys ir j\u0173 ypatyb\u0117s Konstantino Sirvydo <em>Dictionarium trium linguarum<\/em> (1642) ir <em>Georgo Elgerio Dictionarium Polono-Latino-Lottauicum<\/em> (1683), <\/em>tarptautinis mokslinis seminaras \u201eLatvi\u0173 kalbos ra\u0161tai ir ra\u0161tai Latvijoje XVI\u2013XIX a.\u201c (lat. \u201eLatvie\u0161u raksti un raksti Latvij\u0101 16.\u201319. gadsimt\u0101: p\u0113tniec\u012bbas aktualit\u0101tes un probl\u0113mas\u201c) (kartu su doc. dr. Vilma Zubaitiene), Ryga, 2017 m. sausio 13 d.<\/li>\n<li style=\"text-align: justify\"><em>The system of demonstrative pronouns in the Grammar of Standard Lithuanian and spoken Lithuanian<\/em>,\u00a075-oji Latvijos universiteto konferencija, Ryga, 2017 m. vasario 2 d.<\/li>\n<li style=\"text-align: justify\"><em>Some remarks on the change of deictic systems in spoken Lithuanian<\/em>, SALC6, Lundas, 2017 m. baland\u017eio 20\u201321 d.<\/li>\n<li style=\"text-align: justify\"><em>Academic phrase usage in bachelor&#8217;s thesis of different field of science<\/em>,\u00a0IV Tarptautinis lituanist\u0173 kongresas (angl. <em>IV International Lithuania Congress<\/em>, lenk. <em>IV Mi\u0119dzynarodowy Kongres Lituanist\u00f3w<\/em>), Vroclavas, Lenkija, 2017 gegu\u017e\u0117s 22\u201324 d. (kartu su doc. dr. Vilma Zubaitiene).<\/li>\n<li style=\"text-align: justify\"><em>Some remarks on variation of systems of demonstrative pronouns in modern Lithuanian dialects<\/em>, SLE2017, Ciurichas, \u0160veicarija, 2017 rugs\u0117jo 10\u201314 d.<\/li>\n<li style=\"text-align: justify\"><em>Noun + noun sequences in Lithuanian: medical and legal discourses<\/em>,\u00a0SLE2017, Ciurichas, \u0160veicarija, 2017 rugs\u0117jo 10\u201314 d.\u00a0(kartu su doc. dr. Vilma Zubaitiene).<\/li>\n<li style=\"text-align: justify\"><em>Tekstynais paremti akademini\u0173 frazi\u0173 tyrimai: formalioji strukt\u016bra ir semantika<\/em>, 24-oji Jono Jablonskio konferencija \u201eSkaitmeniniai kalbos i\u0161tekliai, j\u0173 pl\u0117tros kryptys\u00a0ir panaudos galimyb\u0117s\u201c, 2017 m. rugs\u0117jo 29 d. (kartu su doc. dr. Vilma Zubaitiene).<\/li>\n<li style=\"text-align: justify\"><em>Erdv\u0117s rai\u0161ka rodomaisiais \u012fvard\u017eiais kai kuriose dabartin\u0117se lietuvi\u0173 kalbos tarm\u0117se<\/em>,\u00a0 Alekso Girdenio (1936\u20132011) atminimo konferencija \u201eKalb\u0173 ir tarmi\u0173 transformacijos\u201c, Lietuvi\u0173 kalbos institutas, Vilnius, 2017 m. spalio 19-20.<\/li>\n<\/ul>\n<p style=\"text-align: center\"><strong>2016 m.<\/strong><\/p>\n<ul>\n<li style=\"text-align: justify\">\u201eDar d\u0117l Georgo Elgerio <em>Dictionarium Polono-Latino-Lottauicum<\/em> (1683) registro \u0161altinio\u201c, tarptautinis mokslinis seminaras \u201eLatvi\u0173 kalbos ra\u0161tai ir ra\u0161tai Latvijoje XVI\u2013XIX a.: tyrim\u0173 aktualijos ir problemos\u201c (lat. \u201eLatvie\u0161u raksti un raksti Latvij\u0101 16.\u201319. gadsimt\u0101: p\u0113tniec\u012bbas aktualit\u0101tes un probl\u0113mas\u201c)\u00a0(kartu su doc. dr. Vilma Zubaitiene), Ryga, 2016 m. sausio 14 d.<\/li>\n<li style=\"text-align: justify\">\u201eD\u0117l \u201edeiktini\u0173\u201c latvi\u0173 kalbos veiksma\u017eod\u017ei\u0173\u201c, 52-oji prof. Art\u016bro Ozolo tarptautin\u0117 mokslin\u0117 konferencija \u201eKalbos gramatin\u0117s ir leksin\u0117s sistemos varianti\u0161kumas\u201c (la. \u201eValodas gramatisk\u0101s un leksisk\u0101s sist\u0113mas variat\u012bvums\u201c), skirta kalbinink\u0117s Edit\u0117s Hauzenbergos-\u0160turmos (1901\u20131983) 115 met\u0173 jubiliejui,\u00a0Ryga, 2016 m. kovo 17\u201318 d.<\/li>\n<li style=\"text-align: justify\">\u201eDeiktinio jud\u0117jimo rai\u0161ka balt\u0173 kalbose\u201c, tarptautin\u0117 tarpdalykin\u0117 mokslin\u0117 konferencija \u201eBalt\u0173 kalbos ir kult\u016bros 3\u201c, 2016 m. gegu\u017e\u0117s 5\u20136 d.<\/li>\n<li style=\"text-align: justify\">\u201eD\u0117l \u012fvard\u017eio <em>anas<\/em> vartosenos lietuvi\u0173 kalboje\u201c \/ \u201eUsage of pronoun <em>anas<\/em> in Current Lithuanian\u201c, tarptautin\u0117 mokslin\u0117 balt\u0173 filologijos perspektyv\u0173 konferencija \u201ePerspectives of Baltic Philology III: The Apokalypse and the Ends of the Worlds\u201c (\u201eApokalips\u0117 ir pasauli\u0173 pabaigos\u201c), 2016 m. bir\u017eelio 16\u201317 d., A. Mickevi\u010diaus universitetas, Poznan\u0117 (Lenkija).<\/li>\n<li style=\"text-align: justify\">\u201eSpatial Deixis in Lithuanian: Case of Demonstratives\u201c, tarptautin\u0117 mokslin\u0117 konferencija \u201eBaltic Languages and White Nights. Local Meanings in Language\u201c, Latvijos universiteto Humanitarini\u0173 moksl\u0173 fakultetas, Ryga (Latvija), 2016 m. bir\u017eelio 20\u201321 d.<\/li>\n<li style=\"text-align: justify\">\u201eLithuanian Lexicon of XVII-XIX c. and its Impact on the Standard Language\u201c (kartu su doc. dr. Vilma Zubaitiene), tarptautin\u0117 konferencija \u201e10th International Colloquium on Problems and Methods of the History of Language: The complexity of languages\u201c, \u017dironos universitetas (Ispanija), 2016 m. bir\u017eelio 26\u201329 d.<\/li>\n<li style=\"text-align: justify\">\u201eAtitikmen\u0173 ekvivalenti\u0161kumo problema paraleliniuose XVII a. \u017eodynuose\u201c (kartu su doc. dr. Vilma Zubaitiene), 23-ioji tarptautin\u0117 mokslin\u0117 Jono Jablonskio konferencija \u201eReik\u0161m\u0117 kalboje ir kult\u016broje\u201c, Vilniaus universitetas, 2016 m. rugs\u0117jo 23\u201324 d. (prane\u0161imo tez\u0117s\u00a0<a href=\"http:\/\/www.jablonskis2016.flf.vu.lt\/wp-content\/uploads\/2016\/04\/Senosios-ra%C5%A1tijos-sekcijos-tez%C4%97s3.pdf\">http:\/\/www.jablonskis2016.flf.vu.lt\/wp-content\/uploads\/2016\/04\/Senosios-ra%C5%A1tijos-sekcijos-tez%C4%97s3.pdf<\/a>)<\/li>\n<li style=\"text-align: justify\">\u201eD\u0117l deiktini\u0173 sistem\u0173 kaitos vienoje \u0161iaur\u0117s \u017eemai\u010di\u0173 tel\u0161i\u0161ki\u0173 \u0161nektoje\u201c, tarptautin\u0117 mokslin\u0117 konferencija \u201eDabartini\u0173 balt\u0173 kalb\u0173 ir tarmi\u0173 transformacijos\u201c, Vilnius, 2016 m. spalio 19\u201321 d.<\/li>\n<\/ul>\n<p style=\"text-align: center\"><strong>2015 m.<\/strong><\/p>\n<ul>\n<li>\u201eD\u0117l vietos deiks\u0117s rai\u0161kos veiksma\u017eod\u017eiais balt\u0173 kalbose\u201c, XII tarptautinis baltist\u0173 kongresas, Vilnius, 2015 m. spalio 29\u201331.<\/li>\n<\/ul>\n<p style=\"text-align: center\"><strong>2014 m.<\/strong><\/p>\n<ul>\n<li style=\"text-align: justify\">\u201eD\u0117l lietuvi\u0161k\u0173 Lietuvi\u0173 kalbos atlaso punkt\u0173 steigimo Latvijoje\u201c, tarptautin\u0117 tarpdalykin\u0117 mokslin\u0117 konferencija \u201eXXI am\u017eaius tarmi\u0173 tyrimai: geolingvistin\u0117s ir socialingvistin\u0117s perspektyvos\u201c, 2013 m. gruod\u017eio 5\u20136 d., Vilnius (<a href=\"http:\/\/web.vu.lt\/flf\/g.judzentyte\/files\/2014\/01\/PROGRAMA-PROGRAMME.pdf\">PROGRAMA&#8211;PROGRAMME<\/a>).<\/li>\n<li style=\"text-align: justify\">\u201eD\u0117l kai kuri\u0173 vietos prieveiksmi\u0173 pateikimo Lietuvi\u0173 kalbos \u017eodyne\u201c, tarptautin\u0117 konferencija skatinant lituanistinio (baltistinio) palikimo tyrim\u0173 sklaid\u0105. Konferencija skirta Prano Skard\u017eiaus 115-osioms gimimo metin\u0117ms pamin\u0117ti, 2014 m. rugs\u0117jo 19\u201321, Druskininkai (<a href=\"http:\/\/web.vu.lt\/flf\/g.judzentyte\/files\/2014\/01\/Skardziaus_programa.pdf\">Skardziaus_programa<\/a>).<\/li>\n<li style=\"text-align: justify\">\u201eD\u0117l kai kuri\u0173 ryt\u0173 auk\u0161tai\u010di\u0173 panev\u0117\u017ei\u0161ki\u0173 \u0161nekt\u0173 savitumo\u201c, II tarptautin\u0117 mokslin\u0117 konferencija \u201eXXI am\u017eiaus kalbos tyrimai: nuo garso iki teksto\u201c, 2014 m. rugs\u0117jo 24\u201326 d., Vilnius (<a href=\"http:\/\/web.vu.lt\/flf\/g.judzentyte\/files\/2014\/01\/programa_-2014-nuo-garso-iki-teksto.doc\">programa_ 2014 nuo garso iki teksto<\/a>).<\/li>\n<li style=\"text-align: justify\">\u201eD\u0117l Konstantino Sirvydo <em>Dictionarium trium lingvarum<\/em> (1642) ir Georgo Elgerio <em>Dictionarium Polono-Latino-Lottauicum<\/em> (1683) lietuvi\u0161kosios resp. latvi\u0161kosios dalies\u201c (kartu su doc. dr. Vilma Zubaitiene), starptautiska konference AKTU\u0100LI BALTU VALODU V\u0112STURES UN DIALEKTOLO\u0122IJAS JAUT\u0100JUMI, 2014 m. lapkri\u010dio 7\u20138 d., Ryga (<a href=\"http:\/\/web.vu.lt\/flf\/g.judzentyte\/files\/2014\/01\/M_Rudzite_konf_progr.pdf\">M_Rudzite_konf_progr<\/a>).<\/li>\n<\/ul>\n<p style=\"text-align: center\"><strong>2013 m.<\/strong><\/p>\n<ul>\n<li style=\"text-align: justify\">\u201eD\u0117l savitos sangr\u0105\u017einio\u00a0veiksma\u017eod\u017eio formos Babt\u0173 apylink\u0117s \u0161nektose\u201c, tarptautin\u0117 konferencija \u201eBaltic Languages: history and actual processes\u201c, 2013 m. vasaris, Ryga.<\/li>\n<li style=\"text-align: justify\">\u00a0\u201eSemantiniai vietos prieveiksmi\u0173 tyrimai pirmosiose latvi\u0173 ir lietuvi\u0173 mokslin\u0117se gramatikose, j\u0173 raida\u201c, 49-ojoji Arturo Ozolo dienos konferencija \u00a0\u201eA. Bielensteino gramatikai \u201eDie Lettische Sprache\u201c \u00a0(1863\u20131864) \u2014 150\u201c, 2013 m. kovas, Ryga (<a href=\"http:\/\/web.vu.lt\/flf\/g.judzentyte\/files\/2014\/01\/49.-A.Ozola-konferences-programma.pdf\">49. A.Ozola konferences programma<\/a>).<\/li>\n<\/ul>\n<p style=\"text-align: center\"><strong>2012 m.<\/strong><\/p>\n<ul>\n<li style=\"text-align: justify\">\u201eD\u0117l vietos prieveiksmi\u0173\u00a0<em>\u010dia<\/em>\u00a0ir\u00a0<em>ten<\/em>, la.\u00a0<em>\u0161eit<\/em>\u00a0ir\u00a0<em>tur<\/em>\u00a0reik\u0161mi\u0173 lietuvi\u0173 ir latvi\u0173 kalbose\u201c, tarptautin\u0117 mokslin\u0117 konferencija \u201eBalt\u0173 kalbos ir kult\u016bros\u201c, 2012 m., Klaip\u0117da\u00a0(<a href=\"http:\/\/www.ku.lt\/hmf\/konferencijos-programa\">http:\/\/www.ku.lt\/hmf\/konferencijos-programa<\/a>).<\/li>\n<li style=\"text-align: justify\">\u201eVietos deiks\u0117 Ryt\u0173 auk\u0161tai\u010di\u0173 uteni\u0161ki\u0173 ir ryt\u0173 auk\u0161tai\u010di\u0173 vilni\u0161ki\u0173 patarm\u0117se\u201c, tarptautin\u0117 mokslin\u0117 konferencija \u201eXXI am\u017eiaus kalbos tyrimai: nuo garso iki teksto\u201c, 2012 m., Vilnius (<a href=\"http:\/\/web.vu.lt\/flf\/g.judzentyte\/files\/2012\/05\/Programa_-2012-09-27-2.pdf\">Programa_ 2012-09-27 (2)<\/a>,\u00a0<a href=\"http:\/\/web.vu.lt\/flf\/g.judzentyte\/files\/2012\/05\/Konferencijos-2012-09-27-tezes.pdf\">Konferencijos-2012-09-27-tezes<\/a>).<\/li>\n<\/ul>\n<p style=\"text-align: center\"><strong>2011 m.<\/strong><\/p>\n<ul>\n<li style=\"text-align: justify\">\u201eVietos prieveiksmi\u0173, turin\u010di\u0173 semas \u2018de\u0161in\u0117\u2019 ir \u2018nede\u0161in\u0117, kair\u0117\u2019, strukt\u016bra lietuvi\u0173 ir latvi\u0173 kalbos tarm\u0117se\u201c, 47. Art ura Ozola dienas konference BALTU VALODU V\u0112STURE UN DIALEKTOLO\u0122IJA, 2011 m., Ryga (<a href=\"http:\/\/web.vu.lt\/flf\/g.judzentyte\/files\/2012\/05\/Ozols_2011_programma.pdf\">Ozols_2011_programma<\/a>).<\/li>\n<li style=\"text-align: justify\">\u201eRyt\u0173 auk\u0161tai\u010diai vilni\u0161kiai ir uteni\u0161kiai: paribio tyrimo perspektyvos\u201c (kartu su prof. dr. V. Kardeliu), \u043c\u0435\u0436\u0434\u0443\u043d\u0430\u0440\u043e\u0434\u043d\u0430\u044f \u043d\u0430\u0443\u0447\u043d\u0430\u044f \u043a\u043e\u043d\u0444\u0435\u0440\u0435\u043d\u0446\u0438\u044f \u00ab\u041e\u0431\u0449\u0430\u044f\u00a0\u0444\u043e\u043d\u0435\u0442\u0438\u043a\u0430 \u0438 \u0431\u0430\u043b\u0442\u0438\u0439\u0441\u043a\u0438\u0435 \u044f\u0437\u044b\u043a\u0438\u00bb (\u043a 130-\u043b\u0435\u0442\u0438\u044e \u0410\u043d\u043d\u044b \u0410\u0431\u0435\u043b\u0435), 2011 m., Sankt Peterburgas (<a href=\"http:\/\/web.vu.lt\/flf\/g.judzentyte\/files\/2012\/05\/baltistica_programme.pdf\">baltistica_programme<\/a>).<\/li>\n<\/ul>\n","protected":false},"excerpt":{"rendered":"<p>Prane\u0161imai mokslin\u0117se konferencijose: 2025 m. Jud\u017eentyt\u0117-\u0160ink\u016bnien\u0117, Gintar\u0117. 2025. Reflections of East and West in the First Evangelical Lutheran Periodical in Lithuania \u2018Sve\u010dias\u2019: A Linguistic Case, 16th conference on Baltic Studies in Europe \u201eConverging paths: the Baltic between East and West\u201c, 2025 m. baland\u017eio 24\u201326, Kembrid\u017eo universitetas, Did\u017eioji Britanija. Tverskyt\u0117, Au\u0161rin\u0117, Jud\u017eentyt\u0117-\u0160ink\u016bnien\u0117, Gintar\u0117. 2025. On the [&hellip;]<\/p>\n","protected":false},"author":33,"featured_media":0,"parent":24,"menu_order":2,"comment_status":"closed","ping_status":"closed","template":"","meta":[],"_links":{"self":[{"href":"http:\/\/web.vu.lt\/flf\/g.judzentyte\/wp-json\/wp\/v2\/pages\/88"}],"collection":[{"href":"http:\/\/web.vu.lt\/flf\/g.judzentyte\/wp-json\/wp\/v2\/pages"}],"about":[{"href":"http:\/\/web.vu.lt\/flf\/g.judzentyte\/wp-json\/wp\/v2\/types\/page"}],"author":[{"embeddable":true,"href":"http:\/\/web.vu.lt\/flf\/g.judzentyte\/wp-json\/wp\/v2\/users\/33"}],"replies":[{"embeddable":true,"href":"http:\/\/web.vu.lt\/flf\/g.judzentyte\/wp-json\/wp\/v2\/comments?post=88"}],"version-history":[{"count":39,"href":"http:\/\/web.vu.lt\/flf\/g.judzentyte\/wp-json\/wp\/v2\/pages\/88\/revisions"}],"predecessor-version":[{"id":701,"href":"http:\/\/web.vu.lt\/flf\/g.judzentyte\/wp-json\/wp\/v2\/pages\/88\/revisions\/701"}],"up":[{"embeddable":true,"href":"http:\/\/web.vu.lt\/flf\/g.judzentyte\/wp-json\/wp\/v2\/pages\/24"}],"wp:attachment":[{"href":"http:\/\/web.vu.lt\/flf\/g.judzentyte\/wp-json\/wp\/v2\/media?parent=88"}],"curies":[{"name":"wp","href":"https:\/\/api.w.org\/{rel}","templated":true}]}}