{"id":586,"date":"2020-12-30T12:06:41","date_gmt":"2020-12-30T10:06:41","guid":{"rendered":"http:\/\/web.vu.lt\/flf\/g.judzentyte\/?page_id=586"},"modified":"2020-12-30T12:08:07","modified_gmt":"2020-12-30T10:08:07","slug":"vertimai","status":"publish","type":"page","link":"http:\/\/web.vu.lt\/flf\/g.judzentyte\/moksline-veikla\/straipsniai-2\/vertimai\/","title":{"rendered":"Vertimai"},"content":{"rendered":"<ol>\n<li style=\"text-align: justify\">Jis buvo tikras kovotojas: (pokalbis su latvi\u0173 kalbininke R\u016bta Augstkalne) \/ R\u016bta Augstkalne; [kalb\u0117josi Edmundas Trumpa; pokalbio garso \u012fra\u0161\u0105 i\u0161\u0161ifravo ir i\u0161 latvi\u0173 kalbos i\u0161vert\u0117 Gintar\u0117 Jud\u017eentyt\u0117; tekst\u0105 redagavo Regina Venckut\u0117]. <em>Knygoje:\u00a0Lingvistika \u2013\u00a0irgi poezija<\/em>: Alberto Rosino gyvenimas ir darbai. Vilnius: Vilniaus universiteto leidykla.<\/li>\n<li style=\"text-align: justify\">Albertas Rosinas: mano prisiminimai ir archyv\u0173 liudijimai \/ Sarma K\u013cavi\u0146a; i\u0161 latvi\u0173 kalbos i\u0161vert\u0117 Gintar\u0117 Jud\u017eentyt\u0117.\u00a0<em>Lingvistika \u2013\u00a0irgi poezija: Alberto Rosino gyvenimas ir darbai<\/em>. Vilnius: Vilniaus universiteto leidykla, 2015.<\/li>\n<\/ol>\n","protected":false},"excerpt":{"rendered":"<p>Jis buvo tikras kovotojas: (pokalbis su latvi\u0173 kalbininke R\u016bta Augstkalne) \/ R\u016bta Augstkalne; [kalb\u0117josi Edmundas Trumpa; pokalbio garso \u012fra\u0161\u0105 i\u0161\u0161ifravo ir i\u0161 latvi\u0173 kalbos i\u0161vert\u0117 Gintar\u0117 Jud\u017eentyt\u0117; tekst\u0105 redagavo Regina Venckut\u0117]. Knygoje:\u00a0Lingvistika \u2013\u00a0irgi poezija: Alberto Rosino gyvenimas ir darbai. Vilnius: Vilniaus universiteto leidykla. Albertas Rosinas: mano prisiminimai ir archyv\u0173 liudijimai \/ Sarma K\u013cavi\u0146a; i\u0161 latvi\u0173 [&hellip;]<\/p>\n","protected":false},"author":33,"featured_media":0,"parent":86,"menu_order":5,"comment_status":"closed","ping_status":"closed","template":"","meta":[],"_links":{"self":[{"href":"http:\/\/web.vu.lt\/flf\/g.judzentyte\/wp-json\/wp\/v2\/pages\/586"}],"collection":[{"href":"http:\/\/web.vu.lt\/flf\/g.judzentyte\/wp-json\/wp\/v2\/pages"}],"about":[{"href":"http:\/\/web.vu.lt\/flf\/g.judzentyte\/wp-json\/wp\/v2\/types\/page"}],"author":[{"embeddable":true,"href":"http:\/\/web.vu.lt\/flf\/g.judzentyte\/wp-json\/wp\/v2\/users\/33"}],"replies":[{"embeddable":true,"href":"http:\/\/web.vu.lt\/flf\/g.judzentyte\/wp-json\/wp\/v2\/comments?post=586"}],"version-history":[{"count":2,"href":"http:\/\/web.vu.lt\/flf\/g.judzentyte\/wp-json\/wp\/v2\/pages\/586\/revisions"}],"predecessor-version":[{"id":589,"href":"http:\/\/web.vu.lt\/flf\/g.judzentyte\/wp-json\/wp\/v2\/pages\/586\/revisions\/589"}],"up":[{"embeddable":true,"href":"http:\/\/web.vu.lt\/flf\/g.judzentyte\/wp-json\/wp\/v2\/pages\/86"}],"wp:attachment":[{"href":"http:\/\/web.vu.lt\/flf\/g.judzentyte\/wp-json\/wp\/v2\/media?parent=586"}],"curies":[{"name":"wp","href":"https:\/\/api.w.org\/{rel}","templated":true}]}}