{"id":562,"date":"2020-12-30T11:42:03","date_gmt":"2020-12-30T09:42:03","guid":{"rendered":"http:\/\/web.vu.lt\/flf\/g.judzentyte\/?page_id=562"},"modified":"2021-02-10T09:15:32","modified_gmt":"2021-02-10T07:15:32","slug":"monografijos","status":"publish","type":"page","link":"http:\/\/web.vu.lt\/flf\/g.judzentyte\/moksline-veikla\/straipsniai-2\/monografijos\/","title":{"rendered":"Monografijos"},"content":{"rendered":"<p style=\"text-align: justify\"><a href=\"http:\/\/web.vu.lt\/flf\/g.judzentyte\/files\/2020\/12\/Studentu-darbu-fraziskumas_internetui-900x900.jpg\" rel=\"attachment wp-att-633\"><img loading=\"lazy\" class=\"wp-image-643 size-medium alignnone\" src=\"http:\/\/web.vu.lt\/flf\/g.judzentyte\/files\/2020\/12\/Studentu-darbu-fraziskumas_internetui-900x900-212x300.jpg\" alt=\"\" width=\"212\" height=\"300\" srcset=\"http:\/\/web.vu.lt\/flf\/g.judzentyte\/files\/2020\/12\/Studentu-darbu-fraziskumas_internetui-900x900-212x300.jpg 212w, http:\/\/web.vu.lt\/flf\/g.judzentyte\/files\/2020\/12\/Studentu-darbu-fraziskumas_internetui-900x900.jpg 637w\" sizes=\"(max-width: 212px) 100vw, 212px\" \/><\/a><\/p>\n<p style=\"text-align: justify\">Jud\u017eentyt\u0117-\u0160ink\u016bnien\u0117, Gintar\u0117 2020, Mofologini\u0173 sek\u0173 modeliai, In \u00a0Zubaitien\u0117 Vilma, \u00a0Jud\u017eentyt\u0117-\u0160ink\u016bnien\u0117 Gintar\u0117, Gudavi\u010dien\u0117 Egl\u0117, Plau\u0161inaityt\u0117 Lina, Volungevi\u010dien\u0117 Skaist\u0117, <em>Student\u0173 darb\u0173 frazi\u0161kumas,<\/em>\u00a0Vilnius: Vilniaus universiteto leidykla, 317-365.<\/p>\n<div class=\"kvgmc6g5 cxmmr5t8 oygrvhab hcukyx3x c1et5uql ii04i59q\">\n<div dir=\"auto\">ISBN 978-609-07-0565-0 (spausdinta knyga)<\/div>\n<div dir=\"auto\">ISBN 978-609-07-0566-7 (EPUB)<\/div>\n<div dir=\"auto\"><a class=\"oajrlxb2 g5ia77u1 qu0x051f esr5mh6w e9989ue4 r7d6kgcz rq0escxv nhd2j8a9 nc684nl6 p7hjln8o kvgmc6g5 cxmmr5t8 oygrvhab hcukyx3x jb3vyjys rz4wbd8a qt6c0cv9 a8nywdso i1ao9s8h esuyzwwr f1sip0of lzcic4wl py34i1dx gpro0wi8\" href=\"https:\/\/doi.org\/10.15388\/vup-book-0003?fbclid=IwAR073AYaqDpt2fSwce1jNJ_anyl6VMfCRSl1B5zUDmOzl_43wALcMW2rUkA\" target=\"_blank\" rel=\"nofollow noopener\">https:\/\/doi.org\/10.15388\/vup-book-0003<\/a><\/div>\n<\/div>\n<div class=\"o9v6fnle cxmmr5t8 oygrvhab hcukyx3x c1et5uql ii04i59q\">\n<div dir=\"auto\">Knyga yra prieinama EPUB formatu:<\/div>\n<div dir=\"auto\"><a class=\"oajrlxb2 g5ia77u1 qu0x051f esr5mh6w e9989ue4 r7d6kgcz rq0escxv nhd2j8a9 nc684nl6 p7hjln8o kvgmc6g5 cxmmr5t8 oygrvhab hcukyx3x jb3vyjys rz4wbd8a qt6c0cv9 a8nywdso i1ao9s8h esuyzwwr f1sip0of lzcic4wl py34i1dx gpro0wi8\" href=\"https:\/\/www.knygynas.vu.lt\/studentu-darbu-fraziskumas-2?fbclid=IwAR2OLnG290Z54yzmya7N-KNg7z9WgkXIOX8brMXImEvLtyxfeW_t4MhB9a4\" target=\"_blank\" rel=\"nofollow noopener\">https:\/\/www.knygynas.vu.lt\/studentu-darbu-fraziskumas-2<\/a><\/div>\n<div dir=\"auto\">PDF formatu:<\/div>\n<div dir=\"auto\"><a class=\"oajrlxb2 g5ia77u1 qu0x051f esr5mh6w e9989ue4 r7d6kgcz rq0escxv nhd2j8a9 nc684nl6 p7hjln8o kvgmc6g5 cxmmr5t8 oygrvhab hcukyx3x jb3vyjys rz4wbd8a qt6c0cv9 a8nywdso i1ao9s8h esuyzwwr f1sip0of lzcic4wl py34i1dx gpro0wi8\" href=\"http:\/\/www.fraziskumas.flf.vu.lt\/wp-content\/uploads\/2017\/04\/Studentu_darbu_fraziskumas_PDF.pdf?fbclid=IwAR0cZkpS-cnI-oWVKpGwplb5mXR-mLkxKhd_C4F_3tWBBOi0sPj092Eh0uM\" target=\"_blank\" rel=\"nofollow noopener\">http:\/\/www.fraziskumas.flf.vu.lt\/&#8230;\/Studentu_darbu&#8230;<\/a><\/div>\n<\/div>\n<p>&nbsp;<\/p>\n<div dir=\"auto\">\n<hr \/>\n<\/div>\n<blockquote>\n<p style=\"text-align: justify\"><a href=\"http:\/\/web.vu.lt\/flf\/g.judzentyte\/files\/2014\/01\/Latviu-kalbospdf-page-001.jpg\"><img loading=\"lazy\" class=\"wp-image-213 alignnone\" src=\"http:\/\/web.vu.lt\/flf\/g.judzentyte\/files\/2014\/01\/Latviu-kalbospdf-page-001-300x201.jpg\" alt=\"Latviu kalbospdf-page-001\" width=\"419\" height=\"281\" srcset=\"http:\/\/web.vu.lt\/flf\/g.judzentyte\/files\/2014\/01\/Latviu-kalbospdf-page-001-300x201.jpg 300w, http:\/\/web.vu.lt\/flf\/g.judzentyte\/files\/2014\/01\/Latviu-kalbospdf-page-001-1024x688.jpg 1024w\" sizes=\"(max-width: 419px) 100vw, 419px\" \/><\/a><\/p>\n<\/blockquote>\n<p style=\"text-align: justify\">Jud\u017eentyt\u0117, Gintar\u0117 2014, <em>Bendrin\u0117s latvi\u0173 kalbos vietos prieveiksmi\u0173 semantin\u0117 strukt\u016bra<\/em>, Vilnius: Vilniaus universiteto leidykla.<\/p>\n<hr \/>\n<p>&nbsp;<\/p>\n<p><a href=\"http:\/\/web.vu.lt\/flf\/g.judzentyte\/files\/2014\/01\/Knygos_ntarmes_virselis.jpg\"><img loading=\"lazy\" class=\"size-medium wp-image-214 alignnone\" src=\"http:\/\/web.vu.lt\/flf\/g.judzentyte\/files\/2014\/01\/Knygos_ntarmes_virselis-212x300.jpg\" alt=\"Knygos_ntarmes_virselis\" width=\"212\" height=\"300\" srcset=\"http:\/\/web.vu.lt\/flf\/g.judzentyte\/files\/2014\/01\/Knygos_ntarmes_virselis-212x300.jpg 212w, http:\/\/web.vu.lt\/flf\/g.judzentyte\/files\/2014\/01\/Knygos_ntarmes_virselis-724x1024.jpg 724w\" sizes=\"(max-width: 212px) 100vw, 212px\" \/><\/a><\/p>\n<p>1. Ali\u016bkait\u0117, Daiva, Bak\u0161ien\u0117, Rima, Jaroslavien\u0117, Jurgita, <strong>Jud\u017eentyt\u0117,\u00a0Gintar\u0117<\/strong>, Leskauskait\u0117, Asta, Lubien\u0117, J\u016brat\u0117, Meili\u016bnait\u0117, Violeta, Pakalni\u0161kien\u0117, Dalia, Ragai\u0161ien\u0117, Vilija, Rinkauskien\u0117, Regina, \u0160vambaryt\u0117-Valu\u017eien\u0117, Janina, Urbanavi\u010dien\u0117, Jolita, Vai\u0161nien\u0117, Daiva 2014, Punkt\u0173 tinklo tankis geolingvistin\u0117s srities <em>auk\u0161tai\u010diai<\/em> : <em>\u017eemai\u010diai<\/em> po\u017ei\u016briu, In Ali\u016bkait\u0117, Daiva, Bak\u0161ien\u0117, Rima, Jaroslavien\u0117, Jurgita, Jud\u017eentyt\u0117,\u00a0Gintar\u0117, Leskauskait\u0117, Asta, Lubien\u0117, J\u016brat\u0117, Meili\u016bnait\u0117, Violeta, Pakalni\u0161kien\u0117, Dalia, Ragai\u0161ien\u0117, Vilija, Rinkauskien\u0117, Regina, \u0160vambaryt\u0117-Valu\u017eien\u0117, Janina, Urbanavi\u010dien\u0117, Jolita, Vai\u0161nien\u0117, Daiva,\u00a0<em>XXI a. prad\u017eios lietuvi\u0173 tarm\u0117s: geolingvistinis ir sociolingvistinis tyrimas<\/em>: [kolektyvin\u0117 monografija]. Lietuvi\u0173 kalbos institutas; [sudarytojos Danguol\u0117 Mikul\u0117nien\u0117, Violeta Meili\u016bnait\u0117]. Vilnius: Briedis, 129-197.<\/p>\n<p>2. Jud\u017eentyt\u0117, Gintar\u0117 2014, Latvi\u0173 kalba Lietuvoje,\u00a0In Ali\u016bkait\u0117, Daiva, Bak\u0161ien\u0117, Rima, Jaroslavien\u0117, Jurgita, Jud\u017eentyt\u0117,\u00a0Gintar\u0117, Leskauskait\u0117, Asta, Lubien\u0117, J\u016brat\u0117, Meili\u016bnait\u0117, Violeta, Pakalni\u0161kien\u0117, Dalia, Ragai\u0161ien\u0117, Vilija, Rinkauskien\u0117, Regina, \u0160vambaryt\u0117-Valu\u017eien\u0117, Janina, Urbanavi\u010dien\u0117, Jolita, Vai\u0161nien\u0117, Daiva,\u00a0<em>XXI a. prad\u017eios lietuvi\u0173 tarm\u0117s: geolingvistinis ir sociolingvistinis tyrimas<\/em>: [kolektyvin\u0117 monografija]. Lietuvi\u0173 kalbos institutas; [sudarytojos Danguol\u0117 Mikul\u0117nien\u0117, Violeta Meili\u016bnait\u0117]. Vilnius: Briedis, 207-216.<\/p>\n<p>&nbsp;<\/p>\n","protected":false},"excerpt":{"rendered":"<p>Jud\u017eentyt\u0117-\u0160ink\u016bnien\u0117, Gintar\u0117 2020, Mofologini\u0173 sek\u0173 modeliai, In \u00a0Zubaitien\u0117 Vilma, \u00a0Jud\u017eentyt\u0117-\u0160ink\u016bnien\u0117 Gintar\u0117, Gudavi\u010dien\u0117 Egl\u0117, Plau\u0161inaityt\u0117 Lina, Volungevi\u010dien\u0117 Skaist\u0117, Student\u0173 darb\u0173 frazi\u0161kumas,\u00a0Vilnius: Vilniaus universiteto leidykla, 317-365. ISBN 978-609-07-0565-0 (spausdinta knyga) ISBN 978-609-07-0566-7 (EPUB) https:\/\/doi.org\/10.15388\/vup-book-0003 Knyga yra prieinama EPUB formatu: https:\/\/www.knygynas.vu.lt\/studentu-darbu-fraziskumas-2 PDF formatu: http:\/\/www.fraziskumas.flf.vu.lt\/&#8230;\/Studentu_darbu&#8230; &nbsp; Jud\u017eentyt\u0117, Gintar\u0117 2014, Bendrin\u0117s latvi\u0173 kalbos vietos prieveiksmi\u0173 semantin\u0117 strukt\u016bra, Vilnius: Vilniaus universiteto [&hellip;]<\/p>\n","protected":false},"author":33,"featured_media":0,"parent":86,"menu_order":0,"comment_status":"closed","ping_status":"closed","template":"","meta":[],"_links":{"self":[{"href":"http:\/\/web.vu.lt\/flf\/g.judzentyte\/wp-json\/wp\/v2\/pages\/562"}],"collection":[{"href":"http:\/\/web.vu.lt\/flf\/g.judzentyte\/wp-json\/wp\/v2\/pages"}],"about":[{"href":"http:\/\/web.vu.lt\/flf\/g.judzentyte\/wp-json\/wp\/v2\/types\/page"}],"author":[{"embeddable":true,"href":"http:\/\/web.vu.lt\/flf\/g.judzentyte\/wp-json\/wp\/v2\/users\/33"}],"replies":[{"embeddable":true,"href":"http:\/\/web.vu.lt\/flf\/g.judzentyte\/wp-json\/wp\/v2\/comments?post=562"}],"version-history":[{"count":17,"href":"http:\/\/web.vu.lt\/flf\/g.judzentyte\/wp-json\/wp\/v2\/pages\/562\/revisions"}],"predecessor-version":[{"id":646,"href":"http:\/\/web.vu.lt\/flf\/g.judzentyte\/wp-json\/wp\/v2\/pages\/562\/revisions\/646"}],"up":[{"embeddable":true,"href":"http:\/\/web.vu.lt\/flf\/g.judzentyte\/wp-json\/wp\/v2\/pages\/86"}],"wp:attachment":[{"href":"http:\/\/web.vu.lt\/flf\/g.judzentyte\/wp-json\/wp\/v2\/media?parent=562"}],"curies":[{"name":"wp","href":"https:\/\/api.w.org\/{rel}","templated":true}]}}