{"id":27,"date":"2012-05-28T21:06:42","date_gmt":"2012-05-28T18:06:42","guid":{"rendered":"http:\/\/web.vu.lt\/flf\/g.judzentyte\/?page_id=27"},"modified":"2020-12-30T12:42:32","modified_gmt":"2020-12-30T10:42:32","slug":"kontaktai","status":"publish","type":"page","link":"http:\/\/web.vu.lt\/flf\/g.judzentyte\/kontaktai\/","title":{"rendered":"Kontaktai"},"content":{"rendered":"<p><strong><span style=\"color: #993300\">Doc. dr. Gintar\u0117 Jud\u017eentyt\u0117-\u0160ink\u016bnien\u0117<\/span><\/strong><br \/>\n<span style=\"color: #993300\"> Vilniaus universitetas<\/span><br \/>\n<span style=\"color: #993300\"> Filologijos fakultetas<\/span><br \/>\n<span style=\"color: #993300\"> Lietuvi\u0173 kalbos katedra<\/span><br \/>\n<span style=\"color: #993300\"> Universiteto g. 5<\/span><br \/>\n<span style=\"color: #993300\"> LT-01513 Vilnius<\/span><\/p>\n<p><span style=\"color: #993300\">D\u0117l pri\u0117mimo valand\u0173 tartis el. pa\u0161tu.<\/span><\/p>\n<p><span style=\"color: #993300\">Tel.\u00a0(8 5) \u00a0268 7212<\/span><br \/>\n<span style=\"color: #993300\"> Faks. (8 5) \u00a0268 7213<\/span><\/p>\n<p><span style=\"color: #993300\"> Tarnybinis tinklalapis\u00a0\u00a0<strong><a title=\"Atverti tinklalap\u012f naujame lange\" href=\"http:\/\/web.vu.lt\/flf\/g.judzentyte\/\" target=\"_blank\"><span style=\"color: #993300\">http:\/\/web.vu.lt\/flf\/g.judzentyte\/<\/span><\/a>\u00a0<\/strong><\/span><br \/>\n<span style=\"color: #993300\"> El. p.\u00a0<span style=\"color: #993300\"><a href=\"mailto:Daumantas.Katinas@gmail.com\">gintare.judzentyte@<\/a>flf.vu.lt<\/span><\/span><\/p>\n<p>&nbsp;<\/p>\n","protected":false},"excerpt":{"rendered":"<p>Doc. dr. Gintar\u0117 Jud\u017eentyt\u0117-\u0160ink\u016bnien\u0117 Vilniaus universitetas Filologijos fakultetas Lietuvi\u0173 kalbos katedra Universiteto g. 5 LT-01513 Vilnius D\u0117l pri\u0117mimo valand\u0173 tartis el. pa\u0161tu. Tel.\u00a0(8 5) \u00a0268 7212 Faks. (8 5) \u00a0268 7213 Tarnybinis tinklalapis\u00a0\u00a0http:\/\/web.vu.lt\/flf\/g.judzentyte\/\u00a0 El. p.\u00a0gintare.judzentyte@flf.vu.lt &nbsp;<\/p>\n","protected":false},"author":33,"featured_media":0,"parent":0,"menu_order":4,"comment_status":"closed","ping_status":"open","template":"","meta":[],"_links":{"self":[{"href":"http:\/\/web.vu.lt\/flf\/g.judzentyte\/wp-json\/wp\/v2\/pages\/27"}],"collection":[{"href":"http:\/\/web.vu.lt\/flf\/g.judzentyte\/wp-json\/wp\/v2\/pages"}],"about":[{"href":"http:\/\/web.vu.lt\/flf\/g.judzentyte\/wp-json\/wp\/v2\/types\/page"}],"author":[{"embeddable":true,"href":"http:\/\/web.vu.lt\/flf\/g.judzentyte\/wp-json\/wp\/v2\/users\/33"}],"replies":[{"embeddable":true,"href":"http:\/\/web.vu.lt\/flf\/g.judzentyte\/wp-json\/wp\/v2\/comments?post=27"}],"version-history":[{"count":15,"href":"http:\/\/web.vu.lt\/flf\/g.judzentyte\/wp-json\/wp\/v2\/pages\/27\/revisions"}],"predecessor-version":[{"id":600,"href":"http:\/\/web.vu.lt\/flf\/g.judzentyte\/wp-json\/wp\/v2\/pages\/27\/revisions\/600"}],"wp:attachment":[{"href":"http:\/\/web.vu.lt\/flf\/g.judzentyte\/wp-json\/wp\/v2\/media?parent=27"}],"curies":[{"name":"wp","href":"https:\/\/api.w.org\/{rel}","templated":true}]}}