{"id":20,"date":"2012-05-28T21:05:23","date_gmt":"2012-05-28T18:05:23","guid":{"rendered":"http:\/\/web.vu.lt\/flf\/g.judzentyte\/?page_id=20"},"modified":"2020-12-30T12:39:14","modified_gmt":"2020-12-30T10:39:14","slug":"destomi-dalykai","status":"publish","type":"page","link":"http:\/\/web.vu.lt\/flf\/g.judzentyte\/destomi-dalykai\/","title":{"rendered":"D\u0117stomi dalykai"},"content":{"rendered":"<p><span style=\"color: #000000\">Nuo 2009 m. d\u0117stau sinchronin\u0117s ir diachronin\u0117s lietuvi\u0173 kalbotyros dalykus VU Filologijos fakultete, dirbu Lietuvi\u0173 kalbos katedroje (Taikomosios kalbotyros institutas). Esu \u0161ios katedros docent\u0117.<\/span><\/p>\n<p>&nbsp;<\/p>\n","protected":false},"excerpt":{"rendered":"<p>Nuo 2009 m. d\u0117stau sinchronin\u0117s ir diachronin\u0117s lietuvi\u0173 kalbotyros dalykus VU Filologijos fakultete, dirbu Lietuvi\u0173 kalbos katedroje (Taikomosios kalbotyros institutas). Esu \u0161ios katedros docent\u0117. &nbsp;<\/p>\n","protected":false},"author":33,"featured_media":0,"parent":0,"menu_order":1,"comment_status":"closed","ping_status":"open","template":"","meta":[],"_links":{"self":[{"href":"http:\/\/web.vu.lt\/flf\/g.judzentyte\/wp-json\/wp\/v2\/pages\/20"}],"collection":[{"href":"http:\/\/web.vu.lt\/flf\/g.judzentyte\/wp-json\/wp\/v2\/pages"}],"about":[{"href":"http:\/\/web.vu.lt\/flf\/g.judzentyte\/wp-json\/wp\/v2\/types\/page"}],"author":[{"embeddable":true,"href":"http:\/\/web.vu.lt\/flf\/g.judzentyte\/wp-json\/wp\/v2\/users\/33"}],"replies":[{"embeddable":true,"href":"http:\/\/web.vu.lt\/flf\/g.judzentyte\/wp-json\/wp\/v2\/comments?post=20"}],"version-history":[{"count":12,"href":"http:\/\/web.vu.lt\/flf\/g.judzentyte\/wp-json\/wp\/v2\/pages\/20\/revisions"}],"predecessor-version":[{"id":597,"href":"http:\/\/web.vu.lt\/flf\/g.judzentyte\/wp-json\/wp\/v2\/pages\/20\/revisions\/597"}],"wp:attachment":[{"href":"http:\/\/web.vu.lt\/flf\/g.judzentyte\/wp-json\/wp\/v2\/media?parent=20"}],"curies":[{"name":"wp","href":"https:\/\/api.w.org\/{rel}","templated":true}]}}