{"id":9,"date":"2011-04-21T14:07:55","date_gmt":"2011-04-21T12:07:55","guid":{"rendered":"http:\/\/web.vu.lt\/flf\/e.kontutyte\/"},"modified":"2023-08-02T11:36:13","modified_gmt":"2023-08-02T08:36:13","slug":"destomi-dalykai","status":"publish","type":"page","link":"http:\/\/web.vu.lt\/flf\/e.kontutyte\/destomi-dalykai\/","title":{"rendered":"D\u0117stomi dalykai \/ Lehre"},"content":{"rendered":"<p><strong>Rudens semestras<\/strong><\/p>\n<p>Konstitucin\u0117s ir administracin\u0117s teis\u0117s vokie\u010di\u0173 kalba (MA)<\/p>\n<p>Darbo ir socialin\u0117s teis\u0117s vokie\u010di\u0173 kalba (MA)<\/p>\n<p>Dalykin\u0117s kalbos toerija (MA)<\/p>\n<p>Kalba, visuomen\u0117, vertimas, kult\u016bra III\/III (Teksto\u00a0ir vaizdo lingvistika) (MA)<\/p>\n<p>Mokslo tiriamasis darbas II\/II (MA)<\/p>\n<p>Verslo vokie\u010di\u0173 kalba (BA)<\/p>\n<p>\u0160iuolaikin\u0117 vokie\u010di\u0173 kalba (BA)<\/p>\n<p><strong>Pavasario semestras<\/strong><\/p>\n<p>Mokslo tiriamasis darbas (MA) I\/II<\/p>\n<p>Teksto lingvistikos \u012fvadas (BA)<\/p>\n<p>Dalykin\u0117s kalbos teorijos \u012fvadas (BA)<\/p>\n<p>Vokie\u010di\u0173 kalbotyros seminaras: \u017eanro analiz\u0117 (BA)<\/p>\n","protected":false},"excerpt":{"rendered":"<p>Rudens semestras Konstitucin\u0117s ir administracin\u0117s teis\u0117s vokie\u010di\u0173 kalba (MA) Darbo ir socialin\u0117s teis\u0117s vokie\u010di\u0173 kalba (MA) Dalykin\u0117s kalbos toerija (MA) Kalba, visuomen\u0117, vertimas, kult\u016bra III\/III (Teksto\u00a0ir vaizdo lingvistika) (MA) Mokslo tiriamasis darbas II\/II (MA) Verslo vokie\u010di\u0173 kalba (BA) \u0160iuolaikin\u0117 vokie\u010di\u0173 kalba (BA) Pavasario semestras Mokslo tiriamasis darbas (MA) I\/II Teksto lingvistikos \u012fvadas (BA) Dalykin\u0117s kalbos [&hellip;]<\/p>\n","protected":false},"author":14,"featured_media":0,"parent":0,"menu_order":2,"comment_status":"closed","ping_status":"open","template":"","meta":[],"_links":{"self":[{"href":"http:\/\/web.vu.lt\/flf\/e.kontutyte\/wp-json\/wp\/v2\/pages\/9"}],"collection":[{"href":"http:\/\/web.vu.lt\/flf\/e.kontutyte\/wp-json\/wp\/v2\/pages"}],"about":[{"href":"http:\/\/web.vu.lt\/flf\/e.kontutyte\/wp-json\/wp\/v2\/types\/page"}],"author":[{"embeddable":true,"href":"http:\/\/web.vu.lt\/flf\/e.kontutyte\/wp-json\/wp\/v2\/users\/14"}],"replies":[{"embeddable":true,"href":"http:\/\/web.vu.lt\/flf\/e.kontutyte\/wp-json\/wp\/v2\/comments?post=9"}],"version-history":[{"count":257,"href":"http:\/\/web.vu.lt\/flf\/e.kontutyte\/wp-json\/wp\/v2\/pages\/9\/revisions"}],"predecessor-version":[{"id":1110,"href":"http:\/\/web.vu.lt\/flf\/e.kontutyte\/wp-json\/wp\/v2\/pages\/9\/revisions\/1110"}],"wp:attachment":[{"href":"http:\/\/web.vu.lt\/flf\/e.kontutyte\/wp-json\/wp\/v2\/media?parent=9"}],"curies":[{"name":"wp","href":"https:\/\/api.w.org\/{rel}","templated":true}]}}