{"id":24,"date":"2011-04-21T14:14:23","date_gmt":"2011-04-21T12:14:23","guid":{"rendered":"http:\/\/web.vu.lt\/flf\/e.kontutyte\/"},"modified":"2023-08-02T11:08:28","modified_gmt":"2023-08-02T08:08:28","slug":"projektai","status":"publish","type":"page","link":"http:\/\/web.vu.lt\/flf\/e.kontutyte\/projektai\/","title":{"rendered":"Projektai \/ Projekte"},"content":{"rendered":"<p>Erasmus+ projekto \u201eGermanistik Digital\u201c koordinator\u0117 Lietuvoje ir vykdytoja. 2021-05-01\u20132023-04-30. Projekto Nr.: 2020-1-SK01-KA226-HE-094271.<\/p>\n<p><a href=\"https:\/\/gedi.germanistik-ucm.eu\/\">Projekto svetain\u0117<\/a><\/p>\n<p>Projekto \u201eT\u0119sk\u201c, finansuojamo i\u0161 2014\u20132020 met\u0173 Europos S\u0105jungos fond\u0173 investicij\u0173 veiksm\u0173 programos 9 prioriteto \u201eVisuomen\u0117s \u0161vietimas ir \u017emogi\u0161k\u0173j\u0173 i\u0161tekli\u0173 potencialo didinimas\u201c priemon\u0117s \u201eMokytoj\u0173 ir kit\u0173 \u0161vietimo sistemos darbuotoj\u0173 kvalifikacijos tobulinimas\u201c, dalyv\u0117, sta\u017euot\u0117s vadov\u0117. 2018-10-15\u20132019-06-30. Projekto Nr. 09.2.1-ESFA-V-727-01-0001.<\/p>\n<p>Germanistikos katedr\u0173 partneryst\u0117s (Germanistische Institutspartnerschaft) tarp Vilniaus universiteto Vokie\u010di\u0173 filologijos katedros ir Duisburgo-Eseno universiteto Vokie\u010di\u0173 kalbotyros katedros, vadovaujamos Prof. Dr. Ulrikes Ha\u00df, projekto koordinator\u0117 Lietuvoje. 2012\u20132017 m.<\/p>\n<p>Mokymosi vis\u0105 gyvenim\u0105 (LLP) programos projekto \u201eKoGloss: Konstrukcij\u0173 glosarijai besimokantiems dalykin\u0117s kalbos \u2013 vokie\u010di\u0173, est\u0173, latvi\u0173, lietuvi\u0173\u201c vykdytoja.\u00a0 2011-01-01\u20132012-12-31. Projekto Nr.: 511437-LLP-1- 2010-1-DE-KA2-KA2MP.<\/p>\n<p><a href=\"http:\/\/www.uni-due.de\/kogloss.eu\/index_lt.php\">Projekto svetain\u0117<\/a><\/p>\n<p>Valstybin\u0117s lietuvi\u0173 kalbos komisijos remto projekto \u201eLingvodidaktikos ir taikomosios kalbotyros termin\u0173 \u017eodynas\u201c vykdytoja. 2002\u20132003.<\/p>\n","protected":false},"excerpt":{"rendered":"<p>Erasmus+ projekto \u201eGermanistik Digital\u201c koordinator\u0117 Lietuvoje ir vykdytoja. 2021-05-01\u20132023-04-30. Projekto Nr.: 2020-1-SK01-KA226-HE-094271. Projekto svetain\u0117 Projekto \u201eT\u0119sk\u201c, finansuojamo i\u0161 2014\u20132020 met\u0173 Europos S\u0105jungos fond\u0173 investicij\u0173 veiksm\u0173 programos 9 prioriteto \u201eVisuomen\u0117s \u0161vietimas ir \u017emogi\u0161k\u0173j\u0173 i\u0161tekli\u0173 potencialo didinimas\u201c priemon\u0117s \u201eMokytoj\u0173 ir kit\u0173 \u0161vietimo sistemos darbuotoj\u0173 kvalifikacijos tobulinimas\u201c, dalyv\u0117, sta\u017euot\u0117s vadov\u0117. 2018-10-15\u20132019-06-30. Projekto Nr. 09.2.1-ESFA-V-727-01-0001. Germanistikos katedr\u0173 partneryst\u0117s (Germanistische [&hellip;]<\/p>\n","protected":false},"author":14,"featured_media":0,"parent":0,"menu_order":4,"comment_status":"closed","ping_status":"open","template":"","meta":[],"_links":{"self":[{"href":"http:\/\/web.vu.lt\/flf\/e.kontutyte\/wp-json\/wp\/v2\/pages\/24"}],"collection":[{"href":"http:\/\/web.vu.lt\/flf\/e.kontutyte\/wp-json\/wp\/v2\/pages"}],"about":[{"href":"http:\/\/web.vu.lt\/flf\/e.kontutyte\/wp-json\/wp\/v2\/types\/page"}],"author":[{"embeddable":true,"href":"http:\/\/web.vu.lt\/flf\/e.kontutyte\/wp-json\/wp\/v2\/users\/14"}],"replies":[{"embeddable":true,"href":"http:\/\/web.vu.lt\/flf\/e.kontutyte\/wp-json\/wp\/v2\/comments?post=24"}],"version-history":[{"count":28,"href":"http:\/\/web.vu.lt\/flf\/e.kontutyte\/wp-json\/wp\/v2\/pages\/24\/revisions"}],"predecessor-version":[{"id":1113,"href":"http:\/\/web.vu.lt\/flf\/e.kontutyte\/wp-json\/wp\/v2\/pages\/24\/revisions\/1113"}],"wp:attachment":[{"href":"http:\/\/web.vu.lt\/flf\/e.kontutyte\/wp-json\/wp\/v2\/media?parent=24"}],"curies":[{"name":"wp","href":"https:\/\/api.w.org\/{rel}","templated":true}]}}