{"id":1036,"date":"2020-04-08T14:24:02","date_gmt":"2020-04-08T11:24:02","guid":{"rendered":"http:\/\/web.vu.lt\/flf\/e.kontutyte\/?page_id=1036"},"modified":"2026-02-06T13:20:46","modified_gmt":"2026-02-06T11:20:46","slug":"mokslines-stazuotes-kvalifikacijos-kelimas","status":"publish","type":"page","link":"http:\/\/web.vu.lt\/flf\/e.kontutyte\/mokslines-stazuotes-kvalifikacijos-kelimas\/","title":{"rendered":"Mokslin\u0117s sta\u017euot\u0117s, kvalifikacijos k\u0117limas \/ Fortbildung, Forschungsaufenthalte"},"content":{"rendered":"<p><a href=\"https:\/\/www.korpuslab.uni-hamburg.de\/kodi-fs\/aktivitaeten\/forschungsaufenthalt-kontutyte.html\">2025 m. Mokslin\u0117 sta\u017euot\u0117 Vokietijoje Hamburgo universitete (1 savait\u0117)<\/a><\/p>\n<p><a href=\"https:\/\/www.korpuslab.uni-hamburg.de\/kodi-fs\/archiv-aktivitaeten-2022-2024\/forschungsaufenthalt-uhh-06-23.html\">2023 m. Mokslin\u0117 sta\u017euot\u0117 Vokietijoje Hamburgo universitete (1 m\u0117nuo)<\/a><\/p>\n<p>2020 m. Erasmus+ mokymosi vizitas Vokie\u010di\u0173 kalbos institute (Leibnitz-Institut f\u00fcr Deutsche Sprache) Vokietijoje (1 savait\u0117)<\/p>\n<p>2018 m. Mokslin\u0117 sta\u017euot\u0117 Vokietijoje Duisburgo-Eseno universitete (1 m\u0117nuo)<\/p>\n<p>2016 m. Mokslin\u0117 sta\u017euot\u0117 Vokietijoje Duisburgo-Eseno universitete\u00a0(1 m\u0117nuo)<\/p>\n<p>2015 m. Mokslin\u0117 sta\u017euot\u0117 Vokietijoje Greifsvaldo universitete (1 savait\u0117)<\/p>\n<p>2012 m. Mokslin\u0117 sta\u017euot\u0117 Vokietijoje Duisburgo-Eseno universitete\u00a0(1 m\u0117nuo)<\/p>\n<p>2010 m. Kauno Vytauto Did\u017eiojo universiteto organizuotas seminaras \u201eTarpkult\u016brin\u0117 verslo komunikacija: mokymas ir tyrimai\u201c (2 savait\u0117s)<\/p>\n<p>2009 m. Mokslin\u0117 sta\u017euot\u0117 Vokietijoje\u00a0Frankfurto\u00a0prie Maino Johano Volfgango\u00a0G\u0117t\u0117s universitetas (1 m\u0117nuo)<\/p>\n<p>2007 m. Goethe\u2018s instituto rengtas vertimo (i\u0161 lietuvi\u0173 \u012f vokie\u010di\u0173 kalb\u0105) seminaras \u201eDamit der n\u00e4chste\u00a0<em>konkursas<\/em>\u00a0keine\u00a0<em>Pleite<\/em>\u00a0wird\u201c<\/p>\n<p>2006 m. Sta\u017euot\u0117 Austrijoje Insbruko universiteto Vertimo mokslo institute dalykin\u0117s kalbos mokymo klausimais<\/p>\n<p>2001 m. Sta\u017euot\u0117 Vokietijoje Miunsterio universitete, darbas su literat\u016bra disertacijos tema<\/p>\n<p>1995 m. Vokietijoje (Jena) Tarpkult\u016brin\u0117s komunikacijos instituto (Institut f\u00fcr interkulturelle Kommunikation) organizuotas seminaras \u201eVerslo komunikacija ir verslo kalba\u201c<\/p>\n<p>1993 m. Vokietijoje (Radolfzell) Goethe\u2018s instituto organizuotas seminaras \u201eBendrosios ir technin\u0117s vokie\u010di\u0173 kalbos didaktika\u201c<\/p>\n<p>2020 m. Erasmus+ mokymosi vizitas Vokie\u010di\u0173 kalbos institute (Leibnitz-Institut f\u00fcr Deutsche Sprache) Vokietijoje (1 savait\u0117)<\/p>\n<p>2018 m. Mokslin\u0117 sta\u017euot\u0117 Vokietijoje Duisburgo-Eseno universitete (1 m\u0117nuo)<\/p>\n<p>2016 m. Mokslin\u0117 sta\u017euot\u0117 Vokietijoje Duisburgo-Eseno universitete\u00a0(1 m\u0117nuo)<\/p>\n<p>2015 m. Mokslin\u0117 sta\u017euot\u0117 Vokietijoje Greifsvaldo universitete (1 savait\u0117)<\/p>\n<p>2012 m. Mokslin\u0117 sta\u017euot\u0117 Vokietijoje Duisburgo-Eseno universitete\u00a0(1 m\u0117nuo)<\/p>\n<p>2010 m. Kauno Vytauto Did\u017eiojo universiteto organizuotas seminaras \u201eTarpkult\u016brin\u0117 verslo komunikacija: mokymas ir tyrimai\u201c (2 savait\u0117s)<\/p>\n<p>2009 m. Mokslin\u0117 sta\u017euot\u0117 Vokietijoje\u00a0Frankfurto\u00a0prie Maino Johano Volfgango\u00a0G\u0117t\u0117s universitetas (1 m\u0117nuo)<\/p>\n<p>2007 m. Goethe\u2018s instituto rengtas vertimo (i\u0161 lietuvi\u0173 \u012f vokie\u010di\u0173 kalb\u0105) seminaras \u201eDamit der n\u00e4chste\u00a0<em>konkursas<\/em>\u00a0keine\u00a0<em>Pleite<\/em>\u00a0wird\u201c<\/p>\n<p>2006 m. Sta\u017euot\u0117 Austrijoje Insbruko universiteto Vertimo mokslo institute dalykin\u0117s kalbos mokymo klausimais<\/p>\n<p>2001 m. Sta\u017euot\u0117 Vokietijoje Miunsterio universitete, darbas su literat\u016bra disertacijos tema<\/p>\n<p>1995 m. Vokietijoje (Jena) Tarpkult\u016brin\u0117s komunikacijos instituto (Institut f\u00fcr interkulturelle Kommunikation) organizuotas seminaras \u201eVerslo komunikacija ir verslo kalba\u201c<\/p>\n<p>1993 m. Vokietijoje (Radolfzell) Goethe\u2018s instituto organizuotas seminaras \u201eBendrosios ir technin\u0117s vokie\u010di\u0173 kalbos didaktika\u201c<\/p>\n","protected":false},"excerpt":{"rendered":"<p>2025 m. Mokslin\u0117 sta\u017euot\u0117 Vokietijoje Hamburgo universitete (1 savait\u0117) 2023 m. Mokslin\u0117 sta\u017euot\u0117 Vokietijoje Hamburgo universitete (1 m\u0117nuo) 2020 m. Erasmus+ mokymosi vizitas Vokie\u010di\u0173 kalbos institute (Leibnitz-Institut f\u00fcr Deutsche Sprache) Vokietijoje (1 savait\u0117) 2018 m. Mokslin\u0117 sta\u017euot\u0117 Vokietijoje Duisburgo-Eseno universitete (1 m\u0117nuo) 2016 m. Mokslin\u0117 sta\u017euot\u0117 Vokietijoje Duisburgo-Eseno universitete\u00a0(1 m\u0117nuo) 2015 m. Mokslin\u0117 sta\u017euot\u0117 Vokietijoje [&hellip;]<\/p>\n","protected":false},"author":14,"featured_media":0,"parent":0,"menu_order":0,"comment_status":"closed","ping_status":"closed","template":"","meta":[],"_links":{"self":[{"href":"http:\/\/web.vu.lt\/flf\/e.kontutyte\/wp-json\/wp\/v2\/pages\/1036"}],"collection":[{"href":"http:\/\/web.vu.lt\/flf\/e.kontutyte\/wp-json\/wp\/v2\/pages"}],"about":[{"href":"http:\/\/web.vu.lt\/flf\/e.kontutyte\/wp-json\/wp\/v2\/types\/page"}],"author":[{"embeddable":true,"href":"http:\/\/web.vu.lt\/flf\/e.kontutyte\/wp-json\/wp\/v2\/users\/14"}],"replies":[{"embeddable":true,"href":"http:\/\/web.vu.lt\/flf\/e.kontutyte\/wp-json\/wp\/v2\/comments?post=1036"}],"version-history":[{"count":12,"href":"http:\/\/web.vu.lt\/flf\/e.kontutyte\/wp-json\/wp\/v2\/pages\/1036\/revisions"}],"predecessor-version":[{"id":1166,"href":"http:\/\/web.vu.lt\/flf\/e.kontutyte\/wp-json\/wp\/v2\/pages\/1036\/revisions\/1166"}],"wp:attachment":[{"href":"http:\/\/web.vu.lt\/flf\/e.kontutyte\/wp-json\/wp\/v2\/media?parent=1036"}],"curies":[{"name":"wp","href":"https:\/\/api.w.org\/{rel}","templated":true}]}}