{"id":74,"date":"2012-09-05T15:11:24","date_gmt":"2012-09-05T12:11:24","guid":{"rendered":"http:\/\/web.vu.lt\/flf\/d.sileikaite\/?page_id=74"},"modified":"2026-03-03T21:28:35","modified_gmt":"2026-03-03T19:28:35","slug":"konferencijos","status":"publish","type":"page","link":"http:\/\/web.vu.lt\/flf\/d.sileikaite\/konferencijos\/","title":{"rendered":"Konferencijos ir seminarai \/ Tagungen und Workshops"},"content":{"rendered":"<p><span style=\"text-decoration: underline\">2025 m. gruod\u017eio 19 d.<\/span><br \/>\nDiana \u0160ileikait\u0117-Kaishauri, Virginija Masiulionyt\u0117. <a href=\"https:\/\/arqus-alliance.eu\/event\/arqus-ai-in-teaching-learning-3\" target=\"_blank\" rel=\"noopener\">Creativity Meets Technology: Using AI to Design Engaging Tasks in Teaching German at Vilnius University<\/a>. <a href=\"https:\/\/arqus-alliance.eu\/news\/arqus-launches-new-workshop-series-ai-teaching-learning-international-perspectives-abest-practices\/\" target=\"_blank\" rel=\"noopener\"><em>AI in Teaching &amp; Learning: International Perspectives and Best Practices<\/em><\/a>. Arqus Alliance<\/p>\n<p><span style=\"text-decoration: underline\">2025 m. gruod\u017eio 12 d.<\/span><br \/>\nAnastasija Belovodskaja, Diana \u0160ileikait\u0117-Kaishauri. <em>Generatyvinis dirbtinis intelektas mokant(is) u\u017esienio kalb\u0173<\/em>. Mokymai <span data-olk-copy-source=\"MessageBody\">LR(U)KMA nariams.<\/span><\/p>\n<p><span style=\"text-decoration: underline\">2025 m. gruod\u017eio 6 d.<\/span><br \/>\nDiana \u0160ileikait\u0117-Kaishauri, Virginija Masiulionyt\u0117. <a href=\"https:\/\/1drv.ms\/b\/c\/3b61a3d039fd5a94\/EWbXOOVcdvtDoL9qaWHuOl4BjNP7hpSzXRGscEFSTgAmjQ?e=PSarRN\" target=\"_blank\" rel=\"noopener\">Dirbtinio intelekto integravimas \u012f mokymosi proces\u0105.<\/a> <em><a href=\"https:\/\/1drv.ms\/b\/c\/3b61a3d039fd5a94\/EWbXOOVcdvtDoL9qaWHuOl4BjNP7hpSzXRGscEFSTgAmjQ?e=PSarRN\" target=\"_blank\" rel=\"noopener\">Lietuvos pranc\u016bz\u0173 kalbos mokytoj\u0173 ir d\u0117stytoj\u0173 asociacijos konferencija<\/a>.<\/em> Vilniaus universitetas.<\/p>\n<p><span style=\"text-decoration: underline\">2025 m. spalio 2 d.<\/span><br \/>\nJustina Daunorien\u0117, Virginija Masiulionyt\u0117, Diana \u0160ileikait\u0117-Kaishauri. Sprachen lernen in der Zeit der Verbote: Sprachsituation an der Universit\u00e4t Vilnius im 19. Jahrhundert. <a href=\"https:\/\/ucrisportal.univie.ac.at\/de\/activities\/institutionalisierter-sprachunterricht-und-mehrsprachigkeit-als-p\/\" target=\"_blank\" rel=\"noopener\"><em>Institutionalisierter Sprachunterricht und Mehrsprachigkeit als politische Machtinstrumente im \u00dcbergang von der Fr\u00fchen Neuzeit in die Moderne<\/em>.<\/a> Universit\u00e4t Wien, 1.-3. Oktober 2025.<\/p>\n<p><u>2025 m. gegu\u017e\u0117s 8 d.<br \/>\n<\/u>Vitalija Kazlauskien\u0117, Anastasija Belovodskaja, Kinga Geben, Virginija Masiulionyt\u0117, Diana \u0160ileikait\u0117-Kaishauri, Egl\u0117 \u017durauskait\u0117. Generatyvinis dirbtinis intelektas kalb\u0173 ugdyme: tarp technologinio prover\u017eio ir pedagogin\u0117s atsakomyb\u0117s. <a href=\"https:\/\/ltech.ktu.edu\/wp-content\/uploads\/sites\/441\/2025\/05\/Programme_LTech_2025.pdf\"><em>Kalba dirbtinio intelekto am\u017eiuje<\/em><\/a>. Kauno technologijos universitetas, 2025-05-08\u20132025-05-09.<\/p>\n<p><span style=\"text-decoration: underline\">2024 m. lapkri\u010dio 8 d.<\/span><br \/>\nDiana \u0160ileikait\u0117-Kaishauri, Virginija Masiulionyt\u0117. Teaching German as a Foreign Language with Generative AI: Experiences from Vilnius University. <em><a href=\"https:\/\/www.leicresearch2024.flf.vu.lt\/about\">The 9th\u202f\u202fInternational Scientific Conference on Linguistic, Educational and Intercultural Research\u202f2024<\/a><\/em>. Vilnius University, 7\u20138 November 2024.<\/p>\n<p><span style=\"text-decoration: underline\">2024 m. lapkri\u010dio 8 d.<\/span><br \/>\nVirginija Masiulionyt\u0117, Diana \u0160ileikait\u0117-Kaishauri. Generative KI in den Geisteswissenschaften: M\u00f6glichkeiten und Herausforderungen am Beispiel der Universit\u00e4t Vilnius. <em><a href=\"https:\/\/www.leicresearch2024.flf.vu.lt\/about\">The 9th\u202f\u202fInternational Scientific Conference on Linguistic, Educational and Intercultural Research\u202f2024<\/a><\/em>. Vilnius University, 7\u20138 November 2024.<\/p>\n<p><span style=\"text-decoration: underline\">2024 m. bir\u017eelio 13 d.<\/span><br \/>\nJustina Daunorien\u0117, Virginija Masiulionyt\u0117, Diana \u0160ileikait\u0117-Kaishauri. Deutsch als Teil des Curriculums an der Universit\u00e4t Vilnius in der Zwischenkriegszeit: Lehrf\u00e4cher, Lehrpersonal, Lehrmaterialien. <em><a href=\"https:\/\/www.nbgt.flf.vu.lt\/conference-2\/programme1\">XIII. Nordisch-Baltisches Germanistiktreffen 2024<\/a><\/em>. Vilniaus universitetas, 2024-06-12 to 2024-06-14.<\/p>\n<p><span style=\"text-decoration: underline\">2024 m. bir\u017eelio 11 d.<\/span><br \/>\nVirginija Masiulionyt\u0117, Diana \u0160ileikait\u0117-Kaishauri. VU Germanistische Studienprogramme und Lehrerausbildung an der Universit\u00e4t Vilnius. Curricula f\u00fcr die \u201eGeneration KI\u201c neu denken? Workshop <em>Unistart Deutsch@NBL<\/em>, Vilniaus universitetas, 2024-06-11.<\/p>\n<p><span style=\"text-decoration: underline\">2024\u00a0m. baland\u017eio 6\u00a0d.<\/span><br \/>\nDiana \u0160ileikait\u0117-Kaishauri, Virginija Masiulionyt\u0117. Generative k\u00fcnstliche Intelligenz (GKI) als Lehrerassistent:in. <em>Lietuvos vokie\u010di\u0173 kalbos mokytoj\u0173 asociacijos konferencija <a href=\"https:\/\/www.ldv.lt\/index.php\/138-jahrestagung-kuenstliche-intelligenz-fuer-den-deutschunterricht-pro-contra\">\u201eK\u00fcnstliche Intelligenz f\u00fcr den Deutschunterricht. Pro\/Contra?\u201c.<\/a><\/em> \u0160iauli\u0173 \u201eRomuvos\u201c gimnazija.<\/p>\n<p><span style=\"text-decoration: underline\">2024\u00a0m. kovo 25\u201326\u00a0d.<\/span><br \/>\nVirginija Masiulionyt\u0117, Diana \u0160ileikait\u0117-Kaishauri. K\u00fcnstliche Intelligenz im universit\u00e4ren Bereich: regulatorische Aspekte. <em><a href=\"https:\/\/www.korpuslab.uni-hamburg.de\/kodi-fs\/aktivitaeten\/workshop-3\/kodi-fs-workshop-2024-programm.pdf\">Generative KI, neue Studienformen und Curricula-Entwicklung<\/a><\/em>. Vilniaus universitetas<\/p>\n<p><span style=\"text-decoration: underline\">2023\u00a0m. spalio 27\u00a0d.<\/span><br \/>\nVirginija Masiulionyt\u0117, Diana \u0160ileikait\u0117-Kaishauri. Vokie\u010di\u0173 kalba interaktyviai. <em><a href=\"https:\/\/intranet.vu.lt\/aktualijos\/1930-renginys-sveskime-kurybiskuma-edukacines-iniciatyvos-2023\">VU Edukacini\u0173 iniciatyv\u0173 renginys \u201e\u0160V\u0118SKIME K\u016aRYBI\u0160KUM\u0104: edukacin\u0117s iniciatyvos 2023\u201c<\/a><\/em>. Vilniaus universitetas.<\/p>\n<p><span style=\"text-decoration: underline\">2023 m. sausio 27 d.<\/span><br \/>\nDiana \u0160ileikait\u0117-Kaishauri., Virginija Masiulionyt\u0117. <a href=\"https:\/\/duo.germanistik-ucm.eu\/wp-content\/uploads\/VM_DSK_Zukunftskompetenzen-VU-2023-01-27.pdf\" target=\"_blank\" rel=\"noopener\">Ateities kompetencijos ir u\u017esienio kalb\u0173 mokymas(is)<\/a>. <a href=\"https:\/\/duo.germanistik-ucm.eu\/digitale-werkzeuge-und-mehr-projektprasentation-und-workshop-litauen\/\" target=\"_blank\" rel=\"noopener\"><em>Skaitmeniniai \u012frankiai u\u017esienio kalbos pamokoje: ateities kompetencij\u0173 link<\/em><\/a>. Vilniaus universitetas.<\/p>\n<p><span style=\"text-decoration: underline\">2022 m. baland\u017eio 2 d.<br \/>\n<\/span>Aina B\u016bdvytyt\u0117, Virginija Masiulionyt\u0117, Diana \u0160ileikait\u0117-Kaishauri. Deutschunterricht online (DUO): Digitale Tools zur Leistungsbewertung\u201c. <em>Lietuvos vokie\u010di\u0173 kalbos mokytoj\u0173 asociacijos konferencija \u201eMit Deutsch \u2013 mehr Immunit\u00e4t in der heutigen Welt\u201c<\/em>.<br \/>\nKonferencijos programa<\/p>\n<p><span style=\"text-decoration: underline\">2021 m. baland\u017eio 10 d.<\/span><br \/>\nLietuvos vokie\u010di\u0173 kalbos mokytoj\u0173 asociacijos konferencija <em>Deutsch k\u00f6nnen &#8211; Traumberuf erlernen<\/em> (Lietuvos vokie\u010di\u0173 kalbos mokytoj\u0173 asociacija, VDU).<br \/>\nPrane\u0161imo tema<em>: <span dir=\"ltr\">Studienm\u00f6glichkeiten mit Deutsch an der VU und <\/span><span dir=\"ltr\">Berufsperspektiven<\/span><\/em> (kartu su Virginija Masiulionyte)<br \/>\n<a href=\"https:\/\/www.ldv.lt\/images\/PDF\/Visuotinis_2021\/Jahrestagung_2021_Programm.pdf\" target=\"_blank\" rel=\"noopener\">Konferencijos programa <\/a><\/p>\n<p><span style=\"text-decoration: underline\">2020 m. spalio 24 d.<\/span><br \/>\nLietuvos vokie\u010di\u0173 kalbos mokytoj\u0173 asociacijos konferencija <em>Nachhaltige Innovationen und zukunftsorientiertes Denken im Unterricht<\/em> (Lietuvos vokie\u010di\u0173 kalbos mokytoj\u0173 asociacija, VU).<br \/>\nPrane\u0161imo tema<em>: PROBSOFCLIL-Projekt: Herausforderungen, Implementierung und Reflexionen<\/em> (kartu su Daumantu Katinu, Lina \u010cepiene ir Irma Vi\u010diniene)<br \/>\n<a href=\"https:\/\/www.ldv.lt\/images\/PDF\/Visuotinis_2020\/Jahrestagung_digital_2020_Programm_DE.pdf\" target=\"_blank\" rel=\"noopener\">Konferencijos programa<\/a><\/p>\n<p><span style=\"text-decoration: underline\">2019 m. gruod\u017eio 6 d.<\/span><br \/>\nDAAD organizuota Baltijos ir \u0160iaur\u0117s \u0161ali\u0173 germanist\u0173 konferencija <em>Zwischen Kontinuit\u00e4t und Wandel. Die Germanistik in Nordeuropa und im Baltikum<\/em> (Ryga, Latvija)<br \/>\nPrane\u0161imo tema: Studiengang <em>Deutsche Philologie<\/em> an der Universit\u00e4t Vilnius aus der Sicht seiner Absolvent(inn)en: gegenw\u00e4rtige Entwicklungen und k\u00fcnftige Perspektiven (kartu su Virginija Masiulionyte)<\/p>\n<p><span style=\"text-decoration: underline\">2019 m. spalio 11-12 d.<\/span><br \/>\nTarptautin\u0117 mokslin\u0117 konferencija <em>Feste Wortverbindungen in Forschung und Lehre: Phraseologismen, Kollokationen und Verwandtes. In Erinnerung an Saulius Lapinskas (1954-2014) <\/em>(Vilniaus universitetas).<br \/>\nPrane\u0161imo tema: Zu ausgew\u00e4hlten Aspekten deutscher und litauischer Phraseme mit gastronomischen Komponenten: eine kontrastive Untersuchung<\/p>\n<p><span style=\"text-decoration: underline\">2019 m. baland\u017eio 12 d.<\/span><br \/>\nVU FilF BKKI seminare skaitytas prane\u0161imas <em>VU vokie\u010di\u0173 filologijos absolven\u010di\u0173 (-t\u0173) karjeros steb\u0117senos tyrimas ir rezultatai<\/em> (kartu su Virginija Masiulionyte)<\/p>\n<p><span style=\"text-decoration: underline\">2019 m. baland\u017eio 6 d.<\/span><br \/>\nLietuvos vokie\u010di\u0173 kalbos mokytoj\u0173 asociacijos konferencija <em>Intelligentes Lehren und Lernen <\/em>(Lietuvos vokie\u010di\u0173 kalbos mokytoj\u0173 asociacija, VU).<br \/>\nPrane\u0161imo tema<em>: <\/em><em>Zwischen Sprachen und von Sprachen: Was man an der Philologischen Fakult\u00e4t der VU alles machen kann<\/em>.<br \/>\n<a href=\"https:\/\/www.ldv.lt\/images\/PDF\/Visuotinis_2019\/Programm.pdf\">Konferencijos programa <\/a><\/p>\n<p><span style=\"text-decoration: underline\">2018 m. spalio 26 d.<\/span><br \/>\nBaltijos \u0161ali\u0173 germanist\u0173 dienos <em>Offenheit und Geschlossenheit in Sprache, Kultur und Wissenschaft<\/em> (Vilnius, VU)<br \/>\nPrane\u0161imo tema (kartu su Virginija Masiulionyte): <em>Arbeitsbericht zur Verbleibstudie \u00fcber Germanistik-AbsolventInnen der Universit\u00e4t Vilnius 2002-2018<br \/>\n<\/em><a href=\"https:\/\/www.flf.vu.lt\/institutai\/bkki\/struktura\/vfk\/3044-baltische-germanistentage-2018#programm\" target=\"_blank\" rel=\"noopener\">Konferencijos programa <\/a><em><br \/>\n<\/em><\/p>\n<p><span style=\"text-decoration: underline\">2018 m. kovo 26-27 d.<\/span><br \/>\nBaltijos \u0161ali\u0173 germanist\u0173 \u012ftinklinimo dirbtuv\u0117s <em>Germanistik f\u00fcr den Beruf <\/em>(VU)<br \/>\nPrane\u0161imas: <em>Germanistikstudium und DaF in Litauen<\/em><br \/>\nDiskusijos moderavimas (kartu su Virginija Masiulionyte): <em>Berufsfelder f\u00fcr GermanistInnen: neue und alte<br \/>\n<\/em><a href=\"https:\/\/www.flf.vu.lt\/institutai\/bkki\/struktura\/vfk\/germanistik-fuer-den-beruf#programm\" target=\"_blank\" rel=\"noopener\">Konferencijos programa<\/a><\/p>\n<p><span style=\"text-decoration: underline\">2016 m. spalio 6-8 d.<\/span><br \/>\nBaltijos \u0161ali\u0173 mokytoj\u0173 tarptautin\u0117 konferencija \u201eEntwicklung der Lernkultur durch integriertes Lernen\u201c (Lietuvos vokie\u010di\u0173 kalbos mokytoj\u0173 asociacija, LEU)<br \/>\nDirbtuvi\u0173 tema: <em>M\u00f6glichkeiten des kreativen Schreibens zwischen DaF, Literatur und IT<\/em><br \/>\n<a href=\"http:\/\/www.ldv.lt\/index.php\/ldv\/taetigkeit\/fortbildung\/tagungen\" target=\"_blank\" rel=\"noopener\">Konferencijos svetain\u0117 (programa, prane\u0161im\u0173 ir dirbtuvi\u0173 tez\u0117s)<\/a><\/p>\n<p><span style=\"text-decoration: underline\">2016 m. rugs\u0117jo 22-24 d.<\/span><br \/>\nBaltijos \u0161ali\u0173 germanist\u0173 dienos \u201eBewegung. Wanderung. Migration. 2. Baltische Germanistentage Tartu (22.-24.09.2016)\u201c (Tartu universitetas, Estija)<br \/>\nDirbtuvi\u0173 tema:<br \/>\n<em>Kreatives Schreiben im DaF-Unterricht<\/em>.<br \/>\n<a href=\"https:\/\/sisu.ut.ee\/baltische-germanistentage\/programm\" target=\"_blank\" rel=\"noopener\">Konferencijos svetain\u0117 (programa)<\/a><\/p>\n<p><span style=\"text-decoration: underline\">2016 m. rugs\u0117jo 8-10 d.<br \/>\n<\/span>Tarptautin\u0117 mokslin\u0117 konferencija \u201eFremde und eigene Sprachen. Linguistische Perspektiven. 51. Linguistisches Kolloquium\u201c (VU)<span style=\"text-decoration: underline\"><br \/>\n<\/span>Plenarinio prane\u0161imo tema:<br \/>\n<em>Wie eine fremde Sprache zur eigenen wird<\/em><span style=\"text-decoration: underline\"><br \/>\n<a href=\"http:\/\/www.linguistisches-kolloquium.flf.vu.lt\/de\/programm\/\" target=\"_blank\" rel=\"noopener\">Konferencijos svetain\u0117 (programa, prane\u0161im\u0173 tez\u0117s)<\/a><\/span><\/p>\n<p><span style=\"text-decoration: underline\">2016 m. gegu\u017e\u0117s 5-6 d.<\/span><br \/>\nVII tarptautin\u0117 mokslin\u0117 konferencija \u201eLingvistiniai, didaktiniai ir sociokult\u016briniai kalbos funkcionavimo aspektai\u201c (LEU).<br \/>\nPrane\u0161imo tema:<br \/>\n<em>M\u00f6glichkeiten des kreativen Schreibens im Germanistikstudium an der Universit\u00e4t Vilnius: methodische Grunds\u00e4tze, Schreibprodukte der Studierenden, Probleme und m\u00f6gliche L\u00f6sungen<\/em><br \/>\n<a href=\"https:\/\/leu.lt\/lt\/ff\/ff_mokslas\/ff_mokslo_renginiai\/ff_mokslines_konferencijos.html\">Konferencijos svetain\u0117 (programa ir prane\u0161im\u0173 santraukos)<\/a><\/p>\n<p><span style=\"text-decoration: underline\">2014 m. rugs\u0117jo 24-27 d.<\/span><br \/>\nTarptautin\u0117 mokslin\u0117 konferencija \u201eMokslo kalba: germanistin\u0117s \u012f\u017evalgos\u201c (VU)<br \/>\nPrane\u0161imo tema:<br \/>\n<em>Wissenschaftssprache lehren und lernen: Erfahrungsbericht aus dem Fach Germanistik an der Universit\u00e4t Vilnius<\/em><br \/>\n<a href=\"http:\/\/www.flf.vu.lt\/struktura\/katedros\/vokieciu-filologijos-katedra\/wissenschaftssprache\" target=\"_blank\" rel=\"noopener\">Konferencijos svetain\u0117 (programa, prane\u0161im\u0173 tez\u0117s)<\/a><\/p>\n<p><span style=\"text-decoration: underline\">2014 m. baland\u017eio 24-25 d.<\/span><br \/>\nVI tarptautin\u0117 mokslin\u0117 konferencija \u201eLingvistiniai, didaktiniai ir sociokult\u016briniai kalbos funkcionavimo aspektai\u201c (LEU).<br \/>\nPrane\u0161im\u0173 temos:<br \/>\n1. <em>Abiturpr\u00fcfung Deutsch 2013 in Estland, Lettland und Litauen im Vergleich <\/em>(kartu su Violeta Katiniene)<em><br \/>\n2. <\/em><em>\u201eDer Mensch ist, was er isst\u201c: Deutsche und litauische Phraseologismen mit Bezeichnungen von Lebensmitteln, Getr\u00e4nken und Speisen im Komponentenbestand<\/em><br \/>\n<a href=\"http:\/\/www.leu.lt\/download\/15377\/conference%20programme%202014-04-24_25%20leu.pdf\" target=\"_blank\" rel=\"noopener\">Konferencijos programa<\/a><br \/>\n<a href=\"http:\/\/www.leu.lt\/download\/15379\/abstracts.pdf\" target=\"_blank\" rel=\"noopener\">Prane\u0161im\u0173 santraukos<\/a><\/p>\n<p><span style=\"text-decoration: underline\">2011 m. sausio 7 d.<\/span><br \/>\nMokslin\u0117 konferencija Inai Meiksinaitei atminti (VU).<br \/>\nPrane\u0161imo tema: <em>Lietaus konceptas vokie\u010di\u0173 ir lietuvi\u0173 frazeologijoje: gretinamasis tyrimas<\/em> (kartu su dr. Virginija Masiulionyte).<\/p>\n<p><span style=\"text-decoration: underline\">2010 m. gruod\u017eio 1 d.<\/span><br \/>\nDaugiakalbyst\u0117s forumas: kalb\u0173 lobynas (MRU, Ital\u0173 kult\u016bros institutas, Lenkijos institutas, Danijos kult\u016bros institutas, Pranc\u016bzijos kult\u016bros centras, Goethe\u2018s institutas ir Brit\u0173 Taryba).<br \/>\nPrane\u0161imo tema: <em>Filologijos studijos Vilniaus universitete ir daugiakalbyst\u0117: status quo et status futurus.<\/em><\/p>\n<p><span style=\"text-decoration: underline\">2008 m. spalio 23-24 d.<\/span><br \/>\nTarptautin\u0117 konferencija <em>Europejsko\u015b\u0107 ojczyzn<\/em>: <em>litewsko-polskie zwi\u0105zki literackie, kulturowe i j\u0119zykowe <\/em>(VU).<br \/>\nPrane\u0161imo tema: <em>Apie pirmosios pakopos filologini\u0173 studij\u0173 pertvarkym\u0105 Vilniaus universitete: modulin\u0117s studijos.<\/em><\/p>\n<p><span style=\"text-decoration: underline\">2008 m. rugs\u0117jo 18-20 d.<\/span><br \/>\nTarptautin\u0117 konferencija <em>Litauische Anglistik und Germanistik im internationalen Dialog: Tradition und Perspektiven. <\/em>(VU).<br \/>\nPrane\u0161imo tema: <em>Gudrumo rai\u0161ka vokie\u010di\u0173 ir lietuvi\u0173 frazeologijoje <\/em>(kartu su dr. Virginija Masiulionyte).<\/p>\n<p><span style=\"text-decoration: underline\">2006 m. rugs\u0117jo 19-22 d.<\/span><br \/>\nTarptautinis germanist\u0173 kongresas <em>Deutsche Grammatik im europ\u00e4ischen Dialog<\/em> (Krokuvos Jogailai\u010di\u0173 universitetas, Lenkija).<br \/>\nPrane\u0161imo tema: <em>Somatiniai frazeologizmai Biblijoje: vokie\u010di\u0173, lietuvi\u0173, gruzin\u0173 kalb\u0173 sugretinimas.<\/em><\/p>\n<p><span style=\"text-decoration: underline\">2006 m. gegu\u017e\u0117s 18 d.<\/span><br \/>\nKoliokviumas \u201e<em>Kolloquium Deutsche Sprachwissenschaft<\/em>\u201c (VPU).<br \/>\nPrane\u0161imo tema: <em>Information \u00fcber und Diskussion zu den Abituraufgaben im Fach Deutsch<\/em>.<\/p>\n","protected":false},"excerpt":{"rendered":"<p>2025 m. gruod\u017eio 19 d. Diana \u0160ileikait\u0117-Kaishauri, Virginija Masiulionyt\u0117. Creativity Meets Technology: Using AI to Design Engaging Tasks in Teaching German at Vilnius University. AI in Teaching &amp; Learning: International Perspectives and Best Practices. Arqus Alliance 2025 m. gruod\u017eio 12 d. Anastasija Belovodskaja, Diana \u0160ileikait\u0117-Kaishauri. Generatyvinis dirbtinis intelektas mokant(is) u\u017esienio kalb\u0173. Mokymai LR(U)KMA nariams. 2025 [&hellip;]<\/p>\n","protected":false},"author":10,"featured_media":0,"parent":0,"menu_order":5,"comment_status":"open","ping_status":"closed","template":"","meta":[],"_links":{"self":[{"href":"http:\/\/web.vu.lt\/flf\/d.sileikaite\/wp-json\/wp\/v2\/pages\/74"}],"collection":[{"href":"http:\/\/web.vu.lt\/flf\/d.sileikaite\/wp-json\/wp\/v2\/pages"}],"about":[{"href":"http:\/\/web.vu.lt\/flf\/d.sileikaite\/wp-json\/wp\/v2\/types\/page"}],"author":[{"embeddable":true,"href":"http:\/\/web.vu.lt\/flf\/d.sileikaite\/wp-json\/wp\/v2\/users\/10"}],"replies":[{"embeddable":true,"href":"http:\/\/web.vu.lt\/flf\/d.sileikaite\/wp-json\/wp\/v2\/comments?post=74"}],"version-history":[{"count":32,"href":"http:\/\/web.vu.lt\/flf\/d.sileikaite\/wp-json\/wp\/v2\/pages\/74\/revisions"}],"predecessor-version":[{"id":1537,"href":"http:\/\/web.vu.lt\/flf\/d.sileikaite\/wp-json\/wp\/v2\/pages\/74\/revisions\/1537"}],"wp:attachment":[{"href":"http:\/\/web.vu.lt\/flf\/d.sileikaite\/wp-json\/wp\/v2\/media?parent=74"}],"curies":[{"name":"wp","href":"https:\/\/api.w.org\/{rel}","templated":true}]}}