{"id":7,"date":"2012-09-05T09:47:28","date_gmt":"2012-09-05T06:47:28","guid":{"rendered":"http:\/\/web.vu.lt\/flf\/d.sileikaite\/?page_id=7"},"modified":"2025-05-11T11:42:05","modified_gmt":"2025-05-11T08:42:05","slug":"destomi-dalykai","status":"publish","type":"page","link":"http:\/\/web.vu.lt\/flf\/d.sileikaite\/destomi-dalykai\/","title":{"rendered":"D\u0117stomi dalykai \/ Studienf\u00e4cher"},"content":{"rendered":"\n<p>\u0160iame puslapyje rasite mano d\u0117stom\u0173 (ir anks\u010diau d\u0117styt\u0173) dalyk\u0173 s\u0105ra\u0161\u0105.<\/p>\n\n\n\n<p>***<\/p>\n\n\n\n<p><strong>BA-Seminar \/ Bakalauro darbo seminaras<\/strong><br><a rel=\"noopener\" href=\"https:\/\/is.vu.lt\/pls\/klevas\/view_dalyko_aprasas?p_plan_dalykas_id=EB8A5FA06FA7BDC6D7092DCAB63F338ECB43D322CB23E3F6\" target=\"_blank\">&#8211; Kursbeschreibung \/ Dalyko apra\u0161as<\/a> <br><a rel=\"noopener\" href=\"https:\/\/emokymai.vu.lt\/course\/view.php?id=5368\" target=\"_blank\">&#8211; E-Kurs \/ E.kursas VMA<\/a><\/p>\n\n\n\n<p><strong>DaF-Didaktik \/ Vokie\u010di\u0173 kalbos didaktika<\/strong> <br><a rel=\"noopener\" href=\"https:\/\/is.vu.lt\/pls\/pub\/view_dalyko_aprasas?p_plan_dalykas_id=23DA861C8F8FFBDEAEA2002A55A1655F97B7DFF5251B4D9A\" target=\"_blank\">&#8211; Kursbeschreibung \/ Dalyko apra\u0161as<\/a> <br><a rel=\"noreferrer noopener\" href=\"https:\/\/emokymai.vu.lt\/course\/view.php?id=5369\" data-type=\"URL\" data-id=\"https:\/\/emokymai.vu.lt\/course\/view.php?id=5369\" target=\"_blank\">&#8211; E-Kurs \/ E.kursas VMA<\/a><\/p>\n\n\n\n<p><strong>DaF-Praktikum \/ Mokomoji ir profesin\u0117 praktika: vokie\u010di\u0173 kaip svetimosios kalbos mokymas<\/strong> <br><a rel=\"noopener\" href=\"https:\/\/is.vu.lt\/pls\/klevas\/view_dalyko_aprasas?p_plan_dalykas_id=7447152D3C4BFAD89AAC5C1BE0D2DE2A5B95E969CC175DB6\" target=\"_blank\">&#8211; Kursbeschreibung \/ Dalyko apra\u0161as<\/a> <br><a rel=\"noreferrer noopener\" href=\"https:\/\/emokymai.vu.lt\/course\/view.php?id=5369\" data-type=\"URL\" data-id=\"https:\/\/emokymai.vu.lt\/course\/view.php?id=5369\" target=\"_blank\">&#8211; E-Kurs \/ E.kursas <\/a><\/p>\n\n\n\n<p><strong>Deutsche Sprache und Mediation: Formen, Funktionen und Strategien \/ <br>Vokie\u010di\u0173 kalba ir mediacija<\/strong>: <strong>formos, funkcijos ir strategijos<\/strong><br><a rel=\"noopener\" href=\"https:\/\/is.vu.lt\/pls\/pub\/view_dalyko_aprasas?p_plan_dalykas_id=0F2B6186459D95888F86B53AD9F4C63EA6466CEC56461B43\" target=\"_blank\">&#8211; Kursbeschreibung \/ Dalyko apra\u0161as<\/a> <br><a rel=\"noopener\" href=\"https:\/\/emokymai.vu.lt\/course\/view.php?id=8219\" target=\"_blank\">&#8211; E-Kurs \/ E.kursas VMA<\/a><\/p>\n\n\n\n<p><strong>Gegenwartsdeutsch I (A1) \/ \u0160iuolaikin\u0117 vokie\u010di\u0173 kalba I (A1)<\/strong><br><a rel=\"noreferrer noopener\" href=\"https:\/\/is.vu.lt\/pls\/pub\/view_dalyko_aprasas?p_plan_dalykas_id=01AC61B017E32B06E3EC7ED13325E1590C67B16A3F0700F2\" data-type=\"URL\" data-id=\"https:\/\/is.vu.lt\/pls\/pub\/view_dalyko_aprasas?p_plan_dalykas_id=01AC61B017E32B06E3EC7ED13325E1590C67B16A3F0700F2\" target=\"_blank\">&#8211; Kursbeschreibung \/ Dalyko apra\u0161as<\/a> <br><a rel=\"noreferrer noopener\" href=\"https:\/\/2023.emokymai.vu.lt\/course\/view.php?id=4606\" data-type=\"URL\" data-id=\"https:\/\/2023.emokymai.vu.lt\/course\/view.php?id=4606\" target=\"_blank\">&#8211; E-Kurs \/ E.kursas VMA<\/a><\/p>\n\n\n\n<p><strong>Kreatives Schreiben \/ K\u016brybinis ra\u0161ymas<\/strong><br><a rel=\"noopener\" href=\"https:\/\/is.vu.lt\/pls\/pub\/view_dalyko_aprasas?p_plan_dalykas_id=CD53B3DB8F38B9FE9CFA0DB43DB272BF2CCC9B2E71E7A24D\" target=\"_blank\">&#8211; Kursbeschreibung \/ Dalyko apra\u0161as<\/a> <br><a rel=\"noopener\" href=\"https:\/\/emokymai.vu.lt\/course\/view.php?id=2242\" target=\"_blank\">&#8211; E-Kurs \/ E.-kursas VMA<\/a><\/p>\n\n\n\n<p><strong>M\u00fcndliche Interaktion auf Deutsch: Konversation, Diskussion, Debatte \/ <br>Sakytin\u0117 interakcija vokie\u010di\u0173 kalba: pokalbis, diskusija, debatai<\/strong><br><a rel=\"noopener\" href=\"https:\/\/is.vu.lt\/pls\/pub\/view_dalyko_aprasas?p_plan_dalykas_id=C3CD7E9A66F4F30AF80C74226934072B3BAD4CAFDCF2C65C\" target=\"_blank\">&#8211; Kursbeschreibung \/ Dalyko apra\u0161as<\/a> <br><a rel=\"noopener\" href=\"https:\/\/emokymai.vu.lt\/course\/view.php?id=9194\" target=\"_blank\">&#8211; E-Kurs \/ E.kursas VMA<\/a><\/p>\n\n\n\n<p><strong>Phonetik der deutschen Sprache \/ Vokie\u010di\u0173 kalbos fonetika\u00a0<\/strong><br><a rel=\"noreferrer noopener\" href=\"https:\/\/is.vu.lt\/pls\/pub\/view_dalyko_aprasas?p_plan_dalykas_id=A98233B93FF6D33343B5809D06208FED620C0A144C74134B\" data-type=\"URL\" data-id=\"https:\/\/is.vu.lt\/pls\/pub\/view_dalyko_aprasas?p_plan_dalykas_id=A98233B93FF6D33343B5809D06208FED620C0A144C74134B\" target=\"_blank\">&#8211; Kursbeschreibung \/ Dalyko apra\u0161as<\/a> <br><a rel=\"noreferrer noopener\" href=\"https:\/\/emokymai.vu.lt\/course\/view.php?id=3227\" data-type=\"URL\" data-id=\"https:\/\/emokymai.vu.lt\/course\/view.php?id=3227\" target=\"_blank\">&#8211; E-Kurs \/ E.kursas VMA<\/a><\/p>\n\n\n\n<p><strong>Phonetik und Morphologie der deutschen Sprache I \/ Vokie\u010di\u0173 kalbos fonetika ir morfologija I<\/strong> <br><a rel=\"noreferrer noopener\" href=\"https:\/\/is.vu.lt\/pls\/pub\/view_dalyko_aprasas?p_plan_dalykas_id=F9566CB147C9B825C44DF21FA7293875C502DABDA0BFA855\" data-type=\"URL\" data-id=\"https:\/\/is.vu.lt\/pls\/pub\/view_dalyko_aprasas?p_plan_dalykas_id=F9566CB147C9B825C44DF21FA7293875C502DABDA0BFA855\" target=\"_blank\">&#8211; Kursbeschreibung \/ Dalyko apra\u0161as<\/a><br><a rel=\"noreferrer noopener\" href=\"https:\/\/emokymai.vu.lt\/course\/view.php?id=3789\" data-type=\"URL\" data-id=\"https:\/\/emokymai.vu.lt\/course\/view.php?id=3789\" target=\"_blank\">&#8211; E-Kurs \/ E.kursas VMA<\/a><\/p>\n\n\n\n<p><strong>Phonetik und Morphologie der deutschen Sprache II \/ Vokie\u010di\u0173 kalbos fonetika ir morfologija II<\/strong><br><a rel=\"noreferrer noopener\" href=\"https:\/\/is.vu.lt\/pls\/pub\/view_dalyko_aprasas?p_plan_dalykas_id=44362B392EB49DE0759FF9FF6BD6356897CCDFFA1326FD47\" target=\"_blank\">&#8211; Kursbeschreibung \/ Dalyko apra\u0161as<\/a><br><a rel=\"noreferrer noopener\" href=\"https:\/\/emokymai.vu.lt\/course\/view.php?id=8411\" target=\"_blank\">&#8211; E-Kurs \/ E.kursas VMA<\/a><\/p>\n\n\n\n<p><strong>Schreiben digital \/ Tekst\u0173 k\u016brimas skaitmenin\u0117je erdv\u0117je<\/strong> <br><a rel=\"noreferrer noopener\" href=\"https:\/\/is.vu.lt\/pls\/pub\/view_dalyko_aprasas?p_plan_dalykas_id=A2B96D6A871CCEC813AF2BD01BE01872D9FC41DBBC6676DF\" data-type=\"URL\" data-id=\"https:\/\/is.vu.lt\/pls\/pub\/view_dalyko_aprasas?p_plan_dalykas_id=A2B96D6A871CCEC813AF2BD01BE01872D9FC41DBBC6676DF\" target=\"_blank\">&#8211; Kursbeschreibung \/ Dalyko apra\u0161as<\/a> <br><a rel=\"noreferrer noopener\" href=\"https:\/\/emokymai.vu.lt\/course\/view.php?id=8448\" data-type=\"URL\" data-id=\"https:\/\/emokymai.vu.lt\/course\/view.php?id=8448\" target=\"_blank\">&#8211; E-Kurs \/ E.kursas VMA<\/a><\/p>\n\n\n\n<p><\/p>\n\n\n\n<p><strong><span style=\"text-decoration: underline\" class=\"underline\">STUDIENF\u00c4CHER VOR 2020 \/ <span style=\"text-decoration: underline\">IKI <\/span><\/span><\/strong><span style=\"text-decoration: underline\"><strong>2020 M. <\/strong><\/span><span style=\"text-decoration: underline\"><strong>D\u0116STYTI DALYKAI<\/strong><\/span><\/p>\n\n\n\n<p><a href=\"https:\/\/is.vu.lt\/pls\/klevas\/view_dalyko_aprasas?p_plan_dalykas_id=8B1F70492DB1C6F34A58E361C4138CD618C7C32ECD72F73B\" data-type=\"URL\" data-id=\"https:\/\/is.vu.lt\/pls\/klevas\/view_dalyko_aprasas?p_plan_dalykas_id=8B1F70492DB1C6F34A58E361C4138CD618C7C32ECD72F73B\" target=\"_blank\" rel=\"noreferrer noopener\">D-A-CH-Landeskunde \/ Voki\u0161kai kalban\u010di\u0173 \u0161ali\u0173 visuomen\u0117 ir kult\u016bra <\/a><\/p>\n\n\n\n<p><a href=\"https:\/\/is.vu.lt\/pls\/klevas\/view_dalyko_aprasas?p_plan_dalykas_id=B71C5905C6ADC59336D65D25B45FC05C7B1ADF5F619BD49E\" data-type=\"URL\" data-id=\"https:\/\/is.vu.lt\/pls\/klevas\/view_dalyko_aprasas?p_plan_dalykas_id=B71C5905C6ADC59336D65D25B45FC05C7B1ADF5F619BD49E\" target=\"_blank\" rel=\"noreferrer noopener\">Deutsche Phraseologie \/ Vokie\u010di\u0173 kalbos frazeologija<\/a><\/p>\n\n\n\n<p>Edukologijos \u012fvadas<\/p>\n\n\n\n<p>Wissenschaftliches Praktikum (Korpusgest\u00fctze Analyse der Wissenschaftssprache) \/ Mokslin\u0117 praktika (mokslo kalbos analiz\u0117 pasitelkus tekstynus)<\/p>\n\n\n\n<p>Wissenschaftliches Arbeit f\u00fcr MA-Studierende der Fachrichtung Fachsprache Jura \/ Mokslo tiriamasis darbas I (DTK magistrantams)<\/p>\n\n\n\n<p>Wissenschaftliches Arbeiten f\u00fcr MA-Studierende der Fachrichtung Fachsprache Jura \/ Mokslo tiriamasis darbas II (DTK magistrantams)<\/p>\n\n\n\n<p><\/p>\n","protected":false},"excerpt":{"rendered":"<p>\u0160iame puslapyje rasite mano d\u0117stom\u0173 (ir anks\u010diau d\u0117styt\u0173) dalyk\u0173 s\u0105ra\u0161\u0105. *** BA-Seminar \/ Bakalauro darbo seminaras&#8211; Kursbeschreibung \/ Dalyko apra\u0161as &#8211; E-Kurs \/ E.kursas VMA DaF-Didaktik \/ Vokie\u010di\u0173 kalbos didaktika &#8211; Kursbeschreibung \/ Dalyko apra\u0161as &#8211; E-Kurs \/ E.kursas VMA DaF-Praktikum \/ Mokomoji ir profesin\u0117 praktika: vokie\u010di\u0173 kaip svetimosios kalbos mokymas &#8211; Kursbeschreibung \/ Dalyko [&hellip;]<\/p>\n","protected":false},"author":10,"featured_media":0,"parent":0,"menu_order":2,"comment_status":"open","ping_status":"closed","template":"","meta":[],"_links":{"self":[{"href":"http:\/\/web.vu.lt\/flf\/d.sileikaite\/wp-json\/wp\/v2\/pages\/7"}],"collection":[{"href":"http:\/\/web.vu.lt\/flf\/d.sileikaite\/wp-json\/wp\/v2\/pages"}],"about":[{"href":"http:\/\/web.vu.lt\/flf\/d.sileikaite\/wp-json\/wp\/v2\/types\/page"}],"author":[{"embeddable":true,"href":"http:\/\/web.vu.lt\/flf\/d.sileikaite\/wp-json\/wp\/v2\/users\/10"}],"replies":[{"embeddable":true,"href":"http:\/\/web.vu.lt\/flf\/d.sileikaite\/wp-json\/wp\/v2\/comments?post=7"}],"version-history":[{"count":31,"href":"http:\/\/web.vu.lt\/flf\/d.sileikaite\/wp-json\/wp\/v2\/pages\/7\/revisions"}],"predecessor-version":[{"id":1517,"href":"http:\/\/web.vu.lt\/flf\/d.sileikaite\/wp-json\/wp\/v2\/pages\/7\/revisions\/1517"}],"wp:attachment":[{"href":"http:\/\/web.vu.lt\/flf\/d.sileikaite\/wp-json\/wp\/v2\/media?parent=7"}],"curies":[{"name":"wp","href":"https:\/\/api.w.org\/{rel}","templated":true}]}}