{"id":23,"date":"2010-03-08T21:14:43","date_gmt":"2010-03-08T19:14:43","guid":{"rendered":"http:\/\/web.vu.lt\/flf\/d.katinas\/?page_id=23"},"modified":"2017-01-24T16:56:29","modified_gmt":"2017-01-24T14:56:29","slug":"moksline-veikla","status":"publish","type":"page","link":"http:\/\/web.vu.lt\/flf\/d.katinas\/moksline-veikla\/","title":{"rendered":"Mokslin\u0117 veikla"},"content":{"rendered":"<p><strong>Disertacija<\/strong>:<\/p>\n<p><a href=\"http:\/\/www.tectum-verlag.de\/Katinas-Position-Methodik-kontrastiven-Lexikologie-Untersuchung-lexikalischen-Feldes-Relief-Litauischen-Deutschen.html\">Katinas, D. (2012). <em>Zur Position und Methodik der kontrastiven Lexikologie am Beispiel des lexikalischen Feldes \u201eRelief\u201c im Litauischen und im Deutschen<\/em>. Tectum-Verlag. Marburg<\/a>.<\/p>\n<p><a href=\"http:\/\/web.vu.lt\/flf\/d.katinas\/files\/2010\/03\/ANHANG.pdf\">Katinas, D. (2011). <em>Zur Position und Methodik der kontrastiven Lexikologie am Beispiel des lexikalischen Feldes \u201eRelief\u201c im Litauischen und im Deutschen<\/em>. Essen. Anhang<\/a>.<\/p>\n<p><strong>Straipsniai<\/strong>:<\/p>\n<p><a href=\"http:\/\/www.kalbotyra.flf.vu.lt\/wp-content\/uploads\/2014\/01\/kalbotyra-65_35-50.pdf\">Katinas, D. (2013). Einige \u00dcberlegungen zur Bestimmung des \u00c4quivalenzgrades am Beispiel des lexikalischen Feldes \u201eErhebung im Gel\u00e4nde\u201c. <em>Kalbotyra<\/em> 65. Vilnius. 35-50<\/a>.<\/p>\n<p><a href=\"http:\/\/www.reference-global.com\/doi\/abs\/10.1515\/9783110223231.2.179\">Katinas, D. (2010). Internetlexikographie slawischer und baltischer Sprachen. <em>Lexicographica. <span class=\"entryAuthor\">Heid, U.<\/span>, <span class=\"entryAuthor\">Schierholz, S., S<\/span><span class=\"entryAuthor\">chweickard, W.<\/span><span class=\"entryAuthor\">, Wiegand, H. E.<\/span>, <span class=\"entryAuthor\">Gouws, R. H.<\/span>, <\/em><\/a><span class=\"entryAuthor\"><a href=\"http:\/\/www.reference-global.com\/doi\/abs\/10.1515\/9783110223231.2.179\"><em>Wolski, W. (Hrsg.)<\/em>. Band 26. Berlin, New York. De Gruyter.<\/a><a href=\"http:\/\/www.reference-global.com\/doi\/abs\/10.1515\/9783110223231.2.179\"> 179-182.<\/a><br \/>\n<\/span><\/p>\n<p><a href=\"http:\/\/www.leidykla.eu\/fileadmin\/Kalbotyra_3\/60_3\/37-47.pdf\">Katinas, D. (2009). Kontrastive Lexikologie und zweisprachige Lexikografie: ineinander, nebeneinander, f\u00fcreinander. <em>Kalbotyra<\/em> 60 (3). Vilnius. 37-47.<\/a><\/p>\n<p><a href=\"http:\/\/www.leidykla.eu\/fileadmin\/Kalbotyra_3\/59_3\/138-146.pdf\">Katinas, D. (2008). Zu Begriff und Methodik der kontrastiven Lexikologie. <em>Kalbotyra<\/em> 59 (3). Vilnius. 138-146.<\/a><\/p>\n<p><a href=\"http:\/\/www.leidykla.eu\/fileadmin\/Kalbotyra_3\/58_3_\/46-57.pdf\">Katinas, D. (2008). Takoskyra tarp gretinamosios leksikologijos ir vertimo mokslo. <em>Kalbotyra<\/em> 58 (3). Vilnius. 46-57.<\/a><\/p>\n<p><a href=\"http:\/\/www.leidykla.eu\/fileadmin\/Kalbotyra_3\/57__3_\/122-131-psl.pdf\">Katinas, D. (2007). Zur Methodik der kontrastiven Lexikologie am Beispiel des Makrofeldes Vertiefung im Litauischen und im Deutschen. <em>Kalbotyra<\/em> 57 (3). Vilnius. 122-131.<\/a><\/p>\n<p><strong>Konferencij\u0173 med\u017eiaga<\/strong>:<\/p>\n<p><a href=\"http:\/\/web.vu.lt\/flf\/d.katinas\/moksline-veikla\/konferenz_vilnius_2008\/\">Katinas, D. (2008). Kontrastive Lexikologie: Neu bleben, aber wie? Litauische Anglistik und Germanistik im internationalen Dialog: Tradition und Perspektiven. Vilnius.<\/a><\/p>\n<p><a href=\"http:\/\/web.vu.lt\/flf\/d.katinas\/moksline-veikla\/konferenz_riga_2008\/\">Katinas, D. (2008). Kontrastive Lexikologie: Wo und wie ist heute sie? Internationale Konferenz \u201eDeutsch in Kontakt und Kontrast II\u201c. Riga.<\/a><\/p>\n<p><strong>Prane\u0161imai konferencijose:<\/strong><\/p>\n<p>Katinas, D. (2012). Kann man Litauern goldene Berge versprechen? \u00dcberlegungen \u00fcber die \u00c4quivalenzbestimmung am Beispiel des lexikalischen Feldes \u201eErhebung im Gel\u00e4nde\u201c. Das 47. Linguistische Kolloquium. Olsztyn.<\/p>\n<p>Katinas, D. (2008). Kontrastive Lexikologie: Neu beleben, aber wie? Litauische Anglistik und Germanistik im internationalen Dialog: Tradition und Perspektiven. Vilnius.<\/p>\n<p>Katinas, D. (2008). Kontrastive Lexikologie: Wo und wie ist heute sie? Internationale Konferenz \u201eDeutsch in Kontakt und Kontrast II\u201c. Riga.<\/p>\n<p><strong>Mokomosios priemon\u0117s<\/strong>:<\/p>\n<p><a href=\"http:\/\/www.sviesa.lt\/lt.php\/knygu_katalogas\/359;book;53442\">\u0160ileikait\u0117, D., Razmien\u0117, R., Katinas, D., Volungevi\u010dien\u0117, S. (2007). <em>Ar moki vokie\u010di\u0173 kalb\u0105<\/em>. 2-as leidimas. Kaunas.<\/a><\/p>\n<p><a href=\"http:\/\/www.sviesa.lt\/lt.php\/knygu_katalogas\/359;book;53442\">\u0160ileikait\u0117, D., Razmien\u0117, R., Katinas, D., Volungevi\u010dien\u0117, S. (2006). <em>Ar moki vokie\u010di\u0173 kalb\u0105<\/em>. Kaunas.<\/a><\/p>\n<p><strong>Moksliniai projektai<\/strong>:<\/p>\n<p><a href=\"http:\/\/www.kogloss.eu\">KoGloss (Vokietija, Lietuva, Latvija, Estija).<\/a><\/p>\n<p><a href=\"http:\/\/projektai.vu.lt\/miestaiirkalbos\/\">Miestai ir kalbos (Vilnius, Lietuva).<\/a><\/p>\n<p><a href=\"http:\/\/www.reference-global.com\/doi\/book\/10.1515\/9783110223231\">Leksikografija internete (Essenas, Vokietija).<\/a><\/p>\n<p><strong>Kita<\/strong>:<\/p>\n<p>Katinas, D. Sinkevi\u010dien\u0117, J. (Hrsg.), (2012). <em>Wissenschaftliche Tagung der Germanistikstudierenden 2012: Sprache und Literatur. Abstracts der Vortr\u00e4ge<\/em>. Vilnius.<\/p>\n<p>Daunorien\u0117, J., Katinas, D. (Hrsg.), (2011). <em>Wissenschaftliche Konferenz der Germanistikstudierenden 2011: Sprache und Literatur. Abstracts der Vortr\u00e4ge<\/em>. Vilnius.<\/p>\n<p>Daunorien\u0117, J., Katinas, D. (Hrsg.), (2010). <em>Wissenschaftliche Konferenz der Germanistikstudierenden 2010: Sprache und Literatur. Abstracts der Vortr\u00e4ge<\/em>. Vilnius.<\/p>\n","protected":false},"excerpt":{"rendered":"<p>Disertacija: Katinas, D. (2012). Zur Position und Methodik der kontrastiven Lexikologie am Beispiel des lexikalischen Feldes \u201eRelief\u201c im Litauischen und im Deutschen. Tectum-Verlag. Marburg. Katinas, D. (2011). Zur Position und Methodik der kontrastiven Lexikologie am Beispiel des lexikalischen Feldes \u201eRelief\u201c im Litauischen und im Deutschen. Essen. Anhang. Straipsniai: Katinas, D. (2013). Einige \u00dcberlegungen zur Bestimmung [&hellip;]<\/p>\n","protected":false},"author":21,"featured_media":0,"parent":0,"menu_order":3,"comment_status":"closed","ping_status":"closed","template":"","meta":[],"_links":{"self":[{"href":"http:\/\/web.vu.lt\/flf\/d.katinas\/wp-json\/wp\/v2\/pages\/23"}],"collection":[{"href":"http:\/\/web.vu.lt\/flf\/d.katinas\/wp-json\/wp\/v2\/pages"}],"about":[{"href":"http:\/\/web.vu.lt\/flf\/d.katinas\/wp-json\/wp\/v2\/types\/page"}],"author":[{"embeddable":true,"href":"http:\/\/web.vu.lt\/flf\/d.katinas\/wp-json\/wp\/v2\/users\/21"}],"replies":[{"embeddable":true,"href":"http:\/\/web.vu.lt\/flf\/d.katinas\/wp-json\/wp\/v2\/comments?post=23"}],"version-history":[{"count":25,"href":"http:\/\/web.vu.lt\/flf\/d.katinas\/wp-json\/wp\/v2\/pages\/23\/revisions"}],"predecessor-version":[{"id":863,"href":"http:\/\/web.vu.lt\/flf\/d.katinas\/wp-json\/wp\/v2\/pages\/23\/revisions\/863"}],"wp:attachment":[{"href":"http:\/\/web.vu.lt\/flf\/d.katinas\/wp-json\/wp\/v2\/media?parent=23"}],"curies":[{"name":"wp","href":"https:\/\/api.w.org\/{rel}","templated":true}]}}