{"id":17,"date":"2010-03-08T20:58:56","date_gmt":"2010-03-08T18:58:56","guid":{"rendered":"http:\/\/web.vu.lt\/flf\/d.katinas\/?page_id=17"},"modified":"2017-01-24T16:57:28","modified_gmt":"2017-01-24T14:57:28","slug":"studentu-darbai","status":"publish","type":"page","link":"http:\/\/web.vu.lt\/flf\/d.katinas\/studentu-darbai\/","title":{"rendered":"Student\u0173 darbai"},"content":{"rendered":"<p style=\"text-align: center\"><strong>2012\/2013 m. m. rudens ir pavasario semestras<\/strong><\/p>\n<p><strong>Ieva Drungilait\u0117:<\/strong> \u201eLietuvi\u0161k\u0173 realij\u0173 vertimas \u012f vokie\u010di\u0173 kalb\u0105 Vilniaus miesto kelioni\u0173 vadovuose\u201c. Magistro darbas.<\/p>\n<p><strong>Milda Ka\u010dergi\u016bt\u0117:<\/strong> \u201eApie santrumpas lietuvi\u0173 ir vokie\u010di\u0173 kalboje\u201c. Bakalauro darbas.<\/p>\n<p><strong>Simona \u017dil\u0117nait\u0117:<\/strong> \u201eLeksinis laukas &#8216;Elitas&#8217; lietuvi\u0173 ir vokie\u010di\u0173 kalbose\u201c. Bakalauro darbas.<\/p>\n<p>***<\/p>\n<p><strong>2011\/2012 m. m. rudens ir pavasario semestras<br \/>\n<\/strong><\/p>\n<p><strong>Julius Stanaitis<\/strong>: \u201eDeutsche und litauische Wahlwerbung im Vergleich: Eine bildlinguistische Analyse\u201c. Bakalauro darbas.<\/p>\n<p><strong>Jonas Trapnauskas<\/strong>: \u201eSemantische Kategorie \u201eKommunikationsmittel\u201c im Deutschen und Litauischen: Eine kontrastive prototypensemantische Analyse\u201c. Bakalauro darbas.<\/p>\n<p><strong>Lina Valantukevi\u010di\u016bt\u0117<\/strong>: \u201eText-Bild-Verh\u00e4ltnis in der \u00d6ffentlichkeit: Eine bildlinguistische Analyse\u201c. Bakalauro darbas.<\/p>\n<p><strong>Just\u0117 Vitkauskait\u0117<\/strong>: \u201eWerbeanzeigen der deutschen und litauischen Sonderangebote: Eine psycholinguistische Analyse\u201c. Semestrinis darbas.<\/p>\n<p><strong>Martyna Kiaulevi\u010di\u016bt\u0117<\/strong>: \u201eVisuelle und sprachliche Besonderheiten der deutschen und litauischen E-Mails\u201c. Semestrinis darbas.<\/p>\n<p><strong>Emilija \u017dilinskait\u0117<\/strong>: \u201eFrauen- und M\u00e4nnersprache im Vergleich. Eine soziolinguistische Analyse am Beispiel der ausgew\u00e4hlten deutschen und litauischen Magazine\u201c. Semestrinis darbas.<\/p>\n<p>***<br \/>\n<strong><br \/>\n2010\/2011 m. m. pavasario semestras<\/strong><\/p>\n<p><strong>Gabriel\u0117 Kartanait\u0117<\/strong>: \u201eAIDA-Regel in der litauischen und deutschen Schokolade-Werbung. Eine psycholinguistische Analyse\u201c. Semestrinis darbas.<\/p>\n<p><strong>Jonas Trapnauskas<\/strong>: \u201eWerbeanzeigen der ausgew\u00e4hlten deutschen und litauischen Fluggesellschaften im Vergleich. Eine stilistische Analyse\u201c. Semestrinis darbas.<\/p>\n<p>\u201eDas sprachliche Bild Litauens in den ausgew\u00e4hlten deutschen Korpora. Eine stilistische Analyse\u201c. Semestrinis darbas.<\/p>\n<p>\u201eGermanismen in elektronischen Briefen. Eine lexikalisch-semantische Analyse am Beispiel der Germanistikstudierenden an der Philologischen Fakult\u00e4t der Universit\u00e4t Vilnius\u201c. Semestrinis darbas.<\/p>\n<p>***<\/p>\n<p><strong>2010\/2011 m. m. \u017eiemos semestras<\/strong><\/p>\n<p><strong>Jonas Trapnauskas<\/strong>: \u201ePolitische Pers\u00f6nlichkeiten und ihre Eigenschaften aus der sprachlichen Sicht. Eine kontrastive deutsch-litauische prototypensemantische Analyse\u201c. Semestrinis darbas.<\/p>\n<p><strong>Jurgis Valan\u010dauskas<\/strong>: \u201e\u00dcberschriften in deutschen und litauischen Zeitungen. Eine morphosyntaktische Analyse\u201c. Semestrinis darbas.<\/p>\n<p><strong>Martyna Bakait\u0117<\/strong>: \u201eDas Bild Russlands in litauischen und deutschen Korpora\u201c. Semestrinis darbas.<\/p>\n<p><strong>Ilona Bumbul<\/strong>: \u201eDie Stellung der Lexikologie unter anderen sprachwissenschaftlichen Disziplinen\u201c. Semestrinis darbas.<\/p>\n<p><strong>Ieva Malinauskait\u0117<\/strong>: \u201eFunktionalstile der deutschen Sprache\u201c. Semestrinis darbas.<\/p>\n<p><strong>Jelena Mura\u0161ova<\/strong>: \u201eLexikographisches Internetangebot in Deutschland und in Litauen\u201c. Kursinis darbas.<\/p>\n<p><strong>Greta Motiej\u016bnait\u0117<\/strong>: \u201eFragestellungen der kontrastiven Linguistik\u201c. Kursinis darbas.<\/p>\n<p><strong>Anastasija Maskalskaja<\/strong>: \u201eSemasiologische und onomasiologische Methoden der Wortschatzuntersuchung\u201c. Kursinis darbas.<\/p>\n<p><strong>Erika Rudinskait\u0117<\/strong>: \u201eGrundlagen der Merkmalsemantik\u201c. Kursinis darbas.<\/p>\n<p><strong>Gintar\u0117 Skuodyt\u0117<\/strong>: \u201eE. Coserius Formel zur Beschreibung der lexikalischen Bedeutung\u201c. Kursinis darbas.<\/p>\n<p><strong>Justina Stulgaityt\u0117<\/strong>: \u201eAIDA-Regel und ihre Anwendung in der Werbesprache\u201c. Kursinis darbas.<\/p>\n<p>***<\/p>\n<p><strong>2009\/2010 m. m.<\/strong><\/p>\n<p><strong>Vaida Pagiryt\u0117<\/strong>: \u201eLietuvos ir Vokietijos moter\u0173 politiki\u0173 paveikslai remiantis\u00a0tekstynais\u201c. Bakalauro darbas.<\/p>\n<p><strong>Alina Stankevi\u010d<\/strong>: \u201eKalbos kod\u0173 kaita VU Vokie\u010di\u0173 filologijos katedros darbuotoj\u0173 ir student\u0173 kalboje\u201c. Bakalauro darbas.<\/p>\n<p><strong>Ieva Bimbiryt\u0117<\/strong>: \u201eKolokacijos su pamatiniu \u017eod\u017eiu &#8216;Finans\u0173 kriz\u0117&#8217; Lietuvos ir Vokietijos internetin\u0117je spaudoje\u201c. Semestrinis darbas.<\/p>\n<p><strong>Dovil\u0117 Bedulskyt\u0117<\/strong>: \u201eVokie\u010di\u0173 kalbos funkciniai stiliai\u201c. Kursinis darbas.<\/p>\n<p><strong>Kornelija Binkulyt\u0117<\/strong>: \u201eLeksikologijos vieta kalbotyroje\u201c. Kursinis darbas.<\/p>\n<p><strong>Pavel Liubart<\/strong>: \u201eLietuvos ir Vokietijos tekstynai\u201c. Kursinis darbas.<\/p>\n<p><strong>Renata Poviloit<\/strong>: \u201eJaunimo kalba\u201c. Kursinis darbas.<\/p>\n","protected":false},"excerpt":{"rendered":"<p>2012\/2013 m. m. rudens ir pavasario semestras Ieva Drungilait\u0117: \u201eLietuvi\u0161k\u0173 realij\u0173 vertimas \u012f vokie\u010di\u0173 kalb\u0105 Vilniaus miesto kelioni\u0173 vadovuose\u201c. Magistro darbas. Milda Ka\u010dergi\u016bt\u0117: \u201eApie santrumpas lietuvi\u0173 ir vokie\u010di\u0173 kalboje\u201c. Bakalauro darbas. Simona \u017dil\u0117nait\u0117: \u201eLeksinis laukas &#8216;Elitas&#8217; lietuvi\u0173 ir vokie\u010di\u0173 kalbose\u201c. Bakalauro darbas. *** 2011\/2012 m. m. rudens ir pavasario semestras Julius Stanaitis: \u201eDeutsche und litauische [&hellip;]<\/p>\n","protected":false},"author":21,"featured_media":0,"parent":0,"menu_order":2,"comment_status":"closed","ping_status":"closed","template":"","meta":[],"_links":{"self":[{"href":"http:\/\/web.vu.lt\/flf\/d.katinas\/wp-json\/wp\/v2\/pages\/17"}],"collection":[{"href":"http:\/\/web.vu.lt\/flf\/d.katinas\/wp-json\/wp\/v2\/pages"}],"about":[{"href":"http:\/\/web.vu.lt\/flf\/d.katinas\/wp-json\/wp\/v2\/types\/page"}],"author":[{"embeddable":true,"href":"http:\/\/web.vu.lt\/flf\/d.katinas\/wp-json\/wp\/v2\/users\/21"}],"replies":[{"embeddable":true,"href":"http:\/\/web.vu.lt\/flf\/d.katinas\/wp-json\/wp\/v2\/comments?post=17"}],"version-history":[{"count":18,"href":"http:\/\/web.vu.lt\/flf\/d.katinas\/wp-json\/wp\/v2\/pages\/17\/revisions"}],"predecessor-version":[{"id":1223,"href":"http:\/\/web.vu.lt\/flf\/d.katinas\/wp-json\/wp\/v2\/pages\/17\/revisions\/1223"}],"wp:attachment":[{"href":"http:\/\/web.vu.lt\/flf\/d.katinas\/wp-json\/wp\/v2\/media?parent=17"}],"curies":[{"name":"wp","href":"https:\/\/api.w.org\/{rel}","templated":true}]}}