{"id":14,"date":"2010-03-08T20:44:15","date_gmt":"2010-03-08T18:44:15","guid":{"rendered":"http:\/\/web.vu.lt\/flf\/d.katinas\/destomi-dalykai\/"},"modified":"2017-09-02T15:10:05","modified_gmt":"2017-09-02T13:10:05","slug":"destomi-dalykai","status":"publish","type":"page","link":"http:\/\/web.vu.lt\/flf\/d.katinas\/destomi-dalykai\/","title":{"rendered":"D\u0117stomi dalykai"},"content":{"rendered":"<p><strong>2017-2018 m. m. rudens semestras:<\/strong><\/p>\n<p>\u0160iuolaikin\u0117 vokie\u010di\u0173 kalba (Vokie\u010di\u0173 filologija, I)<br \/>\nVokie\u010di\u0173 kalba (Vertimas, I)<\/p>\n<p><strong>2016-2017 m. m. pavasario semestras:<\/strong><\/p>\n<p>Leksikologija (Vokie\u010di\u0173 filologija, I)<br \/>\n\u0160iuolaikin\u0117 vokie\u010di\u0173 kalba (Vokie\u010di\u0173 filologija, II)<\/p>\n<p><strong>2016\/2017 m. m. rudens semestras:<\/strong><\/p>\n<p>Morfologija (Vokie\u010di\u0173 filologija, I)<br \/>\nSociolingvistika (Vokie\u010di\u0173 filologija, III, IV)<br \/>\nVokie\u010di\u0173 kalba (Vertimas, III)<\/p>\n<p><strong>2015\/2016 m. m. pavasario semestras:<\/strong><\/p>\n<p>Leksikologija (Vokie\u010di\u0173 filologija, I)<br \/>\nPsicholingvistika (Vokie\u010di\u0173 filologija, III, IV, GrSt)<br \/>\nVokie\u010di\u0173 kalba (Vertimas, II)<\/p>\n<p><strong>2015\/2016 m. m. rudens semestras:<\/strong><\/p>\n<p>Sociolingvistikos \u012fvadas (Vokie\u010di\u0173 filologija, III, IV)<br \/>\nVokie\u010di\u0173 kalba (Vertimo studijos, II)<br \/>\nVokie\u010di\u0173 kalbos morfologija (Vokie\u010di\u0173 filologija, I)<\/p>\n<p><strong>2014\/2015 m. m. rudens semestras:<\/strong><\/p>\n<p>Sociolingvistikos \u012fvadas (Vokie\u010di\u0173 filologija, III, IV)<br \/>\n\u0160iuolaikin\u0117 vokie\u010di\u0173 kalba (vokie\u010di\u0173 filologija, I, Gretutin\u0117s studijos pa\u017eengusiems, I\/IV)<br \/>\nVokie\u010di\u0173 kalba pradedantiesiems\u00a0(\u012fvairios filologijos, III\/IV)<br \/>\nVokie\u010di\u0173 kalba pradedantiesiems (Vertimo studijos)<\/p>\n<p><strong>2013\/2014 m. m. pavasario semestras:<\/strong><\/p>\n<p>\u0160iuolaikin\u0117 vokie\u010di\u0173 kalba (vokie\u010di\u0173 filologija, I, Gretutin\u0117s studijos pa\u017eengusiems, II\/IV)<br \/>\nVokie\u010di\u0173 kalba pradedantiesiems (\u012fvairios filologijos, II\/IV)<br \/>\n\u0160iuolaikin\u0117 vokie\u010di\u0173 kalba pradedantiesiems (Gretutin\u0117s studijos, III, IV\/IV)<br \/>\nVokie\u010di\u0173 kalbos leksikologija (vokie\u010di\u0173 filologija pradedantiesiems, I)<br \/>\nPsicholingvistikos \u012fvadas (vokie\u010di\u0173 filologija, III)<\/p>\n<p><strong>2013\/2014 m. m. rudens semestras:<\/strong><\/p>\n<p>Sociolingvistikos \u012fvadas (vokie\u010di\u0173 filologija, III, IV, vokie\u010di\u0173 filologija ir \u0161ved\u0173 kalba, IV)<br \/>\n\u0160iuolaikin\u0117 vokie\u010di\u0173 kalba (vokie\u010di\u0173 filologija, I, Gretutin\u0117s studijos pa\u017eengusiems, I\/IV)<br \/>\n\u0160iuolaikin\u0117 vokie\u010di\u0173 kalba pradedantiesiems (Gretutin\u0117s studijos, III, III\/IV)<br \/>\nVokie\u010di\u0173 kalba pradedantiesiems (\u012fvairios filologijos, I\/IV)<\/p>\n<p><strong>2012\/2013 m. m. pavasario semestras:<\/strong><\/p>\n<p>\u0160iuolaikin\u0117 vokie\u010di\u0173 kalba (Vokie\u010di\u0173 filologija ir pranc\u016bz\u0173 kalba, I)<br \/>\n\u0160iuolaikin\u0117 vokie\u010di\u0173 kalba (Gretutin\u0117s studijos, pradedan\u010di\u0173j\u0173 grup\u0117)<br \/>\nVokie\u010di\u0173 kalba pradedantiesiems<\/p>\n<p><strong>2012\/2013 m. m. rudens semestras<\/strong><\/p>\n<p>\u0160iuolaikin\u0117 vokie\u010di\u0173 kalba (Gretutin\u0117s studijos, pradedantiesiems, II)<br \/>\n\u0160iuolaikin\u0117 vokie\u010di\u0173 kalba (Vokie\u010di\u0173 filologija ir pranc\u016bz\u0173 kalba, I)<br \/>\nVokie\u010di\u0173 kalba pa\u017eengusiems (lietuvi\u0173 ir u\u017esienio filologijos, I, II, III)<br \/>\nVokie\u010di\u0173 kalba pradedantiesiems (lietuvi\u0173 ir u\u017esienio filologijos, I, II, III)<\/p>\n<p><strong>2011\/2012 m. m. pavasario semestras<\/strong><\/p>\n<p>Leksikologija (Vokie\u010di\u0173 filologija, I)<br \/>\nVokie\u010di\u0173 kalba pa\u017eengusiems (lietuvi\u0173 ir u\u017esienio filologijos, I, II, III)<br \/>\nVokie\u010di\u0173 kalba pradedantiesiems (lietuvi\u0173 ir u\u017esienio filologijos, I, II, III)<br \/>\nVokie\u010di\u0173 kalbos morfologija (lietuvi\u0173 filologija ir vokie\u010di\u0173 kalba, I)<\/p>\n<p><strong>2011\/2012 m. m. rudens semestras<\/strong><\/p>\n<p>Leksikologija (Vokie\u010di\u0173 filologija ir \u0161ved\u0173 kalba, II)<br \/>\nPsicholingvistikos \u012fvadas (Vokie\u010di\u0173 filologija, IV)<br \/>\n\u0160iuolaikin\u0117 vokie\u010di\u0173 kalba: nam\u0173 skaitymas (Vokie\u010di\u0173 filologija, II)<br \/>\nVokie\u010di\u0173 kalbos morfologija (Lietuvi\u0173 filologija ir vokie\u010di\u0173 kalba, I)<br \/>\nVokie\u010di\u0173 kalba pradedantiems (lietuvi\u0173 ir u\u017esienio filologijos, I, II, III)<br \/>\nVokie\u010di\u0173 kalba pa\u017eengusiems (lietuvi\u0173 ir u\u017esienio filologijos, I, II, III)<\/p>\n<p><strong>2010\/2011 m. m. pavasario semestras<\/strong><\/p>\n<p>\u0160iuolaikin\u0117 vokie\u010di\u0173 kalba (Vokie\u010di\u0173 filologija, II)<br \/>\nVokie\u010di\u0173 kalba (lietuvi\u0173 ir u\u017esienio filologijos, I, II, III)<br \/>\nVokietijos-Lietuvos santykiai (Lietuvi\u0173 filologija ir vokie\u010di\u0173 kalba, IV)<\/p>\n<p><strong>2010\/2011 m. m. rudens semestras<\/strong><\/p>\n<p>Psicholingvistika (Vokie\u010di\u0173 filologija, IV)<br \/>\n\u0160iuolaikin\u0117 vokie\u010di\u0173 kalba (Vokie\u010di\u0173 filologija, II)<br \/>\nVokie\u010di\u0173 kalba (lietuvi\u0173 ir u\u017esienio filologijos, I, II, III)<\/p>\n<p><strong>2009\/2010 m. m. pavasario semestras:<\/strong><\/p>\n<p>\u0160iuolaikin\u0117 vokie\u010di\u0173 kalba (Vokie\u010di\u0173 filologija, II)<br \/>\nNam\u0173 skaitymas (Vokie\u010di\u0173 filologija, II)<\/p>\n<p><strong>2003-2007 m. m.:<\/strong><\/p>\n<p>\u0160iuolaikin\u0117 vokie\u010di\u0173 kalba (Vokie\u010di\u0173 filologija, I, II)<br \/>\nVokie\u010di\u0173 kalbos morfologija (Vokie\u010di\u0173 filologija, I, II)<br \/>\nNam\u0173 skaitymas (Vokie\u010di\u0173 filologija, I, II)<\/p>\n","protected":false},"excerpt":{"rendered":"<p>2017-2018 m. m. rudens semestras: \u0160iuolaikin\u0117 vokie\u010di\u0173 kalba (Vokie\u010di\u0173 filologija, I) Vokie\u010di\u0173 kalba (Vertimas, I) 2016-2017 m. m. pavasario semestras: Leksikologija (Vokie\u010di\u0173 filologija, I) \u0160iuolaikin\u0117 vokie\u010di\u0173 kalba (Vokie\u010di\u0173 filologija, II) 2016\/2017 m. m. rudens semestras: Morfologija (Vokie\u010di\u0173 filologija, I) Sociolingvistika (Vokie\u010di\u0173 filologija, III, IV) Vokie\u010di\u0173 kalba (Vertimas, III) 2015\/2016 m. m. pavasario semestras: Leksikologija (Vokie\u010di\u0173 [&hellip;]<\/p>\n","protected":false},"author":21,"featured_media":0,"parent":0,"menu_order":1,"comment_status":"closed","ping_status":"closed","template":"","meta":[],"_links":{"self":[{"href":"http:\/\/web.vu.lt\/flf\/d.katinas\/wp-json\/wp\/v2\/pages\/14"}],"collection":[{"href":"http:\/\/web.vu.lt\/flf\/d.katinas\/wp-json\/wp\/v2\/pages"}],"about":[{"href":"http:\/\/web.vu.lt\/flf\/d.katinas\/wp-json\/wp\/v2\/types\/page"}],"author":[{"embeddable":true,"href":"http:\/\/web.vu.lt\/flf\/d.katinas\/wp-json\/wp\/v2\/users\/21"}],"replies":[{"embeddable":true,"href":"http:\/\/web.vu.lt\/flf\/d.katinas\/wp-json\/wp\/v2\/comments?post=14"}],"version-history":[{"count":41,"href":"http:\/\/web.vu.lt\/flf\/d.katinas\/wp-json\/wp\/v2\/pages\/14\/revisions"}],"predecessor-version":[{"id":1247,"href":"http:\/\/web.vu.lt\/flf\/d.katinas\/wp-json\/wp\/v2\/pages\/14\/revisions\/1247"}],"wp:attachment":[{"href":"http:\/\/web.vu.lt\/flf\/d.katinas\/wp-json\/wp\/v2\/media?parent=14"}],"curies":[{"name":"wp","href":"https:\/\/api.w.org\/{rel}","templated":true}]}}