{"id":1038,"date":"2014-12-03T07:07:32","date_gmt":"2014-12-03T05:07:32","guid":{"rendered":"http:\/\/web.vu.lt\/flf\/d.katinas\/?page_id=1038"},"modified":"2017-09-02T15:06:08","modified_gmt":"2017-09-02T13:06:08","slug":"dxc","status":"publish","type":"page","link":"http:\/\/web.vu.lt\/flf\/d.katinas\/destomi-dalykai\/vokieciu-kalba\/dxc\/","title":{"rendered":"DXC"},"content":{"rendered":"<p><strong>2017 m. pirmo pusme\u010dio kartojimo pratimai<\/strong><\/p>\n<hr \/>\n<ul>\n<li><a href=\"http:\/\/web.vu.lt\/flf\/d.katinas\/files\/2014\/12\/Wiederholung-2-2017.docx\">Kartojimo med\u017eiaga<\/a><\/li>\n<li><a href=\"http:\/\/www.nec.lt\/failai\/6786_2017_DE_VBE_I.pdf\" target=\"_blank\">2017 m. valstybinio vokie\u010di\u0173 kalbos brandos egzamino u\u017eduotis<\/a><\/li>\n<li><a href=\"https:\/\/www.schubert-verlag.de\/aufgaben\/uebungen_b2\/B2-Onlineaufgabe.pdf\" target=\"_blank\">Vadov\u0117lio \u201eErkundungen\u201c kartojimo pratimai<\/a><\/li>\n<li><a href=\"https:\/\/www.schubert-verlag.de\/aufgaben\/uebungen_b2\/b2_erkund_uebungen_index.htm\" target=\"_blank\">Vadov\u0117lio \u201eErkundungen\u201c pratimai internete su atsakymais<\/a><\/li>\n<li><a href=\"http:\/\/www.goethe.de\/pro\/relaunch\/prf\/materialien\/B2\/b2_modellsatz.pdf\" target=\"_blank\">G\u0117t\u0117s instituto pavyzdinis B2 lygio vokie\u010di\u0173 kalbos testas<\/a><\/li>\n<li><a href=\"https:\/\/www.goethe.de\/de\/spr\/kup\/prf\/prf\/gzb2\/ueb.html\" target=\"_blank\">G\u0117t\u0117s instituto vokie\u010di\u0173 kalbos test\u0173 pavyzd\u017eiai ir u\u017eduotys<\/a><\/li>\n<\/ul>\n<p>&nbsp;<\/p>\n<p><strong>Vokie\u010di\u0173 kalba pa\u017eengusiems<\/strong><\/p>\n<hr \/>\n<ul>\n<li><a href=\"http:\/\/www.hueber.de\/sixcms\/media.php\/36\/7480-63_001_01_deutsch_kompakt.pdf\">Glausta vokie\u010di\u0173 kalbos gramatika<\/a><\/li>\n<li><a href=\"http:\/\/web.vu.lt\/flf\/d.katinas\/files\/2014\/12\/Rektion_-_Kurzfassung.pdf\">Veiksma\u017eod\u017ei\u0173 valdymas<\/a><\/li>\n<li><a href=\"http:\/\/web.vu.lt\/flf\/d.katinas\/files\/2014\/12\/Rektion_-_Vollstaendig.pdf\">Veiksma\u017eod\u017ei\u0173 ir kit\u0173 \u017eod\u017ei\u0173 valdymas<\/a><\/li>\n<li><a href=\"http:\/\/web.vu.lt\/flf\/d.katinas\/files\/2014\/12\/Substantiv_-_Adjektiv.pdf\">Daiktavard\u017ei\u0173 gimin\u0117s, b\u016bdvard\u017ei\u0173 linksniuot\u0117s<\/a><\/li>\n<li><a href=\"http:\/\/web.vu.lt\/flf\/d.katinas\/files\/2014\/12\/Einstufungstest.pdf\">\u017dini\u0173 nustatymo testas<\/a><\/li>\n<li><a href=\"http:\/\/web.vu.lt\/flf\/d.katinas\/files\/2014\/12\/Kurso-aprasas-2017-1.docx\">Kurso planas<\/a><\/li>\n<\/ul>\n<p>&nbsp;<\/p>\n<p><strong>Kita informacija<\/strong><\/p>\n<hr \/>\n<ul>\n<li>Paskaitos vyksta tre\u010diadieniais nuo 18.00 iki 21.00 val. Washington auditorijoje<\/li>\n<li>Kontaktai: daumantas.katinas@gmail.com | 8-685-23222<\/li>\n<\/ul>\n<p>&nbsp;<\/p>\n<p><strong>Literat\u016bra ir nuorodos<\/strong><\/p>\n<hr \/>\n<ul>\n<li><strong>Vadov\u0117lis<\/strong>: Buscha A., Raven S., Szita S. (2008):\u00a0<em>Erkundungen. Deutsch als Fremdsprache. Integriertes Kurs- und Arbeitsbuch.<\/em> Schubert-Verlag. Leipzig.<\/li>\n<li><strong>Kitos nuorodos<\/strong>:\n<ul>\n<li>Alumniportal Deutschland:<br \/>\n<a href=\"http:\/\/www.alumniportal-deutschland.org\/deutsche-sprache\/\">http:\/\/www.alumniportal-deutschland.org\/deutsche-sprache\/<\/a><\/li>\n<li>Deutsche Welle:<br \/>\n<a href=\"http:\/\/www.dw.com\/de\/deutsch-lernen\/s-2055\">http:\/\/www.dw.com\/de\/deutsch-lernen\/s-2055<\/a><\/li>\n<\/ul>\n<\/li>\n<\/ul>\n","protected":false},"excerpt":{"rendered":"<p>2017 m. pirmo pusme\u010dio kartojimo pratimai Kartojimo med\u017eiaga 2017 m. valstybinio vokie\u010di\u0173 kalbos brandos egzamino u\u017eduotis Vadov\u0117lio \u201eErkundungen\u201c kartojimo pratimai Vadov\u0117lio \u201eErkundungen\u201c pratimai internete su atsakymais G\u0117t\u0117s instituto pavyzdinis B2 lygio vokie\u010di\u0173 kalbos testas G\u0117t\u0117s instituto vokie\u010di\u0173 kalbos test\u0173 pavyzd\u017eiai ir u\u017eduotys &nbsp; Vokie\u010di\u0173 kalba pa\u017eengusiems Glausta vokie\u010di\u0173 kalbos gramatika Veiksma\u017eod\u017ei\u0173 valdymas Veiksma\u017eod\u017ei\u0173 ir kit\u0173 [&hellip;]<\/p>\n","protected":false},"author":21,"featured_media":0,"parent":148,"menu_order":0,"comment_status":"closed","ping_status":"closed","template":"","meta":[],"_links":{"self":[{"href":"http:\/\/web.vu.lt\/flf\/d.katinas\/wp-json\/wp\/v2\/pages\/1038"}],"collection":[{"href":"http:\/\/web.vu.lt\/flf\/d.katinas\/wp-json\/wp\/v2\/pages"}],"about":[{"href":"http:\/\/web.vu.lt\/flf\/d.katinas\/wp-json\/wp\/v2\/types\/page"}],"author":[{"embeddable":true,"href":"http:\/\/web.vu.lt\/flf\/d.katinas\/wp-json\/wp\/v2\/users\/21"}],"replies":[{"embeddable":true,"href":"http:\/\/web.vu.lt\/flf\/d.katinas\/wp-json\/wp\/v2\/comments?post=1038"}],"version-history":[{"count":25,"href":"http:\/\/web.vu.lt\/flf\/d.katinas\/wp-json\/wp\/v2\/pages\/1038\/revisions"}],"predecessor-version":[{"id":1245,"href":"http:\/\/web.vu.lt\/flf\/d.katinas\/wp-json\/wp\/v2\/pages\/1038\/revisions\/1245"}],"up":[{"embeddable":true,"href":"http:\/\/web.vu.lt\/flf\/d.katinas\/wp-json\/wp\/v2\/pages\/148"}],"wp:attachment":[{"href":"http:\/\/web.vu.lt\/flf\/d.katinas\/wp-json\/wp\/v2\/media?parent=1038"}],"curies":[{"name":"wp","href":"https:\/\/api.w.org\/{rel}","templated":true}]}}