{"id":11,"date":"2022-09-26T06:30:49","date_gmt":"2022-09-26T08:30:49","guid":{"rendered":"http:\/\/web.vu.lt\/flf\/d.babusyte\/?page_id=11"},"modified":"2022-09-27T02:50:33","modified_gmt":"2022-09-27T04:50:33","slug":"apie-mane","status":"publish","type":"page","link":"http:\/\/web.vu.lt\/flf\/d.babusyte\/","title":{"rendered":"Apie mane \/ About me"},"content":{"rendered":"\n<figure class=\"wp-block-image size-large is-resized\"><img loading=\"lazy\" src=\"http:\/\/web.vu.lt\/flf\/d.babusyte\/wp-content\/uploads\/2022\/09\/Diana-Babusyte-Foto-662x1024.jpg\" alt=\"\" class=\"wp-image-13\" width=\"166\" height=\"256\" srcset=\"http:\/\/web.vu.lt\/flf\/d.babusyte\/wp-content\/uploads\/2022\/09\/Diana-Babusyte-Foto-662x1024.jpg 662w, http:\/\/web.vu.lt\/flf\/d.babusyte\/wp-content\/uploads\/2022\/09\/Diana-Babusyte-Foto-194x300.jpg 194w, http:\/\/web.vu.lt\/flf\/d.babusyte\/wp-content\/uploads\/2022\/09\/Diana-Babusyte-Foto.jpg 702w\" sizes=\"(max-width: 166px) 100vw, 166px\" \/><\/figure>\n\n\n\n<p>dr. Diana Babu\u0161yt\u0117<\/p>\n\n\n\n<p>Associate Professor<\/p>\n\n\n\n<p>Vokie\u010di\u0173 filologijos katedra \/ Department of German Philology<\/p>\n\n\n\n<p>Baltijos kalb\u0173 ir kult\u016br\u0173 institutas \/&nbsp;Institute for the Languages and Cultures of the Baltic<br>Filologijos fakultetas \/ Faculty of Philology<br>Vilniaus universitetas \/ Vilnius University<br>Universiteto g. 5<br>LT-01513 Vilnius<br>Tel. 00370 5 2687230<\/p>\n\n\n\n<p>El. pa\u0161tas: <a href=\"mailto:diana.babusyte@flf.vu.lt\">diana.babusyte@flf.vu.lt<\/a><\/p>\n","protected":false},"excerpt":{"rendered":"<p>dr. Diana Babu\u0161yt\u0117 Associate Professor Vokie\u010di\u0173 filologijos katedra \/ Department of German Philology Baltijos kalb\u0173 ir kult\u016br\u0173 institutas \/&nbsp;Institute for the Languages and Cultures of the BalticFilologijos fakultetas \/ Faculty of PhilologyVilniaus universitetas \/ Vilnius UniversityUniversiteto g. 5LT-01513 VilniusTel. 00370 5 2687230 El. pa\u0161tas: diana.babusyte@flf.vu.lt<\/p>\n","protected":false},"author":1,"featured_media":0,"parent":0,"menu_order":0,"comment_status":"closed","ping_status":"closed","template":"","meta":[],"_links":{"self":[{"href":"http:\/\/web.vu.lt\/flf\/d.babusyte\/wp-json\/wp\/v2\/pages\/11"}],"collection":[{"href":"http:\/\/web.vu.lt\/flf\/d.babusyte\/wp-json\/wp\/v2\/pages"}],"about":[{"href":"http:\/\/web.vu.lt\/flf\/d.babusyte\/wp-json\/wp\/v2\/types\/page"}],"author":[{"embeddable":true,"href":"http:\/\/web.vu.lt\/flf\/d.babusyte\/wp-json\/wp\/v2\/users\/1"}],"replies":[{"embeddable":true,"href":"http:\/\/web.vu.lt\/flf\/d.babusyte\/wp-json\/wp\/v2\/comments?post=11"}],"version-history":[{"count":4,"href":"http:\/\/web.vu.lt\/flf\/d.babusyte\/wp-json\/wp\/v2\/pages\/11\/revisions"}],"predecessor-version":[{"id":43,"href":"http:\/\/web.vu.lt\/flf\/d.babusyte\/wp-json\/wp\/v2\/pages\/11\/revisions\/43"}],"wp:attachment":[{"href":"http:\/\/web.vu.lt\/flf\/d.babusyte\/wp-json\/wp\/v2\/media?parent=11"}],"curies":[{"name":"wp","href":"https:\/\/api.w.org\/{rel}","templated":true}]}}