{"id":17,"date":"2019-11-28T09:50:15","date_gmt":"2019-11-28T11:50:15","guid":{"rendered":"http:\/\/web.vu.lt\/ff\/v.jonauskas\/?page_id=17"},"modified":"2019-11-29T20:40:21","modified_gmt":"2019-11-29T22:40:21","slug":"apie","status":"publish","type":"page","link":"http:\/\/web.vu.lt\/ff\/v.jonauskas\/apie\/","title":{"rendered":"Apie grup\u0119"},"content":{"rendered":"<p>Mokslin\u0117 grup\u0117 buvo suformuota VU Fizikos fakulteto Teorin\u0117s fizikos ir astronomijos institute 2018 met\u0173 prad\u017eioje.<\/p>\n<p><strong>Mokslin\u0117s grup\u0117s nariai:<\/strong><\/p>\n<p>vyriaus. m. d. Valdas Jonauskas (grup\u0117s vadovas)<\/p>\n<p>afil. vyriaus. m. d. prof. habil. dr. Romualdas Karazija<\/p>\n<p>vyresn. m. d. Romualdas Kisielius<\/p>\n<p>vyresn. m. d. Sigitas Ku\u010das<\/p>\n<p>vyresn. m. d. Rasa Karpu\u0161kien\u0117<\/p>\n<p>vyresn. m. d. doc. Au\u0161ra Kynien\u0117<\/p>\n<p>m. d. \u0160ar\u016bnas Masys<\/p>\n<p>m. d. Alina Momkauskait\u0117<\/p>\n<p>doktor. Jurgita Koncevi\u010di\u016bt\u0117<\/p>\n<p>doktor. Saulius Pakalka<\/p>\n<p>&nbsp;<\/p>\n","protected":false},"excerpt":{"rendered":"<p>Mokslin\u0117 grup\u0117 buvo suformuota VU Fizikos fakulteto Teorin\u0117s fizikos ir astronomijos institute 2018 met\u0173 prad\u017eioje. Mokslin\u0117s grup\u0117s nariai: vyriaus. m. d. Valdas Jonauskas (grup\u0117s vadovas) afil. vyriaus. m. d. prof. habil. dr. Romualdas Karazija vyresn. m. d. Romualdas Kisielius vyresn. m. d. Sigitas Ku\u010das vyresn. m. d. Rasa Karpu\u0161kien\u0117 vyresn. m. d. doc. Au\u0161ra Kynien\u0117 [&hellip;]<\/p>\n","protected":false},"author":1,"featured_media":0,"parent":0,"menu_order":0,"comment_status":"closed","ping_status":"closed","template":"","meta":[],"_links":{"self":[{"href":"http:\/\/web.vu.lt\/ff\/v.jonauskas\/wp-json\/wp\/v2\/pages\/17"}],"collection":[{"href":"http:\/\/web.vu.lt\/ff\/v.jonauskas\/wp-json\/wp\/v2\/pages"}],"about":[{"href":"http:\/\/web.vu.lt\/ff\/v.jonauskas\/wp-json\/wp\/v2\/types\/page"}],"author":[{"embeddable":true,"href":"http:\/\/web.vu.lt\/ff\/v.jonauskas\/wp-json\/wp\/v2\/users\/1"}],"replies":[{"embeddable":true,"href":"http:\/\/web.vu.lt\/ff\/v.jonauskas\/wp-json\/wp\/v2\/comments?post=17"}],"version-history":[{"count":14,"href":"http:\/\/web.vu.lt\/ff\/v.jonauskas\/wp-json\/wp\/v2\/pages\/17\/revisions"}],"predecessor-version":[{"id":92,"href":"http:\/\/web.vu.lt\/ff\/v.jonauskas\/wp-json\/wp\/v2\/pages\/17\/revisions\/92"}],"wp:attachment":[{"href":"http:\/\/web.vu.lt\/ff\/v.jonauskas\/wp-json\/wp\/v2\/media?parent=17"}],"curies":[{"name":"wp","href":"https:\/\/api.w.org\/{rel}","templated":true}]}}