{"id":14,"date":"2019-11-28T09:50:15","date_gmt":"2019-11-28T11:50:15","guid":{"rendered":"http:\/\/web.vu.lt\/ff\/v.jonauskas\/?page_id=14"},"modified":"2019-11-28T19:10:14","modified_gmt":"2019-11-28T21:10:14","slug":"tyrimai","status":"publish","type":"page","link":"http:\/\/web.vu.lt\/ff\/v.jonauskas\/tyrimai\/","title":{"rendered":"Tyrimai"},"content":{"rendered":"\n<p>Reliatyvistiniai ir daugiaelektroniai efektai sud\u0117tinguose  atomuose ir jonuose. Daugiakr\u016bvi\u0173 jon\u0173 teorin\u0117 spektroskopija. Elektron\u0173 ir foton\u0173 s\u0105veika su atomais, proces\u0173  vykstan\u010di\u0173 astrofizikin\u0117je ir laboratorin\u0117je plazmoje, tyrimas. Atomini\u0173 duomen\u0173 taikymas astrofizikoje. <\/p>\n","protected":false},"excerpt":{"rendered":"<p>Reliatyvistiniai ir daugiaelektroniai efektai sud\u0117tinguose atomuose ir jonuose. Daugiakr\u016bvi\u0173 jon\u0173 teorin\u0117 spektroskopija. Elektron\u0173 ir foton\u0173 s\u0105veika su atomais, proces\u0173 vykstan\u010di\u0173 astrofizikin\u0117je ir laboratorin\u0117je plazmoje, tyrimas. Atomini\u0173 duomen\u0173 taikymas astrofizikoje.<\/p>\n","protected":false},"author":1,"featured_media":0,"parent":0,"menu_order":0,"comment_status":"closed","ping_status":"closed","template":"","meta":[],"_links":{"self":[{"href":"http:\/\/web.vu.lt\/ff\/v.jonauskas\/wp-json\/wp\/v2\/pages\/14"}],"collection":[{"href":"http:\/\/web.vu.lt\/ff\/v.jonauskas\/wp-json\/wp\/v2\/pages"}],"about":[{"href":"http:\/\/web.vu.lt\/ff\/v.jonauskas\/wp-json\/wp\/v2\/types\/page"}],"author":[{"embeddable":true,"href":"http:\/\/web.vu.lt\/ff\/v.jonauskas\/wp-json\/wp\/v2\/users\/1"}],"replies":[{"embeddable":true,"href":"http:\/\/web.vu.lt\/ff\/v.jonauskas\/wp-json\/wp\/v2\/comments?post=14"}],"version-history":[{"count":3,"href":"http:\/\/web.vu.lt\/ff\/v.jonauskas\/wp-json\/wp\/v2\/pages\/14\/revisions"}],"predecessor-version":[{"id":52,"href":"http:\/\/web.vu.lt\/ff\/v.jonauskas\/wp-json\/wp\/v2\/pages\/14\/revisions\/52"}],"wp:attachment":[{"href":"http:\/\/web.vu.lt\/ff\/v.jonauskas\/wp-json\/wp\/v2\/media?parent=14"}],"curies":[{"name":"wp","href":"https:\/\/api.w.org\/{rel}","templated":true}]}}