{"id":18,"date":"2017-05-25T08:06:37","date_gmt":"2017-05-25T10:06:37","guid":{"rendered":"http:\/\/web.vu.lt\/ff\/l.tumonis\/?page_id=18"},"modified":"2021-08-31T18:09:27","modified_gmt":"2021-08-31T20:09:27","slug":"destomi-dalykai","status":"publish","type":"page","link":"http:\/\/web.vu.lt\/ff\/l.tumonis\/destomi-dalykai\/","title":{"rendered":"D\u0117stomi dalykai"},"content":{"rendered":"<p>\u0160iuo metu d\u0117stau 1 dalyk\u0105 VU FF bakalauro studentams:<\/p>\n<ul>\n<li>Laisvai pasirenkam\u0105 dalyk\u0105 \u201eKosmoso technologij\u0173 pagrindai\u201c fizikos fakulteto studentams (rudens semestro metu).<\/li>\n<\/ul>\n","protected":false},"excerpt":{"rendered":"<p>\u0160iuo metu d\u0117stau 1 dalyk\u0105 VU FF bakalauro studentams: Laisvai pasirenkam\u0105 dalyk\u0105 \u201eKosmoso technologij\u0173 pagrindai\u201c fizikos fakulteto studentams (rudens semestro metu).<\/p>\n","protected":false},"author":1,"featured_media":0,"parent":0,"menu_order":0,"comment_status":"closed","ping_status":"closed","template":"","meta":[],"_links":{"self":[{"href":"http:\/\/web.vu.lt\/ff\/l.tumonis\/wp-json\/wp\/v2\/pages\/18"}],"collection":[{"href":"http:\/\/web.vu.lt\/ff\/l.tumonis\/wp-json\/wp\/v2\/pages"}],"about":[{"href":"http:\/\/web.vu.lt\/ff\/l.tumonis\/wp-json\/wp\/v2\/types\/page"}],"author":[{"embeddable":true,"href":"http:\/\/web.vu.lt\/ff\/l.tumonis\/wp-json\/wp\/v2\/users\/1"}],"replies":[{"embeddable":true,"href":"http:\/\/web.vu.lt\/ff\/l.tumonis\/wp-json\/wp\/v2\/comments?post=18"}],"version-history":[{"count":3,"href":"http:\/\/web.vu.lt\/ff\/l.tumonis\/wp-json\/wp\/v2\/pages\/18\/revisions"}],"predecessor-version":[{"id":29,"href":"http:\/\/web.vu.lt\/ff\/l.tumonis\/wp-json\/wp\/v2\/pages\/18\/revisions\/29"}],"wp:attachment":[{"href":"http:\/\/web.vu.lt\/ff\/l.tumonis\/wp-json\/wp\/v2\/media?parent=18"}],"curies":[{"name":"wp","href":"https:\/\/api.w.org\/{rel}","templated":true}]}}